{"id":8885,"date":"2023-09-24T13:24:53","date_gmt":"2023-09-24T11:24:53","guid":{"rendered":"https:\/\/supernils.be\/?page_id=8885"},"modified":"2024-09-24T15:40:54","modified_gmt":"2024-09-24T13:40:54","slug":"elementor-8885","status":"publish","type":"page","link":"https:\/\/supernils.be\/fr\/elementor-8885\/","title":{"rendered":"Durabilit\u00e9"},"content":{"rendered":"<div data-elementor-type=\"wp-page\" data-elementor-id=\"8885\" class=\"elementor elementor-8885\" data-elementor-post-type=\"page\">\n\t\t\t\t<div class=\"elementor-element elementor-element-31fafd5 e-flex e-con-boxed e-con e-parent\" data-id=\"31fafd5\" data-element_type=\"container\" data-e-type=\"container\" data-settings=\"{&quot;background_background&quot;:&quot;classic&quot;}\">\n\t\t\t\t\t<div class=\"e-con-inner\">\n\t\t\t\t<div class=\"elementor-element elementor-element-6393e54 elementor-widget elementor-widget-spacer\" data-id=\"6393e54\" data-element_type=\"widget\" data-e-type=\"widget\" data-widget_type=\"spacer.default\">\n\t\t\t\t<div class=\"elementor-widget-container\">\n\t\t\t\t\t\t\t<div class=\"elementor-spacer\">\n\t\t\t<div class=\"elementor-spacer-inner\"><\/div>\n\t\t<\/div>\n\t\t\t\t\t\t<\/div>\n\t\t\t\t<\/div>\n\t\t\t\t\t<\/div>\n\t\t\t\t<\/div>\n\t\t<div class=\"elementor-element elementor-element-2b66185a e-flex e-con-boxed e-con e-parent\" data-id=\"2b66185a\" data-element_type=\"container\" data-e-type=\"container\" data-settings=\"{&quot;background_background&quot;:&quot;classic&quot;}\">\n\t\t\t\t\t<div class=\"e-con-inner\">\n\t\t<div class=\"elementor-element elementor-element-25dd576b e-con-full e-flex e-con e-child\" data-id=\"25dd576b\" data-element_type=\"container\" data-e-type=\"container\">\n\t\t\t\t<div class=\"elementor-element elementor-element-21ff5ea1 elementor-widget elementor-widget-heading\" data-id=\"21ff5ea1\" data-element_type=\"widget\" data-e-type=\"widget\" data-widget_type=\"heading.default\">\n\t\t\t\t<div class=\"elementor-widget-container\">\n\t\t\t\t\t<h2 class=\"elementor-heading-title elementor-size-default\">SuperNils place la \"durabilit\u00e9\" au premier rang de ses priorit\u00e9s<\/h2>\t\t\t\t<\/div>\n\t\t\t\t<\/div>\n\t\t\t\t<\/div>\n\t\t<div class=\"elementor-element elementor-element-29c06e1e e-con-full e-flex e-con e-child\" data-id=\"29c06e1e\" data-element_type=\"container\" data-e-type=\"container\" data-settings=\"{&quot;background_background&quot;:&quot;classic&quot;}\">\n\t\t\t\t<\/div>\n\t\t\t\t\t<\/div>\n\t\t\t\t<\/div>\n\t\t<div class=\"elementor-element elementor-element-8f45d61 e-flex e-con-boxed e-con e-parent\" data-id=\"8f45d61\" data-element_type=\"container\" data-e-type=\"container\">\n\t\t\t\t\t<div class=\"e-con-inner\">\n\t\t\t\t<div class=\"elementor-element elementor-element-ba6d067 elementor-widget elementor-widget-spacer\" data-id=\"ba6d067\" data-element_type=\"widget\" data-e-type=\"widget\" data-widget_type=\"spacer.default\">\n\t\t\t\t<div class=\"elementor-widget-container\">\n\t\t\t\t\t\t\t<div class=\"elementor-spacer\">\n\t\t\t<div class=\"elementor-spacer-inner\"><\/div>\n\t\t<\/div>\n\t\t\t\t\t\t<\/div>\n\t\t\t\t<\/div>\n\t\t\t\t<div class=\"elementor-element elementor-element-32e6c69 elementor-widget elementor-widget-heading\" data-id=\"32e6c69\" data-element_type=\"widget\" data-e-type=\"widget\" data-widget_type=\"heading.default\">\n\t\t\t\t<div class=\"elementor-widget-container\">\n\t\t\t\t\t<h2 class=\"elementor-heading-title elementor-size-default\">Pourquoi devons-nous vivre de mani\u00e8re plus durable ?<\/h2>\t\t\t\t<\/div>\n\t\t\t\t<\/div>\n\t\t\t\t<div class=\"elementor-element elementor-element-234e259 elementor-widget elementor-widget-spacer\" data-id=\"234e259\" data-element_type=\"widget\" data-e-type=\"widget\" data-widget_type=\"spacer.default\">\n\t\t\t\t<div class=\"elementor-widget-container\">\n\t\t\t\t\t\t\t<div class=\"elementor-spacer\">\n\t\t\t<div class=\"elementor-spacer-inner\"><\/div>\n\t\t<\/div>\n\t\t\t\t\t\t<\/div>\n\t\t\t\t<\/div>\n\t\t\t\t\t<\/div>\n\t\t\t\t<\/div>\n\t\t<div class=\"elementor-element elementor-element-5e7b0b6 e-flex e-con-boxed e-con e-parent\" data-id=\"5e7b0b6\" data-element_type=\"container\" data-e-type=\"container\">\n\t\t\t\t\t<div class=\"e-con-inner\">\n\t\t\t\t<div class=\"elementor-element elementor-element-9e63b91 elementor-widget elementor-widget-text-editor\" data-id=\"9e63b91\" data-element_type=\"widget\" data-e-type=\"widget\" data-widget_type=\"text-editor.default\">\n\t\t\t\t<div class=\"elementor-widget-container\">\n\t\t\t\t\t\t\t\t\t<p>Il y a <strong>plusieurs raisons<\/strong>:<\/p><ol><li><p>Changement climatique : l'une des principales raisons est la menace du changement climatique. Les \u00e9missions de gaz \u00e0 effet de serre, tels que le dioxyde de carbone, provenant des activit\u00e9s humaines contribuent au r\u00e9chauffement de la plan\u00e8te. Ce r\u00e9chauffement a des cons\u00e9quences graves, telles que l'\u00e9l\u00e9vation du niveau des mers, les ph\u00e9nom\u00e8nes m\u00e9t\u00e9orologiques extr\u00eames et la perturbation des \u00e9cosyst\u00e8mes. En adoptant un mode de vie plus durable, nous pouvons r\u00e9duire les \u00e9missions et contribuer \u00e0 att\u00e9nuer le changement climatique.<\/p><\/li><li><p>Prot\u00e9ger les \u00e9cosyst\u00e8mes : En vivant de mani\u00e8re plus durable, nous pouvons contribuer \u00e0 pr\u00e9server les \u00e9cosyst\u00e8mes naturels et la biodiversit\u00e9. La d\u00e9forestation, la surp\u00eache, la pollution et d'autres pratiques non durables ont un impact n\u00e9gatif sur la flore et la faune de notre plan\u00e8te. Un mode de vie durable comprend la conservation des ressources naturelles, la protection des habitats fragiles et la promotion d'un \u00e9cosyst\u00e8me sain o\u00f9 diff\u00e9rentes esp\u00e8ces peuvent prosp\u00e9rer.<\/p><\/li><li><p>Raret\u00e9 des ressources : de nombreuses ressources naturelles sont limit\u00e9es et non renouvelables. En vivant de mani\u00e8re durable, nous pouvons utiliser ces ressources plus efficacement et emp\u00eacher leur \u00e9puisement. Par exemple, en r\u00e9duisant notre consommation d'eau, en recyclant les mat\u00e9riaux et en favorisant les sources d'\u00e9nergie renouvelables telles que l'\u00e9nergie solaire et l'\u00e9nergie \u00e9olienne.<\/p><\/li><li><p>Sant\u00e9 et bien-\u00eatre : Le mode de vie durable a \u00e9galement des effets b\u00e9n\u00e9fiques directs sur notre sant\u00e9 et notre bien-\u00eatre. La promotion d'un air et d'une eau propres, la consommation d'aliments sains et l'\u00e9vitement des produits chimiques nocifs et des toxines sont autant de facteurs qui contribuent \u00e0 un mode de vie plus sain. En outre, le fait de profiter de la nature et d'\u00eatre en plein air peut avoir un effet positif sur notre bien-\u00eatre.<\/p><\/li><li><p>Justice sociale : la durabilit\u00e9 ne consiste pas seulement \u00e0 prot\u00e9ger l'environnement, mais aussi \u00e0 cr\u00e9er une soci\u00e9t\u00e9 plus juste. De nombreuses pratiques non durables ont des r\u00e9percussions sociales et \u00e9conomiques n\u00e9gatives, en particulier sur les communaut\u00e9s vuln\u00e9rables. En vivant de mani\u00e8re durable, nous pouvons nous efforcer de cr\u00e9er une soci\u00e9t\u00e9 plus inclusive et plus juste, o\u00f9 chacun b\u00e9n\u00e9ficie d'un acc\u00e8s \u00e9gal aux ressources et aux opportunit\u00e9s.<\/p><\/li><\/ol><p>En bref, vivre de mani\u00e8re plus durable est essentiel pour l'avenir de l'Europe. <strong>plan\u00e8te<\/strong> \u00e0 <strong>prot\u00e9ger<\/strong>, les effets de la <strong>le changement climatique<\/strong> limite, <strong>ressources naturelles<\/strong> maintenir, notre <strong>la sant\u00e9<\/strong> \u00e0 <strong>am\u00e9liorer<\/strong> et <strong>justice sociale<\/strong> promouvoir. Elle n\u00e9cessite un effort collectif de la part des individus, des communaut\u00e9s, des entreprises et des gouvernements afin de garantir un avenir durable aux g\u00e9n\u00e9rations futures.         (Source : \u00a9 2023 WEAR)<\/p>\t\t\t\t\t\t\t\t<\/div>\n\t\t\t\t<\/div>\n\t\t\t\t\t<\/div>\n\t\t\t\t<\/div>\n\t\t<div class=\"elementor-element elementor-element-8256d2f e-flex e-con-boxed e-con e-parent\" data-id=\"8256d2f\" data-element_type=\"container\" data-e-type=\"container\">\n\t\t\t\t\t<div class=\"e-con-inner\">\n\t\t\t\t<div class=\"elementor-element elementor-element-395ebcc elementor-widget elementor-widget-spacer\" data-id=\"395ebcc\" data-element_type=\"widget\" data-e-type=\"widget\" data-widget_type=\"spacer.default\">\n\t\t\t\t<div class=\"elementor-widget-container\">\n\t\t\t\t\t\t\t<div class=\"elementor-spacer\">\n\t\t\t<div class=\"elementor-spacer-inner\"><\/div>\n\t\t<\/div>\n\t\t\t\t\t\t<\/div>\n\t\t\t\t<\/div>\n\t\t\t\t\t<\/div>\n\t\t\t\t<\/div>\n\t\t<div class=\"elementor-element elementor-element-71ae4ea e-flex e-con-boxed e-con e-parent\" data-id=\"71ae4ea\" data-element_type=\"container\" data-e-type=\"container\">\n\t\t\t\t\t<div class=\"e-con-inner\">\n\t\t\t\t<div class=\"elementor-element elementor-element-d2d2cda elementor-widget elementor-widget-heading\" data-id=\"d2d2cda\" data-element_type=\"widget\" data-e-type=\"widget\" data-widget_type=\"heading.default\">\n\t\t\t\t<div class=\"elementor-widget-container\">\n\t\t\t\t\t<h2 class=\"elementor-heading-title elementor-size-default\">Que peut faire SuperNils ?<\/h2>\t\t\t\t<\/div>\n\t\t\t\t<\/div>\n\t\t\t\t\t<\/div>\n\t\t\t\t<\/div>\n\t\t<div class=\"elementor-element elementor-element-8b1eb1d e-flex e-con-boxed e-con e-parent\" data-id=\"8b1eb1d\" data-element_type=\"container\" data-e-type=\"container\">\n\t\t\t\t\t<div class=\"e-con-inner\">\n\t\t\t\t<div class=\"elementor-element elementor-element-73c7d70 elementor-widget elementor-widget-spacer\" data-id=\"73c7d70\" data-element_type=\"widget\" data-e-type=\"widget\" data-widget_type=\"spacer.default\">\n\t\t\t\t<div class=\"elementor-widget-container\">\n\t\t\t\t\t\t\t<div class=\"elementor-spacer\">\n\t\t\t<div class=\"elementor-spacer-inner\"><\/div>\n\t\t<\/div>\n\t\t\t\t\t\t<\/div>\n\t\t\t\t<\/div>\n\t\t\t\t\t<\/div>\n\t\t\t\t<\/div>\n\t\t<div class=\"elementor-element elementor-element-3d60bae e-flex e-con-boxed e-con e-parent\" data-id=\"3d60bae\" data-element_type=\"container\" data-e-type=\"container\">\n\t\t\t\t\t<div class=\"e-con-inner\">\n\t\t\t\t<div class=\"elementor-element elementor-element-b24a0de elementor-widget elementor-widget-text-editor\" data-id=\"b24a0de\" data-element_type=\"widget\" data-e-type=\"widget\" data-widget_type=\"text-editor.default\">\n\t\t\t\t<div class=\"elementor-widget-container\">\n\t\t\t\t\t\t\t\t\t<p>L'ASBL SuperNils souhaite v\u00e9ritablement mettre en \u0153uvre la durabilit\u00e9 dans ses activit\u00e9s, afin de contribuer \u00e0 la r\u00e9alisation des objectifs susmentionn\u00e9s.<\/p><p>Nous militons pour la cr\u00e9ation d'une for\u00eat SuperNils. Pour l'organisation \u00e0 but non lucratif SuperNils, il s'agit d'une valeur ajout\u00e9e \u00e9motionnelle, car elle peut devenir un lieu de m\u00e9moire. Mais elle contribue \u00e9galement \u00e0 freiner le changement climatique. En effet, les arbres fournissent de l'oxyg\u00e8ne, purifient l'air, capturent les poussi\u00e8res fines, purifient l'eau et constituent un habitat pour de nombreux animaux. L'\u00e9cosyst\u00e8me en b\u00e9n\u00e9ficie. Et un \u00e9cosyst\u00e8me et un environnement sains permettent \u00e0 leur tour d'am\u00e9liorer la sant\u00e9 des personnes, ce qui est \u00e9videmment l'objectif de SuperNils. En collaboration avec la municipalit\u00e9 de Kalmthout, nous avons d\u00e9j\u00e0 plant\u00e9 le premier arbre comm\u00e9moratif ... juste devant la maison parentale de Nils.<\/p><p>En outre, nous voulons cr\u00e9er les bo\u00eetes interactives de la mani\u00e8re la plus durable possible. Choisissons des mat\u00e9riaux durables, des objets fabriqu\u00e9s \u00e0 partir de mat\u00e9riaux recycl\u00e9s. Par exemple, nous avons r\u00e9cemment travaill\u00e9 avec des bo\u00eetiers fabriqu\u00e9s \u00e0 partir de mat\u00e9riaux recycl\u00e9s pour le projet motion. Ces articles sont l\u00e9g\u00e8rement plus chers, mais nous en tenons compte dans notre budget.<\/p><p>Gr\u00e2ce \u00e0 ces deux actions, nous travaillons d\u00e9j\u00e0 sur plusieurs des points \u00e9num\u00e9r\u00e9s ci-dessus. Elles font de l'asbl SuperNils une organisation \"durable\".<\/p>\t\t\t\t\t\t\t\t<\/div>\n\t\t\t\t<\/div>\n\t\t\t\t\t<\/div>\n\t\t\t\t<\/div>\n\t\t<div class=\"elementor-element elementor-element-be48a76 e-flex e-con-boxed e-con e-parent\" data-id=\"be48a76\" data-element_type=\"container\" data-e-type=\"container\">\n\t\t\t\t\t<div class=\"e-con-inner\">\n\t\t\t\t<div class=\"elementor-element elementor-element-9fe79b4 elementor-widget elementor-widget-spacer\" data-id=\"9fe79b4\" data-element_type=\"widget\" data-e-type=\"widget\" data-widget_type=\"spacer.default\">\n\t\t\t\t<div class=\"elementor-widget-container\">\n\t\t\t\t\t\t\t<div class=\"elementor-spacer\">\n\t\t\t<div class=\"elementor-spacer-inner\"><\/div>\n\t\t<\/div>\n\t\t\t\t\t\t<\/div>\n\t\t\t\t<\/div>\n\t\t\t\t\t<\/div>\n\t\t\t\t<\/div>\n\t\t\t\t<\/div>","protected":false},"excerpt":{"rendered":"<p>SuperNils draagt &#8220;duurzaamheid&#8221; hoog in het vaandel Waarom moeten we duurzamer gaan leven? Er zijn verschillende redenen: Klimaatverandering: Een van de belangrijkste redenen is de dreiging van klimaatverandering. De uitstoot van broeikasgassen, zoals koolstofdioxide, door menselijke activiteiten draagt bij aan de opwarming van de aarde. Deze opwarming heeft ernstige gevolgen, zoals stijgende zeespiegels, extreme weersomstandigheden [&hellip;]<\/p>\n","protected":false},"author":2,"featured_media":0,"parent":0,"menu_order":0,"comment_status":"closed","ping_status":"closed","template":"","meta":{"_themeisle_gutenberg_block_has_review":false,"footnotes":""},"class_list":["post-8885","page","type-page","status-publish","hentry"],"_links":{"self":[{"href":"https:\/\/supernils.be\/fr\/wp-json\/wp\/v2\/pages\/8885","targetHints":{"allow":["GET"]}}],"collection":[{"href":"https:\/\/supernils.be\/fr\/wp-json\/wp\/v2\/pages"}],"about":[{"href":"https:\/\/supernils.be\/fr\/wp-json\/wp\/v2\/types\/page"}],"author":[{"embeddable":true,"href":"https:\/\/supernils.be\/fr\/wp-json\/wp\/v2\/users\/2"}],"replies":[{"embeddable":true,"href":"https:\/\/supernils.be\/fr\/wp-json\/wp\/v2\/comments?post=8885"}],"version-history":[{"count":29,"href":"https:\/\/supernils.be\/fr\/wp-json\/wp\/v2\/pages\/8885\/revisions"}],"predecessor-version":[{"id":16143,"href":"https:\/\/supernils.be\/fr\/wp-json\/wp\/v2\/pages\/8885\/revisions\/16143"}],"wp:attachment":[{"href":"https:\/\/supernils.be\/fr\/wp-json\/wp\/v2\/media?parent=8885"}],"curies":[{"name":"wp","href":"https:\/\/api.w.org\/{rel}","templated":true}]}}