{"id":8107,"date":"2023-09-21T10:10:11","date_gmt":"2023-09-21T08:10:11","guid":{"rendered":"https:\/\/supernils.be\/?page_id=8107"},"modified":"2025-12-30T21:17:07","modified_gmt":"2025-12-30T20:17:07","slug":"politique-en-matiere-de-protection-de-la-vie-privee-et-de-cookies","status":"publish","type":"page","link":"https:\/\/supernils.be\/fr\/privacy-en-cookie-policy\/","title":{"rendered":"Politique de confidentialit\u00e9 et politique en mati\u00e8re de cookies"},"content":{"rendered":"<div data-elementor-type=\"wp-page\" data-elementor-id=\"8107\" class=\"elementor elementor-8107\" data-elementor-post-type=\"page\">\n\t\t\t\t<div class=\"elementor-element elementor-element-3ac7e07 e-flex e-con-boxed e-con e-parent\" data-id=\"3ac7e07\" data-element_type=\"container\" data-e-type=\"container\" data-settings=\"{&quot;background_background&quot;:&quot;classic&quot;}\">\n\t\t\t\t\t<div class=\"e-con-inner\">\n\t\t\t\t<div class=\"elementor-element elementor-element-cb31b8c elementor-widget elementor-widget-spacer\" data-id=\"cb31b8c\" data-element_type=\"widget\" data-e-type=\"widget\" data-widget_type=\"spacer.default\">\n\t\t\t\t<div class=\"elementor-widget-container\">\n\t\t\t\t\t\t\t<div class=\"elementor-spacer\">\n\t\t\t<div class=\"elementor-spacer-inner\"><\/div>\n\t\t<\/div>\n\t\t\t\t\t\t<\/div>\n\t\t\t\t<\/div>\n\t\t\t\t\t<\/div>\n\t\t\t\t<\/div>\n\t\t<div class=\"elementor-element elementor-element-cb577ae e-flex e-con-boxed e-con e-parent\" data-id=\"cb577ae\" data-element_type=\"container\" data-e-type=\"container\" data-settings=\"{&quot;background_background&quot;:&quot;classic&quot;,&quot;shape_divider_top&quot;:&quot;waves&quot;,&quot;shape_divider_bottom&quot;:&quot;waves&quot;}\">\n\t\t\t\t\t<div class=\"e-con-inner\">\n\t\t\t\t<div class=\"elementor-shape elementor-shape-top\" aria-hidden=\"true\" data-negative=\"false\">\n\t\t\t<svg xmlns=\"http:\/\/www.w3.org\/2000\/svg\" viewbox=\"0 0 1000 100\" preserveaspectratio=\"none\">\n\t<path class=\"elementor-shape-fill\" d=\"M421.9,6.5c22.6-2.5,51.5,0.4,75.5,5.3c23.6,4.9,70.9,23.5,100.5,35.7c75.8,32.2,133.7,44.5,192.6,49.7\tc23.6,2.1,48.7,3.5,103.4-2.5c54.7-6,106.2-25.6,106.2-25.6V0H0v30.3c0,0,72,32.6,158.4,30.5c39.2-0.7,92.8-6.7,134-22.4\tc21.2-8.1,52.2-18.2,79.7-24.2C399.3,7.9,411.6,7.5,421.9,6.5z\"\/>\n<\/svg>\t\t<\/div>\n\t\t\t\t<div class=\"elementor-shape elementor-shape-bottom\" aria-hidden=\"true\" data-negative=\"false\">\n\t\t\t<svg xmlns=\"http:\/\/www.w3.org\/2000\/svg\" viewbox=\"0 0 1000 100\" preserveaspectratio=\"none\">\n\t<path class=\"elementor-shape-fill\" d=\"M421.9,6.5c22.6-2.5,51.5,0.4,75.5,5.3c23.6,4.9,70.9,23.5,100.5,35.7c75.8,32.2,133.7,44.5,192.6,49.7\tc23.6,2.1,48.7,3.5,103.4-2.5c54.7-6,106.2-25.6,106.2-25.6V0H0v30.3c0,0,72,32.6,158.4,30.5c39.2-0.7,92.8-6.7,134-22.4\tc21.2-8.1,52.2-18.2,79.7-24.2C399.3,7.9,411.6,7.5,421.9,6.5z\"\/>\n<\/svg>\t\t<\/div>\n\t\t<div class=\"elementor-element elementor-element-4e0e5cb3 e-con-full e-flex e-con e-child\" data-id=\"4e0e5cb3\" data-element_type=\"container\" data-e-type=\"container\">\n\t\t\t\t<div class=\"elementor-element elementor-element-4417ec0 elementor-widget elementor-widget-heading\" data-id=\"4417ec0\" data-element_type=\"widget\" data-e-type=\"widget\" data-widget_type=\"heading.default\">\n\t\t\t\t<div class=\"elementor-widget-container\">\n\t\t\t\t\t<h2 class=\"elementor-heading-title elementor-size-default\">Notre politique en mati\u00e8re de confidentialit\u00e9 et de cookies<\/h2>\t\t\t\t<\/div>\n\t\t\t\t<\/div>\n\t\t\t\t<div class=\"elementor-element elementor-element-282ce998 elementor-view-default elementor-widget elementor-widget-icon\" data-id=\"282ce998\" data-element_type=\"widget\" data-e-type=\"widget\" data-widget_type=\"icon.default\">\n\t\t\t\t<div class=\"elementor-widget-container\">\n\t\t\t\t\t\t\t<div class=\"elementor-icon-wrapper\">\n\t\t\t<div class=\"elementor-icon\">\n\t\t\t\t\t\t<\/div>\n\t\t<\/div>\n\t\t\t\t\t\t<\/div>\n\t\t\t\t<\/div>\n\t\t\t\t<div class=\"elementor-element elementor-element-edf0b2d elementor-widget elementor-widget-text-editor\" data-id=\"edf0b2d\" data-element_type=\"widget\" data-e-type=\"widget\" data-widget_type=\"text-editor.default\">\n\t\t\t\t<div class=\"elementor-widget-container\">\n\t\t\t\t\t\t\t\t\t<p>En fonction de la loi actuelle sur la protection de la vie priv\u00e9e (GDPR) et de la conservation et du traitement des donn\u00e9es personnelles, vous devez accepter la note ci-dessous.<\/p><p>Sachez que les donn\u00e9es ne seront jamais transf\u00e9r\u00e9es \u00e0 des tiers sans votre consentement pr\u00e9alable.<\/p><p>Vous pouvez \u00e0 tout moment demander vos donn\u00e9es enregistr\u00e9es en cliquant sur le bouton ci-dessous, afin de v\u00e9rifier leur exactitude et leur exhaustivit\u00e9 et, le cas \u00e9ch\u00e9ant, de les faire modifier gratuitement. Vous pouvez \u00e9galement utiliser ce formulaire pour demander que vos donn\u00e9es ne soient plus utilis\u00e9es \u00e0 nos fins et soient supprim\u00e9es de nos bases de donn\u00e9es.<\/p><p>En outre, le site web utilise \u00e9galement des cookies pour vous offrir la meilleure exp\u00e9rience utilisateur sur notre site. Vous pouvez accepter ou modifier les cookies sur la page d'accueil, lorsque vous visitez le site. Dans la note ci-dessous, vous trouverez plus d'informations sur notre politique en mati\u00e8re de cookies.<\/p>\t\t\t\t\t\t\t\t<\/div>\n\t\t\t\t<\/div>\n\t\t\t\t<div class=\"elementor-element elementor-element-f6f9f1c elementor-widget elementor-widget-spacer\" data-id=\"f6f9f1c\" data-element_type=\"widget\" data-e-type=\"widget\" data-widget_type=\"spacer.default\">\n\t\t\t\t<div class=\"elementor-widget-container\">\n\t\t\t\t\t\t\t<div class=\"elementor-spacer\">\n\t\t\t<div class=\"elementor-spacer-inner\"><\/div>\n\t\t<\/div>\n\t\t\t\t\t\t<\/div>\n\t\t\t\t<\/div>\n\t\t\t\t<div class=\"elementor-element elementor-element-d526f01 elementor-align-center elementor-widget elementor-widget-button\" data-id=\"d526f01\" data-element_type=\"widget\" data-e-type=\"widget\" data-widget_type=\"button.default\">\n\t\t\t\t<div class=\"elementor-widget-container\">\n\t\t\t\t\t\t\t\t\t<div class=\"elementor-button-wrapper\">\n\t\t\t\t\t<a class=\"elementor-button elementor-button-link elementor-size-sm\" href=\"https:\/\/supernils.be\/fr\/contact\/\">\n\t\t\t\t\t\t<span class=\"elementor-button-content-wrapper\">\n\t\t\t\t\t\t\t\t\t<span class=\"elementor-button-text\">Donn\u00e9es de contr\u00f4le<\/span>\n\t\t\t\t\t<\/span>\n\t\t\t\t\t<\/a>\n\t\t\t\t<\/div>\n\t\t\t\t\t\t\t\t<\/div>\n\t\t\t\t<\/div>\n\t\t\t\t<\/div>\n\t\t\t\t<div class=\"elementor-element elementor-element-0d10168 elementor-widget elementor-widget-image\" data-id=\"0d10168\" data-element_type=\"widget\" data-e-type=\"widget\" data-widget_type=\"image.default\">\n\t\t\t\t<div class=\"elementor-widget-container\">\n\t\t\t\t\t\t\t\t\t\t\t\t\t\t\t<img fetchpriority=\"high\" decoding=\"async\" width=\"624\" height=\"845\" src=\"https:\/\/supernils.be\/wp-content\/uploads\/2024\/09\/OK-001-Nils-muts-IMG_0778-1.jpg\" class=\"attachment-medium_large size-medium_large wp-image-15921\" alt=\"\" srcset=\"https:\/\/supernils.be\/wp-content\/uploads\/2024\/09\/OK-001-Nils-muts-IMG_0778-1.jpg 624w, https:\/\/supernils.be\/wp-content\/uploads\/2024\/09\/OK-001-Nils-muts-IMG_0778-1-222x300.jpg 222w, https:\/\/supernils.be\/wp-content\/uploads\/2024\/09\/OK-001-Nils-muts-IMG_0778-1-9x12.jpg 9w, https:\/\/supernils.be\/wp-content\/uploads\/2024\/09\/OK-001-Nils-muts-IMG_0778-1-299x405.jpg 299w, https:\/\/supernils.be\/wp-content\/uploads\/2024\/09\/OK-001-Nils-muts-IMG_0778-1-572x775.jpg 572w\" sizes=\"(max-width: 624px) 100vw, 624px\" \/>\t\t\t\t\t\t\t\t\t\t\t\t\t\t\t<\/div>\n\t\t\t\t<\/div>\n\t\t\t\t<div class=\"elementor-element elementor-element-7018703f elementor-widget__width-initial elementor-widget elementor-widget-image\" data-id=\"7018703f\" data-element_type=\"widget\" data-e-type=\"widget\" data-widget_type=\"image.default\">\n\t\t\t\t<div class=\"elementor-widget-container\">\n\t\t\t\t\t\t\t\t\t\t\t\t\t\t\t<img decoding=\"async\" width=\"768\" height=\"1365\" src=\"https:\/\/supernils.be\/wp-content\/uploads\/2024\/09\/OK-001-Nils-hoed-IMG_0975-1-e1726677452207-1-768x1365.jpg\" class=\"attachment-medium_large size-medium_large wp-image-15920\" alt=\"\" srcset=\"https:\/\/supernils.be\/wp-content\/uploads\/2024\/09\/OK-001-Nils-hoed-IMG_0975-1-e1726677452207-1-768x1365.jpg 768w, https:\/\/supernils.be\/wp-content\/uploads\/2024\/09\/OK-001-Nils-hoed-IMG_0975-1-e1726677452207-1-169x300.jpg 169w, https:\/\/supernils.be\/wp-content\/uploads\/2024\/09\/OK-001-Nils-hoed-IMG_0975-1-e1726677452207-1-593x1054.jpg 593w, https:\/\/supernils.be\/wp-content\/uploads\/2024\/09\/OK-001-Nils-hoed-IMG_0975-1-e1726677452207-1-864x1536.jpg 864w, https:\/\/supernils.be\/wp-content\/uploads\/2024\/09\/OK-001-Nils-hoed-IMG_0975-1-e1726677452207-1-7x12.jpg 7w, https:\/\/supernils.be\/wp-content\/uploads\/2024\/09\/OK-001-Nils-hoed-IMG_0975-1-e1726677452207-1-299x532.jpg 299w, https:\/\/supernils.be\/wp-content\/uploads\/2024\/09\/OK-001-Nils-hoed-IMG_0975-1-e1726677452207-1-572x1017.jpg 572w, https:\/\/supernils.be\/wp-content\/uploads\/2024\/09\/OK-001-Nils-hoed-IMG_0975-1-e1726677452207-1.jpg 900w\" sizes=\"(max-width: 768px) 100vw, 768px\" \/>\t\t\t\t\t\t\t\t\t\t\t\t\t\t\t<\/div>\n\t\t\t\t<\/div>\n\t\t\t\t\t<\/div>\n\t\t\t\t<\/div>\n\t\t<div class=\"elementor-element elementor-element-886fb4c e-con-full e-flex e-con e-parent\" data-id=\"886fb4c\" data-element_type=\"container\" data-e-type=\"container\">\n\t\t\t\t<div class=\"elementor-element elementor-element-1801f57 elementor-widget elementor-widget-spacer\" data-id=\"1801f57\" data-element_type=\"widget\" data-e-type=\"widget\" data-widget_type=\"spacer.default\">\n\t\t\t\t<div class=\"elementor-widget-container\">\n\t\t\t\t\t\t\t<div class=\"elementor-spacer\">\n\t\t\t<div class=\"elementor-spacer-inner\"><\/div>\n\t\t<\/div>\n\t\t\t\t\t\t<\/div>\n\t\t\t\t<\/div>\n\t\t\t\t<div class=\"elementor-element elementor-element-22a52a6 elementor-widget elementor-widget-heading\" data-id=\"22a52a6\" data-element_type=\"widget\" data-e-type=\"widget\" data-widget_type=\"heading.default\">\n\t\t\t\t<div class=\"elementor-widget-container\">\n\t\t\t\t\t<h2 class=\"elementor-heading-title elementor-size-default\">1\u00b0 Politique de confidentialit\u00e9 vzw SuperNils - Mai 2025<\/h2>\t\t\t\t<\/div>\n\t\t\t\t<\/div>\n\t\t\t\t<\/div>\n\t\t<div class=\"elementor-element elementor-element-6c260c1 e-flex e-con-boxed e-con e-parent\" data-id=\"6c260c1\" data-element_type=\"container\" data-e-type=\"container\">\n\t\t\t\t\t<div class=\"e-con-inner\">\n\t\t\t\t<div class=\"elementor-element elementor-element-1dcffc0 elementor-widget elementor-widget-spacer\" data-id=\"1dcffc0\" data-element_type=\"widget\" data-e-type=\"widget\" data-widget_type=\"spacer.default\">\n\t\t\t\t<div class=\"elementor-widget-container\">\n\t\t\t\t\t\t\t<div class=\"elementor-spacer\">\n\t\t\t<div class=\"elementor-spacer-inner\"><\/div>\n\t\t<\/div>\n\t\t\t\t\t\t<\/div>\n\t\t\t\t<\/div>\n\t\t\t\t\t<\/div>\n\t\t\t\t<\/div>\n\t\t<div class=\"elementor-element elementor-element-f3279e1 e-con-full e-flex e-con e-parent\" data-id=\"f3279e1\" data-element_type=\"container\" data-e-type=\"container\">\n\t\t\t\t<div class=\"elementor-element elementor-element-4c934d5 elementor-position-left elementor-vertical-align-top elementor-widget elementor-widget-image-box\" data-id=\"4c934d5\" data-element_type=\"widget\" data-e-type=\"widget\" data-widget_type=\"image-box.default\">\n\t\t\t\t<div class=\"elementor-widget-container\">\n\t\t\t\t\t<div class=\"elementor-image-box-wrapper\"><figure class=\"elementor-image-box-img\"><a href=\"https:\/\/supernils.be\/fr\/2025-05-25-privacy-policy\/\" tabindex=\"-1\"><img decoding=\"async\" width=\"940\" height=\"788\" src=\"https:\/\/supernils.be\/wp-content\/uploads\/2024\/11\/GDPR.png\" class=\"attachment-full size-full wp-image-17373\" alt=\"\" srcset=\"https:\/\/supernils.be\/wp-content\/uploads\/2024\/11\/GDPR.png 940w, https:\/\/supernils.be\/wp-content\/uploads\/2024\/11\/GDPR-300x251.png 300w, https:\/\/supernils.be\/wp-content\/uploads\/2024\/11\/GDPR-768x644.png 768w, https:\/\/supernils.be\/wp-content\/uploads\/2024\/11\/GDPR-14x12.png 14w, https:\/\/supernils.be\/wp-content\/uploads\/2024\/11\/GDPR-299x251.png 299w, https:\/\/supernils.be\/wp-content\/uploads\/2024\/11\/GDPR-572x480.png 572w\" sizes=\"(max-width: 940px) 100vw, 940px\" \/><\/a><\/figure><div class=\"elementor-image-box-content\"><h3 class=\"elementor-image-box-title\"><a href=\"https:\/\/supernils.be\/fr\/2025-05-25-privacy-policy\/\">Notre politique de confidentialit\u00e9<\/a><\/h3><p class=\"elementor-image-box-description\"><br>Cliquez sur l'impression ci-contre pour t\u00e9l\u00e9charger le texte en PDF.<\/p><\/div><\/div>\t\t\t\t<\/div>\n\t\t\t\t<\/div>\n\t\t\t\t<div class=\"elementor-element elementor-element-a01427d elementor-widget elementor-widget-spacer\" data-id=\"a01427d\" data-element_type=\"widget\" data-e-type=\"widget\" data-widget_type=\"spacer.default\">\n\t\t\t\t<div class=\"elementor-widget-container\">\n\t\t\t\t\t\t\t<div class=\"elementor-spacer\">\n\t\t\t<div class=\"elementor-spacer-inner\"><\/div>\n\t\t<\/div>\n\t\t\t\t\t\t<\/div>\n\t\t\t\t<\/div>\n\t\t\t\t<div class=\"elementor-element elementor-element-fdd9eb7 elementor-widget elementor-widget-heading\" data-id=\"fdd9eb7\" data-element_type=\"widget\" data-e-type=\"widget\" data-widget_type=\"heading.default\">\n\t\t\t\t<div class=\"elementor-widget-container\">\n\t\t\t\t\t<h2 class=\"elementor-heading-title elementor-size-default\">2\u00b0 Politique en mati\u00e8re de cookies vzw SuperNils - Mai 2025<\/h2>\t\t\t\t<\/div>\n\t\t\t\t<\/div>\n\t\t\t\t<\/div>\n\t\t<div class=\"elementor-element elementor-element-9e82f8e e-con-full e-flex e-con e-parent\" data-id=\"9e82f8e\" data-element_type=\"container\" data-e-type=\"container\">\n\t\t\t\t<div class=\"elementor-element elementor-element-3944d0b elementor-widget elementor-widget-spacer\" data-id=\"3944d0b\" data-element_type=\"widget\" data-e-type=\"widget\" data-widget_type=\"spacer.default\">\n\t\t\t\t<div class=\"elementor-widget-container\">\n\t\t\t\t\t\t\t<div class=\"elementor-spacer\">\n\t\t\t<div class=\"elementor-spacer-inner\"><\/div>\n\t\t<\/div>\n\t\t\t\t\t\t<\/div>\n\t\t\t\t<\/div>\n\t\t\t\t<div class=\"elementor-element elementor-element-43ae057 elementor-position-left elementor-vertical-align-top elementor-widget elementor-widget-image-box\" data-id=\"43ae057\" data-element_type=\"widget\" data-e-type=\"widget\" data-widget_type=\"image-box.default\">\n\t\t\t\t<div class=\"elementor-widget-container\">\n\t\t\t\t\t<div class=\"elementor-image-box-wrapper\"><figure class=\"elementor-image-box-img\"><a href=\"https:\/\/supernils.be\/fr\/cookiebeleid-vzw-supernils\/\" tabindex=\"-1\"><img loading=\"lazy\" decoding=\"async\" width=\"940\" height=\"788\" src=\"https:\/\/supernils.be\/wp-content\/uploads\/2025\/08\/Cookie-Policy.png\" class=\"attachment-full size-full wp-image-21157\" alt=\"\" srcset=\"https:\/\/supernils.be\/wp-content\/uploads\/2025\/08\/Cookie-Policy.png 940w, https:\/\/supernils.be\/wp-content\/uploads\/2025\/08\/Cookie-Policy-300x251.png 300w, https:\/\/supernils.be\/wp-content\/uploads\/2025\/08\/Cookie-Policy-768x644.png 768w, https:\/\/supernils.be\/wp-content\/uploads\/2025\/08\/Cookie-Policy-14x12.png 14w, https:\/\/supernils.be\/wp-content\/uploads\/2025\/08\/Cookie-Policy-299x251.png 299w, https:\/\/supernils.be\/wp-content\/uploads\/2025\/08\/Cookie-Policy-572x480.png 572w\" sizes=\"(max-width: 940px) 100vw, 940px\" \/><\/a><\/figure><div class=\"elementor-image-box-content\"><h3 class=\"elementor-image-box-title\"><a href=\"https:\/\/supernils.be\/fr\/cookiebeleid-vzw-supernils\/\">Notre politique en mati\u00e8re de cookies<\/a><\/h3><p class=\"elementor-image-box-description\"><br>En cliquant sur l'impression ci-contre, vous pouvez t\u00e9l\u00e9charger notre politique en mati\u00e8re de cookies au format PDF.<br><br>Vous pouvez \u00e9galement consulter la politique en mati\u00e8re de cookies \u00e0 l'adresse suivante : https:\/\/supernils.be\/nl\/cookiebeleid-eu\/<\/p><\/div><\/div>\t\t\t\t<\/div>\n\t\t\t\t<\/div>\n\t\t\t\t<\/div>\n\t\t<div class=\"elementor-element elementor-element-ad5527a e-con-full e-flex e-con e-parent\" data-id=\"ad5527a\" data-element_type=\"container\" data-e-type=\"container\">\n\t\t\t\t<div class=\"elementor-element elementor-element-c7ce80f elementor-widget elementor-widget-spacer\" data-id=\"c7ce80f\" data-element_type=\"widget\" data-e-type=\"widget\" data-widget_type=\"spacer.default\">\n\t\t\t\t<div class=\"elementor-widget-container\">\n\t\t\t\t\t\t\t<div class=\"elementor-spacer\">\n\t\t\t<div class=\"elementor-spacer-inner\"><\/div>\n\t\t<\/div>\n\t\t\t\t\t\t<\/div>\n\t\t\t\t<\/div>\n\t\t\t\t<div class=\"elementor-element elementor-element-08bc771 elementor-position-left elementor-vertical-align-top elementor-widget elementor-widget-image-box\" data-id=\"08bc771\" data-element_type=\"widget\" data-e-type=\"widget\" data-widget_type=\"image-box.default\">\n\t\t\t\t<div class=\"elementor-widget-container\">\n\t\t\t\t\t<div class=\"elementor-image-box-wrapper\"><figure class=\"elementor-image-box-img\"><a href=\"https:\/\/supernils.be\/fr\/politique-en-matiere-de-cookies-de-lue\/\" tabindex=\"-1\"><img loading=\"lazy\" decoding=\"async\" width=\"940\" height=\"788\" src=\"https:\/\/supernils.be\/wp-content\/uploads\/2025\/05\/Privacy-Cookie.png\" class=\"attachment-full size-full wp-image-19610\" alt=\"\" srcset=\"https:\/\/supernils.be\/wp-content\/uploads\/2025\/05\/Privacy-Cookie.png 940w, https:\/\/supernils.be\/wp-content\/uploads\/2025\/05\/Privacy-Cookie-300x251.png 300w, https:\/\/supernils.be\/wp-content\/uploads\/2025\/05\/Privacy-Cookie-768x644.png 768w, https:\/\/supernils.be\/wp-content\/uploads\/2025\/05\/Privacy-Cookie-14x12.png 14w, https:\/\/supernils.be\/wp-content\/uploads\/2025\/05\/Privacy-Cookie-299x251.png 299w, https:\/\/supernils.be\/wp-content\/uploads\/2025\/05\/Privacy-Cookie-572x480.png 572w\" sizes=\"(max-width: 940px) 100vw, 940px\" \/><\/a><\/figure><div class=\"elementor-image-box-content\"><h3 class=\"elementor-image-box-title\"><a href=\"https:\/\/supernils.be\/fr\/politique-en-matiere-de-cookies-de-lue\/\">OU ...<\/a><\/h3><p class=\"elementor-image-box-description\">Lisez notre politique en mati\u00e8re de cookies en cliquant sur ce lien (cliquez sur l'impression ici).<\/p><\/div><\/div>\t\t\t\t<\/div>\n\t\t\t\t<\/div>\n\t\t\t\t<div class=\"elementor-element elementor-element-d8cdec0 elementor-widget elementor-widget-spacer\" data-id=\"d8cdec0\" data-element_type=\"widget\" data-e-type=\"widget\" data-widget_type=\"spacer.default\">\n\t\t\t\t<div class=\"elementor-widget-container\">\n\t\t\t\t\t\t\t<div class=\"elementor-spacer\">\n\t\t\t<div class=\"elementor-spacer-inner\"><\/div>\n\t\t<\/div>\n\t\t\t\t\t\t<\/div>\n\t\t\t\t<\/div>\n\t\t\t\t<\/div>\n\t\t<div class=\"elementor-element elementor-element-3569a90 e-flex e-con-boxed e-con e-parent\" data-id=\"3569a90\" data-element_type=\"container\" data-e-type=\"container\">\n\t\t\t\t\t<div class=\"e-con-inner\">\n\t\t\t\t\t<\/div>\n\t\t\t\t<\/div>\n\t\t\t\t<\/div>","protected":false},"excerpt":{"rendered":"<p>Onze Privacy- en Cookie Policy In functie van de huidige wet op de privacy (GDPR) en het bewaren en verwerken van persoonsgegevens, moet je akkoord gaan met de onderstaande nota. Weet dat gegevens nooit aan derden zullen worden overgemaakt, zonder jouw voorafgaandelijke toestemming. Je kan steeds jouw opgeslagen gegevens opvragen, via onderstaande knop, zodat je [&hellip;]<\/p>\n","protected":false},"author":2,"featured_media":0,"parent":0,"menu_order":0,"comment_status":"closed","ping_status":"closed","template":"","meta":{"_themeisle_gutenberg_block_has_review":false,"footnotes":""},"class_list":["post-8107","page","type-page","status-publish","hentry"],"_links":{"self":[{"href":"https:\/\/supernils.be\/fr\/wp-json\/wp\/v2\/pages\/8107","targetHints":{"allow":["GET"]}}],"collection":[{"href":"https:\/\/supernils.be\/fr\/wp-json\/wp\/v2\/pages"}],"about":[{"href":"https:\/\/supernils.be\/fr\/wp-json\/wp\/v2\/types\/page"}],"author":[{"embeddable":true,"href":"https:\/\/supernils.be\/fr\/wp-json\/wp\/v2\/users\/2"}],"replies":[{"embeddable":true,"href":"https:\/\/supernils.be\/fr\/wp-json\/wp\/v2\/comments?post=8107"}],"version-history":[{"count":90,"href":"https:\/\/supernils.be\/fr\/wp-json\/wp\/v2\/pages\/8107\/revisions"}],"predecessor-version":[{"id":25423,"href":"https:\/\/supernils.be\/fr\/wp-json\/wp\/v2\/pages\/8107\/revisions\/25423"}],"wp:attachment":[{"href":"https:\/\/supernils.be\/fr\/wp-json\/wp\/v2\/media?parent=8107"}],"curies":[{"name":"wp","href":"https:\/\/api.w.org\/{rel}","templated":true}]}}