{"id":7154,"date":"2023-09-16T10:21:51","date_gmt":"2023-09-16T08:21:51","guid":{"rendered":"https:\/\/supernils.be\/careers\/"},"modified":"2026-01-02T11:53:45","modified_gmt":"2026-01-02T10:53:45","slug":"news-2","status":"publish","type":"page","link":"https:\/\/supernils.be\/fr\/nieuws-2\/","title":{"rendered":"024-News"},"content":{"rendered":"<div data-elementor-type=\"wp-page\" data-elementor-id=\"7154\" class=\"elementor elementor-7154\" data-elementor-post-type=\"page\">\n\t\t\t\t<div class=\"elementor-element elementor-element-9295317 e-flex e-con-boxed e-con e-parent\" data-id=\"9295317\" data-element_type=\"container\" data-e-type=\"container\">\n\t\t\t\t\t<div class=\"e-con-inner\">\n\t\t\t\t<div class=\"elementor-element elementor-element-1f8de5a elementor-widget elementor-widget-spacer\" data-id=\"1f8de5a\" data-element_type=\"widget\" data-e-type=\"widget\" data-widget_type=\"spacer.default\">\n\t\t\t\t<div class=\"elementor-widget-container\">\n\t\t\t\t\t\t\t<div class=\"elementor-spacer\">\n\t\t\t<div class=\"elementor-spacer-inner\"><\/div>\n\t\t<\/div>\n\t\t\t\t\t\t<\/div>\n\t\t\t\t<\/div>\n\t\t\t\t\t<\/div>\n\t\t\t\t<\/div>\n\t\t<div class=\"elementor-element elementor-element-7e93a8a8 e-con-full e-flex e-con e-parent\" data-id=\"7e93a8a8\" data-element_type=\"container\" data-e-type=\"container\" data-settings=\"{&quot;background_background&quot;:&quot;classic&quot;,&quot;shape_divider_top&quot;:&quot;waves&quot;,&quot;shape_divider_bottom&quot;:&quot;waves&quot;}\">\n\t\t\t\t<div class=\"elementor-shape elementor-shape-top\" aria-hidden=\"true\" data-negative=\"false\">\n\t\t\t<svg xmlns=\"http:\/\/www.w3.org\/2000\/svg\" viewbox=\"0 0 1000 100\" preserveaspectratio=\"none\">\n\t<path class=\"elementor-shape-fill\" d=\"M421.9,6.5c22.6-2.5,51.5,0.4,75.5,5.3c23.6,4.9,70.9,23.5,100.5,35.7c75.8,32.2,133.7,44.5,192.6,49.7\tc23.6,2.1,48.7,3.5,103.4-2.5c54.7-6,106.2-25.6,106.2-25.6V0H0v30.3c0,0,72,32.6,158.4,30.5c39.2-0.7,92.8-6.7,134-22.4\tc21.2-8.1,52.2-18.2,79.7-24.2C399.3,7.9,411.6,7.5,421.9,6.5z\"\/>\n<\/svg>\t\t<\/div>\n\t\t\t\t<div class=\"elementor-shape elementor-shape-bottom\" aria-hidden=\"true\" data-negative=\"false\">\n\t\t\t<svg xmlns=\"http:\/\/www.w3.org\/2000\/svg\" viewbox=\"0 0 1000 100\" preserveaspectratio=\"none\">\n\t<path class=\"elementor-shape-fill\" d=\"M421.9,6.5c22.6-2.5,51.5,0.4,75.5,5.3c23.6,4.9,70.9,23.5,100.5,35.7c75.8,32.2,133.7,44.5,192.6,49.7\tc23.6,2.1,48.7,3.5,103.4-2.5c54.7-6,106.2-25.6,106.2-25.6V0H0v30.3c0,0,72,32.6,158.4,30.5c39.2-0.7,92.8-6.7,134-22.4\tc21.2-8.1,52.2-18.2,79.7-24.2C399.3,7.9,411.6,7.5,421.9,6.5z\"\/>\n<\/svg>\t\t<\/div>\n\t\t<div class=\"elementor-element elementor-element-65a91c93 e-con-full e-flex e-con e-child\" data-id=\"65a91c93\" data-element_type=\"container\" data-e-type=\"container\">\n\t\t\t\t<div class=\"elementor-element elementor-element-3861c512 animated-slow elementor-widget elementor-widget-heading\" data-id=\"3861c512\" data-element_type=\"widget\" data-e-type=\"widget\" data-settings=\"{&quot;_animation&quot;:&quot;none&quot;}\" data-widget_type=\"heading.default\">\n\t\t\t\t<div class=\"elementor-widget-container\">\n\t\t\t\t\t<h2 class=\"elementor-heading-title elementor-size-default\">R\u00e9sum\u00e9 de l'actualit\u00e9 de SuperNils<\/h2>\t\t\t\t<\/div>\n\t\t\t\t<\/div>\n\t\t\t\t<div class=\"elementor-element elementor-element-7a3b52fb animated-slow elementor-widget elementor-widget-heading\" data-id=\"7a3b52fb\" data-element_type=\"widget\" data-e-type=\"widget\" data-settings=\"{&quot;_animation&quot;:&quot;none&quot;}\" data-widget_type=\"heading.default\">\n\t\t\t\t<div class=\"elementor-widget-container\">\n\t\t\t\t\t<h2 class=\"elementor-heading-title elementor-size-default\">Se tenir au courant des tenants et aboutissants de notre organisation<\/h2>\t\t\t\t<\/div>\n\t\t\t\t<\/div>\n\t\t\t\t<div class=\"elementor-element elementor-element-252f47b elementor-widget elementor-widget-text-editor\" data-id=\"252f47b\" data-element_type=\"widget\" data-e-type=\"widget\" data-widget_type=\"text-editor.default\">\n\t\t\t\t<div class=\"elementor-widget-container\">\n\t\t\t\t\t\t\t\t\t<p>SuperNils tient \u00e0 vous tenir inform\u00e9 de ses activit\u00e9s. D\u00e8s qu'un article para\u00eet dans la presse, vous le trouverez ici. Si nous participons \u00e0 une activit\u00e9 ou organisons une nouvelle formation ou un nouveau webinaire, vous le trouverez \u00e9galement sur cette page.<\/p><p>Vous pouvez s\u00e9lectionner des messages \u00e0 l'aide des boutons.<\/p>\t\t\t\t\t\t\t\t<\/div>\n\t\t\t\t<\/div>\n\t\t\t\t<\/div>\n\t\t\t\t<div class=\"elementor-element elementor-element-2d72f9fb elementor-widget elementor-widget-image\" data-id=\"2d72f9fb\" data-element_type=\"widget\" data-e-type=\"widget\" data-widget_type=\"image.default\">\n\t\t\t\t<div class=\"elementor-widget-container\">\n\t\t\t\t\t\t\t\t\t\t\t\t\t\t\t<img fetchpriority=\"high\" decoding=\"async\" width=\"791\" height=\"1054\" src=\"https:\/\/supernils.be\/wp-content\/uploads\/2024\/09\/OK-001-c9783e05-18a9-4780-aea3-5184a9ed0a40-791x1054.jpg\" class=\"attachment-large size-large wp-image-15686\" alt=\"\" srcset=\"https:\/\/supernils.be\/wp-content\/uploads\/2024\/09\/OK-001-c9783e05-18a9-4780-aea3-5184a9ed0a40-791x1054.jpg 791w, https:\/\/supernils.be\/wp-content\/uploads\/2024\/09\/OK-001-c9783e05-18a9-4780-aea3-5184a9ed0a40-225x300.jpg 225w, https:\/\/supernils.be\/wp-content\/uploads\/2024\/09\/OK-001-c9783e05-18a9-4780-aea3-5184a9ed0a40-768x1024.jpg 768w, https:\/\/supernils.be\/wp-content\/uploads\/2024\/09\/OK-001-c9783e05-18a9-4780-aea3-5184a9ed0a40-1152x1536.jpg 1152w, https:\/\/supernils.be\/wp-content\/uploads\/2024\/09\/OK-001-c9783e05-18a9-4780-aea3-5184a9ed0a40-9x12.jpg 9w, https:\/\/supernils.be\/wp-content\/uploads\/2024\/09\/OK-001-c9783e05-18a9-4780-aea3-5184a9ed0a40-299x399.jpg 299w, https:\/\/supernils.be\/wp-content\/uploads\/2024\/09\/OK-001-c9783e05-18a9-4780-aea3-5184a9ed0a40-572x763.jpg 572w, https:\/\/supernils.be\/wp-content\/uploads\/2024\/09\/OK-001-c9783e05-18a9-4780-aea3-5184a9ed0a40.jpg 1536w\" sizes=\"(max-width: 791px) 100vw, 791px\" \/>\t\t\t\t\t\t\t\t\t\t\t\t\t\t\t<\/div>\n\t\t\t\t<\/div>\n\t\t\t\t<\/div>\n\t\t<div class=\"elementor-element elementor-element-95ac382 e-flex e-con-boxed e-con e-parent\" data-id=\"95ac382\" data-element_type=\"container\" data-e-type=\"container\">\n\t\t\t\t\t<div class=\"e-con-inner\">\n\t\t\t\t<div class=\"elementor-element elementor-element-81b0798 elementor-widget elementor-widget-spacer\" data-id=\"81b0798\" data-element_type=\"widget\" data-e-type=\"widget\" data-widget_type=\"spacer.default\">\n\t\t\t\t<div class=\"elementor-widget-container\">\n\t\t\t\t\t\t\t<div class=\"elementor-spacer\">\n\t\t\t<div class=\"elementor-spacer-inner\"><\/div>\n\t\t<\/div>\n\t\t\t\t\t\t<\/div>\n\t\t\t\t<\/div>\n\t\t\t\t\t<\/div>\n\t\t\t\t<\/div>\n\t\t<div class=\"elementor-element elementor-element-45872ff e-flex e-con-boxed e-con e-parent\" data-id=\"45872ff\" data-element_type=\"container\" data-e-type=\"container\">\n\t\t\t\t\t<div class=\"e-con-inner\">\n\t\t\t\t<div class=\"elementor-element elementor-element-c203a4c elementor-grid-3 elementor-grid-tablet-2 elementor-grid-mobile-1 elementor-posts--thumbnail-top elementor-widget elementor-widget-posts\" data-id=\"c203a4c\" data-element_type=\"widget\" data-e-type=\"widget\" data-settings=\"{&quot;pagination_type&quot;:&quot;numbers&quot;,&quot;classic_columns&quot;:&quot;3&quot;,&quot;classic_columns_tablet&quot;:&quot;2&quot;,&quot;classic_columns_mobile&quot;:&quot;1&quot;,&quot;classic_row_gap&quot;:{&quot;unit&quot;:&quot;px&quot;,&quot;size&quot;:35,&quot;sizes&quot;:[]},&quot;classic_row_gap_tablet&quot;:{&quot;unit&quot;:&quot;px&quot;,&quot;size&quot;:&quot;&quot;,&quot;sizes&quot;:[]},&quot;classic_row_gap_mobile&quot;:{&quot;unit&quot;:&quot;px&quot;,&quot;size&quot;:&quot;&quot;,&quot;sizes&quot;:[]}}\" data-widget_type=\"posts.classic\">\n\t\t\t\t<div class=\"elementor-widget-container\">\n\t\t\t\t\t\t\t<div class=\"elementor-posts-container elementor-posts elementor-posts--skin-classic elementor-grid\" role=\"list\">\n\t\t\t\t<article class=\"elementor-post elementor-grid-item post-26166 post type-post status-publish format-standard hentry category-nieuws\" role=\"listitem\">\n\t\t\t\t<div class=\"elementor-post__text\">\n\t\t\t\t<h3 class=\"elementor-post__title\">\n\t\t\t<a href=\"https:\/\/supernils.be\/fr\/2026\/02\/10\/sos-biomab\/\" target=\"&quot;_blank&quot;\">\n\t\t\t\tCollaboration avec BIOMAB\t\t\t<\/a>\n\t\t<\/h3>\n\t\t\t\t<div class=\"elementor-post__meta-data\">\n\t\t\t\t\t<span class=\"elementor-post-date\">\n\t\t\t10 f\u00e9vrier 2026\t\t<\/span>\n\t\t\t\t<\/div>\n\t\t\t\t<div class=\"elementor-post__excerpt\">\n\t\t\t\t\t<\/div>\n\t\t\t\t\t<div class=\"elementor-post__read-more-wrapper\">\n\t\t\n\t\t<a class=\"elementor-post__read-more\" href=\"https:\/\/supernils.be\/fr\/2026\/02\/10\/sos-biomab\/\" aria-label=\"En savoir plus sur Samenwerking BIOMAB\" tabindex=\"-1\" target=\"_blank\">\n\t\t\tLire la suite \"\t\t<\/a>\n\n\t\t\t\t\t<\/div>\n\t\t\t\t<\/div>\n\t\t\t\t<\/article>\n\t\t\t\t<article class=\"elementor-post elementor-grid-item post-25808 post type-post status-publish format-standard hentry category-nieuws\" role=\"listitem\">\n\t\t\t\t<div class=\"elementor-post__text\">\n\t\t\t\t<h3 class=\"elementor-post__title\">\n\t\t\t<a href=\"https:\/\/supernils.be\/fr\/2026\/01\/20\/ledenwerving\/\" target=\"&quot;_blank&quot;\">\n\t\t\t\tDevenir membre en 2026\t\t\t<\/a>\n\t\t<\/h3>\n\t\t\t\t<div class=\"elementor-post__meta-data\">\n\t\t\t\t\t<span class=\"elementor-post-date\">\n\t\t\t20 janvier 2026\t\t<\/span>\n\t\t\t\t<\/div>\n\t\t\t\t<div class=\"elementor-post__excerpt\">\n\t\t\t<p>Rejoignez \u00e0 nouveau l'organisation \u00e0 but non lucratif SuperNils et soutenez les jeunes atteints de cancer Cliquez rapidement sur l'impression ci-dessus<\/p>\n\t\t<\/div>\n\t\t\t\t\t<div class=\"elementor-post__read-more-wrapper\">\n\t\t\n\t\t<a class=\"elementor-post__read-more\" href=\"https:\/\/supernils.be\/fr\/2026\/01\/20\/ledenwerving\/\" aria-label=\"En savoir plus sur Lid worden in 2026\" tabindex=\"-1\" target=\"_blank\">\n\t\t\tLire la suite \"\t\t<\/a>\n\n\t\t\t\t\t<\/div>\n\t\t\t\t<\/div>\n\t\t\t\t<\/article>\n\t\t\t\t<article class=\"elementor-post elementor-grid-item post-25765 post type-post status-publish format-standard hentry category-nieuws\" role=\"listitem\">\n\t\t\t\t<div class=\"elementor-post__text\">\n\t\t\t\t<h3 class=\"elementor-post__title\">\n\t\t\t<a href=\"https:\/\/supernils.be\/fr\/2026\/01\/06\/meike-de-roest\/\" target=\"&quot;_blank&quot;\">\n\t\t\t\tMeike De Roest\t\t\t<\/a>\n\t\t<\/h3>\n\t\t\t\t<div class=\"elementor-post__meta-data\">\n\t\t\t\t\t<span class=\"elementor-post-date\">\n\t\t\t6 janvier 2026\t\t<\/span>\n\t\t\t\t<\/div>\n\t\t\t\t<div class=\"elementor-post__excerpt\">\n\t\t\t<p>Meike De Roest pr\u00e9sente ... Photos : website Meike De Roest - Natalia Roshchenko - Koen Van Buggenhout Meike De Roest est elle-m\u00eame une AYA, mais surtout une cr\u00e9atrice de th\u00e9\u00e2tre et une podcasteuse. Cette ann\u00e9e, elle a \u00e9crit et cr\u00e9\u00e9 le spectacle \u2018Levenslijn\u2019 sur son exp\u00e9rience du cancer et du diab\u00e8te de type 1.  Levenslijn\u2018 traite principalement de l'impact de la maladie dans la vingtaine et de l'impact de la maladie sur la sant\u00e9.<\/p>\n\t\t<\/div>\n\t\t\t\t\t<div class=\"elementor-post__read-more-wrapper\">\n\t\t\n\t\t<a class=\"elementor-post__read-more\" href=\"https:\/\/supernils.be\/fr\/2026\/01\/06\/meike-de-roest\/\" aria-label=\"En savoir plus sur Meike De Roest\" tabindex=\"-1\" target=\"_blank\">\n\t\t\tLire la suite \"\t\t<\/a>\n\n\t\t\t\t\t<\/div>\n\t\t\t\t<\/div>\n\t\t\t\t<\/article>\n\t\t\t\t<article class=\"elementor-post elementor-grid-item post-21824 post type-post status-publish format-standard hentry category-nieuws\" role=\"listitem\">\n\t\t\t\t<div class=\"elementor-post__text\">\n\t\t\t\t<h3 class=\"elementor-post__title\">\n\t\t\t<a href=\"https:\/\/supernils.be\/fr\/2025\/10\/22\/aya-weekend-cc\/\" target=\"&quot;_blank&quot;\">\n\t\t\t\tWeek-end AYA - Casa Callenta\t\t\t<\/a>\n\t\t<\/h3>\n\t\t\t\t<div class=\"elementor-post__meta-data\">\n\t\t\t\t\t<span class=\"elementor-post-date\">\n\t\t\t22 octobre 2025\t\t<\/span>\n\t\t\t\t<\/div>\n\t\t\t\t<div class=\"elementor-post__excerpt\">\n\t\t\t<p>AYAs en week-end avec Casa Callenta<\/p>\n\t\t<\/div>\n\t\t\t\t\t<div class=\"elementor-post__read-more-wrapper\">\n\t\t\n\t\t<a class=\"elementor-post__read-more\" href=\"https:\/\/supernils.be\/fr\/2025\/10\/22\/aya-weekend-cc\/\" aria-label=\"En savoir plus sur AYA-weekend &#8211; Casa Callenta\" tabindex=\"-1\" target=\"_blank\">\n\t\t\tLire la suite \"\t\t<\/a>\n\n\t\t\t\t\t<\/div>\n\t\t\t\t<\/div>\n\t\t\t\t<\/article>\n\t\t\t\t<article class=\"elementor-post elementor-grid-item post-21736 post type-post status-publish format-standard hentry category-nieuws\" role=\"listitem\">\n\t\t\t\t<div class=\"elementor-post__text\">\n\t\t\t\t<h3 class=\"elementor-post__title\">\n\t\t\t<a href=\"https:\/\/supernils.be\/fr\/2025\/10\/14\/supernils-op-ronde\/\" target=\"&quot;_blank&quot;\">\n\t\t\t\tSuperNils sur le tour de piste !\t\t\t<\/a>\n\t\t<\/h3>\n\t\t\t\t<div class=\"elementor-post__meta-data\">\n\t\t\t\t\t<span class=\"elementor-post-date\">\n\t\t\t14 octobre 2025\t\t<\/span>\n\t\t\t\t<\/div>\n\t\t\t\t<div class=\"elementor-post__excerpt\">\n\t\t\t<p>,\u00ab \u00c7a recommence\u2026 Nos livraisons aux h\u00f4pitaux et aux maisons d'accueil ASBL SuperNils Soutien aux enfants et aux adolescents atteints d'un cancer Nous sommes heureux de vous pr\u00e9senter ici un aper\u00e7u de toutes nos livraisons en 2025. Nous avons visit\u00e9 diff\u00e9rents h\u00f4pitaux, une maison d'accueil et le programme AYA de Kom op tegen Kanker. Ce message sera r\u00e9guli\u00e8rement mis \u00e0 jour afin que vous restiez inform\u00e9s.<\/p>\n\t\t<\/div>\n\t\t\t\t\t<div class=\"elementor-post__read-more-wrapper\">\n\t\t\n\t\t<a class=\"elementor-post__read-more\" href=\"https:\/\/supernils.be\/fr\/2025\/10\/14\/supernils-op-ronde\/\" aria-label=\"En savoir plus sur SuperNils op ronde!\" tabindex=\"-1\" target=\"_blank\">\n\t\t\tLire la suite \"\t\t<\/a>\n\n\t\t\t\t\t<\/div>\n\t\t\t\t<\/div>\n\t\t\t\t<\/article>\n\t\t\t\t<article class=\"elementor-post elementor-grid-item post-21682 post type-post status-publish format-standard hentry category-nieuws\" role=\"listitem\">\n\t\t\t\t<div class=\"elementor-post__text\">\n\t\t\t\t<h3 class=\"elementor-post__title\">\n\t\t\t<a href=\"https:\/\/supernils.be\/fr\/2025\/09\/29\/dww-2025\/\" target=\"&quot;_blank&quot;\">\n\t\t\t\tLa semaine la plus chaude de l'ann\u00e9e 2025\t\t\t<\/a>\n\t\t<\/h3>\n\t\t\t\t<div class=\"elementor-post__meta-data\">\n\t\t\t\t\t<span class=\"elementor-post-date\">\n\t\t\t29 septembre 2025\t\t<\/span>\n\t\t\t\t<\/div>\n\t\t\t\t<div class=\"elementor-post__excerpt\">\n\t\t\t<p>DWW 2025 ... SuperNils se joint \u00e0 nous !<\/p>\n\t\t<\/div>\n\t\t\t\t\t<div class=\"elementor-post__read-more-wrapper\">\n\t\t\n\t\t<a class=\"elementor-post__read-more\" href=\"https:\/\/supernils.be\/fr\/2025\/09\/29\/dww-2025\/\" aria-label=\"En savoir plus sur De Warmste Week 2025\" tabindex=\"-1\" target=\"_blank\">\n\t\t\tLire la suite \"\t\t<\/a>\n\n\t\t\t\t\t<\/div>\n\t\t\t\t<\/div>\n\t\t\t\t<\/article>\n\t\t\t\t<article class=\"elementor-post elementor-grid-item post-18367 post type-post status-publish format-standard hentry category-nieuws\" role=\"listitem\">\n\t\t\t\t<div class=\"elementor-post__text\">\n\t\t\t\t<h3 class=\"elementor-post__title\">\n\t\t\t<a href=\"https:\/\/supernils.be\/fr\/2025\/01\/20\/elementor-wandeling-voor-supernils\/\" target=\"&quot;_blank&quot;\">\n\t\t\t\tPromenade hivernale au gin\t\t\t<\/a>\n\t\t<\/h3>\n\t\t\t\t<div class=\"elementor-post__meta-data\">\n\t\t\t\t\t<span class=\"elementor-post-date\">\n\t\t\t20 janvier 2025\t\t<\/span>\n\t\t\t\t<\/div>\n\t\t\t\t<div class=\"elementor-post__excerpt\">\n\t\t\t<p>Promenade hivernale au geni\u00e8vre au profit de l'asbl SuperNils Merci beaucoup ! Le dimanche 19 janvier 2025, Nieuwmoer a montr\u00e9 son grand c\u0153ur ! L'asbl SuperNils tient donc \u00e0 remercier tous les promeneurs (plus de 100 !) qui ont particip\u00e9 \u00e0 la magnifique promenade hivernale au geni\u00e8vre \u00e0 travers la r\u00e9serve naturelle De Maatjes. Nous remercions tout d'abord les organisateurs, Els, Els et Lennert, pour cette belle initiative. L'organisation s'est d\u00e9roul\u00e9e<\/p>\n\t\t<\/div>\n\t\t\t\t\t<div class=\"elementor-post__read-more-wrapper\">\n\t\t\n\t\t<a class=\"elementor-post__read-more\" href=\"https:\/\/supernils.be\/fr\/2025\/01\/20\/elementor-wandeling-voor-supernils\/\" aria-label=\"En savoir plus sur Marche du gin d&#039;hiver\" tabindex=\"-1\" target=\"_blank\">\n\t\t\tLire la suite \"\t\t<\/a>\n\n\t\t\t\t\t<\/div>\n\t\t\t\t<\/div>\n\t\t\t\t<\/article>\n\t\t\t\t<article class=\"elementor-post elementor-grid-item post-17543 post type-post status-publish format-standard hentry category-nieuws\" role=\"listitem\">\n\t\t\t\t<div class=\"elementor-post__text\">\n\t\t\t\t<h3 class=\"elementor-post__title\">\n\t\t\t<a href=\"https:\/\/supernils.be\/fr\/2024\/11\/20\/elementor-fiscale-attesten\/\" target=\"&quot;_blank&quot;\">\n\t\t\t\tDons et certificats fiscaux\t\t\t<\/a>\n\t\t<\/h3>\n\t\t\t\t<div class=\"elementor-post__meta-data\">\n\t\t\t\t\t<span class=\"elementor-post-date\">\n\t\t\t20 novembre 2024\t\t<\/span>\n\t\t\t\t<\/div>\n\t\t\t\t<div class=\"elementor-post__excerpt\">\n\t\t\t<p>Message important concernant les attestations fiscales Si vous souhaitez recevoir une attestation fiscale, veuillez tenir compte des informations ci-contre. Communication relative au paiement Si vous faites un don annuel sup\u00e9rieur \u00e0 40 euros, vous avez droit \u00e0 une r\u00e9duction d'imp\u00f4t de 45% (plus tard 30%). Lors du paiement, veillez \u00e0 mentionner le mot \u201c GIFT \u201d. Paiement continu Veillez \u00e0<\/p>\n\t\t<\/div>\n\t\t\t\t\t<div class=\"elementor-post__read-more-wrapper\">\n\t\t\n\t\t<a class=\"elementor-post__read-more\" href=\"https:\/\/supernils.be\/fr\/2024\/11\/20\/elementor-fiscale-attesten\/\" aria-label=\"En savoir plus sur Cadeaux et attestations fiscales\" tabindex=\"-1\" target=\"_blank\">\n\t\t\tLire la suite \"\t\t<\/a>\n\n\t\t\t\t\t<\/div>\n\t\t\t\t<\/div>\n\t\t\t\t<\/article>\n\t\t\t\t<article class=\"elementor-post elementor-grid-item post-16644 post type-post status-publish format-standard hentry category-nieuws\" role=\"listitem\">\n\t\t\t\t<div class=\"elementor-post__text\">\n\t\t\t\t<h3 class=\"elementor-post__title\">\n\t\t\t<a href=\"https:\/\/supernils.be\/fr\/2024\/10\/18\/onderzoek-vub\/\" target=\"&quot;_blank&quot;\">\n\t\t\t\tRecherche \u00e0 la VUB\t\t\t<\/a>\n\t\t<\/h3>\n\t\t\t\t<div class=\"elementor-post__meta-data\">\n\t\t\t\t\t<span class=\"elementor-post-date\">\n\t\t\t18 octobre 2024\t\t<\/span>\n\t\t\t\t<\/div>\n\t\t\t\t<div class=\"elementor-post__excerpt\">\n\t\t\t<p>Projet SPADIS Sciensano, en collaboration avec la Vrije Universiteit Brussel Recherche sur les obstacles et les mesures de soutien \u00e0 la reprise du travail apr\u00e8s un diagnostic de cancer chez les hommes. L'objectif est de d\u00e9terminer le type de soutien dont les personnes ont besoin, les informations qu'elles souhaitent obtenir \u00e0 ce sujet, le moment o\u00f9 elles souhaitent les recevoir et la mani\u00e8re dont la culture d'entreprise peut jouer un r\u00f4le positif. \u00c0 cette fin, des entretiens sont men\u00e9s aupr\u00e8s de personnes qui ont<\/p>\n\t\t<\/div>\n\t\t\t\t\t<div class=\"elementor-post__read-more-wrapper\">\n\t\t\n\t\t<a class=\"elementor-post__read-more\" href=\"https:\/\/supernils.be\/fr\/2024\/10\/18\/onderzoek-vub\/\" aria-label=\"En savoir plus sur Onderzoek VUB\" tabindex=\"-1\" target=\"_blank\">\n\t\t\tLire la suite \"\t\t<\/a>\n\n\t\t\t\t\t<\/div>\n\t\t\t\t<\/div>\n\t\t\t\t<\/article>\n\t\t\t\t<article class=\"elementor-post elementor-grid-item post-12851 post type-post status-publish format-standard hentry category-nieuws\" role=\"listitem\">\n\t\t\t\t<div class=\"elementor-post__text\">\n\t\t\t\t<h3 class=\"elementor-post__title\">\n\t\t\t<a href=\"https:\/\/supernils.be\/fr\/2023\/11\/30\/elementor-12851\/\" target=\"&quot;_blank&quot;\">\n\t\t\t\tPeter Genyn\t\t\t<\/a>\n\t\t<\/h3>\n\t\t\t\t<div class=\"elementor-post__meta-data\">\n\t\t\t\t\t<span class=\"elementor-post-date\">\n\t\t\t30 novembre 2023\t\t<\/span>\n\t\t\t\t<\/div>\n\t\t\t\t<div class=\"elementor-post__excerpt\">\n\t\t\t<p>SuperNils a un ambassadeur ... Peter Genyn Lire la suite Photo : Geert de Rycke<\/p>\n\t\t<\/div>\n\t\t\t\t\t<div class=\"elementor-post__read-more-wrapper\">\n\t\t\n\t\t<a class=\"elementor-post__read-more\" href=\"https:\/\/supernils.be\/fr\/2023\/11\/30\/elementor-12851\/\" aria-label=\"En savoir plus sur Peter Genyn\" tabindex=\"-1\" target=\"_blank\">\n\t\t\tLire la suite \"\t\t<\/a>\n\n\t\t\t\t\t<\/div>\n\t\t\t\t<\/div>\n\t\t\t\t<\/article>\n\t\t\t\t<article class=\"elementor-post elementor-grid-item post-12801 post type-post status-publish format-standard hentry category-nieuws\" role=\"listitem\">\n\t\t\t\t<div class=\"elementor-post__text\">\n\t\t\t\t<h3 class=\"elementor-post__title\">\n\t\t\t<a href=\"https:\/\/supernils.be\/fr\/2023\/11\/29\/elementor-12801\/\" target=\"&quot;_blank&quot;\">\n\t\t\t\tArbre SuperNils\t\t\t<\/a>\n\t\t<\/h3>\n\t\t\t\t<div class=\"elementor-post__meta-data\">\n\t\t\t\t\t<span class=\"elementor-post-date\">\n\t\t\t29 novembre 2023\t\t<\/span>\n\t\t\t\t<\/div>\n\t\t\t\t<div class=\"elementor-post__excerpt\">\n\t\t\t<p>Le moment est venu !!! L'arbre SuperNils a \u00e9t\u00e9 plant\u00e9 ! Mercredi 29 novembre 2023 Au rapport<\/p>\n\t\t<\/div>\n\t\t\t\t\t<div class=\"elementor-post__read-more-wrapper\">\n\t\t\n\t\t<a class=\"elementor-post__read-more\" href=\"https:\/\/supernils.be\/fr\/2023\/11\/29\/elementor-12801\/\" aria-label=\"En savoir plus sur SuperNils-boom\" tabindex=\"-1\" target=\"_blank\">\n\t\t\tLire la suite \"\t\t<\/a>\n\n\t\t\t\t\t<\/div>\n\t\t\t\t<\/div>\n\t\t\t\t<\/article>\n\t\t\t\t<\/div>\n\t\t\n\t\t\t\t\t\t<\/div>\n\t\t\t\t<\/div>\n\t\t\t\t\t<\/div>\n\t\t\t\t<\/div>\n\t\t<div class=\"elementor-element elementor-element-7f1d2a9 e-flex e-con-boxed e-con e-parent\" data-id=\"7f1d2a9\" data-element_type=\"container\" data-e-type=\"container\">\n\t\t\t\t\t<div class=\"e-con-inner\">\n\t\t\t\t<div class=\"elementor-element elementor-element-8acf817 elementor-widget elementor-widget-spacer\" data-id=\"8acf817\" data-element_type=\"widget\" data-e-type=\"widget\" data-widget_type=\"spacer.default\">\n\t\t\t\t<div class=\"elementor-widget-container\">\n\t\t\t\t\t\t\t<div class=\"elementor-spacer\">\n\t\t\t<div class=\"elementor-spacer-inner\"><\/div>\n\t\t<\/div>\n\t\t\t\t\t\t<\/div>\n\t\t\t\t<\/div>\n\t\t\t\t\t<\/div>\n\t\t\t\t<\/div>\n\t\t\t\t<\/div>","protected":false},"excerpt":{"rendered":"<p>SuperNils&#8217; nieuwsoverzicht Blijf op de hoogte van het reilen en zeilen van onze organisatie SuperNils houdt je graag op de hoogte van haar werking. Zodra er iets in de pers verschijnt, zal je dit ook hier terugvinden. Nemen we deel aan een activiteit of organiseren we een nieuwe opleiding of webinar, dan lees je dat [&hellip;]<\/p>\n","protected":false},"author":2,"featured_media":0,"parent":0,"menu_order":0,"comment_status":"closed","ping_status":"closed","template":"elementor_header_footer","meta":{"_themeisle_gutenberg_block_has_review":false,"footnotes":""},"class_list":["post-7154","page","type-page","status-publish","hentry"],"_links":{"self":[{"href":"https:\/\/supernils.be\/fr\/wp-json\/wp\/v2\/pages\/7154","targetHints":{"allow":["GET"]}}],"collection":[{"href":"https:\/\/supernils.be\/fr\/wp-json\/wp\/v2\/pages"}],"about":[{"href":"https:\/\/supernils.be\/fr\/wp-json\/wp\/v2\/types\/page"}],"author":[{"embeddable":true,"href":"https:\/\/supernils.be\/fr\/wp-json\/wp\/v2\/users\/2"}],"replies":[{"embeddable":true,"href":"https:\/\/supernils.be\/fr\/wp-json\/wp\/v2\/comments?post=7154"}],"version-history":[{"count":156,"href":"https:\/\/supernils.be\/fr\/wp-json\/wp\/v2\/pages\/7154\/revisions"}],"predecessor-version":[{"id":25679,"href":"https:\/\/supernils.be\/fr\/wp-json\/wp\/v2\/pages\/7154\/revisions\/25679"}],"wp:attachment":[{"href":"https:\/\/supernils.be\/fr\/wp-json\/wp\/v2\/media?parent=7154"}],"curies":[{"name":"wp","href":"https:\/\/api.w.org\/{rel}","templated":true}]}}