{"id":26488,"date":"2026-03-26T09:51:49","date_gmt":"2026-03-26T08:51:49","guid":{"rendered":"https:\/\/supernils.be\/?page_id=26488"},"modified":"2026-03-26T10:07:12","modified_gmt":"2026-03-26T09:07:12","slug":"mission-et-vision","status":"publish","type":"page","link":"https:\/\/supernils.be\/fr\/missie-en-visie\/","title":{"rendered":"052 mission et vision"},"content":{"rendered":"<div data-elementor-type=\"wp-page\" data-elementor-id=\"26488\" class=\"elementor elementor-26488\" data-elementor-post-type=\"page\">\n\t\t\t\t<div class=\"elementor-element elementor-element-d23ff2d e-flex e-con-boxed e-con e-parent\" data-id=\"d23ff2d\" data-element_type=\"container\" data-e-type=\"container\">\n\t\t\t\t\t<div class=\"e-con-inner\">\n\t\t\t\t<div class=\"elementor-element elementor-element-3cf7835 elementor-widget elementor-widget-spacer\" data-id=\"3cf7835\" data-element_type=\"widget\" data-e-type=\"widget\" data-widget_type=\"spacer.default\">\n\t\t\t\t<div class=\"elementor-widget-container\">\n\t\t\t\t\t\t\t<div class=\"elementor-spacer\">\n\t\t\t<div class=\"elementor-spacer-inner\"><\/div>\n\t\t<\/div>\n\t\t\t\t\t\t<\/div>\n\t\t\t\t<\/div>\n\t\t\t\t\t<\/div>\n\t\t\t\t<\/div>\n\t\t<div class=\"elementor-element elementor-element-27401b98 e-con-full e-flex e-con e-parent\" data-id=\"27401b98\" data-element_type=\"container\" data-e-type=\"container\" data-settings=\"{&quot;background_background&quot;:&quot;classic&quot;,&quot;shape_divider_top&quot;:&quot;waves&quot;,&quot;shape_divider_bottom&quot;:&quot;waves&quot;}\">\n\t\t\t\t<div class=\"elementor-shape elementor-shape-top\" aria-hidden=\"true\" data-negative=\"false\">\n\t\t\t<svg xmlns=\"http:\/\/www.w3.org\/2000\/svg\" viewbox=\"0 0 1000 100\" preserveaspectratio=\"none\">\n\t<path class=\"elementor-shape-fill\" d=\"M421.9,6.5c22.6-2.5,51.5,0.4,75.5,5.3c23.6,4.9,70.9,23.5,100.5,35.7c75.8,32.2,133.7,44.5,192.6,49.7\tc23.6,2.1,48.7,3.5,103.4-2.5c54.7-6,106.2-25.6,106.2-25.6V0H0v30.3c0,0,72,32.6,158.4,30.5c39.2-0.7,92.8-6.7,134-22.4\tc21.2-8.1,52.2-18.2,79.7-24.2C399.3,7.9,411.6,7.5,421.9,6.5z\"\/>\n<\/svg>\t\t<\/div>\n\t\t\t\t<div class=\"elementor-shape elementor-shape-bottom\" aria-hidden=\"true\" data-negative=\"false\">\n\t\t\t<svg xmlns=\"http:\/\/www.w3.org\/2000\/svg\" viewbox=\"0 0 1000 100\" preserveaspectratio=\"none\">\n\t<path class=\"elementor-shape-fill\" d=\"M421.9,6.5c22.6-2.5,51.5,0.4,75.5,5.3c23.6,4.9,70.9,23.5,100.5,35.7c75.8,32.2,133.7,44.5,192.6,49.7\tc23.6,2.1,48.7,3.5,103.4-2.5c54.7-6,106.2-25.6,106.2-25.6V0H0v30.3c0,0,72,32.6,158.4,30.5c39.2-0.7,92.8-6.7,134-22.4\tc21.2-8.1,52.2-18.2,79.7-24.2C399.3,7.9,411.6,7.5,421.9,6.5z\"\/>\n<\/svg>\t\t<\/div>\n\t\t\t\t<div class=\"elementor-element elementor-element-4717dede elementor-widget__width-initial elementor-widget-tablet__width-initial elementor-widget elementor-widget-image\" data-id=\"4717dede\" data-element_type=\"widget\" data-e-type=\"widget\" data-widget_type=\"image.default\">\n\t\t\t\t<div class=\"elementor-widget-container\">\n\t\t\t\t\t\t\t\t\t\t\t\t\t\t\t<img fetchpriority=\"high\" decoding=\"async\" width=\"800\" height=\"671\" src=\"https:\/\/supernils.be\/wp-content\/uploads\/2026\/03\/Missie.png\" class=\"attachment-large size-large wp-image-26492\" alt=\"\" srcset=\"https:\/\/supernils.be\/wp-content\/uploads\/2026\/03\/Missie.png 940w, https:\/\/supernils.be\/wp-content\/uploads\/2026\/03\/Missie-300x251.png 300w, https:\/\/supernils.be\/wp-content\/uploads\/2026\/03\/Missie-768x644.png 768w, https:\/\/supernils.be\/wp-content\/uploads\/2026\/03\/Missie-14x12.png 14w, https:\/\/supernils.be\/wp-content\/uploads\/2026\/03\/Missie-299x251.png 299w, https:\/\/supernils.be\/wp-content\/uploads\/2026\/03\/Missie-572x480.png 572w\" sizes=\"(max-width: 800px) 100vw, 800px\" \/>\t\t\t\t\t\t\t\t\t\t\t\t\t\t\t<\/div>\n\t\t\t\t<\/div>\n\t\t<div class=\"elementor-element elementor-element-3125fd1b e-con-full e-flex e-con e-child\" data-id=\"3125fd1b\" data-element_type=\"container\" data-e-type=\"container\">\n\t\t\t\t<div class=\"elementor-element elementor-element-63b35217 animated-slow elementor-invisible elementor-widget elementor-widget-heading\" data-id=\"63b35217\" data-element_type=\"widget\" data-e-type=\"widget\" data-settings=\"{&quot;_animation&quot;:&quot;slideInUp&quot;}\" data-widget_type=\"heading.default\">\n\t\t\t\t<div class=\"elementor-widget-container\">\n\t\t\t\t\t<h1 class=\"elementor-heading-title elementor-size-default\">Notre mission et notre vision<\/h1>\t\t\t\t<\/div>\n\t\t\t\t<\/div>\n\t\t\t\t<\/div>\n\t\t\t\t<div class=\"elementor-element elementor-element-2e55e73 elementor-widget__width-initial elementor-widget-tablet__width-initial elementor-widget elementor-widget-image\" data-id=\"2e55e73\" data-element_type=\"widget\" data-e-type=\"widget\" data-widget_type=\"image.default\">\n\t\t\t\t<div class=\"elementor-widget-container\">\n\t\t\t\t\t\t\t\t\t\t\t\t\t\t\t<img decoding=\"async\" width=\"800\" height=\"671\" src=\"https:\/\/supernils.be\/wp-content\/uploads\/2026\/03\/Visie.png\" class=\"attachment-large size-large wp-image-26493\" alt=\"\" srcset=\"https:\/\/supernils.be\/wp-content\/uploads\/2026\/03\/Visie.png 940w, https:\/\/supernils.be\/wp-content\/uploads\/2026\/03\/Visie-300x251.png 300w, https:\/\/supernils.be\/wp-content\/uploads\/2026\/03\/Visie-768x644.png 768w, https:\/\/supernils.be\/wp-content\/uploads\/2026\/03\/Visie-14x12.png 14w, https:\/\/supernils.be\/wp-content\/uploads\/2026\/03\/Visie-299x251.png 299w, https:\/\/supernils.be\/wp-content\/uploads\/2026\/03\/Visie-572x480.png 572w\" sizes=\"(max-width: 800px) 100vw, 800px\" \/>\t\t\t\t\t\t\t\t\t\t\t\t\t\t\t<\/div>\n\t\t\t\t<\/div>\n\t\t\t\t<\/div>\n\t\t<div class=\"elementor-element elementor-element-8b9c340 e-flex e-con-boxed e-con e-parent\" data-id=\"8b9c340\" data-element_type=\"container\" data-e-type=\"container\">\n\t\t\t\t\t<div class=\"e-con-inner\">\n\t\t\t\t<div class=\"elementor-element elementor-element-c1ca01c elementor-widget elementor-widget-spacer\" data-id=\"c1ca01c\" data-element_type=\"widget\" data-e-type=\"widget\" data-widget_type=\"spacer.default\">\n\t\t\t\t<div class=\"elementor-widget-container\">\n\t\t\t\t\t\t\t<div class=\"elementor-spacer\">\n\t\t\t<div class=\"elementor-spacer-inner\"><\/div>\n\t\t<\/div>\n\t\t\t\t\t\t<\/div>\n\t\t\t\t<\/div>\n\t\t\t\t\t<\/div>\n\t\t\t\t<\/div>\n\t\t<div class=\"elementor-element elementor-element-7d13614 e-grid e-con-full e-con e-parent\" data-id=\"7d13614\" data-element_type=\"container\" data-e-type=\"container\">\n\t\t\t\t<div class=\"elementor-element elementor-element-ab417b6 elementor-widget elementor-widget-heading\" data-id=\"ab417b6\" data-element_type=\"widget\" data-e-type=\"widget\" data-widget_type=\"heading.default\">\n\t\t\t\t<div class=\"elementor-widget-container\">\n\t\t\t\t\t<h2 class=\"elementor-heading-title elementor-size-default\">Notre mission<\/h2>\t\t\t\t<\/div>\n\t\t\t\t<\/div>\n\t\t\t\t<div class=\"elementor-element elementor-element-b86a936 elementor-widget elementor-widget-heading\" data-id=\"b86a936\" data-element_type=\"widget\" data-e-type=\"widget\" data-widget_type=\"heading.default\">\n\t\t\t\t<div class=\"elementor-widget-container\">\n\t\t\t\t\t<h2 class=\"elementor-heading-title elementor-size-default\">Notre vision<\/h2>\t\t\t\t<\/div>\n\t\t\t\t<\/div>\n\t\t\t\t<div class=\"elementor-element elementor-element-8ebb56a elementor-widget elementor-widget-text-editor\" data-id=\"8ebb56a\" data-element_type=\"widget\" data-e-type=\"widget\" data-widget_type=\"text-editor.default\">\n\t\t\t\t<div class=\"elementor-widget-container\">\n\t\t\t\t\t\t\t\t\t<p>La mission de SuperNils est d'am\u00e9liorer structurellement le bien-\u00eatre mental et la qualit\u00e9 de vie des jeunes patients atteints de cancer (enfants et AJA) et de les soutenir dans 15 h\u00f4pitaux sp\u00e9cialis\u00e9s \u00e0 travers la Belgique, notamment en fournissant des paquets interactifs et des informations claires.<\/p>\t\t\t\t\t\t\t\t<\/div>\n\t\t\t\t<\/div>\n\t\t\t\t<div class=\"elementor-element elementor-element-052138a elementor-widget elementor-widget-text-editor\" data-id=\"052138a\" data-element_type=\"widget\" data-e-type=\"widget\" data-widget_type=\"text-editor.default\">\n\t\t\t\t<div class=\"elementor-widget-container\">\n\t\t\t\t\t\t\t\t\t<p>La vision de SuperNils est de devenir une organisation de soutien de premier plan, durable, impactante et innovante, travaillant avec des partenaires de soins de sant\u00e9 et des d\u00e9cideurs politiques pour faire la diff\u00e9rence dans les soins de sant\u00e9 mentale et le soutien aux jeunes patients atteints de cancer en Belgique.<\/p>\t\t\t\t\t\t\t\t<\/div>\n\t\t\t\t<\/div>\n\t\t\t\t<\/div>\n\t\t<div class=\"elementor-element elementor-element-5cc1eea e-flex e-con-boxed e-con e-parent\" data-id=\"5cc1eea\" data-element_type=\"container\" data-e-type=\"container\">\n\t\t\t\t\t<div class=\"e-con-inner\">\n\t\t\t\t<div class=\"elementor-element elementor-element-eb4d5b9 elementor-widget elementor-widget-spacer\" data-id=\"eb4d5b9\" data-element_type=\"widget\" data-e-type=\"widget\" data-widget_type=\"spacer.default\">\n\t\t\t\t<div class=\"elementor-widget-container\">\n\t\t\t\t\t\t\t<div class=\"elementor-spacer\">\n\t\t\t<div class=\"elementor-spacer-inner\"><\/div>\n\t\t<\/div>\n\t\t\t\t\t\t<\/div>\n\t\t\t\t<\/div>\n\t\t\t\t\t<\/div>\n\t\t\t\t<\/div>\n\t\t\t\t<\/div>","protected":false},"excerpt":{"rendered":"<p>Onze missie en visie Onze missie Onze visie Het is de missie van SuperNils om het mentale welzijn en de levenskwaliteit van jonge kankerpati\u00ebnten (kinderen en AYA&#8217;s) structureel te verbeteren en hen in 15 gespecialiseerde ziekenhuizen verspreid over gans Belgi\u00eb te ondersteunen, o.a. door het aanreiken van interactieve pakketten en duidelijke informatie. De visie van [&hellip;]<\/p>\n","protected":false},"author":2,"featured_media":0,"parent":0,"menu_order":0,"comment_status":"closed","ping_status":"closed","template":"","meta":{"_themeisle_gutenberg_block_has_review":false,"footnotes":""},"class_list":["post-26488","page","type-page","status-publish","hentry"],"_links":{"self":[{"href":"https:\/\/supernils.be\/fr\/wp-json\/wp\/v2\/pages\/26488","targetHints":{"allow":["GET"]}}],"collection":[{"href":"https:\/\/supernils.be\/fr\/wp-json\/wp\/v2\/pages"}],"about":[{"href":"https:\/\/supernils.be\/fr\/wp-json\/wp\/v2\/types\/page"}],"author":[{"embeddable":true,"href":"https:\/\/supernils.be\/fr\/wp-json\/wp\/v2\/users\/2"}],"replies":[{"embeddable":true,"href":"https:\/\/supernils.be\/fr\/wp-json\/wp\/v2\/comments?post=26488"}],"version-history":[{"count":11,"href":"https:\/\/supernils.be\/fr\/wp-json\/wp\/v2\/pages\/26488\/revisions"}],"predecessor-version":[{"id":26503,"href":"https:\/\/supernils.be\/fr\/wp-json\/wp\/v2\/pages\/26488\/revisions\/26503"}],"wp:attachment":[{"href":"https:\/\/supernils.be\/fr\/wp-json\/wp\/v2\/media?parent=26488"}],"curies":[{"name":"wp","href":"https:\/\/api.w.org\/{rel}","templated":true}]}}