{"id":26076,"date":"2026-02-10T11:12:50","date_gmt":"2026-02-10T10:12:50","guid":{"rendered":"https:\/\/supernils.be\/?page_id=26076"},"modified":"2026-03-11T23:30:46","modified_gmt":"2026-03-11T22:30:46","slug":"sidekicks-2","status":"publish","type":"page","link":"https:\/\/supernils.be\/fr\/sidekicks-2\/","title":{"rendered":"042 - Sidekicks FINAL"},"content":{"rendered":"<div data-elementor-type=\"wp-page\" data-elementor-id=\"26076\" class=\"elementor elementor-26076\" data-elementor-post-type=\"page\">\n\t\t\t\t<div class=\"elementor-element elementor-element-4c831b3 e-flex e-con-boxed e-con e-parent\" data-id=\"4c831b3\" data-element_type=\"container\" data-e-type=\"container\">\n\t\t\t\t\t<div class=\"e-con-inner\">\n\t\t\t\t<div class=\"elementor-element elementor-element-34d1e04 elementor-widget elementor-widget-spacer\" data-id=\"34d1e04\" data-element_type=\"widget\" data-e-type=\"widget\" data-widget_type=\"spacer.default\">\n\t\t\t\t<div class=\"elementor-widget-container\">\n\t\t\t\t\t\t\t<div class=\"elementor-spacer\">\n\t\t\t<div class=\"elementor-spacer-inner\"><\/div>\n\t\t<\/div>\n\t\t\t\t\t\t<\/div>\n\t\t\t\t<\/div>\n\t\t\t\t\t<\/div>\n\t\t\t\t<\/div>\n\t\t<div class=\"elementor-element elementor-element-28e6a4c e-grid e-con-full e-con e-parent\" data-id=\"28e6a4c\" data-element_type=\"container\" data-e-type=\"container\" data-settings=\"{&quot;background_background&quot;:&quot;classic&quot;,&quot;shape_divider_top&quot;:&quot;waves&quot;,&quot;shape_divider_bottom&quot;:&quot;waves&quot;}\">\n\t\t\t\t<div class=\"elementor-shape elementor-shape-top\" aria-hidden=\"true\" data-negative=\"false\">\n\t\t\t<svg xmlns=\"http:\/\/www.w3.org\/2000\/svg\" viewbox=\"0 0 1000 100\" preserveaspectratio=\"none\">\n\t<path class=\"elementor-shape-fill\" d=\"M421.9,6.5c22.6-2.5,51.5,0.4,75.5,5.3c23.6,4.9,70.9,23.5,100.5,35.7c75.8,32.2,133.7,44.5,192.6,49.7\tc23.6,2.1,48.7,3.5,103.4-2.5c54.7-6,106.2-25.6,106.2-25.6V0H0v30.3c0,0,72,32.6,158.4,30.5c39.2-0.7,92.8-6.7,134-22.4\tc21.2-8.1,52.2-18.2,79.7-24.2C399.3,7.9,411.6,7.5,421.9,6.5z\"\/>\n<\/svg>\t\t<\/div>\n\t\t\t\t<div class=\"elementor-shape elementor-shape-bottom\" aria-hidden=\"true\" data-negative=\"false\">\n\t\t\t<svg xmlns=\"http:\/\/www.w3.org\/2000\/svg\" viewbox=\"0 0 1000 100\" preserveaspectratio=\"none\">\n\t<path class=\"elementor-shape-fill\" d=\"M421.9,6.5c22.6-2.5,51.5,0.4,75.5,5.3c23.6,4.9,70.9,23.5,100.5,35.7c75.8,32.2,133.7,44.5,192.6,49.7\tc23.6,2.1,48.7,3.5,103.4-2.5c54.7-6,106.2-25.6,106.2-25.6V0H0v30.3c0,0,72,32.6,158.4,30.5c39.2-0.7,92.8-6.7,134-22.4\tc21.2-8.1,52.2-18.2,79.7-24.2C399.3,7.9,411.6,7.5,421.9,6.5z\"\/>\n<\/svg>\t\t<\/div>\n\t\t\t\t<div class=\"elementor-element elementor-element-7e7e961 elementor-widget elementor-widget-heading\" data-id=\"7e7e961\" data-element_type=\"widget\" data-e-type=\"widget\" data-widget_type=\"heading.default\">\n\t\t\t\t<div class=\"elementor-widget-container\">\n\t\t\t\t\t<h2 class=\"elementor-heading-title elementor-size-default\">D\u00e9couvrez nos \" Sidekicks \"<\/h2>\t\t\t\t<\/div>\n\t\t\t\t<\/div>\n\t\t\t\t<div class=\"elementor-element elementor-element-2f97d57 elementor-widget elementor-widget-image\" data-id=\"2f97d57\" data-element_type=\"widget\" data-e-type=\"widget\" data-widget_type=\"image.default\">\n\t\t\t\t<div class=\"elementor-widget-container\">\n\t\t\t\t\t\t\t\t\t\t\t\t\t\t\t<img fetchpriority=\"high\" decoding=\"async\" width=\"800\" height=\"671\" src=\"https:\/\/supernils.be\/wp-content\/uploads\/2026\/03\/Sidekicks-zoeken.png\" class=\"attachment-large size-large wp-image-26382\" alt=\"\" srcset=\"https:\/\/supernils.be\/wp-content\/uploads\/2026\/03\/Sidekicks-zoeken.png 940w, https:\/\/supernils.be\/wp-content\/uploads\/2026\/03\/Sidekicks-zoeken-300x251.png 300w, https:\/\/supernils.be\/wp-content\/uploads\/2026\/03\/Sidekicks-zoeken-768x644.png 768w, https:\/\/supernils.be\/wp-content\/uploads\/2026\/03\/Sidekicks-zoeken-14x12.png 14w, https:\/\/supernils.be\/wp-content\/uploads\/2026\/03\/Sidekicks-zoeken-299x251.png 299w, https:\/\/supernils.be\/wp-content\/uploads\/2026\/03\/Sidekicks-zoeken-572x480.png 572w\" sizes=\"(max-width: 800px) 100vw, 800px\" \/>\t\t\t\t\t\t\t\t\t\t\t\t\t\t\t<\/div>\n\t\t\t\t<\/div>\n\t\t\t\t<\/div>\n\t\t<div class=\"elementor-element elementor-element-ff73463 e-flex e-con-boxed e-con e-parent\" data-id=\"ff73463\" data-element_type=\"container\" data-e-type=\"container\">\n\t\t\t\t\t<div class=\"e-con-inner\">\n\t\t\t\t<div class=\"elementor-element elementor-element-f47f43c elementor-widget elementor-widget-spacer\" data-id=\"f47f43c\" data-element_type=\"widget\" data-e-type=\"widget\" data-widget_type=\"spacer.default\">\n\t\t\t\t<div class=\"elementor-widget-container\">\n\t\t\t\t\t\t\t<div class=\"elementor-spacer\">\n\t\t\t<div class=\"elementor-spacer-inner\"><\/div>\n\t\t<\/div>\n\t\t\t\t\t\t<\/div>\n\t\t\t\t<\/div>\n\t\t\t\t\t<\/div>\n\t\t\t\t<\/div>\n\t\t<div class=\"elementor-element elementor-element-2527c6c e-grid e-con-full e-con e-parent\" data-id=\"2527c6c\" data-element_type=\"container\" data-e-type=\"container\">\n\t\t<div class=\"elementor-element elementor-element-415d58b e-flex e-con-boxed e-con e-child\" data-id=\"415d58b\" data-element_type=\"container\" data-e-type=\"container\">\n\t\t\t\t\t<div class=\"e-con-inner\">\n\t\t\t\t\t<\/div>\n\t\t\t\t<\/div>\n\t\t\t\t<div class=\"elementor-element elementor-element-b8a5386 elementor-widget elementor-widget-text-editor\" data-id=\"b8a5386\" data-element_type=\"widget\" data-e-type=\"widget\" data-widget_type=\"text-editor.default\">\n\t\t\t\t<div class=\"elementor-widget-container\">\n\t\t\t\t\t\t\t\t\t<p><strong>Sidekicks<\/strong> \u2026 un nouveau concept chez l'asbl SuperNils !\u00a0<\/p><p>Nous n'aimons plus parler de sponsors, car cela met trop l'accent sur l'aspect financier. Un Sidekick est bien plus que cela ! Il s'agit d'une personne, d'une entreprise ou d'une organisation qui souhaite soutenir le fonctionnement de l'asbl SuperNils. Des personnes qui r\u00e9fl\u00e9chissent avec nous au fonctionnement et aux objectifs, qui apportent leur contribution \u00e0 de nouveaux projets potentiels et qui cherchent avec nous la meilleure fa\u00e7on de r\u00e9aliser tout cela.<\/p><p>Bien s\u00fbr, les Sidekicks peuvent \u00e9galement soutenir financi\u00e8rement l'organisation, et la plupart le font. Mais ils ont aussi la possibilit\u00e9 de r\u00e9fl\u00e9chir \u00e0 la mani\u00e8re dont les ressources sont utilis\u00e9es, et l'asbl SuperNils souhaite leur offrir quelque chose en retour. Les Sidekicks et SuperNils doivent former une \u00e9quipe soud\u00e9e, qui r\u00e9fl\u00e9chit aux besoins de l'organisation et du groupe cible, ainsi qu'\u00e0 la meilleure mani\u00e8re de r\u00e9pondre \u00e0 ces besoins.<\/p>\t\t\t\t\t\t\t\t<\/div>\n\t\t\t\t<\/div>\n\t\t\t\t<\/div>\n\t\t<div class=\"elementor-element elementor-element-0c22fb6 e-flex e-con-boxed e-con e-parent\" data-id=\"0c22fb6\" data-element_type=\"container\" data-e-type=\"container\">\n\t\t\t\t\t<div class=\"e-con-inner\">\n\t\t\t\t<div class=\"elementor-element elementor-element-06cf0dc elementor-widget elementor-widget-spacer\" data-id=\"06cf0dc\" data-element_type=\"widget\" data-e-type=\"widget\" data-widget_type=\"spacer.default\">\n\t\t\t\t<div class=\"elementor-widget-container\">\n\t\t\t\t\t\t\t<div class=\"elementor-spacer\">\n\t\t\t<div class=\"elementor-spacer-inner\"><\/div>\n\t\t<\/div>\n\t\t\t\t\t\t<\/div>\n\t\t\t\t<\/div>\n\t\t\t\t\t<\/div>\n\t\t\t\t<\/div>\n\t\t<div class=\"elementor-element elementor-element-3ce3928 e-con-full e-flex e-con e-parent\" data-id=\"3ce3928\" data-element_type=\"container\" data-e-type=\"container\">\n\t\t<div class=\"elementor-element elementor-element-58d733f e-con-full e-flex e-con e-child\" data-id=\"58d733f\" data-element_type=\"container\" data-e-type=\"container\">\n\t\t\t\t<div class=\"elementor-element elementor-element-9ff6d4b elementor-position-left elementor-vertical-align-top elementor-widget elementor-widget-image-box\" data-id=\"9ff6d4b\" data-element_type=\"widget\" data-e-type=\"widget\" data-widget_type=\"image-box.default\">\n\t\t\t\t<div class=\"elementor-widget-container\">\n\t\t\t\t\t<div class=\"elementor-image-box-wrapper\"><figure class=\"elementor-image-box-img\"><img decoding=\"async\" width=\"619\" height=\"413\" src=\"https:\/\/supernils.be\/wp-content\/uploads\/2024\/09\/OK-001-f18d2ed2232e99d60a61a8a57498d6f7.jpg\" class=\"attachment-full size-full wp-image-16243\" alt=\"\" srcset=\"https:\/\/supernils.be\/wp-content\/uploads\/2024\/09\/OK-001-f18d2ed2232e99d60a61a8a57498d6f7.jpg 619w, https:\/\/supernils.be\/wp-content\/uploads\/2024\/09\/OK-001-f18d2ed2232e99d60a61a8a57498d6f7-300x200.jpg 300w, https:\/\/supernils.be\/wp-content\/uploads\/2024\/09\/OK-001-f18d2ed2232e99d60a61a8a57498d6f7-18x12.jpg 18w, https:\/\/supernils.be\/wp-content\/uploads\/2024\/09\/OK-001-f18d2ed2232e99d60a61a8a57498d6f7-299x199.jpg 299w, https:\/\/supernils.be\/wp-content\/uploads\/2024\/09\/OK-001-f18d2ed2232e99d60a61a8a57498d6f7-572x382.jpg 572w, https:\/\/supernils.be\/wp-content\/uploads\/2024\/09\/OK-001-f18d2ed2232e99d60a61a8a57498d6f7-272x182.jpg 272w\" sizes=\"(max-width: 619px) 100vw, 619px\" \/><\/figure><div class=\"elementor-image-box-content\"><p class=\"elementor-image-box-description\">Souvent, des personnes ou des entreprises souhaitent soutenir une organisation caritative mais ne savent pas laquelle choisir. <br><br>\nQuoi qu'il en soit, je peux vous recommander l'organisation \u00e0 but non lucratif SuperNils. Cette organisation se concentre sur le bien-\u00eatre mental des enfants, des adolescents et des jeunes adultes atteints d'un cancer (h\u00e9matologique). Et que le bien-\u00eatre mental soit pr\u00e9cis\u00e9ment quelque chose qui est devenu si important dans notre soci\u00e9t\u00e9 et qui peut en outre aider votre entreprise \u00e0 obtenir le label ESG.<br><br>\n\nPasser des semaines, voire des mois, dans une chambre d'h\u00f4pital, souvent en quarantaine, augmente la pression sur le bien-\u00eatre mental. L'asbl SuperNils tente d'all\u00e9ger cette pression en proposant toutes sortes d'activit\u00e9s ludiques. Pour oublier un instant la mis\u00e8re. C'est pour cela que nous faisons cela ! N'h\u00e9sitez plus... soutenez-nous sans tarder.<br><br>\n\nKris Marchi - PDG, directeur g\u00e9n\u00e9ral chez XPLUS.EU<\/p><\/div><\/div>\t\t\t\t<\/div>\n\t\t\t\t<\/div>\n\t\t\t\t<\/div>\n\t\t<div class=\"elementor-element elementor-element-f7c4672 e-con-full e-flex e-con e-child\" data-id=\"f7c4672\" data-element_type=\"container\" data-e-type=\"container\">\n\t\t\t\t<\/div>\n\t\t\t\t<\/div>\n\t\t<div class=\"elementor-element elementor-element-09af42c e-flex e-con-boxed e-con e-parent\" data-id=\"09af42c\" data-element_type=\"container\" data-e-type=\"container\">\n\t\t\t\t\t<div class=\"e-con-inner\">\n\t\t\t\t<div class=\"elementor-element elementor-element-907998e elementor-widget elementor-widget-spacer\" data-id=\"907998e\" data-element_type=\"widget\" data-e-type=\"widget\" data-widget_type=\"spacer.default\">\n\t\t\t\t<div class=\"elementor-widget-container\">\n\t\t\t\t\t\t\t<div class=\"elementor-spacer\">\n\t\t\t<div class=\"elementor-spacer-inner\"><\/div>\n\t\t<\/div>\n\t\t\t\t\t\t<\/div>\n\t\t\t\t<\/div>\n\t\t\t\t\t<\/div>\n\t\t\t\t<\/div>\n\t\t<div class=\"elementor-element elementor-element-1114835 e-con-full e-flex e-con e-parent\" data-id=\"1114835\" data-element_type=\"container\" data-e-type=\"container\" data-settings=\"{&quot;background_background&quot;:&quot;classic&quot;,&quot;shape_divider_top&quot;:&quot;waves&quot;,&quot;shape_divider_bottom&quot;:&quot;waves&quot;}\">\n\t\t\t\t<div class=\"elementor-shape elementor-shape-top\" aria-hidden=\"true\" data-negative=\"false\">\n\t\t\t<svg xmlns=\"http:\/\/www.w3.org\/2000\/svg\" viewbox=\"0 0 1000 100\" preserveaspectratio=\"none\">\n\t<path class=\"elementor-shape-fill\" d=\"M421.9,6.5c22.6-2.5,51.5,0.4,75.5,5.3c23.6,4.9,70.9,23.5,100.5,35.7c75.8,32.2,133.7,44.5,192.6,49.7\tc23.6,2.1,48.7,3.5,103.4-2.5c54.7-6,106.2-25.6,106.2-25.6V0H0v30.3c0,0,72,32.6,158.4,30.5c39.2-0.7,92.8-6.7,134-22.4\tc21.2-8.1,52.2-18.2,79.7-24.2C399.3,7.9,411.6,7.5,421.9,6.5z\"\/>\n<\/svg>\t\t<\/div>\n\t\t\t\t<div class=\"elementor-shape elementor-shape-bottom\" aria-hidden=\"true\" data-negative=\"false\">\n\t\t\t<svg xmlns=\"http:\/\/www.w3.org\/2000\/svg\" viewbox=\"0 0 1000 100\" preserveaspectratio=\"none\">\n\t<path class=\"elementor-shape-fill\" d=\"M421.9,6.5c22.6-2.5,51.5,0.4,75.5,5.3c23.6,4.9,70.9,23.5,100.5,35.7c75.8,32.2,133.7,44.5,192.6,49.7\tc23.6,2.1,48.7,3.5,103.4-2.5c54.7-6,106.2-25.6,106.2-25.6V0H0v30.3c0,0,72,32.6,158.4,30.5c39.2-0.7,92.8-6.7,134-22.4\tc21.2-8.1,52.2-18.2,79.7-24.2C399.3,7.9,411.6,7.5,421.9,6.5z\"\/>\n<\/svg>\t\t<\/div>\n\t\t\t\t<div class=\"elementor-element elementor-element-7752347 elementor-widget elementor-widget-heading\" data-id=\"7752347\" data-element_type=\"widget\" data-e-type=\"widget\" data-widget_type=\"heading.default\">\n\t\t\t\t<div class=\"elementor-widget-container\">\n\t\t\t\t\t<h2 class=\"elementor-heading-title elementor-size-default\"><br>Spectacle \" Sidekicks \"<br><\/h2>\t\t\t\t<\/div>\n\t\t\t\t<\/div>\n\t\t\t\t<\/div>\n\t\t<div class=\"elementor-element elementor-element-987acef e-flex e-con-boxed e-con e-parent\" data-id=\"987acef\" data-element_type=\"container\" data-e-type=\"container\">\n\t\t\t\t\t<div class=\"e-con-inner\">\n\t\t\t\t<div class=\"elementor-element elementor-element-6344e13 elementor-widget elementor-widget-spacer\" data-id=\"6344e13\" data-element_type=\"widget\" data-e-type=\"widget\" data-widget_type=\"spacer.default\">\n\t\t\t\t<div class=\"elementor-widget-container\">\n\t\t\t\t\t\t\t<div class=\"elementor-spacer\">\n\t\t\t<div class=\"elementor-spacer-inner\"><\/div>\n\t\t<\/div>\n\t\t\t\t\t\t<\/div>\n\t\t\t\t<\/div>\n\t\t\t\t\t<\/div>\n\t\t\t\t<\/div>\n\t\t<div class=\"elementor-element elementor-element-c35021c e-flex e-con-boxed e-con e-parent\" data-id=\"c35021c\" data-element_type=\"container\" data-e-type=\"container\">\n\t\t\t\t\t<div class=\"e-con-inner\">\n\t\t\t\t<div class=\"elementor-element elementor-element-85dcef1 elementor-widget elementor-widget-spacer\" data-id=\"85dcef1\" data-element_type=\"widget\" data-e-type=\"widget\" data-widget_type=\"spacer.default\">\n\t\t\t\t<div class=\"elementor-widget-container\">\n\t\t\t\t\t\t\t<div class=\"elementor-spacer\">\n\t\t\t<div class=\"elementor-spacer-inner\"><\/div>\n\t\t<\/div>\n\t\t\t\t\t\t<\/div>\n\t\t\t\t<\/div>\n\t\t\t\t\t<\/div>\n\t\t\t\t<\/div>\n\t\t<div class=\"elementor-element elementor-element-09d366b e-grid e-con-full e-con e-parent\" data-id=\"09d366b\" data-element_type=\"container\" data-e-type=\"container\">\n\t\t\t\t<div class=\"elementor-element elementor-element-1ee50f2 elementor-widget elementor-widget-image\" data-id=\"1ee50f2\" data-element_type=\"widget\" data-e-type=\"widget\" data-widget_type=\"image.default\">\n\t\t\t\t<div class=\"elementor-widget-container\">\n\t\t\t\t\t\t\t\t\t\t\t\t\t\t\t\t<a href=\"https:\/\/supernils.be\/fr\/sidekicks-2025\/\">\n\t\t\t\t\t\t\t<img decoding=\"async\" width=\"800\" height=\"671\" src=\"https:\/\/supernils.be\/wp-content\/uploads\/2026\/02\/1.png\" class=\"attachment-large size-large wp-image-26082\" alt=\"\" srcset=\"https:\/\/supernils.be\/wp-content\/uploads\/2026\/02\/1.png 940w, https:\/\/supernils.be\/wp-content\/uploads\/2026\/02\/1-300x251.png 300w, https:\/\/supernils.be\/wp-content\/uploads\/2026\/02\/1-768x644.png 768w, https:\/\/supernils.be\/wp-content\/uploads\/2026\/02\/1-14x12.png 14w, https:\/\/supernils.be\/wp-content\/uploads\/2026\/02\/1-299x251.png 299w, https:\/\/supernils.be\/wp-content\/uploads\/2026\/02\/1-572x480.png 572w\" sizes=\"(max-width: 800px) 100vw, 800px\" \/>\t\t\t\t\t\t\t\t<\/a>\n\t\t\t\t\t\t\t\t\t\t\t\t\t\t\t<\/div>\n\t\t\t\t<\/div>\n\t\t\t\t<div class=\"elementor-element elementor-element-1112c95 elementor-widget elementor-widget-image\" data-id=\"1112c95\" data-element_type=\"widget\" data-e-type=\"widget\" data-widget_type=\"image.default\">\n\t\t\t\t<div class=\"elementor-widget-container\">\n\t\t\t\t\t\t\t\t\t\t\t\t\t\t\t\t<a href=\"https:\/\/supernils.be\/fr\/sidekicks-2026ev\/\">\n\t\t\t\t\t\t\t<img loading=\"lazy\" decoding=\"async\" width=\"800\" height=\"671\" src=\"https:\/\/supernils.be\/wp-content\/uploads\/2026\/02\/2.png\" class=\"attachment-large size-large wp-image-26083\" alt=\"\" srcset=\"https:\/\/supernils.be\/wp-content\/uploads\/2026\/02\/2.png 940w, https:\/\/supernils.be\/wp-content\/uploads\/2026\/02\/2-300x251.png 300w, https:\/\/supernils.be\/wp-content\/uploads\/2026\/02\/2-768x644.png 768w, https:\/\/supernils.be\/wp-content\/uploads\/2026\/02\/2-14x12.png 14w, https:\/\/supernils.be\/wp-content\/uploads\/2026\/02\/2-299x251.png 299w, https:\/\/supernils.be\/wp-content\/uploads\/2026\/02\/2-572x480.png 572w\" sizes=\"(max-width: 800px) 100vw, 800px\" \/>\t\t\t\t\t\t\t\t<\/a>\n\t\t\t\t\t\t\t\t\t\t\t\t\t\t\t<\/div>\n\t\t\t\t<\/div>\n\t\t\t\t<\/div>\n\t\t<div class=\"elementor-element elementor-element-f76ad59 e-flex e-con-boxed e-con e-parent\" data-id=\"f76ad59\" data-element_type=\"container\" data-e-type=\"container\">\n\t\t\t\t\t<div class=\"e-con-inner\">\n\t\t\t\t<div class=\"elementor-element elementor-element-e203e81 elementor-widget elementor-widget-spacer\" data-id=\"e203e81\" data-element_type=\"widget\" data-e-type=\"widget\" data-widget_type=\"spacer.default\">\n\t\t\t\t<div class=\"elementor-widget-container\">\n\t\t\t\t\t\t\t<div class=\"elementor-spacer\">\n\t\t\t<div class=\"elementor-spacer-inner\"><\/div>\n\t\t<\/div>\n\t\t\t\t\t\t<\/div>\n\t\t\t\t<\/div>\n\t\t\t\t\t<\/div>\n\t\t\t\t<\/div>\n\t\t\t\t<\/div>","protected":false},"excerpt":{"rendered":"<p>Maak kennis met onze &#8220;Sidekicks&#8221; Sidekicks &#8230; een nieuw begrip bij vzw SuperNils!\u00a0 We spreken niet graag meer over sponsors, omdat dan de nadruk teveel ligt op het financi\u00eble. Een Sidekick is veel meer dan dat! Het is een persoon, een bedrijf of organisatie, die zijn schouders wil zetten onder de werking van vzw SuperNils. [&hellip;]<\/p>\n","protected":false},"author":2,"featured_media":0,"parent":0,"menu_order":0,"comment_status":"closed","ping_status":"closed","template":"","meta":{"_themeisle_gutenberg_block_has_review":false,"footnotes":""},"class_list":["post-26076","page","type-page","status-publish","hentry"],"_links":{"self":[{"href":"https:\/\/supernils.be\/fr\/wp-json\/wp\/v2\/pages\/26076","targetHints":{"allow":["GET"]}}],"collection":[{"href":"https:\/\/supernils.be\/fr\/wp-json\/wp\/v2\/pages"}],"about":[{"href":"https:\/\/supernils.be\/fr\/wp-json\/wp\/v2\/types\/page"}],"author":[{"embeddable":true,"href":"https:\/\/supernils.be\/fr\/wp-json\/wp\/v2\/users\/2"}],"replies":[{"embeddable":true,"href":"https:\/\/supernils.be\/fr\/wp-json\/wp\/v2\/comments?post=26076"}],"version-history":[{"count":16,"href":"https:\/\/supernils.be\/fr\/wp-json\/wp\/v2\/pages\/26076\/revisions"}],"predecessor-version":[{"id":26386,"href":"https:\/\/supernils.be\/fr\/wp-json\/wp\/v2\/pages\/26076\/revisions\/26386"}],"wp:attachment":[{"href":"https:\/\/supernils.be\/fr\/wp-json\/wp\/v2\/media?parent=26076"}],"curies":[{"name":"wp","href":"https:\/\/api.w.org\/{rel}","templated":true}]}}