{"id":25557,"date":"2025-12-31T11:06:39","date_gmt":"2025-12-31T10:06:39","guid":{"rendered":"https:\/\/supernils.be\/?page_id=25557"},"modified":"2026-03-31T15:31:41","modified_gmt":"2026-03-31T13:31:41","slug":"lacolyte-supreme","status":"publish","type":"page","link":"https:\/\/supernils.be\/fr\/supreme-sidekick\/","title":{"rendered":"050 \u2013 Sup\u00e9rieur Sidekick"},"content":{"rendered":"<div data-elementor-type=\"wp-page\" data-elementor-id=\"25557\" class=\"elementor elementor-25557\" data-elementor-post-type=\"page\">\n\t\t\t\t<div class=\"elementor-element elementor-element-5585abd e-con-full e-flex e-con e-parent\" data-id=\"5585abd\" data-element_type=\"container\" data-e-type=\"container\" data-settings=\"{&quot;background_background&quot;:&quot;classic&quot;,&quot;shape_divider_top&quot;:&quot;waves&quot;}\">\n\t\t\t\t<div class=\"elementor-shape elementor-shape-top\" aria-hidden=\"true\" data-negative=\"false\">\n\t\t\t<svg xmlns=\"http:\/\/www.w3.org\/2000\/svg\" viewbox=\"0 0 1000 100\" preserveaspectratio=\"none\">\n\t<path class=\"elementor-shape-fill\" d=\"M421.9,6.5c22.6-2.5,51.5,0.4,75.5,5.3c23.6,4.9,70.9,23.5,100.5,35.7c75.8,32.2,133.7,44.5,192.6,49.7\tc23.6,2.1,48.7,3.5,103.4-2.5c54.7-6,106.2-25.6,106.2-25.6V0H0v30.3c0,0,72,32.6,158.4,30.5c39.2-0.7,92.8-6.7,134-22.4\tc21.2-8.1,52.2-18.2,79.7-24.2C399.3,7.9,411.6,7.5,421.9,6.5z\"\/>\n<\/svg>\t\t<\/div>\n\t\t\t\t<div class=\"elementor-element elementor-element-80b13b7 elementor-widget elementor-widget-spacer\" data-id=\"80b13b7\" data-element_type=\"widget\" data-e-type=\"widget\" data-widget_type=\"spacer.default\">\n\t\t\t\t<div class=\"elementor-widget-container\">\n\t\t\t\t\t\t\t<div class=\"elementor-spacer\">\n\t\t\t<div class=\"elementor-spacer-inner\"><\/div>\n\t\t<\/div>\n\t\t\t\t\t\t<\/div>\n\t\t\t\t<\/div>\n\t\t\t\t<\/div>\n\t\t<div class=\"elementor-element elementor-element-6eab57f e-grid e-con-boxed e-con e-parent\" data-id=\"6eab57f\" data-element_type=\"container\" data-e-type=\"container\" data-settings=\"{&quot;background_background&quot;:&quot;classic&quot;,&quot;shape_divider_top&quot;:&quot;waves&quot;}\">\n\t\t\t\t\t<div class=\"e-con-inner\">\n\t\t\t\t<div class=\"elementor-shape elementor-shape-top\" aria-hidden=\"true\" data-negative=\"false\">\n\t\t\t<svg xmlns=\"http:\/\/www.w3.org\/2000\/svg\" viewbox=\"0 0 1000 100\" preserveaspectratio=\"none\">\n\t<path class=\"elementor-shape-fill\" d=\"M421.9,6.5c22.6-2.5,51.5,0.4,75.5,5.3c23.6,4.9,70.9,23.5,100.5,35.7c75.8,32.2,133.7,44.5,192.6,49.7\tc23.6,2.1,48.7,3.5,103.4-2.5c54.7-6,106.2-25.6,106.2-25.6V0H0v30.3c0,0,72,32.6,158.4,30.5c39.2-0.7,92.8-6.7,134-22.4\tc21.2-8.1,52.2-18.2,79.7-24.2C399.3,7.9,411.6,7.5,421.9,6.5z\"\/>\n<\/svg>\t\t<\/div>\n\t\t\t\t<div class=\"elementor-element elementor-element-d7fe9b5 elementor-widget elementor-widget-image\" data-id=\"d7fe9b5\" data-element_type=\"widget\" data-e-type=\"widget\" data-widget_type=\"image.default\">\n\t\t\t\t<div class=\"elementor-widget-container\">\n\t\t\t\t\t\t\t\t\t\t\t\t\t\t\t<img fetchpriority=\"high\" decoding=\"async\" width=\"500\" height=\"500\" src=\"https:\/\/supernils.be\/wp-content\/uploads\/2025\/12\/Supreme-Sidekick.png\" class=\"attachment-large size-large wp-image-25541\" alt=\"\" srcset=\"https:\/\/supernils.be\/wp-content\/uploads\/2025\/12\/Supreme-Sidekick.png 500w, https:\/\/supernils.be\/wp-content\/uploads\/2025\/12\/Supreme-Sidekick-300x300.png 300w, https:\/\/supernils.be\/wp-content\/uploads\/2025\/12\/Supreme-Sidekick-150x150.png 150w, https:\/\/supernils.be\/wp-content\/uploads\/2025\/12\/Supreme-Sidekick-12x12.png 12w, https:\/\/supernils.be\/wp-content\/uploads\/2025\/12\/Supreme-Sidekick-299x299.png 299w, https:\/\/supernils.be\/wp-content\/uploads\/2025\/12\/Supreme-Sidekick-100x100.png 100w\" sizes=\"(max-width: 500px) 100vw, 500px\" \/>\t\t\t\t\t\t\t\t\t\t\t\t\t\t\t<\/div>\n\t\t\t\t<\/div>\n\t\t<div class=\"elementor-element elementor-element-1398f8b e-con-full e-flex e-con e-child\" data-id=\"1398f8b\" data-element_type=\"container\" data-e-type=\"container\">\n\t\t\t\t<div class=\"elementor-element elementor-element-76356dd elementor-widget elementor-widget-spacer\" data-id=\"76356dd\" data-element_type=\"widget\" data-e-type=\"widget\" data-widget_type=\"spacer.default\">\n\t\t\t\t<div class=\"elementor-widget-container\">\n\t\t\t\t\t\t\t<div class=\"elementor-spacer\">\n\t\t\t<div class=\"elementor-spacer-inner\"><\/div>\n\t\t<\/div>\n\t\t\t\t\t\t<\/div>\n\t\t\t\t<\/div>\n\t\t\t\t<div class=\"elementor-element elementor-element-2b14c1b elementor-widget elementor-widget-heading\" data-id=\"2b14c1b\" data-element_type=\"widget\" data-e-type=\"widget\" data-widget_type=\"heading.default\">\n\t\t\t\t<div class=\"elementor-widget-container\">\n\t\t\t\t\t<h2 class=\"elementor-heading-title elementor-size-default\">Pr\u00e9sentation Sidekick Partner Package 4<\/h2>\t\t\t\t<\/div>\n\t\t\t\t<\/div>\n\t\t\t\t<div class=\"elementor-element elementor-element-da4c562 elementor-widget elementor-widget-spacer\" data-id=\"da4c562\" data-element_type=\"widget\" data-e-type=\"widget\" data-widget_type=\"spacer.default\">\n\t\t\t\t<div class=\"elementor-widget-container\">\n\t\t\t\t\t\t\t<div class=\"elementor-spacer\">\n\t\t\t<div class=\"elementor-spacer-inner\"><\/div>\n\t\t<\/div>\n\t\t\t\t\t\t<\/div>\n\t\t\t\t<\/div>\n\t\t\t\t<div class=\"elementor-element elementor-element-31ff329 elementor-widget elementor-widget-heading\" data-id=\"31ff329\" data-element_type=\"widget\" data-e-type=\"widget\" data-widget_type=\"heading.default\">\n\t\t\t\t<div class=\"elementor-widget-container\">\n\t\t\t\t\t<h2 class=\"elementor-heading-title elementor-size-default\">L'acolyte supr\u00eame<\/h2>\t\t\t\t<\/div>\n\t\t\t\t<\/div>\n\t\t\t\t<\/div>\n\t\t\t\t\t<\/div>\n\t\t\t\t<\/div>\n\t\t<div class=\"elementor-element elementor-element-978b8d3 e-con-full e-flex e-con e-parent\" data-id=\"978b8d3\" data-element_type=\"container\" data-e-type=\"container\" data-settings=\"{&quot;background_background&quot;:&quot;classic&quot;,&quot;shape_divider_bottom&quot;:&quot;waves&quot;}\">\n\t\t\t\t<div class=\"elementor-shape elementor-shape-bottom\" aria-hidden=\"true\" data-negative=\"false\">\n\t\t\t<svg xmlns=\"http:\/\/www.w3.org\/2000\/svg\" viewbox=\"0 0 1000 100\" preserveaspectratio=\"none\">\n\t<path class=\"elementor-shape-fill\" d=\"M421.9,6.5c22.6-2.5,51.5,0.4,75.5,5.3c23.6,4.9,70.9,23.5,100.5,35.7c75.8,32.2,133.7,44.5,192.6,49.7\tc23.6,2.1,48.7,3.5,103.4-2.5c54.7-6,106.2-25.6,106.2-25.6V0H0v30.3c0,0,72,32.6,158.4,30.5c39.2-0.7,92.8-6.7,134-22.4\tc21.2-8.1,52.2-18.2,79.7-24.2C399.3,7.9,411.6,7.5,421.9,6.5z\"\/>\n<\/svg>\t\t<\/div>\n\t\t\t\t<div class=\"elementor-element elementor-element-6deb7be elementor-widget elementor-widget-spacer\" data-id=\"6deb7be\" data-element_type=\"widget\" data-e-type=\"widget\" data-widget_type=\"spacer.default\">\n\t\t\t\t<div class=\"elementor-widget-container\">\n\t\t\t\t\t\t\t<div class=\"elementor-spacer\">\n\t\t\t<div class=\"elementor-spacer-inner\"><\/div>\n\t\t<\/div>\n\t\t\t\t\t\t<\/div>\n\t\t\t\t<\/div>\n\t\t\t\t<\/div>\n\t\t<div class=\"elementor-element elementor-element-9c22ced e-flex e-con-boxed e-con e-parent\" data-id=\"9c22ced\" data-element_type=\"container\" data-e-type=\"container\">\n\t\t\t\t\t<div class=\"e-con-inner\">\n\t\t\t\t<div class=\"elementor-element elementor-element-461fb51 elementor-widget elementor-widget-spacer\" data-id=\"461fb51\" data-element_type=\"widget\" data-e-type=\"widget\" data-widget_type=\"spacer.default\">\n\t\t\t\t<div class=\"elementor-widget-container\">\n\t\t\t\t\t\t\t<div class=\"elementor-spacer\">\n\t\t\t<div class=\"elementor-spacer-inner\"><\/div>\n\t\t<\/div>\n\t\t\t\t\t\t<\/div>\n\t\t\t\t<\/div>\n\t\t\t\t\t<\/div>\n\t\t\t\t<\/div>\n\t\t<div class=\"elementor-element elementor-element-892f186 e-grid e-con-full e-con e-parent\" data-id=\"892f186\" data-element_type=\"container\" data-e-type=\"container\">\n\t\t\t\t<div class=\"elementor-element elementor-element-9e938b8 elementor-widget elementor-widget-heading\" data-id=\"9e938b8\" data-element_type=\"widget\" data-e-type=\"widget\" data-widget_type=\"heading.default\">\n\t\t\t\t<div class=\"elementor-widget-container\">\n\t\t\t\t\t<h2 class=\"elementor-heading-title elementor-size-default\">Niveau<\/h2>\t\t\t\t<\/div>\n\t\t\t\t<\/div>\n\t\t\t\t<div class=\"elementor-element elementor-element-8457df7 elementor-widget elementor-widget-heading\" data-id=\"8457df7\" data-element_type=\"widget\" data-e-type=\"widget\" data-widget_type=\"heading.default\">\n\t\t\t\t<div class=\"elementor-widget-container\">\n\t\t\t\t\t<h2 class=\"elementor-heading-title elementor-size-default\">Budget<\/h2>\t\t\t\t<\/div>\n\t\t\t\t<\/div>\n\t\t\t\t<div class=\"elementor-element elementor-element-b562d14 elementor-widget elementor-widget-heading\" data-id=\"b562d14\" data-element_type=\"widget\" data-e-type=\"widget\" data-widget_type=\"heading.default\">\n\t\t\t\t<div class=\"elementor-widget-container\">\n\t\t\t\t\t<h2 class=\"elementor-heading-title elementor-size-default\">Impact<\/h2>\t\t\t\t<\/div>\n\t\t\t\t<\/div>\n\t\t\t\t<div class=\"elementor-element elementor-element-3ba4af6 elementor-widget elementor-widget-heading\" data-id=\"3ba4af6\" data-element_type=\"widget\" data-e-type=\"widget\" data-widget_type=\"heading.default\">\n\t\t\t\t<div class=\"elementor-widget-container\">\n\t\t\t\t\t<h2 class=\"elementor-heading-title elementor-size-default\">Retour<\/h2>\t\t\t\t<\/div>\n\t\t\t\t<\/div>\n\t\t\t\t<\/div>\n\t\t<div class=\"elementor-element elementor-element-1938ae8 e-flex e-con-boxed e-con e-parent\" data-id=\"1938ae8\" data-element_type=\"container\" data-e-type=\"container\">\n\t\t\t\t\t<div class=\"e-con-inner\">\n\t\t\t\t<div class=\"elementor-element elementor-element-0b0a0cd elementor-widget elementor-widget-spacer\" data-id=\"0b0a0cd\" data-element_type=\"widget\" data-e-type=\"widget\" data-widget_type=\"spacer.default\">\n\t\t\t\t<div class=\"elementor-widget-container\">\n\t\t\t\t\t\t\t<div class=\"elementor-spacer\">\n\t\t\t<div class=\"elementor-spacer-inner\"><\/div>\n\t\t<\/div>\n\t\t\t\t\t\t<\/div>\n\t\t\t\t<\/div>\n\t\t\t\t\t<\/div>\n\t\t\t\t<\/div>\n\t\t<div class=\"elementor-element elementor-element-4c83f57 e-grid e-con-full e-con e-parent\" data-id=\"4c83f57\" data-element_type=\"container\" data-e-type=\"container\">\n\t\t\t\t<div class=\"elementor-element elementor-element-1b6a010 elementor-widget elementor-widget-image\" data-id=\"1b6a010\" data-element_type=\"widget\" data-e-type=\"widget\" data-widget_type=\"image.default\">\n\t\t\t\t<div class=\"elementor-widget-container\">\n\t\t\t\t\t\t\t\t\t\t\t\t\t\t\t<img decoding=\"async\" width=\"500\" height=\"500\" src=\"https:\/\/supernils.be\/wp-content\/uploads\/2025\/12\/Supreme-Sidekick-2.png\" class=\"attachment-large size-large wp-image-25581\" alt=\"\" srcset=\"https:\/\/supernils.be\/wp-content\/uploads\/2025\/12\/Supreme-Sidekick-2.png 500w, https:\/\/supernils.be\/wp-content\/uploads\/2025\/12\/Supreme-Sidekick-2-300x300.png 300w, https:\/\/supernils.be\/wp-content\/uploads\/2025\/12\/Supreme-Sidekick-2-150x150.png 150w, https:\/\/supernils.be\/wp-content\/uploads\/2025\/12\/Supreme-Sidekick-2-12x12.png 12w, https:\/\/supernils.be\/wp-content\/uploads\/2025\/12\/Supreme-Sidekick-2-299x299.png 299w, https:\/\/supernils.be\/wp-content\/uploads\/2025\/12\/Supreme-Sidekick-2-100x100.png 100w\" sizes=\"(max-width: 500px) 100vw, 500px\" \/>\t\t\t\t\t\t\t\t\t\t\t\t\t\t\t<\/div>\n\t\t\t\t<\/div>\n\t\t\t\t<div class=\"elementor-element elementor-element-aab91c3 elementor-widget elementor-widget-heading\" data-id=\"aab91c3\" data-element_type=\"widget\" data-e-type=\"widget\" data-widget_type=\"heading.default\">\n\t\t\t\t<div class=\"elementor-widget-container\">\n\t\t\t\t\t<h2 class=\"elementor-heading-title elementor-size-default\">Plus de \u20ac 1500.00 <br>hors TVA<br><br>3 ans<\/h2>\t\t\t\t<\/div>\n\t\t\t\t<\/div>\n\t\t\t\t<div class=\"elementor-element elementor-element-dba4ed9 elementor-widget elementor-widget-text-editor\" data-id=\"dba4ed9\" data-element_type=\"widget\" data-e-type=\"widget\" data-widget_type=\"text-editor.default\">\n\t\t\t\t<div class=\"elementor-widget-container\">\n\t\t\t\t\t\t\t\t\t<ul>\n<li>Soutenir le fonctionnement r\u00e9gulier\n<ul>\n<li>licences<\/li>\n<li>co\u00fbts d'h\u00e9bergement&nbsp;<\/li>\n<li>co\u00fbts de location<\/li>\n<li>co\u00fbts du comptable<\/li>\n<li>frais d'assistance juridique<\/li>\n<\/ul>\n<\/li>\n<\/ul>\n<div>&nbsp;<\/div>\n<ul>\n<li>R\u00e9alisation de petits et grands projets\n<ul>\n<li>D\u00e9veloppement et extension de l'application web pour les AYA \u201cNilspire Me\u201d.\u201d<\/li><li>R\u00e9approvisionnement en mat\u00e9riel poup\u00e9es porte-bonheur<\/li>\n<li>R\u00e9approvisionnement des mat\u00e9riaux SuperNils Online Studio<\/li>\n<li>acheter des smartgames<\/li>\n<li>Projet de RV<\/li>\n<li>Nouveaux projets<\/li>\n<\/ul>\n<\/li>\n<\/ul>\n<div>&nbsp;<\/div>\n<ul>\n<li>Imprim\u00e9s - cartes postales pour les patients<\/li>\n<\/ul>\n<div>&nbsp;<\/div>\n<ul>\n<li>Achat de mat\u00e9riel pour la r\u00e9alisation de podcasts et l'accueil d'invit\u00e9s<\/li>\n<\/ul>\n<div><br><\/div>\n<ul>\n<li>Organisation d'un symposium ax\u00e9 sur les AJA atteints de cancer<\/li>\n<\/ul>\n<div><br><\/div>\n<div>Un tel soutien donne \u00e0 l'organisation \u00e0 but non lucratif SuperNils plus de s\u00e9curit\u00e9, ce qui nous permet de mieux planifier \u00e0 long terme.<\/div>\t\t\t\t\t\t\t\t<\/div>\n\t\t\t\t<\/div>\n\t\t\t\t<div class=\"elementor-element elementor-element-172cb6a elementor-widget elementor-widget-text-editor\" data-id=\"172cb6a\" data-element_type=\"widget\" data-e-type=\"widget\" data-widget_type=\"text-editor.default\">\n\t\t\t\t<div class=\"elementor-widget-container\">\n\t\t\t\t\t\t\t\t\t<ul>\n<li>5 ans <b>exclusif<\/b> inscription sur le site web de SuperNils (avec logo, lien vers son propre site et mini-interview\/r\u00e9cit d'activit\u00e9)<\/li>\n<\/ul>\n<div>&nbsp;<\/div>\n<ul>\n<li>Certificat SuperNils-Sidekick<\/li>\n<\/ul>\n<div>&nbsp;<\/div>\n<ul>\n<li><b>Personnalis\u00e9<\/b>&nbsp;Badge num\u00e9rique Premium \u201cSupreme Sidekick\u201d (\u00e0 utiliser dans vos propres communications)<\/li>\n<\/ul>\n<div>&nbsp;<\/div>\n<ul>\n<li>Pr\u00e9sentation annuelle de l'impact : SuperNils vient dans l'entreprise et pr\u00e9sente l'impact du budget Sidekick au cours d'une conf\u00e9rence\/pr\u00e9sentation.<\/li>\n<\/ul>\n<div>&nbsp;<\/div>\n<ul>\n<li>Invitation \u00e0 la journ\u00e9e annuelle du r\u00e9seau Hero (avec des billets suppl\u00e9mentaires pour les coll\u00e8gues)<\/li>\n<\/ul>\n<div>&nbsp;<\/div>\n<ul>\n<li>Kit de communication \u00e0 utiliser dans vos propres communications d'entreprise, r\u00e9seaux sociaux et intranet : visuels, badges, histoires, mod\u00e8les - tous dans le style maison de SuperNils.<\/li>\n<\/ul>\n<div>&nbsp;<\/div>\n<ul>\n<li>Acc\u00e8s au Hero Strategy Lab annuel (\u00e9laboration de nouveaux projets, ax\u00e9s sur le public cible - grand impact !) En collaboration avec le conseil d'administration de Sidekicks.<\/li><\/ul><div><br><\/div><ul><li>Acc\u00e8s au symposium (s'il est organis\u00e9) avec un certain nombre de coll\u00e8gues<\/li>\n<\/ul><div><br><\/div><div><br><br><\/div>\n<div>&nbsp;<\/div>\t\t\t\t\t\t\t\t<\/div>\n\t\t\t\t<\/div>\n\t\t\t\t<\/div>\n\t\t<div class=\"elementor-element elementor-element-73c6635 e-flex e-con-boxed e-con e-parent\" data-id=\"73c6635\" data-element_type=\"container\" data-e-type=\"container\">\n\t\t\t\t\t<div class=\"e-con-inner\">\n\t\t\t\t<div class=\"elementor-element elementor-element-9df966f elementor-widget elementor-widget-spacer\" data-id=\"9df966f\" data-element_type=\"widget\" data-e-type=\"widget\" data-widget_type=\"spacer.default\">\n\t\t\t\t<div class=\"elementor-widget-container\">\n\t\t\t\t\t\t\t<div class=\"elementor-spacer\">\n\t\t\t<div class=\"elementor-spacer-inner\"><\/div>\n\t\t<\/div>\n\t\t\t\t\t\t<\/div>\n\t\t\t\t<\/div>\n\t\t\t\t\t<\/div>\n\t\t\t\t<\/div>\n\t\t\t\t<\/div>","protected":false},"excerpt":{"rendered":"<p>Voorstelling Sidekick Partner Pakket 4 Supreme Sidekick Level Budget Impact Return Meer dan \u20ac 1500,00 exclusief BTW 3 jaar lang Ondersteuning reguliere werking licenties hostingkosten&nbsp; huurkosten kosten accountant kosten juridische ondersteuning &nbsp; Realisatie kleine en grote projecten Ontwikkeling en uitbreiding web-applicatie voor AYA&#8217;s &#8220;Nilspire Me&#8221; aanvullen materialen gelukspopjes aanvullen materialen SuperNils Online Studio aankoop smartgames [&hellip;]<\/p>\n","protected":false},"author":2,"featured_media":0,"parent":0,"menu_order":0,"comment_status":"closed","ping_status":"closed","template":"","meta":{"_themeisle_gutenberg_block_has_review":false,"footnotes":""},"class_list":["post-25557","page","type-page","status-publish","hentry"],"_links":{"self":[{"href":"https:\/\/supernils.be\/fr\/wp-json\/wp\/v2\/pages\/25557","targetHints":{"allow":["GET"]}}],"collection":[{"href":"https:\/\/supernils.be\/fr\/wp-json\/wp\/v2\/pages"}],"about":[{"href":"https:\/\/supernils.be\/fr\/wp-json\/wp\/v2\/types\/page"}],"author":[{"embeddable":true,"href":"https:\/\/supernils.be\/fr\/wp-json\/wp\/v2\/users\/2"}],"replies":[{"embeddable":true,"href":"https:\/\/supernils.be\/fr\/wp-json\/wp\/v2\/comments?post=25557"}],"version-history":[{"count":13,"href":"https:\/\/supernils.be\/fr\/wp-json\/wp\/v2\/pages\/25557\/revisions"}],"predecessor-version":[{"id":26608,"href":"https:\/\/supernils.be\/fr\/wp-json\/wp\/v2\/pages\/25557\/revisions\/26608"}],"wp:attachment":[{"href":"https:\/\/supernils.be\/fr\/wp-json\/wp\/v2\/media?parent=25557"}],"curies":[{"name":"wp","href":"https:\/\/api.w.org\/{rel}","templated":true}]}}