{"id":25344,"date":"2025-12-30T16:54:03","date_gmt":"2025-12-30T15:54:03","guid":{"rendered":"https:\/\/supernils.be\/?page_id=25344"},"modified":"2026-02-10T10:56:46","modified_gmt":"2026-02-10T09:56:46","slug":"packages-partenaires-sidekick","status":"publish","type":"page","link":"https:\/\/supernils.be\/fr\/sidekick-partner-pakketten\/","title":{"rendered":"044 \u2013 Forfaits Sidekick Partner"},"content":{"rendered":"<div data-elementor-type=\"wp-page\" data-elementor-id=\"25344\" class=\"elementor elementor-25344\" data-elementor-post-type=\"page\">\n\t\t\t\t<div class=\"elementor-element elementor-element-4c831b3 e-flex e-con-boxed e-con e-parent\" data-id=\"4c831b3\" data-element_type=\"container\" data-e-type=\"container\">\n\t\t\t\t\t<div class=\"e-con-inner\">\n\t\t\t\t<div class=\"elementor-element elementor-element-34d1e04 elementor-widget elementor-widget-spacer\" data-id=\"34d1e04\" data-element_type=\"widget\" data-e-type=\"widget\" data-widget_type=\"spacer.default\">\n\t\t\t\t<div class=\"elementor-widget-container\">\n\t\t\t\t\t\t\t<div class=\"elementor-spacer\">\n\t\t\t<div class=\"elementor-spacer-inner\"><\/div>\n\t\t<\/div>\n\t\t\t\t\t\t<\/div>\n\t\t\t\t<\/div>\n\t\t\t\t\t<\/div>\n\t\t\t\t<\/div>\n\t\t<div class=\"elementor-element elementor-element-28e6a4c e-grid e-con-full e-con e-parent\" data-id=\"28e6a4c\" data-element_type=\"container\" data-e-type=\"container\" data-settings=\"{&quot;background_background&quot;:&quot;classic&quot;,&quot;shape_divider_top&quot;:&quot;waves&quot;,&quot;shape_divider_bottom&quot;:&quot;waves&quot;}\">\n\t\t\t\t<div class=\"elementor-shape elementor-shape-top\" aria-hidden=\"true\" data-negative=\"false\">\n\t\t\t<svg xmlns=\"http:\/\/www.w3.org\/2000\/svg\" viewbox=\"0 0 1000 100\" preserveaspectratio=\"none\">\n\t<path class=\"elementor-shape-fill\" d=\"M421.9,6.5c22.6-2.5,51.5,0.4,75.5,5.3c23.6,4.9,70.9,23.5,100.5,35.7c75.8,32.2,133.7,44.5,192.6,49.7\tc23.6,2.1,48.7,3.5,103.4-2.5c54.7-6,106.2-25.6,106.2-25.6V0H0v30.3c0,0,72,32.6,158.4,30.5c39.2-0.7,92.8-6.7,134-22.4\tc21.2-8.1,52.2-18.2,79.7-24.2C399.3,7.9,411.6,7.5,421.9,6.5z\"\/>\n<\/svg>\t\t<\/div>\n\t\t\t\t<div class=\"elementor-shape elementor-shape-bottom\" aria-hidden=\"true\" data-negative=\"false\">\n\t\t\t<svg xmlns=\"http:\/\/www.w3.org\/2000\/svg\" viewbox=\"0 0 1000 100\" preserveaspectratio=\"none\">\n\t<path class=\"elementor-shape-fill\" d=\"M421.9,6.5c22.6-2.5,51.5,0.4,75.5,5.3c23.6,4.9,70.9,23.5,100.5,35.7c75.8,32.2,133.7,44.5,192.6,49.7\tc23.6,2.1,48.7,3.5,103.4-2.5c54.7-6,106.2-25.6,106.2-25.6V0H0v30.3c0,0,72,32.6,158.4,30.5c39.2-0.7,92.8-6.7,134-22.4\tc21.2-8.1,52.2-18.2,79.7-24.2C399.3,7.9,411.6,7.5,421.9,6.5z\"\/>\n<\/svg>\t\t<\/div>\n\t\t\t\t<div class=\"elementor-element elementor-element-7e7e961 elementor-widget elementor-widget-heading\" data-id=\"7e7e961\" data-element_type=\"widget\" data-e-type=\"widget\" data-widget_type=\"heading.default\">\n\t\t\t\t<div class=\"elementor-widget-container\">\n\t\t\t\t\t<h2 class=\"elementor-heading-title elementor-size-default\">Forfaits Sidekick Partner<\/h2>\t\t\t\t<\/div>\n\t\t\t\t<\/div>\n\t\t\t\t<div class=\"elementor-element elementor-element-2f97d57 elementor-widget elementor-widget-image\" data-id=\"2f97d57\" data-element_type=\"widget\" data-e-type=\"widget\" data-widget_type=\"image.default\">\n\t\t\t\t<div class=\"elementor-widget-container\">\n\t\t\t\t\t\t\t\t\t\t\t\t\t\t\t<img fetchpriority=\"high\" decoding=\"async\" width=\"500\" height=\"500\" src=\"https:\/\/supernils.be\/wp-content\/uploads\/2025\/12\/Partnership.png\" class=\"attachment-large size-large wp-image-25346\" alt=\"\" srcset=\"https:\/\/supernils.be\/wp-content\/uploads\/2025\/12\/Partnership.png 500w, https:\/\/supernils.be\/wp-content\/uploads\/2025\/12\/Partnership-300x300.png 300w, https:\/\/supernils.be\/wp-content\/uploads\/2025\/12\/Partnership-150x150.png 150w, https:\/\/supernils.be\/wp-content\/uploads\/2025\/12\/Partnership-12x12.png 12w, https:\/\/supernils.be\/wp-content\/uploads\/2025\/12\/Partnership-299x299.png 299w, https:\/\/supernils.be\/wp-content\/uploads\/2025\/12\/Partnership-100x100.png 100w\" sizes=\"(max-width: 500px) 100vw, 500px\" \/>\t\t\t\t\t\t\t\t\t\t\t\t\t\t\t<\/div>\n\t\t\t\t<\/div>\n\t\t\t\t<\/div>\n\t\t<div class=\"elementor-element elementor-element-ff73463 e-flex e-con-boxed e-con e-parent\" data-id=\"ff73463\" data-element_type=\"container\" data-e-type=\"container\">\n\t\t\t\t\t<div class=\"e-con-inner\">\n\t\t\t\t<div class=\"elementor-element elementor-element-f47f43c elementor-widget elementor-widget-spacer\" data-id=\"f47f43c\" data-element_type=\"widget\" data-e-type=\"widget\" data-widget_type=\"spacer.default\">\n\t\t\t\t<div class=\"elementor-widget-container\">\n\t\t\t\t\t\t\t<div class=\"elementor-spacer\">\n\t\t\t<div class=\"elementor-spacer-inner\"><\/div>\n\t\t<\/div>\n\t\t\t\t\t\t<\/div>\n\t\t\t\t<\/div>\n\t\t\t\t\t<\/div>\n\t\t\t\t<\/div>\n\t\t<div class=\"elementor-element elementor-element-09af42c e-flex e-con-boxed e-con e-parent\" data-id=\"09af42c\" data-element_type=\"container\" data-e-type=\"container\">\n\t\t\t\t\t<div class=\"e-con-inner\">\n\t\t\t\t<div class=\"elementor-element elementor-element-907998e elementor-widget elementor-widget-spacer\" data-id=\"907998e\" data-element_type=\"widget\" data-e-type=\"widget\" data-widget_type=\"spacer.default\">\n\t\t\t\t<div class=\"elementor-widget-container\">\n\t\t\t\t\t\t\t<div class=\"elementor-spacer\">\n\t\t\t<div class=\"elementor-spacer-inner\"><\/div>\n\t\t<\/div>\n\t\t\t\t\t\t<\/div>\n\t\t\t\t<\/div>\n\t\t\t\t\t<\/div>\n\t\t\t\t<\/div>\n\t\t<div class=\"elementor-element elementor-element-1676739 e-con-full e-flex e-con e-parent\" data-id=\"1676739\" data-element_type=\"container\" data-e-type=\"container\">\n\t\t<div class=\"elementor-element elementor-element-acedc4c e-con-full e-flex e-con e-child\" data-id=\"acedc4c\" data-element_type=\"container\" data-e-type=\"container\">\n\t\t\t\t<div class=\"elementor-element elementor-element-c5634aa elementor-widget elementor-widget-text-editor\" data-id=\"c5634aa\" data-element_type=\"widget\" data-e-type=\"widget\" data-widget_type=\"text-editor.default\">\n\t\t\t\t<div class=\"elementor-widget-container\">\n\t\t\t\t\t\t\t\t\t<p>L'asbl SuperNils se concentre principalement sur le soutien et le renforcement du <strong>le bien-\u00eatre mental<\/strong> des enfants et des adolescents atteints d'un cancer. Pr\u00e9cis\u00e9ment parce que c'est si important pour leur processus de gu\u00e9rison.<\/p><p>De plus, le bien-\u00eatre mental est \u00e9galement devenu extr\u00eamement important. <strong>dans la soci\u00e9t\u00e9<\/strong> et est \u00e9galement attribu\u00e9 \u00e0 <strong>entreprises<\/strong> demand\u00e9 de s'engager dans ce sens, notamment dans le cadre de la mise en place de leur label ESG... Mais de quoi s'agit-il exactement ?<\/p><p><b>ESG<\/b> repr\u00e9sente les crit\u00e8res environnementaux, sociaux et de gouvernance (voir illustration ci-contre) applicables aux activit\u00e9s de l'entreprise ou de la soci\u00e9t\u00e9 susceptibles d'avoir un impact sur la soci\u00e9t\u00e9 et l'environnement. Cela signifie que l'entreprise tient compte dans son fonctionnement de facteurs tels que la consommation d'\u00e9nergie, le climat, la disponibilit\u00e9 des mati\u00e8res premi\u00e8res, la sant\u00e9, la s\u00e9curit\u00e9 et la bonne gouvernance d'entreprise. Il est de plus en plus int\u00e9ressant de montrer au monde ext\u00e9rieur que votre entreprise s'engage en faveur de la soci\u00e9t\u00e9 et qu'elle se soucie du bien-\u00eatre de ses employ\u00e9s. Les pouvoirs publics encouragent ces initiatives dans le monde des affaires, car elles favorisent notamment l'innovation et renforcent la comp\u00e9titivit\u00e9. De plus, elles contribuent \u00e0 rendre le monde meilleur et \u00e0 assurer un avenir meilleur et plus sain \u00e0 nos enfants et petits-enfants.<\/p><p>L'asbl SuperNils peut aider les entreprises et les soci\u00e9t\u00e9s \u00e0 r\u00e9aliser un certain nombre d'objectifs relevant du cadre ESG. Il existe notamment des possibilit\u00e9s de collaboration dans les domaines \u201c Environnement \u201d et \u201c Social \u201d.<\/p><p>Cela permet aux entreprises de <b>cadeau<\/b> afin que SuperNils puisse fonctionner normalement. Un fonctionnement correct permet en effet de r\u00e9aliser de beaux projets qui peuvent aider les patients atteints de cancer.<\/p><p>Nous avons \u00e9galement un certain nombre de <b>Sidekick - Packages<\/b> sp\u00e9cialement con\u00e7us pour les entreprises. Chaque forfait a un contenu diff\u00e9rent et offre un retour diff\u00e9rent de la part de SuperNils. Gr\u00e2ce \u00e0 ces forfaits, vous soutenez le fonctionnement et les projets de notre organisation, mais vous b\u00e9n\u00e9ficiez \u00e9galement d'une forme de <b>participation<\/b> dans ce fonctionnement. De plus, vous pouvez montrer au monde ext\u00e9rieur que vous \u00eates bel et bien engag\u00e9 au sein de votre entreprise, avec les piliers du cadre ESG.<\/p><p>Vous souhaitez contribuer activement \u00e0 un meilleur environnement ? Optez alors pour un <b>For\u00eat de SuperNils<\/b> \u00e0 planter sur les terrains de l'entreprise ou \u00e0 d'autres endroits en Belgique. En associant le nom de votre entreprise \u00e0 l'asbl SuperNils, vous montrez au monde entier que vous vous engagez en faveur de <b>\u00e9cologisation<\/b> et un <b>meilleure qualit\u00e9 de l'air<\/b>. Cela est b\u00e9n\u00e9fique pour la sant\u00e9 des employ\u00e9s, mais aussi pour celle de nos patients. Vous pourriez m\u00eame ouvrir la for\u00eat au grand public. Elle deviendrait alors un lieu de promenade et de jeux, o\u00f9 les gens pourraient se d\u00e9tendre et profiter de la nature. Un pas de plus dans le soutien \u00e0 la <b>bien-\u00eatre mental<\/b>. Si vous souhaitez r\u00e9aliser cela avec nous en tant qu'entreprise, veuillez nous contacter au pr\u00e9alable. Vous pouvez le faire facilement en cliquant sur le bouton \u201c Contact \u201d en haut de la page.<\/p>\t\t\t\t\t\t\t\t<\/div>\n\t\t\t\t<\/div>\n\t\t\t\t<\/div>\n\t\t<div class=\"elementor-element elementor-element-2a73012 e-con-full e-flex e-con e-child\" data-id=\"2a73012\" data-element_type=\"container\" data-e-type=\"container\">\n\t\t\t\t<div class=\"elementor-element elementor-element-840102d elementor-widget elementor-widget-image\" data-id=\"840102d\" data-element_type=\"widget\" data-e-type=\"widget\" data-widget_type=\"image.default\">\n\t\t\t\t<div class=\"elementor-widget-container\">\n\t\t\t\t\t\t\t\t\t\t\t\t\t\t\t<img decoding=\"async\" width=\"800\" height=\"486\" src=\"https:\/\/supernils.be\/wp-content\/uploads\/2024\/09\/OK-001-Unknown-1-1054x640.png\" class=\"attachment-large size-large wp-image-15730\" alt=\"\" srcset=\"https:\/\/supernils.be\/wp-content\/uploads\/2024\/09\/OK-001-Unknown-1-1054x640.png 1054w, https:\/\/supernils.be\/wp-content\/uploads\/2024\/09\/OK-001-Unknown-1-300x182.png 300w, https:\/\/supernils.be\/wp-content\/uploads\/2024\/09\/OK-001-Unknown-1-768x466.png 768w, https:\/\/supernils.be\/wp-content\/uploads\/2024\/09\/OK-001-Unknown-1-18x12.png 18w, https:\/\/supernils.be\/wp-content\/uploads\/2024\/09\/OK-001-Unknown-1-299x181.png 299w, https:\/\/supernils.be\/wp-content\/uploads\/2024\/09\/OK-001-Unknown-1-572x347.png 572w, https:\/\/supernils.be\/wp-content\/uploads\/2024\/09\/OK-001-Unknown-1.png 1246w\" sizes=\"(max-width: 800px) 100vw, 800px\" \/>\t\t\t\t\t\t\t\t\t\t\t\t\t\t\t<\/div>\n\t\t\t\t<\/div>\n\t\t\t\t<\/div>\n\t\t\t\t<\/div>\n\t\t<div class=\"elementor-element elementor-element-14c743c e-con-full e-flex e-con e-parent\" data-id=\"14c743c\" data-element_type=\"container\" data-e-type=\"container\" data-settings=\"{&quot;background_background&quot;:&quot;classic&quot;,&quot;shape_divider_top&quot;:&quot;waves&quot;,&quot;shape_divider_bottom&quot;:&quot;waves&quot;}\">\n\t\t\t\t<div class=\"elementor-shape elementor-shape-top\" aria-hidden=\"true\" data-negative=\"false\">\n\t\t\t<svg xmlns=\"http:\/\/www.w3.org\/2000\/svg\" viewbox=\"0 0 1000 100\" preserveaspectratio=\"none\">\n\t<path class=\"elementor-shape-fill\" d=\"M421.9,6.5c22.6-2.5,51.5,0.4,75.5,5.3c23.6,4.9,70.9,23.5,100.5,35.7c75.8,32.2,133.7,44.5,192.6,49.7\tc23.6,2.1,48.7,3.5,103.4-2.5c54.7-6,106.2-25.6,106.2-25.6V0H0v30.3c0,0,72,32.6,158.4,30.5c39.2-0.7,92.8-6.7,134-22.4\tc21.2-8.1,52.2-18.2,79.7-24.2C399.3,7.9,411.6,7.5,421.9,6.5z\"\/>\n<\/svg>\t\t<\/div>\n\t\t\t\t<div class=\"elementor-shape elementor-shape-bottom\" aria-hidden=\"true\" data-negative=\"false\">\n\t\t\t<svg xmlns=\"http:\/\/www.w3.org\/2000\/svg\" viewbox=\"0 0 1000 100\" preserveaspectratio=\"none\">\n\t<path class=\"elementor-shape-fill\" d=\"M421.9,6.5c22.6-2.5,51.5,0.4,75.5,5.3c23.6,4.9,70.9,23.5,100.5,35.7c75.8,32.2,133.7,44.5,192.6,49.7\tc23.6,2.1,48.7,3.5,103.4-2.5c54.7-6,106.2-25.6,106.2-25.6V0H0v30.3c0,0,72,32.6,158.4,30.5c39.2-0.7,92.8-6.7,134-22.4\tc21.2-8.1,52.2-18.2,79.7-24.2C399.3,7.9,411.6,7.5,421.9,6.5z\"\/>\n<\/svg>\t\t<\/div>\n\t\t\t\t<div class=\"elementor-element elementor-element-4fb78b3 elementor-widget elementor-widget-spacer\" data-id=\"4fb78b3\" data-element_type=\"widget\" data-e-type=\"widget\" data-widget_type=\"spacer.default\">\n\t\t\t\t<div class=\"elementor-widget-container\">\n\t\t\t\t\t\t\t<div class=\"elementor-spacer\">\n\t\t\t<div class=\"elementor-spacer-inner\"><\/div>\n\t\t<\/div>\n\t\t\t\t\t\t<\/div>\n\t\t\t\t<\/div>\n\t\t\t\t<div class=\"elementor-element elementor-element-f005e03 elementor-widget elementor-widget-wb-news-ticker\" data-id=\"f005e03\" data-element_type=\"widget\" data-e-type=\"widget\" data-widget_type=\"wb-news-ticker.default\">\n\t\t\t\t<div class=\"elementor-widget-container\">\n\t\t\t\t\t<div data-template-style=\"default\" class=\"wbel-nt-wrapper\">\t<div class=\"wb-breaking-news-ticker-wrapper\">\r\n\t\t<div\r\n\t\t\tclass=\"wb-breaking-news-ticker breaking-news-ticker\"\r\n\t\t\tid=\"wb_news_tickerf005e03\"\r\n\t\t>\r\n\t\t\t\t<div class=\"wbnt-el-label bn-label\">Paquets lib\u00e9r\u00e9s ! !!<\/div>\r\n\t\t\t<div class=\"wbnt-el-container bn-news\">\r\n\r\n\t\t\t\t<ul class=\"wbnt-news-ticker-list\">\r\n\t\t\t\t\t\t\t\t\t\t\r\n\t\t\t\t\t\t\t\t\t\t\t\t\t<li class=\"wbnt-news-ticker-list-item\">\r\n\t\t\t\t\t\t\t\t\t<a href=\"\"  >\r\n\t\t\t\t\t\t\t\t\t\t*** Les paquets ont \u00e9t\u00e9 approuv\u00e9s par les membres du Conseil d'administration et peuvent donc \u00eatre lib\u00e9r\u00e9s. ***\t\t\t\t\t\t\t\t\t<\/a>\r\n\t\t\t\t\t\t\t\t<\/li>\r\n\t\t\t\t\t\t\t\t\t\t\t\t\t<li class=\"wbnt-news-ticker-list-item\">\r\n\t\t\t\t\t\t\t\t\t<a href=\"\"  >\r\n\t\t\t\t\t\t\t\t\t\t*** Les entreprises peuvent d\u00e9sormais souscrire \u00e0 l'un de ces forfaits Sidekick.  ***\t\t\t\t\t\t\t\t\t<\/a>\r\n\t\t\t\t\t\t\t\t<\/li>\r\n\t\t\t\t\t\t\t\t\t\t\t\t\t<li class=\"wbnt-news-ticker-list-item\">\r\n\t\t\t\t\t\t\t\t\t<a href=\"\"  >\r\n\t\t\t\t\t\t\t\t\t\t*** N'h\u00e9sitez pas, devenez un Sidekick de SuperNils et renforcez nos op\u00e9rations. Nous donnerons \u00e0 votre entreprise un visage social et chaleureux. ***\t\t\t\t\t\t\t\t\t<\/a>\r\n\t\t\t\t\t\t\t\t<\/li>\r\n\t\t\t\t\t\t\t\t\t<\/ul>\r\n\t\t\t<\/div>\r\n\t\t\t<div class=\"wbel-nt-controls bn-controls\">\r\n\t\t\t\t<button><span class=\"bn-arrow bn-prev\"><\/span><\/button>\r\n\t\t\t\t<button><span class=\"bn-action\"><\/span><\/button>\r\n\t\t\t\t<button><span class=\"bn-arrow bn-next\"><\/span><\/button>\r\n\t\t\t<\/div>\r\n\t\t<\/div>\r\n\t<\/div><\/div>\t\t\t\t<\/div>\n\t\t\t\t<\/div>\n\t\t<div class=\"elementor-element elementor-element-42248ba e-con-full e-flex e-con e-child\" data-id=\"42248ba\" data-element_type=\"container\" data-e-type=\"container\">\n\t\t\t\t<\/div>\n\t\t\t\t<\/div>\n\t\t<div class=\"elementor-element elementor-element-a5b07bf e-flex e-con-boxed e-con e-parent\" data-id=\"a5b07bf\" data-element_type=\"container\" data-e-type=\"container\">\n\t\t\t\t\t<div class=\"e-con-inner\">\n\t\t\t\t<div class=\"elementor-element elementor-element-1612043 elementor-widget elementor-widget-spacer\" data-id=\"1612043\" data-element_type=\"widget\" data-e-type=\"widget\" data-widget_type=\"spacer.default\">\n\t\t\t\t<div class=\"elementor-widget-container\">\n\t\t\t\t\t\t\t<div class=\"elementor-spacer\">\n\t\t\t<div class=\"elementor-spacer-inner\"><\/div>\n\t\t<\/div>\n\t\t\t\t\t\t<\/div>\n\t\t\t\t<\/div>\n\t\t\t\t\t<\/div>\n\t\t\t\t<\/div>\n\t\t<div class=\"elementor-element elementor-element-414e959 e-flex e-con-boxed e-con e-parent\" data-id=\"414e959\" data-element_type=\"container\" data-e-type=\"container\">\n\t\t\t\t\t<div class=\"e-con-inner\">\n\t\t\t\t<div class=\"elementor-element elementor-element-688b4ad elementor-widget elementor-widget-heading\" data-id=\"688b4ad\" data-element_type=\"widget\" data-e-type=\"widget\" data-widget_type=\"heading.default\">\n\t\t\t\t<div class=\"elementor-widget-container\">\n\t\t\t\t\t<h2 class=\"elementor-heading-title elementor-size-default\">Et maintenant, il est temps de faire des choix...<\/h2>\t\t\t\t<\/div>\n\t\t\t\t<\/div>\n\t\t\t\t\t<\/div>\n\t\t\t\t<\/div>\n\t\t<div class=\"elementor-element elementor-element-b82023b e-flex e-con-boxed e-con e-parent\" data-id=\"b82023b\" data-element_type=\"container\" data-e-type=\"container\">\n\t\t\t\t\t<div class=\"e-con-inner\">\n\t\t\t\t<div class=\"elementor-element elementor-element-75d3ce3 elementor-widget elementor-widget-spacer\" data-id=\"75d3ce3\" data-element_type=\"widget\" data-e-type=\"widget\" data-widget_type=\"spacer.default\">\n\t\t\t\t<div class=\"elementor-widget-container\">\n\t\t\t\t\t\t\t<div class=\"elementor-spacer\">\n\t\t\t<div class=\"elementor-spacer-inner\"><\/div>\n\t\t<\/div>\n\t\t\t\t\t\t<\/div>\n\t\t\t\t<\/div>\n\t\t\t\t\t<\/div>\n\t\t\t\t<\/div>\n\t\t<div class=\"elementor-element elementor-element-c5a4642 e-grid e-con-full e-con e-parent\" data-id=\"c5a4642\" data-element_type=\"container\" data-e-type=\"container\">\n\t\t\t\t<div class=\"elementor-element elementor-element-d18cfc2 elementor-widget elementor-widget-image\" data-id=\"d18cfc2\" data-element_type=\"widget\" data-e-type=\"widget\" data-widget_type=\"image.default\">\n\t\t\t\t<div class=\"elementor-widget-container\">\n\t\t\t\t\t\t\t\t\t\t\t\t\t\t\t\t<a href=\"https:\/\/supernils.be\/fr\/supporter-sidekick-2\/\">\n\t\t\t\t\t\t\t<img decoding=\"async\" width=\"500\" height=\"500\" src=\"https:\/\/supernils.be\/wp-content\/uploads\/2025\/12\/P1.png\" class=\"attachment-large size-large wp-image-25371\" alt=\"\" srcset=\"https:\/\/supernils.be\/wp-content\/uploads\/2025\/12\/P1.png 500w, https:\/\/supernils.be\/wp-content\/uploads\/2025\/12\/P1-300x300.png 300w, https:\/\/supernils.be\/wp-content\/uploads\/2025\/12\/P1-150x150.png 150w, https:\/\/supernils.be\/wp-content\/uploads\/2025\/12\/P1-12x12.png 12w, https:\/\/supernils.be\/wp-content\/uploads\/2025\/12\/P1-299x299.png 299w, https:\/\/supernils.be\/wp-content\/uploads\/2025\/12\/P1-100x100.png 100w\" sizes=\"(max-width: 500px) 100vw, 500px\" \/>\t\t\t\t\t\t\t\t<\/a>\n\t\t\t\t\t\t\t\t\t\t\t\t\t\t\t<\/div>\n\t\t\t\t<\/div>\n\t\t\t\t<div class=\"elementor-element elementor-element-14d091b elementor-widget elementor-widget-image\" data-id=\"14d091b\" data-element_type=\"widget\" data-e-type=\"widget\" data-widget_type=\"image.default\">\n\t\t\t\t<div class=\"elementor-widget-container\">\n\t\t\t\t\t\t\t\t\t\t\t\t\t\t\t\t<a href=\"https:\/\/supernils.be\/fr\/shield-sidekick\/\">\n\t\t\t\t\t\t\t<img loading=\"lazy\" decoding=\"async\" width=\"500\" height=\"500\" src=\"https:\/\/supernils.be\/wp-content\/uploads\/2025\/12\/P2.png\" class=\"attachment-large size-large wp-image-25372\" alt=\"\" srcset=\"https:\/\/supernils.be\/wp-content\/uploads\/2025\/12\/P2.png 500w, https:\/\/supernils.be\/wp-content\/uploads\/2025\/12\/P2-300x300.png 300w, https:\/\/supernils.be\/wp-content\/uploads\/2025\/12\/P2-150x150.png 150w, https:\/\/supernils.be\/wp-content\/uploads\/2025\/12\/P2-12x12.png 12w, https:\/\/supernils.be\/wp-content\/uploads\/2025\/12\/P2-299x299.png 299w, https:\/\/supernils.be\/wp-content\/uploads\/2025\/12\/P2-100x100.png 100w\" sizes=\"(max-width: 500px) 100vw, 500px\" \/>\t\t\t\t\t\t\t\t<\/a>\n\t\t\t\t\t\t\t\t\t\t\t\t\t\t\t<\/div>\n\t\t\t\t<\/div>\n\t\t\t\t<div class=\"elementor-element elementor-element-2149df2 elementor-widget elementor-widget-image\" data-id=\"2149df2\" data-element_type=\"widget\" data-e-type=\"widget\" data-widget_type=\"image.default\">\n\t\t\t\t<div class=\"elementor-widget-container\">\n\t\t\t\t\t\t\t\t\t\t\t\t\t\t\t\t<a href=\"https:\/\/supernils.be\/fr\/super-sidekick\/\">\n\t\t\t\t\t\t\t<img loading=\"lazy\" decoding=\"async\" width=\"500\" height=\"500\" src=\"https:\/\/supernils.be\/wp-content\/uploads\/2025\/12\/P3.png\" class=\"attachment-large size-large wp-image-25373\" alt=\"\" srcset=\"https:\/\/supernils.be\/wp-content\/uploads\/2025\/12\/P3.png 500w, https:\/\/supernils.be\/wp-content\/uploads\/2025\/12\/P3-300x300.png 300w, https:\/\/supernils.be\/wp-content\/uploads\/2025\/12\/P3-150x150.png 150w, https:\/\/supernils.be\/wp-content\/uploads\/2025\/12\/P3-12x12.png 12w, https:\/\/supernils.be\/wp-content\/uploads\/2025\/12\/P3-299x299.png 299w, https:\/\/supernils.be\/wp-content\/uploads\/2025\/12\/P3-100x100.png 100w\" sizes=\"(max-width: 500px) 100vw, 500px\" \/>\t\t\t\t\t\t\t\t<\/a>\n\t\t\t\t\t\t\t\t\t\t\t\t\t\t\t<\/div>\n\t\t\t\t<\/div>\n\t\t\t\t<div class=\"elementor-element elementor-element-fa06e43 elementor-widget elementor-widget-image\" data-id=\"fa06e43\" data-element_type=\"widget\" data-e-type=\"widget\" data-widget_type=\"image.default\">\n\t\t\t\t<div class=\"elementor-widget-container\">\n\t\t\t\t\t\t\t\t\t\t\t\t\t\t\t\t<a href=\"https:\/\/supernils.be\/fr\/supreme-sidekick\/\">\n\t\t\t\t\t\t\t<img loading=\"lazy\" decoding=\"async\" width=\"500\" height=\"500\" src=\"https:\/\/supernils.be\/wp-content\/uploads\/2025\/12\/P4.png\" class=\"attachment-large size-large wp-image-25374\" alt=\"\" srcset=\"https:\/\/supernils.be\/wp-content\/uploads\/2025\/12\/P4.png 500w, https:\/\/supernils.be\/wp-content\/uploads\/2025\/12\/P4-300x300.png 300w, https:\/\/supernils.be\/wp-content\/uploads\/2025\/12\/P4-150x150.png 150w, https:\/\/supernils.be\/wp-content\/uploads\/2025\/12\/P4-12x12.png 12w, https:\/\/supernils.be\/wp-content\/uploads\/2025\/12\/P4-299x299.png 299w, https:\/\/supernils.be\/wp-content\/uploads\/2025\/12\/P4-100x100.png 100w\" sizes=\"(max-width: 500px) 100vw, 500px\" \/>\t\t\t\t\t\t\t\t<\/a>\n\t\t\t\t\t\t\t\t\t\t\t\t\t\t\t<\/div>\n\t\t\t\t<\/div>\n\t\t\t\t<\/div>\n\t\t<div class=\"elementor-element elementor-element-9792fdc e-flex e-con-boxed e-con e-parent\" data-id=\"9792fdc\" data-element_type=\"container\" data-e-type=\"container\">\n\t\t\t\t\t<div class=\"e-con-inner\">\n\t\t\t\t<div class=\"elementor-element elementor-element-e930661 elementor-widget elementor-widget-spacer\" data-id=\"e930661\" data-element_type=\"widget\" data-e-type=\"widget\" data-widget_type=\"spacer.default\">\n\t\t\t\t<div class=\"elementor-widget-container\">\n\t\t\t\t\t\t\t<div class=\"elementor-spacer\">\n\t\t\t<div class=\"elementor-spacer-inner\"><\/div>\n\t\t<\/div>\n\t\t\t\t\t\t<\/div>\n\t\t\t\t<\/div>\n\t\t\t\t\t<\/div>\n\t\t\t\t<\/div>\n\t\t\t\t<\/div>","protected":false},"excerpt":{"rendered":"<p>Sidekick Partner Pakketten Vzw SuperNils zet vooral in op de ondersteuning en versterking van het mentale welzijn van kinderen en AYA&#8217;s met kanker. Net omdat het zo belangrijk is voor hun genezingsproces. Bovendien is mentaal welzijn ook enorm belangrijk geworden in de maatschappij en wordt ook aan bedrijven gevraagd hierop in te zetten, o.a. bij [&hellip;]<\/p>\n","protected":false},"author":2,"featured_media":0,"parent":0,"menu_order":0,"comment_status":"closed","ping_status":"closed","template":"","meta":{"_themeisle_gutenberg_block_has_review":false,"footnotes":""},"class_list":["post-25344","page","type-page","status-publish","hentry"],"_links":{"self":[{"href":"https:\/\/supernils.be\/fr\/wp-json\/wp\/v2\/pages\/25344","targetHints":{"allow":["GET"]}}],"collection":[{"href":"https:\/\/supernils.be\/fr\/wp-json\/wp\/v2\/pages"}],"about":[{"href":"https:\/\/supernils.be\/fr\/wp-json\/wp\/v2\/types\/page"}],"author":[{"embeddable":true,"href":"https:\/\/supernils.be\/fr\/wp-json\/wp\/v2\/users\/2"}],"replies":[{"embeddable":true,"href":"https:\/\/supernils.be\/fr\/wp-json\/wp\/v2\/comments?post=25344"}],"version-history":[{"count":25,"href":"https:\/\/supernils.be\/fr\/wp-json\/wp\/v2\/pages\/25344\/revisions"}],"predecessor-version":[{"id":26063,"href":"https:\/\/supernils.be\/fr\/wp-json\/wp\/v2\/pages\/25344\/revisions\/26063"}],"wp:attachment":[{"href":"https:\/\/supernils.be\/fr\/wp-json\/wp\/v2\/media?parent=25344"}],"curies":[{"name":"wp","href":"https:\/\/api.w.org\/{rel}","templated":true}]}}