{"id":25097,"date":"2025-12-30T00:00:05","date_gmt":"2025-12-29T23:00:05","guid":{"rendered":"https:\/\/supernils.be\/?page_id=25097"},"modified":"2026-03-31T13:07:53","modified_gmt":"2026-03-31T11:07:53","slug":"communaute-sidekick","status":"publish","type":"page","link":"https:\/\/supernils.be\/fr\/sidekick-community\/","title":{"rendered":"040 \u2013 Communaut\u00e9 Sidekick"},"content":{"rendered":"<div data-elementor-type=\"wp-page\" data-elementor-id=\"25097\" class=\"elementor elementor-25097\" data-elementor-post-type=\"page\">\n\t\t\t\t<div class=\"elementor-element elementor-element-4c831b3 e-flex e-con-boxed e-con e-parent\" data-id=\"4c831b3\" data-element_type=\"container\" data-e-type=\"container\">\n\t\t\t\t\t<div class=\"e-con-inner\">\n\t\t\t\t<div class=\"elementor-element elementor-element-34d1e04 elementor-widget elementor-widget-spacer\" data-id=\"34d1e04\" data-element_type=\"widget\" data-e-type=\"widget\" data-widget_type=\"spacer.default\">\n\t\t\t\t<div class=\"elementor-widget-container\">\n\t\t\t\t\t\t\t<div class=\"elementor-spacer\">\n\t\t\t<div class=\"elementor-spacer-inner\"><\/div>\n\t\t<\/div>\n\t\t\t\t\t\t<\/div>\n\t\t\t\t<\/div>\n\t\t\t\t\t<\/div>\n\t\t\t\t<\/div>\n\t\t<div class=\"elementor-element elementor-element-28e6a4c e-grid e-con-full e-con e-parent\" data-id=\"28e6a4c\" data-element_type=\"container\" data-e-type=\"container\" data-settings=\"{&quot;background_background&quot;:&quot;classic&quot;,&quot;shape_divider_top&quot;:&quot;waves&quot;,&quot;shape_divider_bottom&quot;:&quot;waves&quot;}\">\n\t\t\t\t<div class=\"elementor-shape elementor-shape-top\" aria-hidden=\"true\" data-negative=\"false\">\n\t\t\t<svg xmlns=\"http:\/\/www.w3.org\/2000\/svg\" viewbox=\"0 0 1000 100\" preserveaspectratio=\"none\">\n\t<path class=\"elementor-shape-fill\" d=\"M421.9,6.5c22.6-2.5,51.5,0.4,75.5,5.3c23.6,4.9,70.9,23.5,100.5,35.7c75.8,32.2,133.7,44.5,192.6,49.7\tc23.6,2.1,48.7,3.5,103.4-2.5c54.7-6,106.2-25.6,106.2-25.6V0H0v30.3c0,0,72,32.6,158.4,30.5c39.2-0.7,92.8-6.7,134-22.4\tc21.2-8.1,52.2-18.2,79.7-24.2C399.3,7.9,411.6,7.5,421.9,6.5z\"\/>\n<\/svg>\t\t<\/div>\n\t\t\t\t<div class=\"elementor-shape elementor-shape-bottom\" aria-hidden=\"true\" data-negative=\"false\">\n\t\t\t<svg xmlns=\"http:\/\/www.w3.org\/2000\/svg\" viewbox=\"0 0 1000 100\" preserveaspectratio=\"none\">\n\t<path class=\"elementor-shape-fill\" d=\"M421.9,6.5c22.6-2.5,51.5,0.4,75.5,5.3c23.6,4.9,70.9,23.5,100.5,35.7c75.8,32.2,133.7,44.5,192.6,49.7\tc23.6,2.1,48.7,3.5,103.4-2.5c54.7-6,106.2-25.6,106.2-25.6V0H0v30.3c0,0,72,32.6,158.4,30.5c39.2-0.7,92.8-6.7,134-22.4\tc21.2-8.1,52.2-18.2,79.7-24.2C399.3,7.9,411.6,7.5,421.9,6.5z\"\/>\n<\/svg>\t\t<\/div>\n\t\t\t\t<div class=\"elementor-element elementor-element-7e7e961 elementor-widget elementor-widget-heading\" data-id=\"7e7e961\" data-element_type=\"widget\" data-e-type=\"widget\" data-widget_type=\"heading.default\">\n\t\t\t\t<div class=\"elementor-widget-container\">\n\t\t\t\t\t<h2 class=\"elementor-heading-title elementor-size-default\">Conseil des acolytes<\/h2>\t\t\t\t<\/div>\n\t\t\t\t<\/div>\n\t\t\t\t<div class=\"elementor-element elementor-element-2f97d57 elementor-widget elementor-widget-image\" data-id=\"2f97d57\" data-element_type=\"widget\" data-e-type=\"widget\" data-widget_type=\"image.default\">\n\t\t\t\t<div class=\"elementor-widget-container\">\n\t\t\t\t\t\t\t\t\t\t\t\t\t\t\t<img fetchpriority=\"high\" decoding=\"async\" width=\"500\" height=\"500\" src=\"https:\/\/supernils.be\/wp-content\/uploads\/2025\/12\/Board-of-Sidekicks.png\" class=\"attachment-large size-large wp-image-25099\" alt=\"\" srcset=\"https:\/\/supernils.be\/wp-content\/uploads\/2025\/12\/Board-of-Sidekicks.png 500w, https:\/\/supernils.be\/wp-content\/uploads\/2025\/12\/Board-of-Sidekicks-300x300.png 300w, https:\/\/supernils.be\/wp-content\/uploads\/2025\/12\/Board-of-Sidekicks-150x150.png 150w, https:\/\/supernils.be\/wp-content\/uploads\/2025\/12\/Board-of-Sidekicks-12x12.png 12w, https:\/\/supernils.be\/wp-content\/uploads\/2025\/12\/Board-of-Sidekicks-299x299.png 299w, https:\/\/supernils.be\/wp-content\/uploads\/2025\/12\/Board-of-Sidekicks-100x100.png 100w\" sizes=\"(max-width: 500px) 100vw, 500px\" \/>\t\t\t\t\t\t\t\t\t\t\t\t\t\t\t<\/div>\n\t\t\t\t<\/div>\n\t\t\t\t<\/div>\n\t\t<div class=\"elementor-element elementor-element-ff73463 e-flex e-con-boxed e-con e-parent\" data-id=\"ff73463\" data-element_type=\"container\" data-e-type=\"container\">\n\t\t\t\t\t<div class=\"e-con-inner\">\n\t\t\t\t<div class=\"elementor-element elementor-element-f47f43c elementor-widget elementor-widget-spacer\" data-id=\"f47f43c\" data-element_type=\"widget\" data-e-type=\"widget\" data-widget_type=\"spacer.default\">\n\t\t\t\t<div class=\"elementor-widget-container\">\n\t\t\t\t\t\t\t<div class=\"elementor-spacer\">\n\t\t\t<div class=\"elementor-spacer-inner\"><\/div>\n\t\t<\/div>\n\t\t\t\t\t\t<\/div>\n\t\t\t\t<\/div>\n\t\t\t\t\t<\/div>\n\t\t\t\t<\/div>\n\t\t<div class=\"elementor-element elementor-element-2527c6c e-grid e-con-full e-con e-parent\" data-id=\"2527c6c\" data-element_type=\"container\" data-e-type=\"container\">\n\t\t<div class=\"elementor-element elementor-element-415d58b e-flex e-con-boxed e-con e-child\" data-id=\"415d58b\" data-element_type=\"container\" data-e-type=\"container\">\n\t\t\t\t\t<div class=\"e-con-inner\">\n\t\t\t\t\t<\/div>\n\t\t\t\t<\/div>\n\t\t\t\t<div class=\"elementor-element elementor-element-b8a5386 elementor-widget elementor-widget-text-editor\" data-id=\"b8a5386\" data-element_type=\"widget\" data-e-type=\"widget\" data-widget_type=\"text-editor.default\">\n\t\t\t\t<div class=\"elementor-widget-container\">\n\t\t\t\t\t\t\t\t\t<p>Dans les \u00e9missions de radio, on entend souvent que le pr\u00e9sentateur est assist\u00e9 par un <b>acolyte<\/b>. Cette personne renforce le pr\u00e9sentateur, assure le dialogue et la contradiction. Cela rend finalement le programme beaucoup plus riche et meilleur.<\/p><p>Nous souhaitons \u00e9galement appliquer ce principe \u00e0 partir de 2026 au sein de l'asbl SuperNils. En collaboration avec des \u00e9tudiants de l'universit\u00e9 d'Anvers, d\u00e9partement master en communication professionnelle et management, nous allons mettre en place un <b>Conseil des acolytes<\/b>\u00a0d\u00e9velopper.\u00a0<\/p><p>Cela doit \u00eatre un <b>groupe d'entrepreneurs<\/b> qui croient en l'asbl SuperNils et souhaitent soutenir son fonctionnement, sa politique et sa vision afin de renforcer encore davantage SuperNils. Ils peuvent \u00e9galement r\u00e9fl\u00e9chir \u00e0 la possibilit\u00e9 d'obtenir davantage de financement, ils peuvent contacter d'autres entrepreneurs\/entreprises afin de renforcer financi\u00e8rement l'organisation, ce qui nous permettra de soutenir encore plus de patients gr\u00e2ce \u00e0 une offre plus large.<\/p><p>Le groupe peut notamment. <b>paquets de parrainage<\/b> \u00e9laborer des formules auxquelles les entreprises peuvent souscrire et qui leur apportent en outre un avantage suppl\u00e9mentaire. Il s'agit donc de formules gagnant-gagnant, tant pour les entreprises que pour SuperNils. Une premi\u00e8re version de ces formules a d\u00e9j\u00e0 \u00e9t\u00e9 int\u00e9gr\u00e9e \u00e0 ce site web (page d'accueil).<\/p><p>Lors des r\u00e9unions de ce Conseil des Sidekicks, ils peuvent \u00e9changer entre eux. <b>r\u00e9seaux<\/b>, ce qui peut \u00e9galement leur apporter une valeur ajout\u00e9e (pensez par exemple au principe des Open Koffies et des BNI). SuperNils peut \u00eatre un <b>pr\u00e9sentation<\/b> pr\u00e9sentation du fonctionnement et des projets en cours, mais il peut \u00e9galement y avoir un <b>haut-parleur<\/b> sont invit\u00e9s \u00e0 rehausser le niveau de la r\u00e9union.<\/p><p>Le Conseil des Sidekicks doit \u00eatre un <b>organe puissant<\/b> sont int\u00e9gr\u00e9s au fonctionnement de SuperNils, un groupe de personnes capables de faire passer l'organisation \u00e0 un niveau sup\u00e9rieur et d'\u00e9tendre encore davantage son champ d'action.<\/p>\t\t\t\t\t\t\t\t<\/div>\n\t\t\t\t<\/div>\n\t\t\t\t<\/div>\n\t\t<div class=\"elementor-element elementor-element-09af42c e-flex e-con-boxed e-con e-parent\" data-id=\"09af42c\" data-element_type=\"container\" data-e-type=\"container\">\n\t\t\t\t\t<div class=\"e-con-inner\">\n\t\t\t\t<div class=\"elementor-element elementor-element-907998e elementor-widget elementor-widget-spacer\" data-id=\"907998e\" data-element_type=\"widget\" data-e-type=\"widget\" data-widget_type=\"spacer.default\">\n\t\t\t\t<div class=\"elementor-widget-container\">\n\t\t\t\t\t\t\t<div class=\"elementor-spacer\">\n\t\t\t<div class=\"elementor-spacer-inner\"><\/div>\n\t\t<\/div>\n\t\t\t\t\t\t<\/div>\n\t\t\t\t<\/div>\n\t\t\t\t\t<\/div>\n\t\t\t\t<\/div>\n\t\t<div class=\"elementor-element elementor-element-b1fbb5d e-con-full e-flex e-con e-parent\" data-id=\"b1fbb5d\" data-element_type=\"container\" data-e-type=\"container\">\n\t\t\t\t<div class=\"elementor-element elementor-element-48281fb elementor-widget elementor-widget-heading\" data-id=\"48281fb\" data-element_type=\"widget\" data-e-type=\"widget\" data-widget_type=\"heading.default\">\n\t\t\t\t<div class=\"elementor-widget-container\">\n\t\t\t\t\t<h2 class=\"elementor-heading-title elementor-size-default\">Pr\u00e9sentation des membres du \" Board of Sidekicks \"<\/h2>\t\t\t\t<\/div>\n\t\t\t\t<\/div>\n\t\t\t\t<div class=\"elementor-element elementor-element-bf1c0f6 elementor-widget elementor-widget-heading\" data-id=\"bf1c0f6\" data-element_type=\"widget\" data-e-type=\"widget\" data-widget_type=\"heading.default\">\n\t\t\t\t<div class=\"elementor-widget-container\">\n\t\t\t\t\t<h2 class=\"elementor-heading-title elementor-size-default\">Cliquez sur leur photo pour plus d'informations<\/h2>\t\t\t\t<\/div>\n\t\t\t\t<\/div>\n\t\t\t\t<div class=\"elementor-element elementor-element-18ca4a1 elementor-widget elementor-widget-spacer\" data-id=\"18ca4a1\" data-element_type=\"widget\" data-e-type=\"widget\" data-widget_type=\"spacer.default\">\n\t\t\t\t<div class=\"elementor-widget-container\">\n\t\t\t\t\t\t\t<div class=\"elementor-spacer\">\n\t\t\t<div class=\"elementor-spacer-inner\"><\/div>\n\t\t<\/div>\n\t\t\t\t\t\t<\/div>\n\t\t\t\t<\/div>\n\t\t<div class=\"elementor-element elementor-element-6bfd5f3 e-grid e-con-full e-con e-child\" data-id=\"6bfd5f3\" data-element_type=\"container\" data-e-type=\"container\">\n\t\t\t\t<div class=\"elementor-element elementor-element-ad5ead8 elementor-widget elementor-widget-image\" data-id=\"ad5ead8\" data-element_type=\"widget\" data-e-type=\"widget\" data-widget_type=\"image.default\">\n\t\t\t\t<div class=\"elementor-widget-container\">\n\t\t\t\t\t\t\t\t\t\t\t\t\t\t\t\t<a href=\"https:\/\/www.linkedin.com\/in\/robert-scheltjens-442814209\/\">\n\t\t\t\t\t\t\t<img decoding=\"async\" width=\"500\" height=\"500\" src=\"https:\/\/supernils.be\/wp-content\/uploads\/2025\/12\/Robert.png\" class=\"attachment-large size-large wp-image-25112\" alt=\"\" srcset=\"https:\/\/supernils.be\/wp-content\/uploads\/2025\/12\/Robert.png 500w, https:\/\/supernils.be\/wp-content\/uploads\/2025\/12\/Robert-300x300.png 300w, https:\/\/supernils.be\/wp-content\/uploads\/2025\/12\/Robert-150x150.png 150w, https:\/\/supernils.be\/wp-content\/uploads\/2025\/12\/Robert-12x12.png 12w, https:\/\/supernils.be\/wp-content\/uploads\/2025\/12\/Robert-299x299.png 299w, https:\/\/supernils.be\/wp-content\/uploads\/2025\/12\/Robert-100x100.png 100w\" sizes=\"(max-width: 500px) 100vw, 500px\" \/>\t\t\t\t\t\t\t\t<\/a>\n\t\t\t\t\t\t\t\t\t\t\t\t\t\t\t<\/div>\n\t\t\t\t<\/div>\n\t\t\t\t<div class=\"elementor-element elementor-element-f323083 elementor-widget elementor-widget-image\" data-id=\"f323083\" data-element_type=\"widget\" data-e-type=\"widget\" data-widget_type=\"image.default\">\n\t\t\t\t<div class=\"elementor-widget-container\">\n\t\t\t\t\t\t\t\t\t\t\t\t\t\t\t\t<a href=\"https:\/\/www.linkedin.com\/in\/tine-cuppens-5a8810a5\/\">\n\t\t\t\t\t\t\t<img decoding=\"async\" width=\"800\" height=\"671\" src=\"https:\/\/supernils.be\/wp-content\/uploads\/2026\/03\/Tine-Cuppens.png\" class=\"attachment-large size-large wp-image-26585\" alt=\"\" srcset=\"https:\/\/supernils.be\/wp-content\/uploads\/2026\/03\/Tine-Cuppens.png 940w, https:\/\/supernils.be\/wp-content\/uploads\/2026\/03\/Tine-Cuppens-300x251.png 300w, https:\/\/supernils.be\/wp-content\/uploads\/2026\/03\/Tine-Cuppens-768x644.png 768w, https:\/\/supernils.be\/wp-content\/uploads\/2026\/03\/Tine-Cuppens-14x12.png 14w, https:\/\/supernils.be\/wp-content\/uploads\/2026\/03\/Tine-Cuppens-299x251.png 299w, https:\/\/supernils.be\/wp-content\/uploads\/2026\/03\/Tine-Cuppens-572x480.png 572w\" sizes=\"(max-width: 800px) 100vw, 800px\" \/>\t\t\t\t\t\t\t\t<\/a>\n\t\t\t\t\t\t\t\t\t\t\t\t\t\t\t<\/div>\n\t\t\t\t<\/div>\n\t\t\t\t<div class=\"elementor-element elementor-element-0c6515a elementor-widget elementor-widget-image\" data-id=\"0c6515a\" data-element_type=\"widget\" data-e-type=\"widget\" data-widget_type=\"image.default\">\n\t\t\t\t<div class=\"elementor-widget-container\">\n\t\t\t\t\t\t\t\t\t\t\t\t\t\t\t\t<a href=\"https:\/\/www.linkedin.com\/in\/ina-gesquiere-9075b779\/\">\n\t\t\t\t\t\t\t<img loading=\"lazy\" decoding=\"async\" width=\"800\" height=\"671\" src=\"https:\/\/supernils.be\/wp-content\/uploads\/2026\/03\/Ina-Gesquiere.png\" class=\"attachment-large size-large wp-image-26590\" alt=\"\" srcset=\"https:\/\/supernils.be\/wp-content\/uploads\/2026\/03\/Ina-Gesquiere.png 940w, https:\/\/supernils.be\/wp-content\/uploads\/2026\/03\/Ina-Gesquiere-300x251.png 300w, https:\/\/supernils.be\/wp-content\/uploads\/2026\/03\/Ina-Gesquiere-768x644.png 768w, https:\/\/supernils.be\/wp-content\/uploads\/2026\/03\/Ina-Gesquiere-14x12.png 14w, https:\/\/supernils.be\/wp-content\/uploads\/2026\/03\/Ina-Gesquiere-299x251.png 299w, https:\/\/supernils.be\/wp-content\/uploads\/2026\/03\/Ina-Gesquiere-572x480.png 572w\" sizes=\"(max-width: 800px) 100vw, 800px\" \/>\t\t\t\t\t\t\t\t<\/a>\n\t\t\t\t\t\t\t\t\t\t\t\t\t\t\t<\/div>\n\t\t\t\t<\/div>\n\t\t\t\t<\/div>\n\t\t\t\t<div class=\"elementor-element elementor-element-3c9d75c elementor-widget elementor-widget-spacer\" data-id=\"3c9d75c\" data-element_type=\"widget\" data-e-type=\"widget\" data-widget_type=\"spacer.default\">\n\t\t\t\t<div class=\"elementor-widget-container\">\n\t\t\t\t\t\t\t<div class=\"elementor-spacer\">\n\t\t\t<div class=\"elementor-spacer-inner\"><\/div>\n\t\t<\/div>\n\t\t\t\t\t\t<\/div>\n\t\t\t\t<\/div>\n\t\t\t\t<\/div>\n\t\t<div class=\"elementor-element elementor-element-7344120 e-flex e-con-boxed e-con e-parent\" data-id=\"7344120\" data-element_type=\"container\" data-e-type=\"container\">\n\t\t\t\t\t<div class=\"e-con-inner\">\n\t\t\t\t<div class=\"elementor-element elementor-element-514e667 elementor-widget elementor-widget-spacer\" data-id=\"514e667\" data-element_type=\"widget\" data-e-type=\"widget\" data-widget_type=\"spacer.default\">\n\t\t\t\t<div class=\"elementor-widget-container\">\n\t\t\t\t\t\t\t<div class=\"elementor-spacer\">\n\t\t\t<div class=\"elementor-spacer-inner\"><\/div>\n\t\t<\/div>\n\t\t\t\t\t\t<\/div>\n\t\t\t\t<\/div>\n\t\t\t\t\t<\/div>\n\t\t\t\t<\/div>\n\t\t\t\t<\/div>","protected":false},"excerpt":{"rendered":"<p>Board of Sidekicks In radioprogramma&#8217;s hoor je vaak dat de presentator wordt bijgestaan door een sidekick. Deze persoon versterkt de presentator, zorgt voor dialoog en tegenspraak. Dat maakt het programma uiteindelijk veel rijker en beter. Dit principe willen we vanaf 2026 ook gebruiken binnen de werking van vzw SuperNils. Samen met studenten van de universiteit [&hellip;]<\/p>\n","protected":false},"author":2,"featured_media":0,"parent":0,"menu_order":0,"comment_status":"closed","ping_status":"closed","template":"","meta":{"_themeisle_gutenberg_block_has_review":false,"footnotes":""},"class_list":["post-25097","page","type-page","status-publish","hentry"],"_links":{"self":[{"href":"https:\/\/supernils.be\/fr\/wp-json\/wp\/v2\/pages\/25097","targetHints":{"allow":["GET"]}}],"collection":[{"href":"https:\/\/supernils.be\/fr\/wp-json\/wp\/v2\/pages"}],"about":[{"href":"https:\/\/supernils.be\/fr\/wp-json\/wp\/v2\/types\/page"}],"author":[{"embeddable":true,"href":"https:\/\/supernils.be\/fr\/wp-json\/wp\/v2\/users\/2"}],"replies":[{"embeddable":true,"href":"https:\/\/supernils.be\/fr\/wp-json\/wp\/v2\/comments?post=25097"}],"version-history":[{"count":37,"href":"https:\/\/supernils.be\/fr\/wp-json\/wp\/v2\/pages\/25097\/revisions"}],"predecessor-version":[{"id":26605,"href":"https:\/\/supernils.be\/fr\/wp-json\/wp\/v2\/pages\/25097\/revisions\/26605"}],"wp:attachment":[{"href":"https:\/\/supernils.be\/fr\/wp-json\/wp\/v2\/media?parent=25097"}],"curies":[{"name":"wp","href":"https:\/\/api.w.org\/{rel}","templated":true}]}}