{"id":25081,"date":"2025-12-29T23:21:01","date_gmt":"2025-12-29T22:21:01","guid":{"rendered":"https:\/\/supernils.be\/?page_id=25081"},"modified":"2025-12-29T23:39:44","modified_gmt":"2025-12-29T22:39:44","slug":"equipes-de-projet","status":"publish","type":"page","link":"https:\/\/supernils.be\/fr\/project-teams\/","title":{"rendered":"039 \u2013 \u00c9quipes de projet"},"content":{"rendered":"<div data-elementor-type=\"wp-page\" data-elementor-id=\"25081\" class=\"elementor elementor-25081\" data-elementor-post-type=\"page\">\n\t\t\t\t<div class=\"elementor-element elementor-element-4c831b3 e-flex e-con-boxed e-con e-parent\" data-id=\"4c831b3\" data-element_type=\"container\" data-e-type=\"container\">\n\t\t\t\t\t<div class=\"e-con-inner\">\n\t\t\t\t<div class=\"elementor-element elementor-element-34d1e04 elementor-widget elementor-widget-spacer\" data-id=\"34d1e04\" data-element_type=\"widget\" data-e-type=\"widget\" data-widget_type=\"spacer.default\">\n\t\t\t\t<div class=\"elementor-widget-container\">\n\t\t\t\t\t\t\t<div class=\"elementor-spacer\">\n\t\t\t<div class=\"elementor-spacer-inner\"><\/div>\n\t\t<\/div>\n\t\t\t\t\t\t<\/div>\n\t\t\t\t<\/div>\n\t\t\t\t\t<\/div>\n\t\t\t\t<\/div>\n\t\t<div class=\"elementor-element elementor-element-28e6a4c e-grid e-con-full e-con e-parent\" data-id=\"28e6a4c\" data-element_type=\"container\" data-e-type=\"container\" data-settings=\"{&quot;background_background&quot;:&quot;classic&quot;,&quot;shape_divider_top&quot;:&quot;waves&quot;,&quot;shape_divider_bottom&quot;:&quot;waves&quot;}\">\n\t\t\t\t<div class=\"elementor-shape elementor-shape-top\" aria-hidden=\"true\" data-negative=\"false\">\n\t\t\t<svg xmlns=\"http:\/\/www.w3.org\/2000\/svg\" viewbox=\"0 0 1000 100\" preserveaspectratio=\"none\">\n\t<path class=\"elementor-shape-fill\" d=\"M421.9,6.5c22.6-2.5,51.5,0.4,75.5,5.3c23.6,4.9,70.9,23.5,100.5,35.7c75.8,32.2,133.7,44.5,192.6,49.7\tc23.6,2.1,48.7,3.5,103.4-2.5c54.7-6,106.2-25.6,106.2-25.6V0H0v30.3c0,0,72,32.6,158.4,30.5c39.2-0.7,92.8-6.7,134-22.4\tc21.2-8.1,52.2-18.2,79.7-24.2C399.3,7.9,411.6,7.5,421.9,6.5z\"\/>\n<\/svg>\t\t<\/div>\n\t\t\t\t<div class=\"elementor-shape elementor-shape-bottom\" aria-hidden=\"true\" data-negative=\"false\">\n\t\t\t<svg xmlns=\"http:\/\/www.w3.org\/2000\/svg\" viewbox=\"0 0 1000 100\" preserveaspectratio=\"none\">\n\t<path class=\"elementor-shape-fill\" d=\"M421.9,6.5c22.6-2.5,51.5,0.4,75.5,5.3c23.6,4.9,70.9,23.5,100.5,35.7c75.8,32.2,133.7,44.5,192.6,49.7\tc23.6,2.1,48.7,3.5,103.4-2.5c54.7-6,106.2-25.6,106.2-25.6V0H0v30.3c0,0,72,32.6,158.4,30.5c39.2-0.7,92.8-6.7,134-22.4\tc21.2-8.1,52.2-18.2,79.7-24.2C399.3,7.9,411.6,7.5,421.9,6.5z\"\/>\n<\/svg>\t\t<\/div>\n\t\t\t\t<div class=\"elementor-element elementor-element-7e7e961 elementor-widget elementor-widget-heading\" data-id=\"7e7e961\" data-element_type=\"widget\" data-e-type=\"widget\" data-widget_type=\"heading.default\">\n\t\t\t\t<div class=\"elementor-widget-container\">\n\t\t\t\t\t<h2 class=\"elementor-heading-title elementor-size-default\">\u00c9quipes de projet, chefs de projet et b\u00e9n\u00e9voles<\/h2>\t\t\t\t<\/div>\n\t\t\t\t<\/div>\n\t\t\t\t<div class=\"elementor-element elementor-element-2f97d57 elementor-widget elementor-widget-image\" data-id=\"2f97d57\" data-element_type=\"widget\" data-e-type=\"widget\" data-widget_type=\"image.default\">\n\t\t\t\t<div class=\"elementor-widget-container\">\n\t\t\t\t\t\t\t\t\t\t\t\t\t\t\t<img fetchpriority=\"high\" decoding=\"async\" width=\"500\" height=\"500\" src=\"https:\/\/supernils.be\/wp-content\/uploads\/2025\/12\/Projectteams.png\" class=\"attachment-large size-large wp-image-25083\" alt=\"\" srcset=\"https:\/\/supernils.be\/wp-content\/uploads\/2025\/12\/Projectteams.png 500w, https:\/\/supernils.be\/wp-content\/uploads\/2025\/12\/Projectteams-300x300.png 300w, https:\/\/supernils.be\/wp-content\/uploads\/2025\/12\/Projectteams-150x150.png 150w, https:\/\/supernils.be\/wp-content\/uploads\/2025\/12\/Projectteams-12x12.png 12w, https:\/\/supernils.be\/wp-content\/uploads\/2025\/12\/Projectteams-299x299.png 299w, https:\/\/supernils.be\/wp-content\/uploads\/2025\/12\/Projectteams-100x100.png 100w\" sizes=\"(max-width: 500px) 100vw, 500px\" \/>\t\t\t\t\t\t\t\t\t\t\t\t\t\t\t<\/div>\n\t\t\t\t<\/div>\n\t\t\t\t<\/div>\n\t\t<div class=\"elementor-element elementor-element-ff73463 e-flex e-con-boxed e-con e-parent\" data-id=\"ff73463\" data-element_type=\"container\" data-e-type=\"container\">\n\t\t\t\t\t<div class=\"e-con-inner\">\n\t\t\t\t<div class=\"elementor-element elementor-element-f47f43c elementor-widget elementor-widget-spacer\" data-id=\"f47f43c\" data-element_type=\"widget\" data-e-type=\"widget\" data-widget_type=\"spacer.default\">\n\t\t\t\t<div class=\"elementor-widget-container\">\n\t\t\t\t\t\t\t<div class=\"elementor-spacer\">\n\t\t\t<div class=\"elementor-spacer-inner\"><\/div>\n\t\t<\/div>\n\t\t\t\t\t\t<\/div>\n\t\t\t\t<\/div>\n\t\t\t\t\t<\/div>\n\t\t\t\t<\/div>\n\t\t<div class=\"elementor-element elementor-element-2527c6c e-grid e-con-full e-con e-parent\" data-id=\"2527c6c\" data-element_type=\"container\" data-e-type=\"container\">\n\t\t<div class=\"elementor-element elementor-element-415d58b e-flex e-con-boxed e-con e-child\" data-id=\"415d58b\" data-element_type=\"container\" data-e-type=\"container\">\n\t\t\t\t\t<div class=\"e-con-inner\">\n\t\t\t\t\t<\/div>\n\t\t\t\t<\/div>\n\t\t\t\t<div class=\"elementor-element elementor-element-b8a5386 elementor-widget elementor-widget-text-editor\" data-id=\"b8a5386\" data-element_type=\"widget\" data-e-type=\"widget\" data-widget_type=\"text-editor.default\">\n\t\t\t\t<div class=\"elementor-widget-container\">\n\t\t\t\t\t\t\t\t\t<p>L'asbl SuperNils ne peut fonctionner sans \u00e9quipes de projet. Elles sont en effet indispensables pour \u00e9laborer des projets, r\u00e9diger des demandes de projet, mais aussi pour soutenir certaines activit\u00e9s.\u00a0<\/p><p>Les \u00e9quipes sont dirig\u00e9es par un chef de projet. Il\/elle peut constituer lui\/elle-m\u00eame son \u00e9quipe avec des b\u00e9n\u00e9voles d\u00e9sireux de donner un coup de main. \u00c0 l'heure actuelle, nous pouvons compter sur trois chefs de projet, qui ont d\u00e9j\u00e0 r\u00e9alis\u00e9 diverses activit\u00e9s avec leurs \u00e9quipes.<\/p>\t\t\t\t\t\t\t\t<\/div>\n\t\t\t\t<\/div>\n\t\t\t\t<\/div>\n\t\t<div class=\"elementor-element elementor-element-09af42c e-flex e-con-boxed e-con e-parent\" data-id=\"09af42c\" data-element_type=\"container\" data-e-type=\"container\">\n\t\t\t\t\t<div class=\"e-con-inner\">\n\t\t\t\t<div class=\"elementor-element elementor-element-907998e elementor-widget elementor-widget-spacer\" data-id=\"907998e\" data-element_type=\"widget\" data-e-type=\"widget\" data-widget_type=\"spacer.default\">\n\t\t\t\t<div class=\"elementor-widget-container\">\n\t\t\t\t\t\t\t<div class=\"elementor-spacer\">\n\t\t\t<div class=\"elementor-spacer-inner\"><\/div>\n\t\t<\/div>\n\t\t\t\t\t\t<\/div>\n\t\t\t\t<\/div>\n\t\t\t\t\t<\/div>\n\t\t\t\t<\/div>\n\t\t<div class=\"elementor-element elementor-element-eff2f2a e-grid e-con-full e-con e-parent\" data-id=\"eff2f2a\" data-element_type=\"container\" data-e-type=\"container\">\n\t\t<div class=\"elementor-element elementor-element-c7526c5 e-flex e-con-boxed e-con e-child\" data-id=\"c7526c5\" data-element_type=\"container\" data-e-type=\"container\">\n\t\t\t\t\t<div class=\"e-con-inner\">\n\t\t\t\t<div class=\"elementor-element elementor-element-be217ba elementor-widget elementor-widget-image\" data-id=\"be217ba\" data-element_type=\"widget\" data-e-type=\"widget\" data-widget_type=\"image.default\">\n\t\t\t\t<div class=\"elementor-widget-container\">\n\t\t\t\t\t\t\t\t\t\t\t\t\t\t\t<img decoding=\"async\" width=\"225\" height=\"300\" src=\"https:\/\/supernils.be\/wp-content\/uploads\/2024\/09\/OK-001-Leona-1-225x300.png\" class=\"attachment-medium size-medium wp-image-16148\" alt=\"\" srcset=\"https:\/\/supernils.be\/wp-content\/uploads\/2024\/09\/OK-001-Leona-1-225x300.png 225w, https:\/\/supernils.be\/wp-content\/uploads\/2024\/09\/OK-001-Leona-1-9x12.png 9w, https:\/\/supernils.be\/wp-content\/uploads\/2024\/09\/OK-001-Leona-1-299x399.png 299w, https:\/\/supernils.be\/wp-content\/uploads\/2024\/09\/OK-001-Leona-1.png 480w\" sizes=\"(max-width: 225px) 100vw, 225px\" \/>\t\t\t\t\t\t\t\t\t\t\t\t\t\t\t<\/div>\n\t\t\t\t<\/div>\n\t\t\t\t<div class=\"elementor-element elementor-element-b785bcf elementor-widget elementor-widget-heading\" data-id=\"b785bcf\" data-element_type=\"widget\" data-e-type=\"widget\" data-widget_type=\"heading.default\">\n\t\t\t\t<div class=\"elementor-widget-container\">\n\t\t\t\t\t<h2 class=\"elementor-heading-title elementor-size-default\">Leona Koninckx<\/h2>\t\t\t\t<\/div>\n\t\t\t\t<\/div>\n\t\t\t\t\t<\/div>\n\t\t\t\t<\/div>\n\t\t<div class=\"elementor-element elementor-element-b12e874 e-flex e-con-boxed e-con e-child\" data-id=\"b12e874\" data-element_type=\"container\" data-e-type=\"container\">\n\t\t\t\t\t<div class=\"e-con-inner\">\n\t\t\t\t<div class=\"elementor-element elementor-element-b4d48af elementor-widget elementor-widget-image\" data-id=\"b4d48af\" data-element_type=\"widget\" data-e-type=\"widget\" data-widget_type=\"image.default\">\n\t\t\t\t<div class=\"elementor-widget-container\">\n\t\t\t\t\t\t\t\t\t\t\t\t\t\t\t<img decoding=\"async\" width=\"288\" height=\"264\" src=\"https:\/\/supernils.be\/wp-content\/uploads\/2024\/09\/OK-001-Renee-Foto-22-02-2023-om-18.41-kopie-1.jpg\" class=\"attachment-medium size-medium wp-image-15934\" alt=\"\" srcset=\"https:\/\/supernils.be\/wp-content\/uploads\/2024\/09\/OK-001-Renee-Foto-22-02-2023-om-18.41-kopie-1.jpg 288w, https:\/\/supernils.be\/wp-content\/uploads\/2024\/09\/OK-001-Renee-Foto-22-02-2023-om-18.41-kopie-1-13x12.jpg 13w\" sizes=\"(max-width: 288px) 100vw, 288px\" \/>\t\t\t\t\t\t\t\t\t\t\t\t\t\t\t<\/div>\n\t\t\t\t<\/div>\n\t\t\t\t<div class=\"elementor-element elementor-element-eed7efa elementor-widget elementor-widget-heading\" data-id=\"eed7efa\" data-element_type=\"widget\" data-e-type=\"widget\" data-widget_type=\"heading.default\">\n\t\t\t\t<div class=\"elementor-widget-container\">\n\t\t\t\t\t<h2 class=\"elementor-heading-title elementor-size-default\">Ren\u00e9e Bakx<\/h2>\t\t\t\t<\/div>\n\t\t\t\t<\/div>\n\t\t\t\t\t<\/div>\n\t\t\t\t<\/div>\n\t\t<div class=\"elementor-element elementor-element-9fff83d e-flex e-con-boxed e-con e-child\" data-id=\"9fff83d\" data-element_type=\"container\" data-e-type=\"container\">\n\t\t\t\t\t<div class=\"e-con-inner\">\n\t\t\t\t<div class=\"elementor-element elementor-element-879ecb9 elementor-widget elementor-widget-image\" data-id=\"879ecb9\" data-element_type=\"widget\" data-e-type=\"widget\" data-widget_type=\"image.default\">\n\t\t\t\t<div class=\"elementor-widget-container\">\n\t\t\t\t\t\t\t\t\t\t\t\t\t\t\t<img loading=\"lazy\" decoding=\"async\" width=\"278\" height=\"274\" src=\"https:\/\/supernils.be\/wp-content\/uploads\/2024\/09\/OK-001-Linda-Foto-22-02-2023-om-18.41.jpg\" class=\"attachment-medium size-medium wp-image-15904\" alt=\"\" srcset=\"https:\/\/supernils.be\/wp-content\/uploads\/2024\/09\/OK-001-Linda-Foto-22-02-2023-om-18.41.jpg 278w, https:\/\/supernils.be\/wp-content\/uploads\/2024\/09\/OK-001-Linda-Foto-22-02-2023-om-18.41-12x12.jpg 12w, https:\/\/supernils.be\/wp-content\/uploads\/2024\/09\/OK-001-Linda-Foto-22-02-2023-om-18.41-100x100.jpg 100w\" sizes=\"(max-width: 278px) 100vw, 278px\" \/>\t\t\t\t\t\t\t\t\t\t\t\t\t\t\t<\/div>\n\t\t\t\t<\/div>\n\t\t\t\t<div class=\"elementor-element elementor-element-a3d7936 elementor-widget elementor-widget-heading\" data-id=\"a3d7936\" data-element_type=\"widget\" data-e-type=\"widget\" data-widget_type=\"heading.default\">\n\t\t\t\t<div class=\"elementor-widget-container\">\n\t\t\t\t\t<h2 class=\"elementor-heading-title elementor-size-default\">Linda Baclaine<\/h2>\t\t\t\t<\/div>\n\t\t\t\t<\/div>\n\t\t\t\t\t<\/div>\n\t\t\t\t<\/div>\n\t\t\t\t<\/div>\n\t\t<div class=\"elementor-element elementor-element-32ee51e e-flex e-con-boxed e-con e-parent\" data-id=\"32ee51e\" data-element_type=\"container\" data-e-type=\"container\">\n\t\t\t\t\t<div class=\"e-con-inner\">\n\t\t\t\t<div class=\"elementor-element elementor-element-4b187b5 elementor-widget elementor-widget-spacer\" data-id=\"4b187b5\" data-element_type=\"widget\" data-e-type=\"widget\" data-widget_type=\"spacer.default\">\n\t\t\t\t<div class=\"elementor-widget-container\">\n\t\t\t\t\t\t\t<div class=\"elementor-spacer\">\n\t\t\t<div class=\"elementor-spacer-inner\"><\/div>\n\t\t<\/div>\n\t\t\t\t\t\t<\/div>\n\t\t\t\t<\/div>\n\t\t\t\t\t<\/div>\n\t\t\t\t<\/div>\n\t\t<div class=\"elementor-element elementor-element-101d945 e-flex e-con-boxed e-con e-parent\" data-id=\"101d945\" data-element_type=\"container\" data-e-type=\"container\">\n\t\t\t\t\t<div class=\"e-con-inner\">\n\t\t\t\t<div class=\"elementor-element elementor-element-a38e6c3 elementor-widget elementor-widget-heading\" data-id=\"a38e6c3\" data-element_type=\"widget\" data-e-type=\"widget\" data-widget_type=\"heading.default\">\n\t\t\t\t<div class=\"elementor-widget-container\">\n\t\t\t\t\t<h2 class=\"elementor-heading-title elementor-size-default\">R\u00e9alisations<\/h2>\t\t\t\t<\/div>\n\t\t\t\t<\/div>\n\t\t\t\t<div class=\"elementor-element elementor-element-1096d52 elementor-widget elementor-widget-spacer\" data-id=\"1096d52\" data-element_type=\"widget\" data-e-type=\"widget\" data-widget_type=\"spacer.default\">\n\t\t\t\t<div class=\"elementor-widget-container\">\n\t\t\t\t\t\t\t<div class=\"elementor-spacer\">\n\t\t\t<div class=\"elementor-spacer-inner\"><\/div>\n\t\t<\/div>\n\t\t\t\t\t\t<\/div>\n\t\t\t\t<\/div>\n\t\t\t\t<div class=\"elementor-element elementor-element-f8388b7 elementor-widget elementor-widget-text-editor\" data-id=\"f8388b7\" data-element_type=\"widget\" data-e-type=\"widget\" data-widget_type=\"text-editor.default\">\n\t\t\t\t<div class=\"elementor-widget-container\">\n\t\t\t\t\t\t\t\t\t<p><b>1\u00b0 FILM SuperNils<\/b> (Linda Baclaine) : en collaboration avec un cin\u00e9aste professionnel (Sam Asaert), nous nous sommes rendus \u00e0 divers endroits en Belgique pour r\u00e9aliser plusieurs tournages qui illustrent clairement le fonctionnement de l'organisation. Le film est diffus\u00e9 en permanence sur la page d'accueil de notre site web.<\/p><p><b>2\u00b0 Promotion de fin d'ann\u00e9e SuperNils<\/b> (Ren\u00e9e Bakx) : \u00e0 la fin de chaque ann\u00e9e civile, Ren\u00e9e organise une belle action de fin d'ann\u00e9e. Elle s\u00e9lectionne de d\u00e9licieux vins, que nous vendons ensuite pour la bonne cause. Les recettes sont revers\u00e9es \u00e0 l'un de nos projets en cours. Des b\u00e9n\u00e9voles participent \u00e0 la distribution des colis achet\u00e9s.<\/p><p><b>3\u00b0 Cycle de vie Schoten<\/b> (Leona Koninckx) : L'asbl SuperNils participe \u00e0 l'organisation de Levensloop Schoten. Leona y organise chaque ann\u00e9e la magnifique et \u00e9mouvante c\u00e9r\u00e9monie des bougies. Elle rassemble un groupe de b\u00e9n\u00e9voles qui aident \u00e0 pr\u00e9parer la c\u00e9r\u00e9monie et \u00e0 tout ranger apr\u00e8s coup. Ces m\u00eames b\u00e9n\u00e9voles aident \u00e9galement \u00e0 monter et d\u00e9monter le stand de SuperNils.<\/p>\t\t\t\t\t\t\t\t<\/div>\n\t\t\t\t<\/div>\n\t\t\t\t\t<\/div>\n\t\t\t\t<\/div>\n\t\t<div class=\"elementor-element elementor-element-b1fbb5d e-flex e-con-boxed e-con e-parent\" data-id=\"b1fbb5d\" data-element_type=\"container\" data-e-type=\"container\">\n\t\t\t\t\t<div class=\"e-con-inner\">\n\t\t\t\t<div class=\"elementor-element elementor-element-3c9d75c elementor-widget elementor-widget-spacer\" data-id=\"3c9d75c\" data-element_type=\"widget\" data-e-type=\"widget\" data-widget_type=\"spacer.default\">\n\t\t\t\t<div class=\"elementor-widget-container\">\n\t\t\t\t\t\t\t<div class=\"elementor-spacer\">\n\t\t\t<div class=\"elementor-spacer-inner\"><\/div>\n\t\t<\/div>\n\t\t\t\t\t\t<\/div>\n\t\t\t\t<\/div>\n\t\t\t\t\t<\/div>\n\t\t\t\t<\/div>\n\t\t\t\t<\/div>","protected":false},"excerpt":{"rendered":"<p>Project-teams, projectleiders en vrijwilligers Vzw SuperNils kan niet werken zonder project-teams. Ze zijn immers noodzakelijk om projecten mee uit te werken, projectaanvragen uit te schrijven, maar ook om bepaalde activiteiten te ondersteunen.\u00a0 De teams worden aangestuurd door een projectleider. Hij\/zij kan zelf zijn\/haar team samenstellen met vrijwilligers die graag een handje komen helpen. Op dit [&hellip;]<\/p>\n","protected":false},"author":2,"featured_media":0,"parent":0,"menu_order":0,"comment_status":"closed","ping_status":"closed","template":"","meta":{"_themeisle_gutenberg_block_has_review":false,"footnotes":""},"class_list":["post-25081","page","type-page","status-publish","hentry"],"_links":{"self":[{"href":"https:\/\/supernils.be\/fr\/wp-json\/wp\/v2\/pages\/25081","targetHints":{"allow":["GET"]}}],"collection":[{"href":"https:\/\/supernils.be\/fr\/wp-json\/wp\/v2\/pages"}],"about":[{"href":"https:\/\/supernils.be\/fr\/wp-json\/wp\/v2\/types\/page"}],"author":[{"embeddable":true,"href":"https:\/\/supernils.be\/fr\/wp-json\/wp\/v2\/users\/2"}],"replies":[{"embeddable":true,"href":"https:\/\/supernils.be\/fr\/wp-json\/wp\/v2\/comments?post=25081"}],"version-history":[{"count":10,"href":"https:\/\/supernils.be\/fr\/wp-json\/wp\/v2\/pages\/25081\/revisions"}],"predecessor-version":[{"id":25093,"href":"https:\/\/supernils.be\/fr\/wp-json\/wp\/v2\/pages\/25081\/revisions\/25093"}],"wp:attachment":[{"href":"https:\/\/supernils.be\/fr\/wp-json\/wp\/v2\/media?parent=25081"}],"curies":[{"name":"wp","href":"https:\/\/api.w.org\/{rel}","templated":true}]}}