{"id":25069,"date":"2025-12-29T23:01:33","date_gmt":"2025-12-29T22:01:33","guid":{"rendered":"https:\/\/supernils.be\/?page_id=25069"},"modified":"2025-12-29T23:09:13","modified_gmt":"2025-12-29T22:09:13","slug":"assemblee-generale","status":"publish","type":"page","link":"https:\/\/supernils.be\/fr\/algemene-vergadering\/","title":{"rendered":"038 \u2013 Assembl\u00e9e g\u00e9n\u00e9rale"},"content":{"rendered":"<div data-elementor-type=\"wp-page\" data-elementor-id=\"25069\" class=\"elementor elementor-25069\" data-elementor-post-type=\"page\">\n\t\t\t\t<div class=\"elementor-element elementor-element-4c831b3 e-flex e-con-boxed e-con e-parent\" data-id=\"4c831b3\" data-element_type=\"container\" data-e-type=\"container\">\n\t\t\t\t\t<div class=\"e-con-inner\">\n\t\t\t\t<div class=\"elementor-element elementor-element-34d1e04 elementor-widget elementor-widget-spacer\" data-id=\"34d1e04\" data-element_type=\"widget\" data-e-type=\"widget\" data-widget_type=\"spacer.default\">\n\t\t\t\t<div class=\"elementor-widget-container\">\n\t\t\t\t\t\t\t<div class=\"elementor-spacer\">\n\t\t\t<div class=\"elementor-spacer-inner\"><\/div>\n\t\t<\/div>\n\t\t\t\t\t\t<\/div>\n\t\t\t\t<\/div>\n\t\t\t\t\t<\/div>\n\t\t\t\t<\/div>\n\t\t<div class=\"elementor-element elementor-element-28e6a4c e-grid e-con-full e-con e-parent\" data-id=\"28e6a4c\" data-element_type=\"container\" data-e-type=\"container\" data-settings=\"{&quot;background_background&quot;:&quot;classic&quot;,&quot;shape_divider_top&quot;:&quot;waves&quot;,&quot;shape_divider_bottom&quot;:&quot;waves&quot;}\">\n\t\t\t\t<div class=\"elementor-shape elementor-shape-top\" aria-hidden=\"true\" data-negative=\"false\">\n\t\t\t<svg xmlns=\"http:\/\/www.w3.org\/2000\/svg\" viewbox=\"0 0 1000 100\" preserveaspectratio=\"none\">\n\t<path class=\"elementor-shape-fill\" d=\"M421.9,6.5c22.6-2.5,51.5,0.4,75.5,5.3c23.6,4.9,70.9,23.5,100.5,35.7c75.8,32.2,133.7,44.5,192.6,49.7\tc23.6,2.1,48.7,3.5,103.4-2.5c54.7-6,106.2-25.6,106.2-25.6V0H0v30.3c0,0,72,32.6,158.4,30.5c39.2-0.7,92.8-6.7,134-22.4\tc21.2-8.1,52.2-18.2,79.7-24.2C399.3,7.9,411.6,7.5,421.9,6.5z\"\/>\n<\/svg>\t\t<\/div>\n\t\t\t\t<div class=\"elementor-shape elementor-shape-bottom\" aria-hidden=\"true\" data-negative=\"false\">\n\t\t\t<svg xmlns=\"http:\/\/www.w3.org\/2000\/svg\" viewbox=\"0 0 1000 100\" preserveaspectratio=\"none\">\n\t<path class=\"elementor-shape-fill\" d=\"M421.9,6.5c22.6-2.5,51.5,0.4,75.5,5.3c23.6,4.9,70.9,23.5,100.5,35.7c75.8,32.2,133.7,44.5,192.6,49.7\tc23.6,2.1,48.7,3.5,103.4-2.5c54.7-6,106.2-25.6,106.2-25.6V0H0v30.3c0,0,72,32.6,158.4,30.5c39.2-0.7,92.8-6.7,134-22.4\tc21.2-8.1,52.2-18.2,79.7-24.2C399.3,7.9,411.6,7.5,421.9,6.5z\"\/>\n<\/svg>\t\t<\/div>\n\t\t\t\t<div class=\"elementor-element elementor-element-7e7e961 elementor-widget elementor-widget-heading\" data-id=\"7e7e961\" data-element_type=\"widget\" data-e-type=\"widget\" data-widget_type=\"heading.default\">\n\t\t\t\t<div class=\"elementor-widget-container\">\n\t\t\t\t\t<h2 class=\"elementor-heading-title elementor-size-default\">Assembl\u00e9e g\u00e9n\u00e9rale des membres<\/h2>\t\t\t\t<\/div>\n\t\t\t\t<\/div>\n\t\t\t\t<div class=\"elementor-element elementor-element-2f97d57 elementor-widget elementor-widget-image\" data-id=\"2f97d57\" data-element_type=\"widget\" data-e-type=\"widget\" data-widget_type=\"image.default\">\n\t\t\t\t<div class=\"elementor-widget-container\">\n\t\t\t\t\t\t\t\t\t\t\t\t\t\t\t<img fetchpriority=\"high\" decoding=\"async\" width=\"500\" height=\"500\" src=\"https:\/\/supernils.be\/wp-content\/uploads\/2025\/12\/A.V.png\" class=\"attachment-large size-large wp-image-25071\" alt=\"\" srcset=\"https:\/\/supernils.be\/wp-content\/uploads\/2025\/12\/A.V.png 500w, https:\/\/supernils.be\/wp-content\/uploads\/2025\/12\/A.V-300x300.png 300w, https:\/\/supernils.be\/wp-content\/uploads\/2025\/12\/A.V-150x150.png 150w, https:\/\/supernils.be\/wp-content\/uploads\/2025\/12\/A.V-12x12.png 12w, https:\/\/supernils.be\/wp-content\/uploads\/2025\/12\/A.V-299x299.png 299w, https:\/\/supernils.be\/wp-content\/uploads\/2025\/12\/A.V-100x100.png 100w\" sizes=\"(max-width: 500px) 100vw, 500px\" \/>\t\t\t\t\t\t\t\t\t\t\t\t\t\t\t<\/div>\n\t\t\t\t<\/div>\n\t\t\t\t<\/div>\n\t\t<div class=\"elementor-element elementor-element-ff73463 e-flex e-con-boxed e-con e-parent\" data-id=\"ff73463\" data-element_type=\"container\" data-e-type=\"container\">\n\t\t\t\t\t<div class=\"e-con-inner\">\n\t\t\t\t<div class=\"elementor-element elementor-element-f47f43c elementor-widget elementor-widget-spacer\" data-id=\"f47f43c\" data-element_type=\"widget\" data-e-type=\"widget\" data-widget_type=\"spacer.default\">\n\t\t\t\t<div class=\"elementor-widget-container\">\n\t\t\t\t\t\t\t<div class=\"elementor-spacer\">\n\t\t\t<div class=\"elementor-spacer-inner\"><\/div>\n\t\t<\/div>\n\t\t\t\t\t\t<\/div>\n\t\t\t\t<\/div>\n\t\t\t\t\t<\/div>\n\t\t\t\t<\/div>\n\t\t<div class=\"elementor-element elementor-element-2527c6c e-grid e-con-full e-con e-parent\" data-id=\"2527c6c\" data-element_type=\"container\" data-e-type=\"container\">\n\t\t<div class=\"elementor-element elementor-element-415d58b e-flex e-con-boxed e-con e-child\" data-id=\"415d58b\" data-element_type=\"container\" data-e-type=\"container\">\n\t\t\t\t\t<div class=\"e-con-inner\">\n\t\t\t\t\t<\/div>\n\t\t\t\t<\/div>\n\t\t\t\t<div class=\"elementor-element elementor-element-b8a5386 elementor-widget elementor-widget-text-editor\" data-id=\"b8a5386\" data-element_type=\"widget\" data-e-type=\"widget\" data-widget_type=\"text-editor.default\">\n\t\t\t\t<div class=\"elementor-widget-container\">\n\t\t\t\t\t\t\t\t\t<p><b>Une fois par ann\u00e9e civile<\/b>, Chaque ann\u00e9e au mois de mars, l'asbl SuperNils organise son assembl\u00e9e g\u00e9n\u00e9rale.<\/p><p>Les membres du conseil d'administration et les membres de l'organisation sont pr\u00e9sents \u00e0 cette r\u00e9union. Il s'agit de personnes qui font chaque ann\u00e9e un don d'au moins 40 euros et qui indiquent qu'elles <b>Adh\u00e9sion GRATUITE<\/b> souhaitent adh\u00e9rer \u00e0 l'asbl SuperNils. Ils recevront alors une carte de membre pour l'ann\u00e9e en cours sur laquelle figure le mot de passe leur permettant d'acc\u00e9der \u00e0 l'int\u00e9gralit\u00e9 des informations disponibles sur le site web. Cette carte leur donne \u00e9galement acc\u00e8s \u00e0 l'assembl\u00e9e g\u00e9n\u00e9rale, ce qui leur permet de participer aux d\u00e9cisions (<b>droit de vote<\/b>) dans le fonctionnement et les objectifs de SuperNils.<\/p><p>Au cours de la r\u00e9union, les participants auront un aper\u00e7u du fonctionnement de l'ann\u00e9e \u00e9coul\u00e9e, des projets r\u00e9alis\u00e9s, des affaires en cours et des comptes annuels. Ils auront \u00e9galement un aper\u00e7u de la nouvelle ann\u00e9e d'activit\u00e9 avec de nouvelles id\u00e9es, des objectifs, un budget \u00e9quilibr\u00e9, les projets \u00e0 venir, les demandes de nouveaux projets et de nouvelles perspectives. Les membres auront bien s\u00fbr la possibilit\u00e9 de poser des questions suppl\u00e9mentaires. Enfin, ils donneront d\u00e9charge aux administrateurs pour le travail accompli au cours de l'ann\u00e9e \u00e9coul\u00e9e.<\/p><p>Les non-membres sont \u00e9galement les bienvenus \u00e0 cette assembl\u00e9e g\u00e9n\u00e9rale, mais ils n'ont PAS le droit de vote.\u00a0<\/p><p>Les <b>rapport<\/b> du proc\u00e8s-verbal de l'assembl\u00e9e g\u00e9n\u00e9rale sera mis \u00e0 la disposition des membres apr\u00e8s coup via le site web.\u00a0<\/p><p>Les membres re\u00e7oivent \u00e9galement chaque mois un <b>bulletin d'information<\/b>, afin qu'ils restent inform\u00e9s de tout ce qui se passe dans l'organisation.<\/p>\t\t\t\t\t\t\t\t<\/div>\n\t\t\t\t<\/div>\n\t\t\t\t<\/div>\n\t\t<div class=\"elementor-element elementor-element-09af42c e-flex e-con-boxed e-con e-parent\" data-id=\"09af42c\" data-element_type=\"container\" data-e-type=\"container\">\n\t\t\t\t\t<div class=\"e-con-inner\">\n\t\t\t\t<div class=\"elementor-element elementor-element-907998e elementor-widget elementor-widget-spacer\" data-id=\"907998e\" data-element_type=\"widget\" data-e-type=\"widget\" data-widget_type=\"spacer.default\">\n\t\t\t\t<div class=\"elementor-widget-container\">\n\t\t\t\t\t\t\t<div class=\"elementor-spacer\">\n\t\t\t<div class=\"elementor-spacer-inner\"><\/div>\n\t\t<\/div>\n\t\t\t\t\t\t<\/div>\n\t\t\t\t<\/div>\n\t\t\t\t\t<\/div>\n\t\t\t\t<\/div>\n\t\t<div class=\"elementor-element elementor-element-283d9b8 e-flex e-con-boxed e-con e-parent\" data-id=\"283d9b8\" data-element_type=\"container\" data-e-type=\"container\">\n\t\t\t\t\t<div class=\"e-con-inner\">\n\t\t\t\t<div class=\"elementor-element elementor-element-a8f4402 elementor-widget elementor-widget-spacer\" data-id=\"a8f4402\" data-element_type=\"widget\" data-e-type=\"widget\" data-widget_type=\"spacer.default\">\n\t\t\t\t<div class=\"elementor-widget-container\">\n\t\t\t\t\t\t\t<div class=\"elementor-spacer\">\n\t\t\t<div class=\"elementor-spacer-inner\"><\/div>\n\t\t<\/div>\n\t\t\t\t\t\t<\/div>\n\t\t\t\t<\/div>\n\t\t\t\t\t<\/div>\n\t\t\t\t<\/div>\n\t\t<div class=\"elementor-element elementor-element-faf66ed e-flex e-con-boxed e-con e-parent\" data-id=\"faf66ed\" data-element_type=\"container\" data-e-type=\"container\">\n\t\t\t\t\t<div class=\"e-con-inner\">\n\t\t\t\t<div class=\"elementor-element elementor-element-218d2ec elementor-widget elementor-widget-image\" data-id=\"218d2ec\" data-element_type=\"widget\" data-e-type=\"widget\" data-widget_type=\"image.default\">\n\t\t\t\t<div class=\"elementor-widget-container\">\n\t\t\t\t\t\t\t\t\t\t\t\t\t\t\t<img decoding=\"async\" width=\"640\" height=\"360\" src=\"https:\/\/supernils.be\/wp-content\/uploads\/2018\/11\/AV-SuperNils-1.png\" class=\"attachment-full size-full wp-image-331\" alt=\"\" srcset=\"https:\/\/supernils.be\/wp-content\/uploads\/2018\/11\/AV-SuperNils-1.png 640w, https:\/\/supernils.be\/wp-content\/uploads\/2018\/11\/AV-SuperNils-1-299x168.png 299w, https:\/\/supernils.be\/wp-content\/uploads\/2018\/11\/AV-SuperNils-1-572x322.png 572w, https:\/\/supernils.be\/wp-content\/uploads\/2018\/11\/AV-SuperNils-1-300x169.png 300w\" sizes=\"(max-width: 640px) 100vw, 640px\" \/>\t\t\t\t\t\t\t\t\t\t\t\t\t\t\t<\/div>\n\t\t\t\t<\/div>\n\t\t\t\t<div class=\"elementor-element elementor-element-f45ed62 elementor-widget elementor-widget-text-editor\" data-id=\"f45ed62\" data-element_type=\"widget\" data-e-type=\"widget\" data-widget_type=\"text-editor.default\">\n\t\t\t\t<div class=\"elementor-widget-container\">\n\t\t\t\t\t\t\t\t\t<p>Photo de la toute premi\u00e8re assembl\u00e9e g\u00e9n\u00e9rale en novembre 2018 (r\u00e9union de lancement).\u00a0<\/p><p>Elle s'est d\u00e9roul\u00e9e au Felix Pakhuis \u00e0 Anvers, au restaurant Balls and Glory.<\/p>\t\t\t\t\t\t\t\t<\/div>\n\t\t\t\t<\/div>\n\t\t\t\t\t<\/div>\n\t\t\t\t<\/div>\n\t\t<div class=\"elementor-element elementor-element-b1fbb5d e-flex e-con-boxed e-con e-parent\" data-id=\"b1fbb5d\" data-element_type=\"container\" data-e-type=\"container\">\n\t\t\t\t\t<div class=\"e-con-inner\">\n\t\t\t\t<div class=\"elementor-element elementor-element-3c9d75c elementor-widget elementor-widget-spacer\" data-id=\"3c9d75c\" data-element_type=\"widget\" data-e-type=\"widget\" data-widget_type=\"spacer.default\">\n\t\t\t\t<div class=\"elementor-widget-container\">\n\t\t\t\t\t\t\t<div class=\"elementor-spacer\">\n\t\t\t<div class=\"elementor-spacer-inner\"><\/div>\n\t\t<\/div>\n\t\t\t\t\t\t<\/div>\n\t\t\t\t<\/div>\n\t\t\t\t\t<\/div>\n\t\t\t\t<\/div>\n\t\t\t\t<\/div>","protected":false},"excerpt":{"rendered":"<p>Algemene ledenvergadering E\u00e9n keer per kalenderjaar, telkens in de maand maart, organiseert vzw SuperNils zijn algemene ledenvergadering. Aanwezig tijdens deze bijeenkomst zijn de leden van de Raad van Bestuur en de leden van de organisatie. Dit zijn mensen die jaarlijks een gift schenken van minimaal 40 euro \u00e9n aangeven dat ze GRATIS lid willen zijn [&hellip;]<\/p>\n","protected":false},"author":2,"featured_media":0,"parent":0,"menu_order":0,"comment_status":"closed","ping_status":"closed","template":"","meta":{"_themeisle_gutenberg_block_has_review":false,"footnotes":""},"class_list":["post-25069","page","type-page","status-publish","hentry"],"_links":{"self":[{"href":"https:\/\/supernils.be\/fr\/wp-json\/wp\/v2\/pages\/25069","targetHints":{"allow":["GET"]}}],"collection":[{"href":"https:\/\/supernils.be\/fr\/wp-json\/wp\/v2\/pages"}],"about":[{"href":"https:\/\/supernils.be\/fr\/wp-json\/wp\/v2\/types\/page"}],"author":[{"embeddable":true,"href":"https:\/\/supernils.be\/fr\/wp-json\/wp\/v2\/users\/2"}],"replies":[{"embeddable":true,"href":"https:\/\/supernils.be\/fr\/wp-json\/wp\/v2\/comments?post=25069"}],"version-history":[{"count":7,"href":"https:\/\/supernils.be\/fr\/wp-json\/wp\/v2\/pages\/25069\/revisions"}],"predecessor-version":[{"id":25077,"href":"https:\/\/supernils.be\/fr\/wp-json\/wp\/v2\/pages\/25069\/revisions\/25077"}],"wp:attachment":[{"href":"https:\/\/supernils.be\/fr\/wp-json\/wp\/v2\/media?parent=25069"}],"curies":[{"name":"wp","href":"https:\/\/api.w.org\/{rel}","templated":true}]}}