{"id":25060,"date":"2025-12-29T22:29:12","date_gmt":"2025-12-29T21:29:12","guid":{"rendered":"https:\/\/supernils.be\/?page_id=25060"},"modified":"2026-01-01T12:25:50","modified_gmt":"2026-01-01T11:25:50","slug":"administration-quotidienne","status":"publish","type":"page","link":"https:\/\/supernils.be\/fr\/dagelijks-bestuur\/","title":{"rendered":"037 \u2013 Administration quotidienne"},"content":{"rendered":"<div data-elementor-type=\"wp-page\" data-elementor-id=\"25060\" class=\"elementor elementor-25060\" data-elementor-post-type=\"page\">\n\t\t\t\t<div class=\"elementor-element elementor-element-4c831b3 e-flex e-con-boxed e-con e-parent\" data-id=\"4c831b3\" data-element_type=\"container\" data-e-type=\"container\">\n\t\t\t\t\t<div class=\"e-con-inner\">\n\t\t\t\t<div class=\"elementor-element elementor-element-34d1e04 elementor-widget elementor-widget-spacer\" data-id=\"34d1e04\" data-element_type=\"widget\" data-e-type=\"widget\" data-widget_type=\"spacer.default\">\n\t\t\t\t<div class=\"elementor-widget-container\">\n\t\t\t\t\t\t\t<div class=\"elementor-spacer\">\n\t\t\t<div class=\"elementor-spacer-inner\"><\/div>\n\t\t<\/div>\n\t\t\t\t\t\t<\/div>\n\t\t\t\t<\/div>\n\t\t\t\t\t<\/div>\n\t\t\t\t<\/div>\n\t\t<div class=\"elementor-element elementor-element-28e6a4c e-grid e-con-full e-con e-parent\" data-id=\"28e6a4c\" data-element_type=\"container\" data-e-type=\"container\" data-settings=\"{&quot;background_background&quot;:&quot;classic&quot;,&quot;shape_divider_top&quot;:&quot;waves&quot;,&quot;shape_divider_bottom&quot;:&quot;waves&quot;}\">\n\t\t\t\t<div class=\"elementor-shape elementor-shape-top\" aria-hidden=\"true\" data-negative=\"false\">\n\t\t\t<svg xmlns=\"http:\/\/www.w3.org\/2000\/svg\" viewbox=\"0 0 1000 100\" preserveaspectratio=\"none\">\n\t<path class=\"elementor-shape-fill\" d=\"M421.9,6.5c22.6-2.5,51.5,0.4,75.5,5.3c23.6,4.9,70.9,23.5,100.5,35.7c75.8,32.2,133.7,44.5,192.6,49.7\tc23.6,2.1,48.7,3.5,103.4-2.5c54.7-6,106.2-25.6,106.2-25.6V0H0v30.3c0,0,72,32.6,158.4,30.5c39.2-0.7,92.8-6.7,134-22.4\tc21.2-8.1,52.2-18.2,79.7-24.2C399.3,7.9,411.6,7.5,421.9,6.5z\"\/>\n<\/svg>\t\t<\/div>\n\t\t\t\t<div class=\"elementor-shape elementor-shape-bottom\" aria-hidden=\"true\" data-negative=\"false\">\n\t\t\t<svg xmlns=\"http:\/\/www.w3.org\/2000\/svg\" viewbox=\"0 0 1000 100\" preserveaspectratio=\"none\">\n\t<path class=\"elementor-shape-fill\" d=\"M421.9,6.5c22.6-2.5,51.5,0.4,75.5,5.3c23.6,4.9,70.9,23.5,100.5,35.7c75.8,32.2,133.7,44.5,192.6,49.7\tc23.6,2.1,48.7,3.5,103.4-2.5c54.7-6,106.2-25.6,106.2-25.6V0H0v30.3c0,0,72,32.6,158.4,30.5c39.2-0.7,92.8-6.7,134-22.4\tc21.2-8.1,52.2-18.2,79.7-24.2C399.3,7.9,411.6,7.5,421.9,6.5z\"\/>\n<\/svg>\t\t<\/div>\n\t\t\t\t<div class=\"elementor-element elementor-element-7e7e961 elementor-widget elementor-widget-heading\" data-id=\"7e7e961\" data-element_type=\"widget\" data-e-type=\"widget\" data-widget_type=\"heading.default\">\n\t\t\t\t<div class=\"elementor-widget-container\">\n\t\t\t\t\t<h2 class=\"elementor-heading-title elementor-size-default\">Le comit\u00e9 ex\u00e9cutif<\/h2>\t\t\t\t<\/div>\n\t\t\t\t<\/div>\n\t\t\t\t<div class=\"elementor-element elementor-element-2f97d57 elementor-widget elementor-widget-image\" data-id=\"2f97d57\" data-element_type=\"widget\" data-e-type=\"widget\" data-widget_type=\"image.default\">\n\t\t\t\t<div class=\"elementor-widget-container\">\n\t\t\t\t\t\t\t\t\t\t\t\t\t\t\t<img fetchpriority=\"high\" decoding=\"async\" width=\"500\" height=\"500\" src=\"https:\/\/supernils.be\/wp-content\/uploads\/2025\/12\/Dagelijks-Bestuur.png\" class=\"attachment-large size-large wp-image-25062\" alt=\"\" srcset=\"https:\/\/supernils.be\/wp-content\/uploads\/2025\/12\/Dagelijks-Bestuur.png 500w, https:\/\/supernils.be\/wp-content\/uploads\/2025\/12\/Dagelijks-Bestuur-300x300.png 300w, https:\/\/supernils.be\/wp-content\/uploads\/2025\/12\/Dagelijks-Bestuur-150x150.png 150w, https:\/\/supernils.be\/wp-content\/uploads\/2025\/12\/Dagelijks-Bestuur-12x12.png 12w, https:\/\/supernils.be\/wp-content\/uploads\/2025\/12\/Dagelijks-Bestuur-299x299.png 299w, https:\/\/supernils.be\/wp-content\/uploads\/2025\/12\/Dagelijks-Bestuur-100x100.png 100w\" sizes=\"(max-width: 500px) 100vw, 500px\" \/>\t\t\t\t\t\t\t\t\t\t\t\t\t\t\t<\/div>\n\t\t\t\t<\/div>\n\t\t\t\t<\/div>\n\t\t<div class=\"elementor-element elementor-element-ff73463 e-flex e-con-boxed e-con e-parent\" data-id=\"ff73463\" data-element_type=\"container\" data-e-type=\"container\">\n\t\t\t\t\t<div class=\"e-con-inner\">\n\t\t\t\t<div class=\"elementor-element elementor-element-f47f43c elementor-widget elementor-widget-spacer\" data-id=\"f47f43c\" data-element_type=\"widget\" data-e-type=\"widget\" data-widget_type=\"spacer.default\">\n\t\t\t\t<div class=\"elementor-widget-container\">\n\t\t\t\t\t\t\t<div class=\"elementor-spacer\">\n\t\t\t<div class=\"elementor-spacer-inner\"><\/div>\n\t\t<\/div>\n\t\t\t\t\t\t<\/div>\n\t\t\t\t<\/div>\n\t\t\t\t\t<\/div>\n\t\t\t\t<\/div>\n\t\t<div class=\"elementor-element elementor-element-2527c6c e-grid e-con-full e-con e-parent\" data-id=\"2527c6c\" data-element_type=\"container\" data-e-type=\"container\">\n\t\t<div class=\"elementor-element elementor-element-415d58b e-flex e-con-boxed e-con e-child\" data-id=\"415d58b\" data-element_type=\"container\" data-e-type=\"container\">\n\t\t\t\t\t<div class=\"e-con-inner\">\n\t\t\t\t\t<\/div>\n\t\t\t\t<\/div>\n\t\t\t\t<div class=\"elementor-element elementor-element-b8a5386 elementor-widget elementor-widget-text-editor\" data-id=\"b8a5386\" data-element_type=\"widget\" data-e-type=\"widget\" data-widget_type=\"text-editor.default\">\n\t\t\t\t<div class=\"elementor-widget-container\">\n\t\t\t\t\t\t\t\t\t<p>Comme les membres du Conseil d'administration ne peuvent pas se r\u00e9unir en permanence pour suivre les affaires courantes, il est n\u00e9cessaire de mettre en place un Comit\u00e9 ex\u00e9cutif. \u00c0 partir de 2026, nous r\u00e9unirons quatre membres du Conseil d'administration au sein de cette plateforme de concertation plus restreinte. Ces personnes recevront un mandat de l'ensemble du Conseil d'administration. Elles seront charg\u00e9es de concevoir, de r\u00e9diger et de suivre des projets, d'examiner en permanence la situation financi\u00e8re et de la maintenir sur la bonne voie, de proc\u00e9der aux achats n\u00e9cessaires, d'\u00e9tablir des contacts avec des partenaires potentiels, d'organiser des r\u00e9unions avec les h\u00f4pitaux partenaires, etc. Elles rendront toujours compte de leurs activit\u00e9s lors des r\u00e9unions du Conseil d'administration. En cas de probl\u00e8mes ou d'achats d'un montant \u00e9lev\u00e9 (des accords ont \u00e9t\u00e9 conclus \u00e0 ce sujet dans le manuel qualit\u00e9), ils contactent l'ensemble du conseil d'administration par e-mail ou par t\u00e9l\u00e9phone.<\/p><p>Le travail quotidien sera r\u00e9parti entre ces quatre personnes, afin d'am\u00e9liorer la qualit\u00e9 du travail et de le rendre r\u00e9alisable pour tout le monde.\u00a0<\/p>\t\t\t\t\t\t\t\t<\/div>\n\t\t\t\t<\/div>\n\t\t\t\t<\/div>\n\t\t<div class=\"elementor-element elementor-element-09af42c e-flex e-con-boxed e-con e-parent\" data-id=\"09af42c\" data-element_type=\"container\" data-e-type=\"container\">\n\t\t\t\t\t<div class=\"e-con-inner\">\n\t\t\t\t<div class=\"elementor-element elementor-element-907998e elementor-widget elementor-widget-spacer\" data-id=\"907998e\" data-element_type=\"widget\" data-e-type=\"widget\" data-widget_type=\"spacer.default\">\n\t\t\t\t<div class=\"elementor-widget-container\">\n\t\t\t\t\t\t\t<div class=\"elementor-spacer\">\n\t\t\t<div class=\"elementor-spacer-inner\"><\/div>\n\t\t<\/div>\n\t\t\t\t\t\t<\/div>\n\t\t\t\t<\/div>\n\t\t\t\t\t<\/div>\n\t\t\t\t<\/div>\n\t\t<div class=\"elementor-element elementor-element-283d9b8 e-flex e-con-boxed e-con e-parent\" data-id=\"283d9b8\" data-element_type=\"container\" data-e-type=\"container\">\n\t\t\t\t\t<div class=\"e-con-inner\">\n\t\t\t\t<div class=\"elementor-element elementor-element-a8f4402 elementor-widget elementor-widget-spacer\" data-id=\"a8f4402\" data-element_type=\"widget\" data-e-type=\"widget\" data-widget_type=\"spacer.default\">\n\t\t\t\t<div class=\"elementor-widget-container\">\n\t\t\t\t\t\t\t<div class=\"elementor-spacer\">\n\t\t\t<div class=\"elementor-spacer-inner\"><\/div>\n\t\t<\/div>\n\t\t\t\t\t\t<\/div>\n\t\t\t\t<\/div>\n\t\t\t\t\t<\/div>\n\t\t\t\t<\/div>\n\t\t<div class=\"elementor-element elementor-element-bb2b427 e-grid e-con-full e-con e-parent\" data-id=\"bb2b427\" data-element_type=\"container\" data-e-type=\"container\">\n\t\t<div class=\"elementor-element elementor-element-7b04f68 e-flex e-con-boxed e-con e-child\" data-id=\"7b04f68\" data-element_type=\"container\" data-e-type=\"container\">\n\t\t\t\t\t<div class=\"e-con-inner\">\n\t\t\t\t<div class=\"elementor-element elementor-element-59a3e6d elementor-widget elementor-widget-image\" data-id=\"59a3e6d\" data-element_type=\"widget\" data-e-type=\"widget\" data-widget_type=\"image.default\">\n\t\t\t\t<div class=\"elementor-widget-container\">\n\t\t\t\t\t\t\t\t\t\t\t\t\t\t\t<img decoding=\"async\" width=\"480\" height=\"640\" src=\"https:\/\/supernils.be\/wp-content\/uploads\/2024\/09\/OK-001-Robert2-1.png\" class=\"attachment-large size-large wp-image-15936\" alt=\"\" srcset=\"https:\/\/supernils.be\/wp-content\/uploads\/2024\/09\/OK-001-Robert2-1.png 480w, https:\/\/supernils.be\/wp-content\/uploads\/2024\/09\/OK-001-Robert2-1-225x300.png 225w, https:\/\/supernils.be\/wp-content\/uploads\/2024\/09\/OK-001-Robert2-1-9x12.png 9w, https:\/\/supernils.be\/wp-content\/uploads\/2024\/09\/OK-001-Robert2-1-299x399.png 299w\" sizes=\"(max-width: 480px) 100vw, 480px\" \/>\t\t\t\t\t\t\t\t\t\t\t\t\t\t\t<\/div>\n\t\t\t\t<\/div>\n\t\t\t\t<div class=\"elementor-element elementor-element-798d7f6 elementor-widget elementor-widget-heading\" data-id=\"798d7f6\" data-element_type=\"widget\" data-e-type=\"widget\" data-widget_type=\"heading.default\">\n\t\t\t\t<div class=\"elementor-widget-container\">\n\t\t\t\t\t<h2 class=\"elementor-heading-title elementor-size-default\">Robert Scheltjens<\/h2>\t\t\t\t<\/div>\n\t\t\t\t<\/div>\n\t\t\t\t<div class=\"elementor-element elementor-element-b0b837b elementor-widget elementor-widget-text-editor\" data-id=\"b0b837b\" data-element_type=\"widget\" data-e-type=\"widget\" data-widget_type=\"text-editor.default\">\n\t\t\t\t<div class=\"elementor-widget-container\">\n\t\t\t\t\t\t\t\t\t<p>Pr\u00e9sident \u2013 Fondateur<\/p>\t\t\t\t\t\t\t\t<\/div>\n\t\t\t\t<\/div>\n\t\t\t\t\t<\/div>\n\t\t\t\t<\/div>\n\t\t<div class=\"elementor-element elementor-element-17513db e-flex e-con-boxed e-con e-child\" data-id=\"17513db\" data-element_type=\"container\" data-e-type=\"container\">\n\t\t\t\t\t<div class=\"e-con-inner\">\n\t\t\t\t<div class=\"elementor-element elementor-element-bd8bee6 elementor-widget elementor-widget-image\" data-id=\"bd8bee6\" data-element_type=\"widget\" data-e-type=\"widget\" data-widget_type=\"image.default\">\n\t\t\t\t<div class=\"elementor-widget-container\">\n\t\t\t\t\t\t\t\t\t\t\t\t\t\t\t<img decoding=\"async\" width=\"480\" height=\"640\" src=\"https:\/\/supernils.be\/wp-content\/uploads\/2024\/09\/OK-001-Leona-1.png\" class=\"attachment-large size-large wp-image-16148\" alt=\"\" srcset=\"https:\/\/supernils.be\/wp-content\/uploads\/2024\/09\/OK-001-Leona-1.png 480w, https:\/\/supernils.be\/wp-content\/uploads\/2024\/09\/OK-001-Leona-1-225x300.png 225w, https:\/\/supernils.be\/wp-content\/uploads\/2024\/09\/OK-001-Leona-1-9x12.png 9w, https:\/\/supernils.be\/wp-content\/uploads\/2024\/09\/OK-001-Leona-1-299x399.png 299w\" sizes=\"(max-width: 480px) 100vw, 480px\" \/>\t\t\t\t\t\t\t\t\t\t\t\t\t\t\t<\/div>\n\t\t\t\t<\/div>\n\t\t\t\t<div class=\"elementor-element elementor-element-30c76af elementor-widget elementor-widget-heading\" data-id=\"30c76af\" data-element_type=\"widget\" data-e-type=\"widget\" data-widget_type=\"heading.default\">\n\t\t\t\t<div class=\"elementor-widget-container\">\n\t\t\t\t\t<h2 class=\"elementor-heading-title elementor-size-default\">Leona Koninckx<\/h2>\t\t\t\t<\/div>\n\t\t\t\t<\/div>\n\t\t\t\t<div class=\"elementor-element elementor-element-2ffb8bb elementor-widget elementor-widget-text-editor\" data-id=\"2ffb8bb\" data-element_type=\"widget\" data-e-type=\"widget\" data-widget_type=\"text-editor.default\">\n\t\t\t\t<div class=\"elementor-widget-container\">\n\t\t\t\t\t\t\t\t\t<p>Secr\u00e9taire \u2013 Co-fondateur<\/p>\t\t\t\t\t\t\t\t<\/div>\n\t\t\t\t<\/div>\n\t\t\t\t\t<\/div>\n\t\t\t\t<\/div>\n\t\t<div class=\"elementor-element elementor-element-fa5ef3e e-flex e-con-boxed e-con e-child\" data-id=\"fa5ef3e\" data-element_type=\"container\" data-e-type=\"container\">\n\t\t\t\t\t<div class=\"e-con-inner\">\n\t\t<div class=\"elementor-element elementor-element-eb2005e e-con-full e-flex e-con e-child\" data-id=\"eb2005e\" data-element_type=\"container\" data-e-type=\"container\">\n\t\t\t\t<div class=\"elementor-element elementor-element-760a66a elementor-widget elementor-widget-image\" data-id=\"760a66a\" data-element_type=\"widget\" data-e-type=\"widget\" data-widget_type=\"image.default\">\n\t\t\t\t<div class=\"elementor-widget-container\">\n\t\t\t\t\t\t\t\t\t\t\t\t\t\t\t<img loading=\"lazy\" decoding=\"async\" width=\"572\" height=\"572\" src=\"https:\/\/supernils.be\/wp-content\/uploads\/2024\/09\/OK-001-Evy-1634758223735-572x572-1.jpg\" class=\"attachment-large size-large wp-image-15862\" alt=\"\" srcset=\"https:\/\/supernils.be\/wp-content\/uploads\/2024\/09\/OK-001-Evy-1634758223735-572x572-1.jpg 572w, https:\/\/supernils.be\/wp-content\/uploads\/2024\/09\/OK-001-Evy-1634758223735-572x572-1-300x300.jpg 300w, https:\/\/supernils.be\/wp-content\/uploads\/2024\/09\/OK-001-Evy-1634758223735-572x572-1-150x150.jpg 150w, https:\/\/supernils.be\/wp-content\/uploads\/2024\/09\/OK-001-Evy-1634758223735-572x572-1-12x12.jpg 12w, https:\/\/supernils.be\/wp-content\/uploads\/2024\/09\/OK-001-Evy-1634758223735-572x572-1-299x299.jpg 299w, https:\/\/supernils.be\/wp-content\/uploads\/2024\/09\/OK-001-Evy-1634758223735-572x572-1-100x100.jpg 100w\" sizes=\"(max-width: 572px) 100vw, 572px\" \/>\t\t\t\t\t\t\t\t\t\t\t\t\t\t\t<\/div>\n\t\t\t\t<\/div>\n\t\t\t\t<div class=\"elementor-element elementor-element-0e1a1c1 elementor-widget elementor-widget-heading\" data-id=\"0e1a1c1\" data-element_type=\"widget\" data-e-type=\"widget\" data-widget_type=\"heading.default\">\n\t\t\t\t<div class=\"elementor-widget-container\">\n\t\t\t\t\t<h2 class=\"elementor-heading-title elementor-size-default\">Evi Dejongh<\/h2>\t\t\t\t<\/div>\n\t\t\t\t<\/div>\n\t\t\t\t<div class=\"elementor-element elementor-element-b311696 elementor-widget elementor-widget-text-editor\" data-id=\"b311696\" data-element_type=\"widget\" data-e-type=\"widget\" data-widget_type=\"text-editor.default\">\n\t\t\t\t<div class=\"elementor-widget-container\">\n\t\t\t\t\t\t\t\t\t<p>Directeur<\/p>\t\t\t\t\t\t\t\t<\/div>\n\t\t\t\t<\/div>\n\t\t\t\t<\/div>\n\t\t\t\t\t<\/div>\n\t\t\t\t<\/div>\n\t\t<div class=\"elementor-element elementor-element-8a92239 e-flex e-con-boxed e-con e-child\" data-id=\"8a92239\" data-element_type=\"container\" data-e-type=\"container\">\n\t\t\t\t\t<div class=\"e-con-inner\">\n\t\t\t\t<div class=\"elementor-element elementor-element-304b3c0 elementor-widget elementor-widget-image\" data-id=\"304b3c0\" data-element_type=\"widget\" data-e-type=\"widget\" data-widget_type=\"image.default\">\n\t\t\t\t<div class=\"elementor-widget-container\">\n\t\t\t\t\t\t\t\t\t\t\t\t\t\t\t<img loading=\"lazy\" decoding=\"async\" width=\"791\" height=\"1054\" src=\"https:\/\/supernils.be\/wp-content\/uploads\/2025\/12\/PHOTO-2025-12-30-10-07-07-791x1054.jpg\" class=\"attachment-large size-large wp-image-25630\" alt=\"\" srcset=\"https:\/\/supernils.be\/wp-content\/uploads\/2025\/12\/PHOTO-2025-12-30-10-07-07-791x1054.jpg 791w, https:\/\/supernils.be\/wp-content\/uploads\/2025\/12\/PHOTO-2025-12-30-10-07-07-225x300.jpg 225w, https:\/\/supernils.be\/wp-content\/uploads\/2025\/12\/PHOTO-2025-12-30-10-07-07-768x1024.jpg 768w, https:\/\/supernils.be\/wp-content\/uploads\/2025\/12\/PHOTO-2025-12-30-10-07-07-1152x1536.jpg 1152w, https:\/\/supernils.be\/wp-content\/uploads\/2025\/12\/PHOTO-2025-12-30-10-07-07-9x12.jpg 9w, https:\/\/supernils.be\/wp-content\/uploads\/2025\/12\/PHOTO-2025-12-30-10-07-07-299x399.jpg 299w, https:\/\/supernils.be\/wp-content\/uploads\/2025\/12\/PHOTO-2025-12-30-10-07-07-572x763.jpg 572w, https:\/\/supernils.be\/wp-content\/uploads\/2025\/12\/PHOTO-2025-12-30-10-07-07.jpg 1536w\" sizes=\"(max-width: 791px) 100vw, 791px\" \/>\t\t\t\t\t\t\t\t\t\t\t\t\t\t\t<\/div>\n\t\t\t\t<\/div>\n\t\t\t\t<div class=\"elementor-element elementor-element-526e31e elementor-widget elementor-widget-heading\" data-id=\"526e31e\" data-element_type=\"widget\" data-e-type=\"widget\" data-widget_type=\"heading.default\">\n\t\t\t\t<div class=\"elementor-widget-container\">\n\t\t\t\t\t<h2 class=\"elementor-heading-title elementor-size-default\">Karin Van den Brandt<\/h2>\t\t\t\t<\/div>\n\t\t\t\t<\/div>\n\t\t\t\t<div class=\"elementor-element elementor-element-8aa457a elementor-widget elementor-widget-text-editor\" data-id=\"8aa457a\" data-element_type=\"widget\" data-e-type=\"widget\" data-widget_type=\"text-editor.default\">\n\t\t\t\t<div class=\"elementor-widget-container\">\n\t\t\t\t\t\t\t\t\t<p>Directeur<\/p>\t\t\t\t\t\t\t\t<\/div>\n\t\t\t\t<\/div>\n\t\t\t\t\t<\/div>\n\t\t\t\t<\/div>\n\t\t\t\t<\/div>\n\t\t<div class=\"elementor-element elementor-element-b1fbb5d e-flex e-con-boxed e-con e-parent\" data-id=\"b1fbb5d\" data-element_type=\"container\" data-e-type=\"container\">\n\t\t\t\t\t<div class=\"e-con-inner\">\n\t\t\t\t<div class=\"elementor-element elementor-element-3c9d75c elementor-widget elementor-widget-spacer\" data-id=\"3c9d75c\" data-element_type=\"widget\" data-e-type=\"widget\" data-widget_type=\"spacer.default\">\n\t\t\t\t<div class=\"elementor-widget-container\">\n\t\t\t\t\t\t\t<div class=\"elementor-spacer\">\n\t\t\t<div class=\"elementor-spacer-inner\"><\/div>\n\t\t<\/div>\n\t\t\t\t\t\t<\/div>\n\t\t\t\t<\/div>\n\t\t\t\t\t<\/div>\n\t\t\t\t<\/div>\n\t\t\t\t<\/div>","protected":false},"excerpt":{"rendered":"<p>Het Dagelijks Bestuur Omdat de mensen van de Raad van Bestuur niet voortdurend bijeen kunnen komen om de dagelijkse beslommeringen op te volgen, is er nood aan een Dagelijks Bestuur. Vanaf 2026 brengen we 4 mensen uit de Raad van Bestuur samen in dit kleinere overlegplatform. Deze mensen krijgen daarvoor een mandaat vanuit de volledige [&hellip;]<\/p>\n","protected":false},"author":2,"featured_media":0,"parent":0,"menu_order":0,"comment_status":"closed","ping_status":"closed","template":"","meta":{"_themeisle_gutenberg_block_has_review":false,"footnotes":""},"class_list":["post-25060","page","type-page","status-publish","hentry"],"_links":{"self":[{"href":"https:\/\/supernils.be\/fr\/wp-json\/wp\/v2\/pages\/25060","targetHints":{"allow":["GET"]}}],"collection":[{"href":"https:\/\/supernils.be\/fr\/wp-json\/wp\/v2\/pages"}],"about":[{"href":"https:\/\/supernils.be\/fr\/wp-json\/wp\/v2\/types\/page"}],"author":[{"embeddable":true,"href":"https:\/\/supernils.be\/fr\/wp-json\/wp\/v2\/users\/2"}],"replies":[{"embeddable":true,"href":"https:\/\/supernils.be\/fr\/wp-json\/wp\/v2\/comments?post=25060"}],"version-history":[{"count":10,"href":"https:\/\/supernils.be\/fr\/wp-json\/wp\/v2\/pages\/25060\/revisions"}],"predecessor-version":[{"id":25673,"href":"https:\/\/supernils.be\/fr\/wp-json\/wp\/v2\/pages\/25060\/revisions\/25673"}],"wp:attachment":[{"href":"https:\/\/supernils.be\/fr\/wp-json\/wp\/v2\/media?parent=25060"}],"curies":[{"name":"wp","href":"https:\/\/api.w.org\/{rel}","templated":true}]}}