{"id":25034,"date":"2025-12-29T19:01:29","date_gmt":"2025-12-29T18:01:29","guid":{"rendered":"https:\/\/supernils.be\/?page_id=25034"},"modified":"2026-03-23T17:55:48","modified_gmt":"2026-03-23T16:55:48","slug":"conseil-dadministration","status":"publish","type":"page","link":"https:\/\/supernils.be\/fr\/raad-van-bestuur\/","title":{"rendered":"036 \u2013 RVB"},"content":{"rendered":"<div data-elementor-type=\"wp-page\" data-elementor-id=\"25034\" class=\"elementor elementor-25034\" data-elementor-post-type=\"page\">\n\t\t\t\t<div class=\"elementor-element elementor-element-4c831b3 e-flex e-con-boxed e-con e-parent\" data-id=\"4c831b3\" data-element_type=\"container\" data-e-type=\"container\">\n\t\t\t\t\t<div class=\"e-con-inner\">\n\t\t\t\t<div class=\"elementor-element elementor-element-34d1e04 elementor-widget elementor-widget-spacer\" data-id=\"34d1e04\" data-element_type=\"widget\" data-e-type=\"widget\" data-widget_type=\"spacer.default\">\n\t\t\t\t<div class=\"elementor-widget-container\">\n\t\t\t\t\t\t\t<div class=\"elementor-spacer\">\n\t\t\t<div class=\"elementor-spacer-inner\"><\/div>\n\t\t<\/div>\n\t\t\t\t\t\t<\/div>\n\t\t\t\t<\/div>\n\t\t\t\t\t<\/div>\n\t\t\t\t<\/div>\n\t\t<div class=\"elementor-element elementor-element-28e6a4c e-grid e-con-full e-con e-parent\" data-id=\"28e6a4c\" data-element_type=\"container\" data-e-type=\"container\" data-settings=\"{&quot;background_background&quot;:&quot;classic&quot;,&quot;shape_divider_top&quot;:&quot;waves&quot;,&quot;shape_divider_bottom&quot;:&quot;waves&quot;}\">\n\t\t\t\t<div class=\"elementor-shape elementor-shape-top\" aria-hidden=\"true\" data-negative=\"false\">\n\t\t\t<svg xmlns=\"http:\/\/www.w3.org\/2000\/svg\" viewbox=\"0 0 1000 100\" preserveaspectratio=\"none\">\n\t<path class=\"elementor-shape-fill\" d=\"M421.9,6.5c22.6-2.5,51.5,0.4,75.5,5.3c23.6,4.9,70.9,23.5,100.5,35.7c75.8,32.2,133.7,44.5,192.6,49.7\tc23.6,2.1,48.7,3.5,103.4-2.5c54.7-6,106.2-25.6,106.2-25.6V0H0v30.3c0,0,72,32.6,158.4,30.5c39.2-0.7,92.8-6.7,134-22.4\tc21.2-8.1,52.2-18.2,79.7-24.2C399.3,7.9,411.6,7.5,421.9,6.5z\"\/>\n<\/svg>\t\t<\/div>\n\t\t\t\t<div class=\"elementor-shape elementor-shape-bottom\" aria-hidden=\"true\" data-negative=\"false\">\n\t\t\t<svg xmlns=\"http:\/\/www.w3.org\/2000\/svg\" viewbox=\"0 0 1000 100\" preserveaspectratio=\"none\">\n\t<path class=\"elementor-shape-fill\" d=\"M421.9,6.5c22.6-2.5,51.5,0.4,75.5,5.3c23.6,4.9,70.9,23.5,100.5,35.7c75.8,32.2,133.7,44.5,192.6,49.7\tc23.6,2.1,48.7,3.5,103.4-2.5c54.7-6,106.2-25.6,106.2-25.6V0H0v30.3c0,0,72,32.6,158.4,30.5c39.2-0.7,92.8-6.7,134-22.4\tc21.2-8.1,52.2-18.2,79.7-24.2C399.3,7.9,411.6,7.5,421.9,6.5z\"\/>\n<\/svg>\t\t<\/div>\n\t\t\t\t<div class=\"elementor-element elementor-element-7e7e961 elementor-widget elementor-widget-heading\" data-id=\"7e7e961\" data-element_type=\"widget\" data-e-type=\"widget\" data-widget_type=\"heading.default\">\n\t\t\t\t<div class=\"elementor-widget-container\">\n\t\t\t\t\t<h2 class=\"elementor-heading-title elementor-size-default\">D\u00e9couvrez notre <br>Conseil d'administration<\/h2>\t\t\t\t<\/div>\n\t\t\t\t<\/div>\n\t\t\t\t<div class=\"elementor-element elementor-element-2f97d57 elementor-widget elementor-widget-image\" data-id=\"2f97d57\" data-element_type=\"widget\" data-e-type=\"widget\" data-widget_type=\"image.default\">\n\t\t\t\t<div class=\"elementor-widget-container\">\n\t\t\t\t\t\t\t\t\t\t\t\t\t\t\t<img fetchpriority=\"high\" decoding=\"async\" width=\"500\" height=\"500\" src=\"https:\/\/supernils.be\/wp-content\/uploads\/2025\/12\/RVB.png\" class=\"attachment-large size-large wp-image-25036\" alt=\"\" srcset=\"https:\/\/supernils.be\/wp-content\/uploads\/2025\/12\/RVB.png 500w, https:\/\/supernils.be\/wp-content\/uploads\/2025\/12\/RVB-300x300.png 300w, https:\/\/supernils.be\/wp-content\/uploads\/2025\/12\/RVB-150x150.png 150w, https:\/\/supernils.be\/wp-content\/uploads\/2025\/12\/RVB-12x12.png 12w, https:\/\/supernils.be\/wp-content\/uploads\/2025\/12\/RVB-299x299.png 299w, https:\/\/supernils.be\/wp-content\/uploads\/2025\/12\/RVB-100x100.png 100w\" sizes=\"(max-width: 500px) 100vw, 500px\" \/>\t\t\t\t\t\t\t\t\t\t\t\t\t\t\t<\/div>\n\t\t\t\t<\/div>\n\t\t\t\t<\/div>\n\t\t<div class=\"elementor-element elementor-element-ff73463 e-flex e-con-boxed e-con e-parent\" data-id=\"ff73463\" data-element_type=\"container\" data-e-type=\"container\">\n\t\t\t\t\t<div class=\"e-con-inner\">\n\t\t\t\t<div class=\"elementor-element elementor-element-f47f43c elementor-widget elementor-widget-spacer\" data-id=\"f47f43c\" data-element_type=\"widget\" data-e-type=\"widget\" data-widget_type=\"spacer.default\">\n\t\t\t\t<div class=\"elementor-widget-container\">\n\t\t\t\t\t\t\t<div class=\"elementor-spacer\">\n\t\t\t<div class=\"elementor-spacer-inner\"><\/div>\n\t\t<\/div>\n\t\t\t\t\t\t<\/div>\n\t\t\t\t<\/div>\n\t\t\t\t\t<\/div>\n\t\t\t\t<\/div>\n\t\t<div class=\"elementor-element elementor-element-2527c6c e-grid e-con-full e-con e-parent\" data-id=\"2527c6c\" data-element_type=\"container\" data-e-type=\"container\">\n\t\t<div class=\"elementor-element elementor-element-415d58b e-flex e-con-boxed e-con e-child\" data-id=\"415d58b\" data-element_type=\"container\" data-e-type=\"container\">\n\t\t\t\t\t<div class=\"e-con-inner\">\n\t\t\t\t\t<\/div>\n\t\t\t\t<\/div>\n\t\t\t\t<div class=\"elementor-element elementor-element-b8a5386 elementor-widget elementor-widget-text-editor\" data-id=\"b8a5386\" data-element_type=\"widget\" data-e-type=\"widget\" data-widget_type=\"text-editor.default\">\n\t\t\t\t<div class=\"elementor-widget-container\">\n\t\t\t\t\t\t\t\t\t<p>L'Asbl SuperNils a pour objectif d'\u00eatre une organisation professionnelle de patients reconnue dans le monde des soins de sant\u00e9, des h\u00f4pitaux, des universit\u00e9s et des autres associations de patients.<\/p><p>Pour y parvenir, vous avez besoin d'une structure claire et de personnes qui s'engagent pleinement dans l'organisation.<\/p><p>Le conseil d'administration est donc compos\u00e9 de 9 personnes, dont 50% proches, qui remplissent cette condition. Ce sont ces personnes qui r\u00e9fl\u00e9chissent en permanence au fonctionnement, aux nouveaux projets, aux optimisations et aux initiatives. Elles constituent le cerveau de l'asbl SuperNils et prennent des d\u00e9cisions m\u00fbrement r\u00e9fl\u00e9chies.<\/p>\t\t\t\t\t\t\t\t<\/div>\n\t\t\t\t<\/div>\n\t\t\t\t<\/div>\n\t\t<div class=\"elementor-element elementor-element-09af42c e-flex e-con-boxed e-con e-parent\" data-id=\"09af42c\" data-element_type=\"container\" data-e-type=\"container\">\n\t\t\t\t\t<div class=\"e-con-inner\">\n\t\t\t\t<div class=\"elementor-element elementor-element-907998e elementor-widget elementor-widget-spacer\" data-id=\"907998e\" data-element_type=\"widget\" data-e-type=\"widget\" data-widget_type=\"spacer.default\">\n\t\t\t\t<div class=\"elementor-widget-container\">\n\t\t\t\t\t\t\t<div class=\"elementor-spacer\">\n\t\t\t<div class=\"elementor-spacer-inner\"><\/div>\n\t\t<\/div>\n\t\t\t\t\t\t<\/div>\n\t\t\t\t<\/div>\n\t\t\t\t\t<\/div>\n\t\t\t\t<\/div>\n\t\t<div class=\"elementor-element elementor-element-283d9b8 e-flex e-con-boxed e-con e-parent\" data-id=\"283d9b8\" data-element_type=\"container\" data-e-type=\"container\">\n\t\t\t\t\t<div class=\"e-con-inner\">\n\t\t\t\t<div class=\"elementor-element elementor-element-a8f4402 elementor-widget elementor-widget-spacer\" data-id=\"a8f4402\" data-element_type=\"widget\" data-e-type=\"widget\" data-widget_type=\"spacer.default\">\n\t\t\t\t<div class=\"elementor-widget-container\">\n\t\t\t\t\t\t\t<div class=\"elementor-spacer\">\n\t\t\t<div class=\"elementor-spacer-inner\"><\/div>\n\t\t<\/div>\n\t\t\t\t\t\t<\/div>\n\t\t\t\t<\/div>\n\t\t\t\t\t<\/div>\n\t\t\t\t<\/div>\n\t\t<div class=\"elementor-element elementor-element-565e79d e-grid e-con-full e-con e-parent\" data-id=\"565e79d\" data-element_type=\"container\" data-e-type=\"container\">\n\t\t\t\t<div class=\"elementor-element elementor-element-9e24e00 elementor-position-left elementor-vertical-align-top elementor-widget elementor-widget-image-box\" data-id=\"9e24e00\" data-element_type=\"widget\" data-e-type=\"widget\" data-widget_type=\"image-box.default\">\n\t\t\t\t<div class=\"elementor-widget-container\">\n\t\t\t\t\t<div class=\"elementor-image-box-wrapper\"><figure class=\"elementor-image-box-img\"><img decoding=\"async\" width=\"1200\" height=\"1600\" src=\"https:\/\/supernils.be\/wp-content\/uploads\/2026\/03\/WhatsApp-Image-2026-03-23-at-17.15.22.jpeg\" class=\"attachment-full size-full wp-image-26458\" alt=\"\" srcset=\"https:\/\/supernils.be\/wp-content\/uploads\/2026\/03\/WhatsApp-Image-2026-03-23-at-17.15.22.jpeg 1200w, https:\/\/supernils.be\/wp-content\/uploads\/2026\/03\/WhatsApp-Image-2026-03-23-at-17.15.22-225x300.jpeg 225w, https:\/\/supernils.be\/wp-content\/uploads\/2026\/03\/WhatsApp-Image-2026-03-23-at-17.15.22-791x1054.jpeg 791w, https:\/\/supernils.be\/wp-content\/uploads\/2026\/03\/WhatsApp-Image-2026-03-23-at-17.15.22-768x1024.jpeg 768w, https:\/\/supernils.be\/wp-content\/uploads\/2026\/03\/WhatsApp-Image-2026-03-23-at-17.15.22-1152x1536.jpeg 1152w, https:\/\/supernils.be\/wp-content\/uploads\/2026\/03\/WhatsApp-Image-2026-03-23-at-17.15.22-9x12.jpeg 9w, https:\/\/supernils.be\/wp-content\/uploads\/2026\/03\/WhatsApp-Image-2026-03-23-at-17.15.22-299x399.jpeg 299w, https:\/\/supernils.be\/wp-content\/uploads\/2026\/03\/WhatsApp-Image-2026-03-23-at-17.15.22-572x763.jpeg 572w\" sizes=\"(max-width: 1200px) 100vw, 1200px\" \/><\/figure><div class=\"elementor-image-box-content\"><h3 class=\"elementor-image-box-title\">Robert Scheltjens<\/h3><p class=\"elementor-image-box-description\">Pr\u00e9sident - Fondateur<br><br>\n\nDirecteur g\u00e9n\u00e9ral retrait\u00e9 de Stedelijk Basisonderwijs Antwerpen.<br>AP Coll\u00e8ge universitaire d'Anvers\n<\/p><\/div><\/div>\t\t\t\t<\/div>\n\t\t\t\t<\/div>\n\t\t\t\t<div class=\"elementor-element elementor-element-c671ad3 elementor-position-left elementor-vertical-align-top elementor-widget elementor-widget-image-box\" data-id=\"c671ad3\" data-element_type=\"widget\" data-e-type=\"widget\" data-widget_type=\"image-box.default\">\n\t\t\t\t<div class=\"elementor-widget-container\">\n\t\t\t\t\t<div class=\"elementor-image-box-wrapper\"><figure class=\"elementor-image-box-img\"><img decoding=\"async\" width=\"581\" height=\"805\" src=\"https:\/\/supernils.be\/wp-content\/uploads\/2024\/09\/OK-001-Jorn3-1.png\" class=\"attachment-full size-full wp-image-15881\" alt=\"\" srcset=\"https:\/\/supernils.be\/wp-content\/uploads\/2024\/09\/OK-001-Jorn3-1.png 581w, https:\/\/supernils.be\/wp-content\/uploads\/2024\/09\/OK-001-Jorn3-1-217x300.png 217w, https:\/\/supernils.be\/wp-content\/uploads\/2024\/09\/OK-001-Jorn3-1-9x12.png 9w, https:\/\/supernils.be\/wp-content\/uploads\/2024\/09\/OK-001-Jorn3-1-299x414.png 299w, https:\/\/supernils.be\/wp-content\/uploads\/2024\/09\/OK-001-Jorn3-1-572x793.png 572w\" sizes=\"(max-width: 581px) 100vw, 581px\" \/><\/figure><div class=\"elementor-image-box-content\"><h3 class=\"elementor-image-box-title\">Jorn Scheltjens<\/h3><p class=\"elementor-image-box-description\">Vice-pr\u00e9sident - Co-fondateur<br><br>Acquisition de talents - Sp\u00e9cialiste RH<br>\nGroupe DEME\n<\/p><\/div><\/div>\t\t\t\t<\/div>\n\t\t\t\t<\/div>\n\t\t\t\t<div class=\"elementor-element elementor-element-3cdad9f elementor-position-left elementor-vertical-align-top elementor-widget elementor-widget-image-box\" data-id=\"3cdad9f\" data-element_type=\"widget\" data-e-type=\"widget\" data-widget_type=\"image-box.default\">\n\t\t\t\t<div class=\"elementor-widget-container\">\n\t\t\t\t\t<div class=\"elementor-image-box-wrapper\"><figure class=\"elementor-image-box-img\"><img loading=\"lazy\" decoding=\"async\" width=\"1200\" height=\"1600\" src=\"https:\/\/supernils.be\/wp-content\/uploads\/2026\/03\/WhatsApp-Image-2026-03-23-at-17.15.06.jpeg\" class=\"attachment-full size-full wp-image-26459\" alt=\"\" srcset=\"https:\/\/supernils.be\/wp-content\/uploads\/2026\/03\/WhatsApp-Image-2026-03-23-at-17.15.06.jpeg 1200w, https:\/\/supernils.be\/wp-content\/uploads\/2026\/03\/WhatsApp-Image-2026-03-23-at-17.15.06-225x300.jpeg 225w, https:\/\/supernils.be\/wp-content\/uploads\/2026\/03\/WhatsApp-Image-2026-03-23-at-17.15.06-791x1054.jpeg 791w, https:\/\/supernils.be\/wp-content\/uploads\/2026\/03\/WhatsApp-Image-2026-03-23-at-17.15.06-768x1024.jpeg 768w, https:\/\/supernils.be\/wp-content\/uploads\/2026\/03\/WhatsApp-Image-2026-03-23-at-17.15.06-1152x1536.jpeg 1152w, https:\/\/supernils.be\/wp-content\/uploads\/2026\/03\/WhatsApp-Image-2026-03-23-at-17.15.06-9x12.jpeg 9w, https:\/\/supernils.be\/wp-content\/uploads\/2026\/03\/WhatsApp-Image-2026-03-23-at-17.15.06-299x399.jpeg 299w, https:\/\/supernils.be\/wp-content\/uploads\/2026\/03\/WhatsApp-Image-2026-03-23-at-17.15.06-572x763.jpeg 572w\" sizes=\"(max-width: 1200px) 100vw, 1200px\" \/><\/figure><div class=\"elementor-image-box-content\"><h3 class=\"elementor-image-box-title\">Leona Koninckx<\/h3><p class=\"elementor-image-box-description\">Secr\u00e9taire - Co-fondateur<br><br>Entra\u00eeneur retrait\u00e9 de l'\u00e9quipe mobile<br>Entreprise de soins Anvers<br>Dipl\u00f4m\u00e9 en orthop\u00e9dagogie<\/p><\/div><\/div>\t\t\t\t<\/div>\n\t\t\t\t<\/div>\n\t\t\t\t<div class=\"elementor-element elementor-element-0b97d40 elementor-position-left elementor-vertical-align-top elementor-widget elementor-widget-image-box\" data-id=\"0b97d40\" data-element_type=\"widget\" data-e-type=\"widget\" data-widget_type=\"image-box.default\">\n\t\t\t\t<div class=\"elementor-widget-container\">\n\t\t\t\t\t<div class=\"elementor-image-box-wrapper\"><figure class=\"elementor-image-box-img\"><img loading=\"lazy\" decoding=\"async\" width=\"414\" height=\"414\" src=\"https:\/\/supernils.be\/wp-content\/uploads\/2025\/09\/OK-001-Chelsea-1368853_10201289539393563_1498020998_n.jpg\" class=\"attachment-full size-full wp-image-21530\" alt=\"\" srcset=\"https:\/\/supernils.be\/wp-content\/uploads\/2025\/09\/OK-001-Chelsea-1368853_10201289539393563_1498020998_n.jpg 414w, https:\/\/supernils.be\/wp-content\/uploads\/2025\/09\/OK-001-Chelsea-1368853_10201289539393563_1498020998_n-300x300.jpg 300w, https:\/\/supernils.be\/wp-content\/uploads\/2025\/09\/OK-001-Chelsea-1368853_10201289539393563_1498020998_n-150x150.jpg 150w, https:\/\/supernils.be\/wp-content\/uploads\/2025\/09\/OK-001-Chelsea-1368853_10201289539393563_1498020998_n-12x12.jpg 12w, https:\/\/supernils.be\/wp-content\/uploads\/2025\/09\/OK-001-Chelsea-1368853_10201289539393563_1498020998_n-299x299.jpg 299w, https:\/\/supernils.be\/wp-content\/uploads\/2025\/09\/OK-001-Chelsea-1368853_10201289539393563_1498020998_n-100x100.jpg 100w\" sizes=\"(max-width: 414px) 100vw, 414px\" \/><\/figure><div class=\"elementor-image-box-content\"><h3 class=\"elementor-image-box-title\">Chelsea Roelandt<\/h3><p class=\"elementor-image-box-description\">Directeur - Conseiller financier<br><br>Gestionnaire de bureau ind\u00e9pendant <br>BNP Paribas Fortis Hove<\/p><\/div><\/div>\t\t\t\t<\/div>\n\t\t\t\t<\/div>\n\t\t\t\t<div class=\"elementor-element elementor-element-88d154d elementor-position-left elementor-vertical-align-top elementor-widget elementor-widget-image-box\" data-id=\"88d154d\" data-element_type=\"widget\" data-e-type=\"widget\" data-widget_type=\"image-box.default\">\n\t\t\t\t<div class=\"elementor-widget-container\">\n\t\t\t\t\t<div class=\"elementor-image-box-wrapper\"><figure class=\"elementor-image-box-img\"><img loading=\"lazy\" decoding=\"async\" width=\"600\" height=\"600\" src=\"https:\/\/supernils.be\/wp-content\/uploads\/2025\/12\/Tessa-Kerre.webp\" class=\"attachment-full size-full wp-image-22863\" alt=\"\" srcset=\"https:\/\/supernils.be\/wp-content\/uploads\/2025\/12\/Tessa-Kerre.webp 600w, https:\/\/supernils.be\/wp-content\/uploads\/2025\/12\/Tessa-Kerre-300x300.webp 300w, https:\/\/supernils.be\/wp-content\/uploads\/2025\/12\/Tessa-Kerre-150x150.webp 150w, https:\/\/supernils.be\/wp-content\/uploads\/2025\/12\/Tessa-Kerre-12x12.webp 12w, https:\/\/supernils.be\/wp-content\/uploads\/2025\/12\/Tessa-Kerre-299x299.webp 299w, https:\/\/supernils.be\/wp-content\/uploads\/2025\/12\/Tessa-Kerre-572x572.webp 572w, https:\/\/supernils.be\/wp-content\/uploads\/2025\/12\/Tessa-Kerre-100x100.webp 100w\" sizes=\"(max-width: 600px) 100vw, 600px\" \/><\/figure><div class=\"elementor-image-box-content\"><h3 class=\"elementor-image-box-title\">Tessa Kerre<\/h3><p class=\"elementor-image-box-description\">Directeur - Conseiller m\u00e9dical<br><br>Chef de clinique \u00e0 l'UZ Gent<br>Universit\u00e9 de Gand<\/p><\/div><\/div>\t\t\t\t<\/div>\n\t\t\t\t<\/div>\n\t\t\t\t<div class=\"elementor-element elementor-element-e173ad1 elementor-position-left elementor-vertical-align-top elementor-widget elementor-widget-image-box\" data-id=\"e173ad1\" data-element_type=\"widget\" data-e-type=\"widget\" data-widget_type=\"image-box.default\">\n\t\t\t\t<div class=\"elementor-widget-container\">\n\t\t\t\t\t<div class=\"elementor-image-box-wrapper\"><figure class=\"elementor-image-box-img\"><img loading=\"lazy\" decoding=\"async\" width=\"414\" height=\"414\" src=\"https:\/\/supernils.be\/wp-content\/uploads\/2024\/09\/OK-001-Kris-242266391_10226869034494827_2073761713739549413_n.jpg\" class=\"attachment-full size-full wp-image-15891\" alt=\"\" srcset=\"https:\/\/supernils.be\/wp-content\/uploads\/2024\/09\/OK-001-Kris-242266391_10226869034494827_2073761713739549413_n.jpg 414w, https:\/\/supernils.be\/wp-content\/uploads\/2024\/09\/OK-001-Kris-242266391_10226869034494827_2073761713739549413_n-300x300.jpg 300w, https:\/\/supernils.be\/wp-content\/uploads\/2024\/09\/OK-001-Kris-242266391_10226869034494827_2073761713739549413_n-150x150.jpg 150w, https:\/\/supernils.be\/wp-content\/uploads\/2024\/09\/OK-001-Kris-242266391_10226869034494827_2073761713739549413_n-12x12.jpg 12w, https:\/\/supernils.be\/wp-content\/uploads\/2024\/09\/OK-001-Kris-242266391_10226869034494827_2073761713739549413_n-299x299.jpg 299w, https:\/\/supernils.be\/wp-content\/uploads\/2024\/09\/OK-001-Kris-242266391_10226869034494827_2073761713739549413_n-100x100.jpg 100w\" sizes=\"(max-width: 414px) 100vw, 414px\" \/><\/figure><div class=\"elementor-image-box-content\"><h3 class=\"elementor-image-box-title\">Kris Marchi<\/h3><p class=\"elementor-image-box-description\">Directeur - Avocat g\u00e9n\u00e9ral<br><br>PDG Directeur g\u00e9n\u00e9ral de XPLUS.EU<br>Membre de l'ExCo de YUMA<br>Universit\u00e9 de Harvard<\/p><\/div><\/div>\t\t\t\t<\/div>\n\t\t\t\t<\/div>\n\t\t\t\t<div class=\"elementor-element elementor-element-90db98b elementor-position-left elementor-vertical-align-top elementor-widget elementor-widget-image-box\" data-id=\"90db98b\" data-element_type=\"widget\" data-e-type=\"widget\" data-widget_type=\"image-box.default\">\n\t\t\t\t<div class=\"elementor-widget-container\">\n\t\t\t\t\t<div class=\"elementor-image-box-wrapper\"><figure class=\"elementor-image-box-img\"><img loading=\"lazy\" decoding=\"async\" width=\"150\" height=\"250\" src=\"https:\/\/supernils.be\/wp-content\/uploads\/2024\/09\/OK-001-Jan-Baptist-download.jpg\" class=\"attachment-full size-full wp-image-15876\" alt=\"\" srcset=\"https:\/\/supernils.be\/wp-content\/uploads\/2024\/09\/OK-001-Jan-Baptist-download.jpg 150w, https:\/\/supernils.be\/wp-content\/uploads\/2024\/09\/OK-001-Jan-Baptist-download-7x12.jpg 7w\" sizes=\"(max-width: 150px) 100vw, 150px\" \/><\/figure><div class=\"elementor-image-box-content\"><h3 class=\"elementor-image-box-title\">Jan-Baptist De Smedt<\/h3><p class=\"elementor-image-box-description\">Directeur<br><br>Notaire \u00e0 Dejongh, De Boungne et De Smedt Notaires Kalmthout<br>Vlerick Business School\n<\/p><\/div><\/div>\t\t\t\t<\/div>\n\t\t\t\t<\/div>\n\t\t\t\t<div class=\"elementor-element elementor-element-84a521a elementor-position-left elementor-vertical-align-top elementor-widget elementor-widget-image-box\" data-id=\"84a521a\" data-element_type=\"widget\" data-e-type=\"widget\" data-widget_type=\"image-box.default\">\n\t\t\t\t<div class=\"elementor-widget-container\">\n\t\t\t\t\t<div class=\"elementor-image-box-wrapper\"><figure class=\"elementor-image-box-img\"><img loading=\"lazy\" decoding=\"async\" width=\"400\" height=\"400\" src=\"https:\/\/supernils.be\/wp-content\/uploads\/2026\/03\/1634758225496.jpg\" class=\"attachment-full size-full wp-image-26461\" alt=\"\" srcset=\"https:\/\/supernils.be\/wp-content\/uploads\/2026\/03\/1634758225496.jpg 400w, https:\/\/supernils.be\/wp-content\/uploads\/2026\/03\/1634758225496-300x300.jpg 300w, https:\/\/supernils.be\/wp-content\/uploads\/2026\/03\/1634758225496-150x150.jpg 150w, https:\/\/supernils.be\/wp-content\/uploads\/2026\/03\/1634758225496-12x12.jpg 12w, https:\/\/supernils.be\/wp-content\/uploads\/2026\/03\/1634758225496-299x299.jpg 299w, https:\/\/supernils.be\/wp-content\/uploads\/2026\/03\/1634758225496-100x100.jpg 100w\" sizes=\"(max-width: 400px) 100vw, 400px\" \/><\/figure><div class=\"elementor-image-box-content\"><h3 class=\"elementor-image-box-title\">Evi Dejongh<\/h3><p class=\"elementor-image-box-description\">Directeur<br><br>Directeur @ Evi Dejongh Kalmthout<br>Coach en nutrition et exercice physique<\/p><\/div><\/div>\t\t\t\t<\/div>\n\t\t\t\t<\/div>\n\t\t\t\t<div class=\"elementor-element elementor-element-ad604ea elementor-position-left elementor-vertical-align-top elementor-widget elementor-widget-image-box\" data-id=\"ad604ea\" data-element_type=\"widget\" data-e-type=\"widget\" data-widget_type=\"image-box.default\">\n\t\t\t\t<div class=\"elementor-widget-container\">\n\t\t\t\t\t<div class=\"elementor-image-box-wrapper\"><figure class=\"elementor-image-box-img\"><img loading=\"lazy\" decoding=\"async\" width=\"1536\" height=\"2048\" src=\"https:\/\/supernils.be\/wp-content\/uploads\/2025\/12\/PHOTO-2025-12-30-10-07-07.jpg\" class=\"attachment-full size-full wp-image-25630\" alt=\"\" srcset=\"https:\/\/supernils.be\/wp-content\/uploads\/2025\/12\/PHOTO-2025-12-30-10-07-07.jpg 1536w, https:\/\/supernils.be\/wp-content\/uploads\/2025\/12\/PHOTO-2025-12-30-10-07-07-225x300.jpg 225w, https:\/\/supernils.be\/wp-content\/uploads\/2025\/12\/PHOTO-2025-12-30-10-07-07-791x1054.jpg 791w, https:\/\/supernils.be\/wp-content\/uploads\/2025\/12\/PHOTO-2025-12-30-10-07-07-768x1024.jpg 768w, https:\/\/supernils.be\/wp-content\/uploads\/2025\/12\/PHOTO-2025-12-30-10-07-07-1152x1536.jpg 1152w, https:\/\/supernils.be\/wp-content\/uploads\/2025\/12\/PHOTO-2025-12-30-10-07-07-9x12.jpg 9w, https:\/\/supernils.be\/wp-content\/uploads\/2025\/12\/PHOTO-2025-12-30-10-07-07-299x399.jpg 299w, https:\/\/supernils.be\/wp-content\/uploads\/2025\/12\/PHOTO-2025-12-30-10-07-07-572x763.jpg 572w\" sizes=\"(max-width: 1536px) 100vw, 1536px\" \/><\/figure><div class=\"elementor-image-box-content\"><h3 class=\"elementor-image-box-title\">Karin Van den Brandt<\/h3><p class=\"elementor-image-box-description\">Directeur<br><br>Directeur de l'\u00e9cole primaire municipale d'Anvers<br>\u00c9cole primaire \"De Beren\" de Berendrecht<br>\nAP Coll\u00e8ge universitaire d'Anvers<\/p><\/div><\/div>\t\t\t\t<\/div>\n\t\t\t\t<\/div>\n\t\t\t\t<\/div>\n\t\t<div class=\"elementor-element elementor-element-b1fbb5d e-flex e-con-boxed e-con e-parent\" data-id=\"b1fbb5d\" data-element_type=\"container\" data-e-type=\"container\">\n\t\t\t\t\t<div class=\"e-con-inner\">\n\t\t\t\t<div class=\"elementor-element elementor-element-3c9d75c elementor-widget elementor-widget-spacer\" data-id=\"3c9d75c\" data-element_type=\"widget\" data-e-type=\"widget\" data-widget_type=\"spacer.default\">\n\t\t\t\t<div class=\"elementor-widget-container\">\n\t\t\t\t\t\t\t<div class=\"elementor-spacer\">\n\t\t\t<div class=\"elementor-spacer-inner\"><\/div>\n\t\t<\/div>\n\t\t\t\t\t\t<\/div>\n\t\t\t\t<\/div>\n\t\t\t\t\t<\/div>\n\t\t\t\t<\/div>\n\t\t\t\t<\/div>","protected":false},"excerpt":{"rendered":"<p>Maak kennis met onze Raad van Bestuur Vzw SuperNils wil een professionele pati\u00ebntenorganisatie zijn, die erkend wordt binnen de wereld van de gezondheidszorg, de ziekenhuizen, universiteiten en andere pati\u00ebntenverenigingen. Om dit te realiseren heb je een duidelijke structuur nodig en mensen die zich voor de volle 100% inzetten voor de organisatie. De Raad van Bestuur [&hellip;]<\/p>\n","protected":false},"author":2,"featured_media":0,"parent":0,"menu_order":0,"comment_status":"closed","ping_status":"closed","template":"","meta":{"_themeisle_gutenberg_block_has_review":false,"footnotes":""},"class_list":["post-25034","page","type-page","status-publish","hentry"],"_links":{"self":[{"href":"https:\/\/supernils.be\/fr\/wp-json\/wp\/v2\/pages\/25034","targetHints":{"allow":["GET"]}}],"collection":[{"href":"https:\/\/supernils.be\/fr\/wp-json\/wp\/v2\/pages"}],"about":[{"href":"https:\/\/supernils.be\/fr\/wp-json\/wp\/v2\/types\/page"}],"author":[{"embeddable":true,"href":"https:\/\/supernils.be\/fr\/wp-json\/wp\/v2\/users\/2"}],"replies":[{"embeddable":true,"href":"https:\/\/supernils.be\/fr\/wp-json\/wp\/v2\/comments?post=25034"}],"version-history":[{"count":31,"href":"https:\/\/supernils.be\/fr\/wp-json\/wp\/v2\/pages\/25034\/revisions"}],"predecessor-version":[{"id":26467,"href":"https:\/\/supernils.be\/fr\/wp-json\/wp\/v2\/pages\/25034\/revisions\/26467"}],"wp:attachment":[{"href":"https:\/\/supernils.be\/fr\/wp-json\/wp\/v2\/media?parent=25034"}],"curies":[{"name":"wp","href":"https:\/\/api.w.org\/{rel}","templated":true}]}}