{"id":25015,"date":"2025-12-29T18:38:00","date_gmt":"2025-12-29T17:38:00","guid":{"rendered":"https:\/\/supernils.be\/?page_id=25015"},"modified":"2025-12-29T18:57:41","modified_gmt":"2025-12-29T17:57:41","slug":"cadre-de-valeurs","status":"publish","type":"page","link":"https:\/\/supernils.be\/fr\/waardenkader\/","title":{"rendered":"035-Valeurs et normes"},"content":{"rendered":"<div data-elementor-type=\"wp-page\" data-elementor-id=\"25015\" class=\"elementor elementor-25015\" data-elementor-post-type=\"page\">\n\t\t\t\t<div class=\"elementor-element elementor-element-4c831b3 e-flex e-con-boxed e-con e-parent\" data-id=\"4c831b3\" data-element_type=\"container\" data-e-type=\"container\">\n\t\t\t\t\t<div class=\"e-con-inner\">\n\t\t\t\t<div class=\"elementor-element elementor-element-34d1e04 elementor-widget elementor-widget-spacer\" data-id=\"34d1e04\" data-element_type=\"widget\" data-e-type=\"widget\" data-widget_type=\"spacer.default\">\n\t\t\t\t<div class=\"elementor-widget-container\">\n\t\t\t\t\t\t\t<div class=\"elementor-spacer\">\n\t\t\t<div class=\"elementor-spacer-inner\"><\/div>\n\t\t<\/div>\n\t\t\t\t\t\t<\/div>\n\t\t\t\t<\/div>\n\t\t\t\t\t<\/div>\n\t\t\t\t<\/div>\n\t\t<div class=\"elementor-element elementor-element-28e6a4c e-grid e-con-full e-con e-parent\" data-id=\"28e6a4c\" data-element_type=\"container\" data-e-type=\"container\" data-settings=\"{&quot;background_background&quot;:&quot;classic&quot;,&quot;shape_divider_top&quot;:&quot;waves&quot;,&quot;shape_divider_bottom&quot;:&quot;waves&quot;}\">\n\t\t\t\t<div class=\"elementor-shape elementor-shape-top\" aria-hidden=\"true\" data-negative=\"false\">\n\t\t\t<svg xmlns=\"http:\/\/www.w3.org\/2000\/svg\" viewbox=\"0 0 1000 100\" preserveaspectratio=\"none\">\n\t<path class=\"elementor-shape-fill\" d=\"M421.9,6.5c22.6-2.5,51.5,0.4,75.5,5.3c23.6,4.9,70.9,23.5,100.5,35.7c75.8,32.2,133.7,44.5,192.6,49.7\tc23.6,2.1,48.7,3.5,103.4-2.5c54.7-6,106.2-25.6,106.2-25.6V0H0v30.3c0,0,72,32.6,158.4,30.5c39.2-0.7,92.8-6.7,134-22.4\tc21.2-8.1,52.2-18.2,79.7-24.2C399.3,7.9,411.6,7.5,421.9,6.5z\"\/>\n<\/svg>\t\t<\/div>\n\t\t\t\t<div class=\"elementor-shape elementor-shape-bottom\" aria-hidden=\"true\" data-negative=\"false\">\n\t\t\t<svg xmlns=\"http:\/\/www.w3.org\/2000\/svg\" viewbox=\"0 0 1000 100\" preserveaspectratio=\"none\">\n\t<path class=\"elementor-shape-fill\" d=\"M421.9,6.5c22.6-2.5,51.5,0.4,75.5,5.3c23.6,4.9,70.9,23.5,100.5,35.7c75.8,32.2,133.7,44.5,192.6,49.7\tc23.6,2.1,48.7,3.5,103.4-2.5c54.7-6,106.2-25.6,106.2-25.6V0H0v30.3c0,0,72,32.6,158.4,30.5c39.2-0.7,92.8-6.7,134-22.4\tc21.2-8.1,52.2-18.2,79.7-24.2C399.3,7.9,411.6,7.5,421.9,6.5z\"\/>\n<\/svg>\t\t<\/div>\n\t\t\t\t<div class=\"elementor-element elementor-element-7e7e961 elementor-widget elementor-widget-heading\" data-id=\"7e7e961\" data-element_type=\"widget\" data-e-type=\"widget\" data-widget_type=\"heading.default\">\n\t\t\t\t<div class=\"elementor-widget-container\">\n\t\t\t\t\t<h2 class=\"elementor-heading-title elementor-size-default\">SuperNils est une organisation ax\u00e9e sur les valeurs<\/h2>\t\t\t\t<\/div>\n\t\t\t\t<\/div>\n\t\t\t\t<div class=\"elementor-element elementor-element-2f97d57 elementor-widget elementor-widget-image\" data-id=\"2f97d57\" data-element_type=\"widget\" data-e-type=\"widget\" data-widget_type=\"image.default\">\n\t\t\t\t<div class=\"elementor-widget-container\">\n\t\t\t\t\t\t\t\t\t\t\t\t\t\t\t<img fetchpriority=\"high\" decoding=\"async\" width=\"800\" height=\"671\" src=\"https:\/\/supernils.be\/wp-content\/uploads\/2024\/09\/Waardegedreven.png\" class=\"attachment-large size-large wp-image-15015\" alt=\"\" srcset=\"https:\/\/supernils.be\/wp-content\/uploads\/2024\/09\/Waardegedreven.png 940w, https:\/\/supernils.be\/wp-content\/uploads\/2024\/09\/Waardegedreven-300x251.png 300w, https:\/\/supernils.be\/wp-content\/uploads\/2024\/09\/Waardegedreven-768x644.png 768w, https:\/\/supernils.be\/wp-content\/uploads\/2024\/09\/Waardegedreven-14x12.png 14w, https:\/\/supernils.be\/wp-content\/uploads\/2024\/09\/Waardegedreven-299x251.png 299w, https:\/\/supernils.be\/wp-content\/uploads\/2024\/09\/Waardegedreven-572x480.png 572w\" sizes=\"(max-width: 800px) 100vw, 800px\" \/>\t\t\t\t\t\t\t\t\t\t\t\t\t\t\t<\/div>\n\t\t\t\t<\/div>\n\t\t\t\t<\/div>\n\t\t<div class=\"elementor-element elementor-element-ff73463 e-flex e-con-boxed e-con e-parent\" data-id=\"ff73463\" data-element_type=\"container\" data-e-type=\"container\">\n\t\t\t\t\t<div class=\"e-con-inner\">\n\t\t\t\t<div class=\"elementor-element elementor-element-f47f43c elementor-widget elementor-widget-spacer\" data-id=\"f47f43c\" data-element_type=\"widget\" data-e-type=\"widget\" data-widget_type=\"spacer.default\">\n\t\t\t\t<div class=\"elementor-widget-container\">\n\t\t\t\t\t\t\t<div class=\"elementor-spacer\">\n\t\t\t<div class=\"elementor-spacer-inner\"><\/div>\n\t\t<\/div>\n\t\t\t\t\t\t<\/div>\n\t\t\t\t<\/div>\n\t\t\t\t\t<\/div>\n\t\t\t\t<\/div>\n\t\t<div class=\"elementor-element elementor-element-09af42c e-flex e-con-boxed e-con e-parent\" data-id=\"09af42c\" data-element_type=\"container\" data-e-type=\"container\">\n\t\t\t\t\t<div class=\"e-con-inner\">\n\t\t\t\t<div class=\"elementor-element elementor-element-907998e elementor-widget elementor-widget-spacer\" data-id=\"907998e\" data-element_type=\"widget\" data-e-type=\"widget\" data-widget_type=\"spacer.default\">\n\t\t\t\t<div class=\"elementor-widget-container\">\n\t\t\t\t\t\t\t<div class=\"elementor-spacer\">\n\t\t\t<div class=\"elementor-spacer-inner\"><\/div>\n\t\t<\/div>\n\t\t\t\t\t\t<\/div>\n\t\t\t\t<\/div>\n\t\t\t\t\t<\/div>\n\t\t\t\t<\/div>\n\t\t<div class=\"elementor-element elementor-element-e66c543 e-con-full e-flex e-con e-parent\" data-id=\"e66c543\" data-element_type=\"container\" data-e-type=\"container\">\n\t\t\t\t<div class=\"elementor-element elementor-element-3c17d35 elementor-widget elementor-widget-heading\" data-id=\"3c17d35\" data-element_type=\"widget\" data-e-type=\"widget\" data-widget_type=\"heading.default\">\n\t\t\t\t<div class=\"elementor-widget-container\">\n\t\t\t\t\t<h2 class=\"elementor-heading-title elementor-size-default\">\u00cates-vous affili\u00e9 \u00e0 l'asbl SuperNils ?<\/h2>\t\t\t\t<\/div>\n\t\t\t\t<\/div>\n\t\t\t\t<div class=\"elementor-element elementor-element-4ecb7f8 elementor-widget elementor-widget-text-editor\" data-id=\"4ecb7f8\" data-element_type=\"widget\" data-e-type=\"widget\" data-widget_type=\"text-editor.default\">\n\t\t\t\t<div class=\"elementor-widget-container\">\n\t\t\t\t\t\t\t\t\t<p>\u2026 Vous devez alors respecter le cadre de valeurs ci-dessous.<\/p>\t\t\t\t\t\t\t\t<\/div>\n\t\t\t\t<\/div>\n\t\t\t\t<\/div>\n\t\t<div class=\"elementor-element elementor-element-35ebce9 e-flex e-con-boxed e-con e-parent\" data-id=\"35ebce9\" data-element_type=\"container\" data-e-type=\"container\">\n\t\t\t\t\t<div class=\"e-con-inner\">\n\t\t\t\t<div class=\"elementor-element elementor-element-54ee45e elementor-widget elementor-widget-heading\" data-id=\"54ee45e\" data-element_type=\"widget\" data-e-type=\"widget\" data-widget_type=\"heading.default\">\n\t\t\t\t<div class=\"elementor-widget-container\">\n\t\t\t\t\t<h2 class=\"elementor-heading-title elementor-size-default\">Il existe 4 valeurs et normes<\/h2>\t\t\t\t<\/div>\n\t\t\t\t<\/div>\n\t\t\t\t\t<\/div>\n\t\t\t\t<\/div>\n\t\t<div class=\"elementor-element elementor-element-b553a1c e-flex e-con-boxed e-con e-parent\" data-id=\"b553a1c\" data-element_type=\"container\" data-e-type=\"container\">\n\t\t\t\t\t<div class=\"e-con-inner\">\n\t\t\t\t<div class=\"elementor-element elementor-element-1671548 elementor-widget elementor-widget-spacer\" data-id=\"1671548\" data-element_type=\"widget\" data-e-type=\"widget\" data-widget_type=\"spacer.default\">\n\t\t\t\t<div class=\"elementor-widget-container\">\n\t\t\t\t\t\t\t<div class=\"elementor-spacer\">\n\t\t\t<div class=\"elementor-spacer-inner\"><\/div>\n\t\t<\/div>\n\t\t\t\t\t\t<\/div>\n\t\t\t\t<\/div>\n\t\t\t\t\t<\/div>\n\t\t\t\t<\/div>\n\t\t<div class=\"elementor-element elementor-element-3c5b134 e-grid e-con-boxed e-con e-parent\" data-id=\"3c5b134\" data-element_type=\"container\" data-e-type=\"container\">\n\t\t\t\t\t<div class=\"e-con-inner\">\n\t\t\t\t<div class=\"elementor-element elementor-element-4a30ff2 elementor-position-top elementor-widget elementor-widget-image-box\" data-id=\"4a30ff2\" data-element_type=\"widget\" data-e-type=\"widget\" data-widget_type=\"image-box.default\">\n\t\t\t\t<div class=\"elementor-widget-container\">\n\t\t\t\t\t<div class=\"elementor-image-box-wrapper\"><figure class=\"elementor-image-box-img\"><img decoding=\"async\" width=\"500\" height=\"500\" src=\"https:\/\/supernils.be\/wp-content\/uploads\/2025\/12\/1-8.png\" class=\"attachment-full size-full wp-image-25021\" alt=\"\" srcset=\"https:\/\/supernils.be\/wp-content\/uploads\/2025\/12\/1-8.png 500w, https:\/\/supernils.be\/wp-content\/uploads\/2025\/12\/1-8-300x300.png 300w, https:\/\/supernils.be\/wp-content\/uploads\/2025\/12\/1-8-150x150.png 150w, https:\/\/supernils.be\/wp-content\/uploads\/2025\/12\/1-8-12x12.png 12w, https:\/\/supernils.be\/wp-content\/uploads\/2025\/12\/1-8-299x299.png 299w, https:\/\/supernils.be\/wp-content\/uploads\/2025\/12\/1-8-100x100.png 100w\" sizes=\"(max-width: 500px) 100vw, 500px\" \/><\/figure><div class=\"elementor-image-box-content\"><h3 class=\"elementor-image-box-title\">INT\u00c9GRIT\u00c9<\/h3><p class=\"elementor-image-box-description\">SuperNils est une organisation int\u00e8gre. Nous voulons \u00eatre transparents dans ce que nous faisons ; nous ne travaillons jamais avec un agenda cach\u00e9. Nous sommes honn\u00eates, dignes de confiance et corrects envers tout le monde.<\/p><\/div><\/div>\t\t\t\t<\/div>\n\t\t\t\t<\/div>\n\t\t\t\t<div class=\"elementor-element elementor-element-59b80b5 elementor-position-top elementor-widget elementor-widget-image-box\" data-id=\"59b80b5\" data-element_type=\"widget\" data-e-type=\"widget\" data-widget_type=\"image-box.default\">\n\t\t\t\t<div class=\"elementor-widget-container\">\n\t\t\t\t\t<div class=\"elementor-image-box-wrapper\"><figure class=\"elementor-image-box-img\"><img decoding=\"async\" width=\"500\" height=\"500\" src=\"https:\/\/supernils.be\/wp-content\/uploads\/2025\/12\/2-7.png\" class=\"attachment-full size-full wp-image-25022\" alt=\"\" srcset=\"https:\/\/supernils.be\/wp-content\/uploads\/2025\/12\/2-7.png 500w, https:\/\/supernils.be\/wp-content\/uploads\/2025\/12\/2-7-300x300.png 300w, https:\/\/supernils.be\/wp-content\/uploads\/2025\/12\/2-7-150x150.png 150w, https:\/\/supernils.be\/wp-content\/uploads\/2025\/12\/2-7-12x12.png 12w, https:\/\/supernils.be\/wp-content\/uploads\/2025\/12\/2-7-299x299.png 299w, https:\/\/supernils.be\/wp-content\/uploads\/2025\/12\/2-7-100x100.png 100w\" sizes=\"(max-width: 500px) 100vw, 500px\" \/><\/figure><div class=\"elementor-image-box-content\"><h3 class=\"elementor-image-box-title\">PROFESSIONNALISME<\/h3><p class=\"elementor-image-box-description\">Asbl SuperNils veut agir de mani\u00e8re professionnelle. C'est pourquoi nous ferons toujours appel \u00e0 des personnes correctement form\u00e9es afin de ne pas commettre d'erreurs et de ne pas mettre les patients en danger par nos actions. Pour que notre organisation fonctionne correctement et sans heurts, nous demanderons conseil \u00e0 des personnes externes, qui peuvent examiner les op\u00e9rations avec un esprit ouvert.<\/p><\/div><\/div>\t\t\t\t<\/div>\n\t\t\t\t<\/div>\n\t\t\t\t<div class=\"elementor-element elementor-element-33b19ea elementor-position-top elementor-widget elementor-widget-image-box\" data-id=\"33b19ea\" data-element_type=\"widget\" data-e-type=\"widget\" data-widget_type=\"image-box.default\">\n\t\t\t\t<div class=\"elementor-widget-container\">\n\t\t\t\t\t<div class=\"elementor-image-box-wrapper\"><figure class=\"elementor-image-box-img\"><img loading=\"lazy\" decoding=\"async\" width=\"500\" height=\"500\" src=\"https:\/\/supernils.be\/wp-content\/uploads\/2025\/12\/3-5.png\" class=\"attachment-full size-full wp-image-25023\" alt=\"\" srcset=\"https:\/\/supernils.be\/wp-content\/uploads\/2025\/12\/3-5.png 500w, https:\/\/supernils.be\/wp-content\/uploads\/2025\/12\/3-5-300x300.png 300w, https:\/\/supernils.be\/wp-content\/uploads\/2025\/12\/3-5-150x150.png 150w, https:\/\/supernils.be\/wp-content\/uploads\/2025\/12\/3-5-12x12.png 12w, https:\/\/supernils.be\/wp-content\/uploads\/2025\/12\/3-5-299x299.png 299w, https:\/\/supernils.be\/wp-content\/uploads\/2025\/12\/3-5-100x100.png 100w\" sizes=\"(max-width: 500px) 100vw, 500px\" \/><\/figure><div class=\"elementor-image-box-content\"><h3 class=\"elementor-image-box-title\">DIVERSIT\u00c9<\/h3><p class=\"elementor-image-box-description\">SuperNils aime la diversit\u00e9 au sens le plus large du terme ! Tout le monde est le bienvenu dans notre organisation, ind\u00e9pendamment de la nationalit\u00e9, de l'origine, du genre, de la religion, du sexe... En nous soutenant, personne ne sera jamais exclu.<\/p><\/div><\/div>\t\t\t\t<\/div>\n\t\t\t\t<\/div>\n\t\t\t\t<div class=\"elementor-element elementor-element-d11003c elementor-position-top elementor-widget elementor-widget-image-box\" data-id=\"d11003c\" data-element_type=\"widget\" data-e-type=\"widget\" data-widget_type=\"image-box.default\">\n\t\t\t\t<div class=\"elementor-widget-container\">\n\t\t\t\t\t<div class=\"elementor-image-box-wrapper\"><figure class=\"elementor-image-box-img\"><img loading=\"lazy\" decoding=\"async\" width=\"500\" height=\"500\" src=\"https:\/\/supernils.be\/wp-content\/uploads\/2025\/12\/4-3.png\" class=\"attachment-full size-full wp-image-25024\" alt=\"\" srcset=\"https:\/\/supernils.be\/wp-content\/uploads\/2025\/12\/4-3.png 500w, https:\/\/supernils.be\/wp-content\/uploads\/2025\/12\/4-3-300x300.png 300w, https:\/\/supernils.be\/wp-content\/uploads\/2025\/12\/4-3-150x150.png 150w, https:\/\/supernils.be\/wp-content\/uploads\/2025\/12\/4-3-12x12.png 12w, https:\/\/supernils.be\/wp-content\/uploads\/2025\/12\/4-3-299x299.png 299w, https:\/\/supernils.be\/wp-content\/uploads\/2025\/12\/4-3-100x100.png 100w\" sizes=\"(max-width: 500px) 100vw, 500px\" \/><\/figure><div class=\"elementor-image-box-content\"><h3 class=\"elementor-image-box-title\">DURABILIT\u00c9<\/h3><p class=\"elementor-image-box-description\">Les choses ne vont pas bien pour notre plan\u00e8te. Asbl SuperNils souhaite contribuer \u00e0 inverser la tendance actuelle. C'est pourquoi nous choisissons principalement des mat\u00e9riaux durables pour composer nos bo\u00eetes interactives. En outre, nous r\u00eavons d'une v\u00e9ritable for\u00eat SuperNils, quelque part en Flandre. Les premi\u00e8res \u00e9tapes ont d\u00e9j\u00e0 \u00e9t\u00e9 franchies.<\/p><\/div><\/div>\t\t\t\t<\/div>\n\t\t\t\t<\/div>\n\t\t\t\t\t<\/div>\n\t\t\t\t<\/div>\n\t\t<div class=\"elementor-element elementor-element-13d8857 e-flex e-con-boxed e-con e-parent\" data-id=\"13d8857\" data-element_type=\"container\" data-e-type=\"container\">\n\t\t\t\t\t<div class=\"e-con-inner\">\n\t\t\t\t<div class=\"elementor-element elementor-element-34f8080 elementor-widget elementor-widget-spacer\" data-id=\"34f8080\" data-element_type=\"widget\" data-e-type=\"widget\" data-widget_type=\"spacer.default\">\n\t\t\t\t<div class=\"elementor-widget-container\">\n\t\t\t\t\t\t\t<div class=\"elementor-spacer\">\n\t\t\t<div class=\"elementor-spacer-inner\"><\/div>\n\t\t<\/div>\n\t\t\t\t\t\t<\/div>\n\t\t\t\t<\/div>\n\t\t\t\t\t<\/div>\n\t\t\t\t<\/div>\n\t\t\t\t<\/div>","protected":false},"excerpt":{"rendered":"<p>SuperNils is een waardegedreven organisatie Ben je verbonden met vzw SuperNils? &#8230; Dan moet je het onderstaande waardenkader respecteren. Er gelden 4 waarden en normen INTEGRITEIT SuperNils is een integere organisatie. We willen transparant zijn in wat we doen, we werken nooit met een verborgen agenda. We zijn eerlijk, betrouwbaar en correct naar iedereen toe. [&hellip;]<\/p>\n","protected":false},"author":2,"featured_media":0,"parent":0,"menu_order":0,"comment_status":"closed","ping_status":"closed","template":"","meta":{"_themeisle_gutenberg_block_has_review":false,"footnotes":""},"class_list":["post-25015","page","type-page","status-publish","hentry"],"_links":{"self":[{"href":"https:\/\/supernils.be\/fr\/wp-json\/wp\/v2\/pages\/25015","targetHints":{"allow":["GET"]}}],"collection":[{"href":"https:\/\/supernils.be\/fr\/wp-json\/wp\/v2\/pages"}],"about":[{"href":"https:\/\/supernils.be\/fr\/wp-json\/wp\/v2\/types\/page"}],"author":[{"embeddable":true,"href":"https:\/\/supernils.be\/fr\/wp-json\/wp\/v2\/users\/2"}],"replies":[{"embeddable":true,"href":"https:\/\/supernils.be\/fr\/wp-json\/wp\/v2\/comments?post=25015"}],"version-history":[{"count":10,"href":"https:\/\/supernils.be\/fr\/wp-json\/wp\/v2\/pages\/25015\/revisions"}],"predecessor-version":[{"id":25030,"href":"https:\/\/supernils.be\/fr\/wp-json\/wp\/v2\/pages\/25015\/revisions\/25030"}],"wp:attachment":[{"href":"https:\/\/supernils.be\/fr\/wp-json\/wp\/v2\/media?parent=25015"}],"curies":[{"name":"wp","href":"https:\/\/api.w.org\/{rel}","templated":true}]}}