{"id":25006,"date":"2025-12-29T18:22:16","date_gmt":"2025-12-29T17:22:16","guid":{"rendered":"https:\/\/supernils.be\/?page_id=25006"},"modified":"2025-12-29T18:31:22","modified_gmt":"2025-12-29T17:31:22","slug":"comptable","status":"publish","type":"page","link":"https:\/\/supernils.be\/fr\/boekhouder\/","title":{"rendered":"034-Caio Gyselinck"},"content":{"rendered":"<div data-elementor-type=\"wp-page\" data-elementor-id=\"25006\" class=\"elementor elementor-25006\" data-elementor-post-type=\"page\">\n\t\t\t\t<div class=\"elementor-element elementor-element-4c831b3 e-flex e-con-boxed e-con e-parent\" data-id=\"4c831b3\" data-element_type=\"container\" data-e-type=\"container\">\n\t\t\t\t\t<div class=\"e-con-inner\">\n\t\t\t\t<div class=\"elementor-element elementor-element-34d1e04 elementor-widget elementor-widget-spacer\" data-id=\"34d1e04\" data-element_type=\"widget\" data-e-type=\"widget\" data-widget_type=\"spacer.default\">\n\t\t\t\t<div class=\"elementor-widget-container\">\n\t\t\t\t\t\t\t<div class=\"elementor-spacer\">\n\t\t\t<div class=\"elementor-spacer-inner\"><\/div>\n\t\t<\/div>\n\t\t\t\t\t\t<\/div>\n\t\t\t\t<\/div>\n\t\t\t\t\t<\/div>\n\t\t\t\t<\/div>\n\t\t<div class=\"elementor-element elementor-element-28e6a4c e-grid e-con-full e-con e-parent\" data-id=\"28e6a4c\" data-element_type=\"container\" data-e-type=\"container\" data-settings=\"{&quot;background_background&quot;:&quot;classic&quot;,&quot;shape_divider_top&quot;:&quot;waves&quot;,&quot;shape_divider_bottom&quot;:&quot;waves&quot;}\">\n\t\t\t\t<div class=\"elementor-shape elementor-shape-top\" aria-hidden=\"true\" data-negative=\"false\">\n\t\t\t<svg xmlns=\"http:\/\/www.w3.org\/2000\/svg\" viewbox=\"0 0 1000 100\" preserveaspectratio=\"none\">\n\t<path class=\"elementor-shape-fill\" d=\"M421.9,6.5c22.6-2.5,51.5,0.4,75.5,5.3c23.6,4.9,70.9,23.5,100.5,35.7c75.8,32.2,133.7,44.5,192.6,49.7\tc23.6,2.1,48.7,3.5,103.4-2.5c54.7-6,106.2-25.6,106.2-25.6V0H0v30.3c0,0,72,32.6,158.4,30.5c39.2-0.7,92.8-6.7,134-22.4\tc21.2-8.1,52.2-18.2,79.7-24.2C399.3,7.9,411.6,7.5,421.9,6.5z\"\/>\n<\/svg>\t\t<\/div>\n\t\t\t\t<div class=\"elementor-shape elementor-shape-bottom\" aria-hidden=\"true\" data-negative=\"false\">\n\t\t\t<svg xmlns=\"http:\/\/www.w3.org\/2000\/svg\" viewbox=\"0 0 1000 100\" preserveaspectratio=\"none\">\n\t<path class=\"elementor-shape-fill\" d=\"M421.9,6.5c22.6-2.5,51.5,0.4,75.5,5.3c23.6,4.9,70.9,23.5,100.5,35.7c75.8,32.2,133.7,44.5,192.6,49.7\tc23.6,2.1,48.7,3.5,103.4-2.5c54.7-6,106.2-25.6,106.2-25.6V0H0v30.3c0,0,72,32.6,158.4,30.5c39.2-0.7,92.8-6.7,134-22.4\tc21.2-8.1,52.2-18.2,79.7-24.2C399.3,7.9,411.6,7.5,421.9,6.5z\"\/>\n<\/svg>\t\t<\/div>\n\t\t\t\t<div class=\"elementor-element elementor-element-7e7e961 elementor-widget elementor-widget-heading\" data-id=\"7e7e961\" data-element_type=\"widget\" data-e-type=\"widget\" data-widget_type=\"heading.default\">\n\t\t\t\t<div class=\"elementor-widget-container\">\n\t\t\t\t\t<h2 class=\"elementor-heading-title elementor-size-default\">Cabinet comptable<\/h2>\t\t\t\t<\/div>\n\t\t\t\t<\/div>\n\t\t\t\t<div class=\"elementor-element elementor-element-2f97d57 elementor-widget elementor-widget-image\" data-id=\"2f97d57\" data-element_type=\"widget\" data-e-type=\"widget\" data-widget_type=\"image.default\">\n\t\t\t\t<div class=\"elementor-widget-container\">\n\t\t\t\t\t\t\t\t\t\t\t\t\t\t\t<img fetchpriority=\"high\" decoding=\"async\" width=\"800\" height=\"636\" src=\"https:\/\/supernils.be\/wp-content\/uploads\/2025\/12\/logo2-1054x838.jpg\" class=\"attachment-large size-large wp-image-25008\" alt=\"\" srcset=\"https:\/\/supernils.be\/wp-content\/uploads\/2025\/12\/logo2-1054x838.jpg 1054w, https:\/\/supernils.be\/wp-content\/uploads\/2025\/12\/logo2-300x238.jpg 300w, https:\/\/supernils.be\/wp-content\/uploads\/2025\/12\/logo2-768x610.jpg 768w, https:\/\/supernils.be\/wp-content\/uploads\/2025\/12\/logo2-1536x1221.jpg 1536w, https:\/\/supernils.be\/wp-content\/uploads\/2025\/12\/logo2-15x12.jpg 15w, https:\/\/supernils.be\/wp-content\/uploads\/2025\/12\/logo2-299x238.jpg 299w, https:\/\/supernils.be\/wp-content\/uploads\/2025\/12\/logo2-572x455.jpg 572w, https:\/\/supernils.be\/wp-content\/uploads\/2025\/12\/logo2.jpg 1617w\" sizes=\"(max-width: 800px) 100vw, 800px\" \/>\t\t\t\t\t\t\t\t\t\t\t\t\t\t\t<\/div>\n\t\t\t\t<\/div>\n\t\t\t\t<\/div>\n\t\t<div class=\"elementor-element elementor-element-ff73463 e-flex e-con-boxed e-con e-parent\" data-id=\"ff73463\" data-element_type=\"container\" data-e-type=\"container\">\n\t\t\t\t\t<div class=\"e-con-inner\">\n\t\t\t\t<div class=\"elementor-element elementor-element-f47f43c elementor-widget elementor-widget-spacer\" data-id=\"f47f43c\" data-element_type=\"widget\" data-e-type=\"widget\" data-widget_type=\"spacer.default\">\n\t\t\t\t<div class=\"elementor-widget-container\">\n\t\t\t\t\t\t\t<div class=\"elementor-spacer\">\n\t\t\t<div class=\"elementor-spacer-inner\"><\/div>\n\t\t<\/div>\n\t\t\t\t\t\t<\/div>\n\t\t\t\t<\/div>\n\t\t\t\t\t<\/div>\n\t\t\t\t<\/div>\n\t\t<div class=\"elementor-element elementor-element-e66c543 e-con-full e-flex e-con e-parent\" data-id=\"e66c543\" data-element_type=\"container\" data-e-type=\"container\">\n\t\t\t\t<div class=\"elementor-element elementor-element-3c17d35 elementor-widget elementor-widget-heading\" data-id=\"3c17d35\" data-element_type=\"widget\" data-e-type=\"widget\" data-widget_type=\"heading.default\">\n\t\t\t\t<div class=\"elementor-widget-container\">\n\t\t\t\t\t<h2 class=\"elementor-heading-title elementor-size-default\">POURQUOI ???<\/h2>\t\t\t\t<\/div>\n\t\t\t\t<\/div>\n\t\t\t\t<div class=\"elementor-element elementor-element-4ecb7f8 elementor-widget elementor-widget-text-editor\" data-id=\"4ecb7f8\" data-element_type=\"widget\" data-e-type=\"widget\" data-widget_type=\"text-editor.default\">\n\t\t\t\t<div class=\"elementor-widget-container\">\n\t\t\t\t\t\t\t\t\t<p>\u2026 une organisation telle que l'ASBL SuperNils a-t-elle besoin du soutien d'un comptable professionnel ?<\/p><p>Parce que la comptabilit\u00e9 est un m\u00e9tier \u00e0 part enti\u00e8re !<\/p><p>Enregistrer et cl\u00f4turer correctement les factures, suivre un programme comptable, respecter correctement la (nouvelle) r\u00e9glementation (Peppol par exemple), la relecture de la r\u00e9glementation sur les ASBL, la correction de nos statuts si n\u00e9cessaire, l'\u00e9tablissement de nos comptes annuels, l'examen du budget, la v\u00e9rification de notre tr\u00e9sorerie, l'accompagnement de l'inspection financi\u00e8re pour les attestations fiscales, la demande des attestations fiscales, l'\u00e9tablissement des attestations fiscales et leur envoi aux donateurs, etc.<\/p><p>Ce sont toutes des t\u00e2ches qui sont effectu\u00e9es par <b>cabinet comptable Caio Gyselinck &amp; CO BV<\/b> pour nous. Gr\u00e2ce \u00e0 leur soutien, nous sommes assur\u00e9s que tout est en ordre et que nous n'avons pas \u00e0 nous soucier de nos finances.<\/p><p>Et nous sommes ravis de payer la contribution financi\u00e8re correspondante.<\/p>\t\t\t\t\t\t\t\t<\/div>\n\t\t\t\t<\/div>\n\t\t\t\t<\/div>\n\t\t<div class=\"elementor-element elementor-element-2164635 e-flex e-con-boxed e-con e-parent\" data-id=\"2164635\" data-element_type=\"container\" data-e-type=\"container\">\n\t\t\t\t\t<div class=\"e-con-inner\">\n\t\t\t\t<div class=\"elementor-element elementor-element-7105d3d elementor-widget elementor-widget-spacer\" data-id=\"7105d3d\" data-element_type=\"widget\" data-e-type=\"widget\" data-widget_type=\"spacer.default\">\n\t\t\t\t<div class=\"elementor-widget-container\">\n\t\t\t\t\t\t\t<div class=\"elementor-spacer\">\n\t\t\t<div class=\"elementor-spacer-inner\"><\/div>\n\t\t<\/div>\n\t\t\t\t\t\t<\/div>\n\t\t\t\t<\/div>\n\t\t\t\t\t<\/div>\n\t\t\t\t<\/div>\n\t\t<div class=\"elementor-element elementor-element-d203abf e-flex e-con-boxed e-con e-parent\" data-id=\"d203abf\" data-element_type=\"container\" data-e-type=\"container\">\n\t\t\t\t\t<div class=\"e-con-inner\">\n\t\t\t\t<div class=\"elementor-element elementor-element-72d5949 elementor-position-top elementor-widget elementor-widget-image-box\" data-id=\"72d5949\" data-element_type=\"widget\" data-e-type=\"widget\" data-widget_type=\"image-box.default\">\n\t\t\t\t<div class=\"elementor-widget-container\">\n\t\t\t\t\t<div class=\"elementor-image-box-wrapper\"><figure class=\"elementor-image-box-img\"><a href=\"https:\/\/gyselinckenco.be\/\" tabindex=\"-1\"><img decoding=\"async\" width=\"400\" height=\"400\" src=\"https:\/\/supernils.be\/wp-content\/uploads\/2024\/09\/OK-001-Caio-1524155372081.jpg\" class=\"attachment-full size-full wp-image-15847\" alt=\"\" srcset=\"https:\/\/supernils.be\/wp-content\/uploads\/2024\/09\/OK-001-Caio-1524155372081.jpg 400w, https:\/\/supernils.be\/wp-content\/uploads\/2024\/09\/OK-001-Caio-1524155372081-300x300.jpg 300w, https:\/\/supernils.be\/wp-content\/uploads\/2024\/09\/OK-001-Caio-1524155372081-150x150.jpg 150w, https:\/\/supernils.be\/wp-content\/uploads\/2024\/09\/OK-001-Caio-1524155372081-12x12.jpg 12w, https:\/\/supernils.be\/wp-content\/uploads\/2024\/09\/OK-001-Caio-1524155372081-299x299.jpg 299w, https:\/\/supernils.be\/wp-content\/uploads\/2024\/09\/OK-001-Caio-1524155372081-100x100.jpg 100w\" sizes=\"(max-width: 400px) 100vw, 400px\" \/><\/a><\/figure><div class=\"elementor-image-box-content\"><h3 class=\"elementor-image-box-title\"><a href=\"https:\/\/gyselinckenco.be\/\">D\u00e9couvrez Caio Gyselinck<\/a><\/h3><p class=\"elementor-image-box-description\">Notre comptable personnel<br>\nCliquez sur la photo et visitez le site web.<\/p><\/div><\/div>\t\t\t\t<\/div>\n\t\t\t\t<\/div>\n\t\t\t\t\t<\/div>\n\t\t\t\t<\/div>\n\t\t<div class=\"elementor-element elementor-element-35ebce9 e-flex e-con-boxed e-con e-parent\" data-id=\"35ebce9\" data-element_type=\"container\" data-e-type=\"container\">\n\t\t\t\t\t<div class=\"e-con-inner\">\n\t\t\t\t<div class=\"elementor-element elementor-element-f442a6a elementor-widget elementor-widget-spacer\" data-id=\"f442a6a\" data-element_type=\"widget\" data-e-type=\"widget\" data-widget_type=\"spacer.default\">\n\t\t\t\t<div class=\"elementor-widget-container\">\n\t\t\t\t\t\t\t<div class=\"elementor-spacer\">\n\t\t\t<div class=\"elementor-spacer-inner\"><\/div>\n\t\t<\/div>\n\t\t\t\t\t\t<\/div>\n\t\t\t\t<\/div>\n\t\t\t\t\t<\/div>\n\t\t\t\t<\/div>\n\t\t\t\t<\/div>","protected":false},"excerpt":{"rendered":"<p>Boekhoudkantoor WAAROM ??? &#8230; heeft een organisatie als vzw SuperNils de ondersteuning nodig van een professionele boekhouder? Omdat boekhouden een vak apart is! Het correct inschrijven en uitschrijven van facturen, het opvolgen van een boekhoudprogramma, het correct naleven van de (nieuwe) regelgeving (Peppol bijvoorbeeld), het nalezen van de regelgeving op vzw&#8217;s, het corrigeren van onze [&hellip;]<\/p>\n","protected":false},"author":2,"featured_media":0,"parent":0,"menu_order":0,"comment_status":"closed","ping_status":"closed","template":"","meta":{"_themeisle_gutenberg_block_has_review":false,"footnotes":""},"class_list":["post-25006","page","type-page","status-publish","hentry"],"_links":{"self":[{"href":"https:\/\/supernils.be\/fr\/wp-json\/wp\/v2\/pages\/25006","targetHints":{"allow":["GET"]}}],"collection":[{"href":"https:\/\/supernils.be\/fr\/wp-json\/wp\/v2\/pages"}],"about":[{"href":"https:\/\/supernils.be\/fr\/wp-json\/wp\/v2\/types\/page"}],"author":[{"embeddable":true,"href":"https:\/\/supernils.be\/fr\/wp-json\/wp\/v2\/users\/2"}],"replies":[{"embeddable":true,"href":"https:\/\/supernils.be\/fr\/wp-json\/wp\/v2\/comments?post=25006"}],"version-history":[{"count":4,"href":"https:\/\/supernils.be\/fr\/wp-json\/wp\/v2\/pages\/25006\/revisions"}],"predecessor-version":[{"id":25011,"href":"https:\/\/supernils.be\/fr\/wp-json\/wp\/v2\/pages\/25006\/revisions\/25011"}],"wp:attachment":[{"href":"https:\/\/supernils.be\/fr\/wp-json\/wp\/v2\/media?parent=25006"}],"curies":[{"name":"wp","href":"https:\/\/api.w.org\/{rel}","templated":true}]}}