{"id":24977,"date":"2025-12-29T17:48:34","date_gmt":"2025-12-29T16:48:34","guid":{"rendered":"https:\/\/supernils.be\/?page_id=24977"},"modified":"2026-01-29T18:44:42","modified_gmt":"2026-01-29T17:44:42","slug":"caluwaert","status":"publish","type":"page","link":"https:\/\/supernils.be\/fr\/caluwaert\/","title":{"rendered":"033-Caluwaert-Yutterhoeven"},"content":{"rendered":"<div data-elementor-type=\"wp-page\" data-elementor-id=\"24977\" class=\"elementor elementor-24977\" data-elementor-post-type=\"page\">\n\t\t\t\t<div class=\"elementor-element elementor-element-4c831b3 e-flex e-con-boxed e-con e-parent\" data-id=\"4c831b3\" data-element_type=\"container\" data-e-type=\"container\">\n\t\t\t\t\t<div class=\"e-con-inner\">\n\t\t\t\t<div class=\"elementor-element elementor-element-34d1e04 elementor-widget elementor-widget-spacer\" data-id=\"34d1e04\" data-element_type=\"widget\" data-e-type=\"widget\" data-widget_type=\"spacer.default\">\n\t\t\t\t<div class=\"elementor-widget-container\">\n\t\t\t\t\t\t\t<div class=\"elementor-spacer\">\n\t\t\t<div class=\"elementor-spacer-inner\"><\/div>\n\t\t<\/div>\n\t\t\t\t\t\t<\/div>\n\t\t\t\t<\/div>\n\t\t\t\t\t<\/div>\n\t\t\t\t<\/div>\n\t\t<div class=\"elementor-element elementor-element-28e6a4c e-grid e-con-full e-con e-parent\" data-id=\"28e6a4c\" data-element_type=\"container\" data-e-type=\"container\" data-settings=\"{&quot;background_background&quot;:&quot;classic&quot;,&quot;shape_divider_top&quot;:&quot;waves&quot;,&quot;shape_divider_bottom&quot;:&quot;waves&quot;}\">\n\t\t\t\t<div class=\"elementor-shape elementor-shape-top\" aria-hidden=\"true\" data-negative=\"false\">\n\t\t\t<svg xmlns=\"http:\/\/www.w3.org\/2000\/svg\" viewbox=\"0 0 1000 100\" preserveaspectratio=\"none\">\n\t<path class=\"elementor-shape-fill\" d=\"M421.9,6.5c22.6-2.5,51.5,0.4,75.5,5.3c23.6,4.9,70.9,23.5,100.5,35.7c75.8,32.2,133.7,44.5,192.6,49.7\tc23.6,2.1,48.7,3.5,103.4-2.5c54.7-6,106.2-25.6,106.2-25.6V0H0v30.3c0,0,72,32.6,158.4,30.5c39.2-0.7,92.8-6.7,134-22.4\tc21.2-8.1,52.2-18.2,79.7-24.2C399.3,7.9,411.6,7.5,421.9,6.5z\"\/>\n<\/svg>\t\t<\/div>\n\t\t\t\t<div class=\"elementor-shape elementor-shape-bottom\" aria-hidden=\"true\" data-negative=\"false\">\n\t\t\t<svg xmlns=\"http:\/\/www.w3.org\/2000\/svg\" viewbox=\"0 0 1000 100\" preserveaspectratio=\"none\">\n\t<path class=\"elementor-shape-fill\" d=\"M421.9,6.5c22.6-2.5,51.5,0.4,75.5,5.3c23.6,4.9,70.9,23.5,100.5,35.7c75.8,32.2,133.7,44.5,192.6,49.7\tc23.6,2.1,48.7,3.5,103.4-2.5c54.7-6,106.2-25.6,106.2-25.6V0H0v30.3c0,0,72,32.6,158.4,30.5c39.2-0.7,92.8-6.7,134-22.4\tc21.2-8.1,52.2-18.2,79.7-24.2C399.3,7.9,411.6,7.5,421.9,6.5z\"\/>\n<\/svg>\t\t<\/div>\n\t\t\t\t<div class=\"elementor-element elementor-element-7e7e961 elementor-widget elementor-widget-heading\" data-id=\"7e7e961\" data-element_type=\"widget\" data-e-type=\"widget\" data-widget_type=\"heading.default\">\n\t\t\t\t<div class=\"elementor-widget-container\">\n\t\t\t\t\t<h2 class=\"elementor-heading-title elementor-size-default\">Caluwaert-Uytterhoeven <\/h2>\t\t\t\t<\/div>\n\t\t\t\t<\/div>\n\t\t\t\t<div class=\"elementor-element elementor-element-2f97d57 elementor-widget elementor-widget-image\" data-id=\"2f97d57\" data-element_type=\"widget\" data-e-type=\"widget\" data-widget_type=\"image.default\">\n\t\t\t\t<div class=\"elementor-widget-container\">\n\t\t\t\t\t\t\t\t\t\t\t\t\t\t\t\t<a href=\"https:\/\/www.legaloffice.be\/nl\">\n\t\t\t\t\t\t\t<img fetchpriority=\"high\" decoding=\"async\" width=\"368\" height=\"136\" src=\"https:\/\/supernils.be\/wp-content\/uploads\/2026\/01\/Scherm\u00adafbeelding-2026-01-29-om-18.31.29.png\" class=\"attachment-large size-large wp-image-25853\" alt=\"\" srcset=\"https:\/\/supernils.be\/wp-content\/uploads\/2026\/01\/Scherm\u00adafbeelding-2026-01-29-om-18.31.29.png 368w, https:\/\/supernils.be\/wp-content\/uploads\/2026\/01\/Scherm\u00adafbeelding-2026-01-29-om-18.31.29-300x111.png 300w, https:\/\/supernils.be\/wp-content\/uploads\/2026\/01\/Scherm\u00adafbeelding-2026-01-29-om-18.31.29-18x7.png 18w, https:\/\/supernils.be\/wp-content\/uploads\/2026\/01\/Scherm\u00adafbeelding-2026-01-29-om-18.31.29-299x111.png 299w\" sizes=\"(max-width: 368px) 100vw, 368px\" \/>\t\t\t\t\t\t\t\t<\/a>\n\t\t\t\t\t\t\t\t\t\t\t\t\t\t\t<\/div>\n\t\t\t\t<\/div>\n\t\t\t\t<\/div>\n\t\t<div class=\"elementor-element elementor-element-ff73463 e-flex e-con-boxed e-con e-parent\" data-id=\"ff73463\" data-element_type=\"container\" data-e-type=\"container\">\n\t\t\t\t\t<div class=\"e-con-inner\">\n\t\t\t\t<div class=\"elementor-element elementor-element-f47f43c elementor-widget elementor-widget-spacer\" data-id=\"f47f43c\" data-element_type=\"widget\" data-e-type=\"widget\" data-widget_type=\"spacer.default\">\n\t\t\t\t<div class=\"elementor-widget-container\">\n\t\t\t\t\t\t\t<div class=\"elementor-spacer\">\n\t\t\t<div class=\"elementor-spacer-inner\"><\/div>\n\t\t<\/div>\n\t\t\t\t\t\t<\/div>\n\t\t\t\t<\/div>\n\t\t\t\t\t<\/div>\n\t\t\t\t<\/div>\n\t\t<div class=\"elementor-element elementor-element-e66c543 e-con-full e-flex e-con e-parent\" data-id=\"e66c543\" data-element_type=\"container\" data-e-type=\"container\">\n\t\t\t\t<div class=\"elementor-element elementor-element-3c17d35 elementor-widget elementor-widget-heading\" data-id=\"3c17d35\" data-element_type=\"widget\" data-e-type=\"widget\" data-widget_type=\"heading.default\">\n\t\t\t\t<div class=\"elementor-widget-container\">\n\t\t\t\t\t<h2 class=\"elementor-heading-title elementor-size-default\">POURQUOI ???<\/h2>\t\t\t\t<\/div>\n\t\t\t\t<\/div>\n\t\t\t\t<div class=\"elementor-element elementor-element-4ecb7f8 elementor-widget elementor-widget-text-editor\" data-id=\"4ecb7f8\" data-element_type=\"widget\" data-e-type=\"widget\" data-widget_type=\"text-editor.default\">\n\t\t\t\t<div class=\"elementor-widget-container\">\n\t\t\t\t\t\t\t\t\t<p>\u2026 une organisation telle que l'ASBL SuperNils a-t-elle besoin du soutien d'un cabinet d'avocats ?<\/p><p>Beaucoup se poseront cette question. Et je dois avouer honn\u00eatement... que moi non plus, je n'aurais jamais pens\u00e9 que cela serait n\u00e9cessaire.<\/p><p>Mais c'est pourtant vrai ! L'asbl SuperNils grandit et se d\u00e9veloppe de plus en plus. <b>projets complexes<\/b>. Il suffit de penser \u00e0 l'application VR \u201c Le monde d'AYA \u201d et \u00e0 notre derni\u00e8re application web \u201c Nilspire Me \u201d. Afin de maintenir la qualit\u00e9 de ces projets \u00e0 un niveau \u00e9lev\u00e9, nous travaillons en collaboration avec des partenaires professionnels, tels que <b>VENAR<\/b> et <b>PAND\u00c9E VIOLETTE<\/b>. Deux entreprises qui savent ce qu'elles font et qui font preuve d'une grande empathie sociale. Nous sommes donc entre de bonnes mains. Cependant, lors du d\u00e9veloppement de tels projets, la question de la s\u00e9curit\u00e9 des donn\u00e9es se pose rapidement. Qui peut utiliser l'application, que peut-on en faire, les donn\u00e9es sont-elles \u00e9chang\u00e9es, sont-elles conserv\u00e9es, comment cela se passe-t-il, etc. Autant de questions que nous devons nous poser en fonction de la complexit\u00e9, mais aussi de l'importance <b>R\u00e9glementation RGPD<\/b>.\u00a0<\/p><p>C'est pourquoi nous avons besoin de l'aide de sp\u00e9cialistes, de personnes qui connaissent la r\u00e9glementation et savent ce qu'il faut faire pour s\u00e9curiser les donn\u00e9es de chacun. Car ce que SuperNils ne veut PAS, c'est qu'il y ait des fuites de donn\u00e9es ! Les patients doivent pouvoir utiliser nos applications sans crainte ni danger.<\/p><p>En r\u00e9alit\u00e9, les connaissances sont r\u00e9parties au sein du barreau. Tous les avocats ne connaissent pas tout sur la r\u00e9glementation RGPD. C'est pourquoi nous avons d\u00e9cid\u00e9 de collaborer avec deux cabinets qui se compl\u00e8tent mutuellement.\u00a0<\/p><p>Et oui... cela co\u00fbte de l'argent. D\u00e9sormais, ce co\u00fbt sera imm\u00e9diatement pris en compte lors de l'\u00e9laboration d'un projet o\u00f9 le RGPD est un enjeu. Notre position est claire : mieux vaut d\u00e9velopper un outil en moins, mais en toute s\u00e9curit\u00e9 et dans le respect des r\u00e8gles et des accords en vigueur.<\/p>\t\t\t\t\t\t\t\t<\/div>\n\t\t\t\t<\/div>\n\t\t\t\t<\/div>\n\t\t<div class=\"elementor-element elementor-element-2164635 e-flex e-con-boxed e-con e-parent\" data-id=\"2164635\" data-element_type=\"container\" data-e-type=\"container\">\n\t\t\t\t\t<div class=\"e-con-inner\">\n\t\t\t\t<div class=\"elementor-element elementor-element-7105d3d elementor-widget elementor-widget-spacer\" data-id=\"7105d3d\" data-element_type=\"widget\" data-e-type=\"widget\" data-widget_type=\"spacer.default\">\n\t\t\t\t<div class=\"elementor-widget-container\">\n\t\t\t\t\t\t\t<div class=\"elementor-spacer\">\n\t\t\t<div class=\"elementor-spacer-inner\"><\/div>\n\t\t<\/div>\n\t\t\t\t\t\t<\/div>\n\t\t\t\t<\/div>\n\t\t\t\t\t<\/div>\n\t\t\t\t<\/div>\n\t\t<div class=\"elementor-element elementor-element-3f5e827 e-flex e-con-boxed e-con e-parent\" data-id=\"3f5e827\" data-element_type=\"container\" data-e-type=\"container\">\n\t\t\t\t\t<div class=\"e-con-inner\">\n\t\t\t\t<div class=\"elementor-element elementor-element-3138b07 elementor-widget elementor-widget-heading\" data-id=\"3138b07\" data-element_type=\"widget\" data-e-type=\"widget\" data-widget_type=\"heading.default\">\n\t\t\t\t<div class=\"elementor-widget-container\">\n\t\t\t\t\t<h2 class=\"elementor-heading-title elementor-size-default\">Vous voulez en savoir plus sur Caluwaert-Uytterhoeven ? Cliquez sur le logo tout en haut.<\/h2>\t\t\t\t<\/div>\n\t\t\t\t<\/div>\n\t\t\t\t<div class=\"elementor-element elementor-element-2aaa7cb elementor-widget elementor-widget-spacer\" data-id=\"2aaa7cb\" data-element_type=\"widget\" data-e-type=\"widget\" data-widget_type=\"spacer.default\">\n\t\t\t\t<div class=\"elementor-widget-container\">\n\t\t\t\t\t\t\t<div class=\"elementor-spacer\">\n\t\t\t<div class=\"elementor-spacer-inner\"><\/div>\n\t\t<\/div>\n\t\t\t\t\t\t<\/div>\n\t\t\t\t<\/div>\n\t\t\t\t\t<\/div>\n\t\t\t\t<\/div>\n\t\t<div class=\"elementor-element elementor-element-ce16036 e-flex e-con-boxed e-con e-parent\" data-id=\"ce16036\" data-element_type=\"container\" data-e-type=\"container\">\n\t\t\t\t\t<div class=\"e-con-inner\">\n\t\t\t\t<div class=\"elementor-element elementor-element-7e476e9 elementor-widget elementor-widget-heading\" data-id=\"7e476e9\" data-element_type=\"widget\" data-e-type=\"widget\" data-widget_type=\"heading.default\">\n\t\t\t\t<div class=\"elementor-widget-container\">\n\t\t\t\t\t<h2 class=\"elementor-heading-title elementor-size-default\">Rencontrez nos deux contacts<\/h2>\t\t\t\t<\/div>\n\t\t\t\t<\/div>\n\t\t\t\t\t<\/div>\n\t\t\t\t<\/div>\n\t\t<div class=\"elementor-element elementor-element-4f43214 e-flex e-con-boxed e-con e-parent\" data-id=\"4f43214\" data-element_type=\"container\" data-e-type=\"container\">\n\t\t\t\t\t<div class=\"e-con-inner\">\n\t\t<div class=\"elementor-element elementor-element-24458b5 e-con-full e-flex e-con e-child\" data-id=\"24458b5\" data-element_type=\"container\" data-e-type=\"container\">\n\t\t\t\t<div class=\"elementor-element elementor-element-a1cda48 elementor-position-top elementor-widget elementor-widget-image-box\" data-id=\"a1cda48\" data-element_type=\"widget\" data-e-type=\"widget\" data-widget_type=\"image-box.default\">\n\t\t\t\t<div class=\"elementor-widget-container\">\n\t\t\t\t\t<div class=\"elementor-image-box-wrapper\"><figure class=\"elementor-image-box-img\"><img decoding=\"async\" width=\"586\" height=\"740\" src=\"https:\/\/supernils.be\/wp-content\/uploads\/2026\/01\/Scherm\u00adafbeelding-2026-01-29-om-18.38.56.png\" class=\"attachment-full size-full wp-image-25859\" alt=\"\" srcset=\"https:\/\/supernils.be\/wp-content\/uploads\/2026\/01\/Scherm\u00adafbeelding-2026-01-29-om-18.38.56.png 586w, https:\/\/supernils.be\/wp-content\/uploads\/2026\/01\/Scherm\u00adafbeelding-2026-01-29-om-18.38.56-238x300.png 238w, https:\/\/supernils.be\/wp-content\/uploads\/2026\/01\/Scherm\u00adafbeelding-2026-01-29-om-18.38.56-10x12.png 10w, https:\/\/supernils.be\/wp-content\/uploads\/2026\/01\/Scherm\u00adafbeelding-2026-01-29-om-18.38.56-299x378.png 299w, https:\/\/supernils.be\/wp-content\/uploads\/2026\/01\/Scherm\u00adafbeelding-2026-01-29-om-18.38.56-572x722.png 572w\" sizes=\"(max-width: 586px) 100vw, 586px\" \/><\/figure><div class=\"elementor-image-box-content\"><h3 class=\"elementor-image-box-title\">Frederik Van Overtveldt<\/h3><p class=\"elementor-image-box-description\">\nMe Frederik Van Overtveldt est avocat au barreau d'Anvers depuis 2008 et a rejoint le cabinet en tant qu'associ\u00e9 en d\u00e9cembre 2018.<\/p><\/div><\/div>\t\t\t\t<\/div>\n\t\t\t\t<\/div>\n\t\t\t\t<\/div>\n\t\t<div class=\"elementor-element elementor-element-29cf7c8 e-con-full e-flex e-con e-child\" data-id=\"29cf7c8\" data-element_type=\"container\" data-e-type=\"container\">\n\t\t\t\t<div class=\"elementor-element elementor-element-c48d514 elementor-position-top elementor-widget elementor-widget-image-box\" data-id=\"c48d514\" data-element_type=\"widget\" data-e-type=\"widget\" data-widget_type=\"image-box.default\">\n\t\t\t\t<div class=\"elementor-widget-container\">\n\t\t\t\t\t<div class=\"elementor-image-box-wrapper\"><figure class=\"elementor-image-box-img\"><img decoding=\"async\" width=\"552\" height=\"730\" src=\"https:\/\/supernils.be\/wp-content\/uploads\/2026\/01\/Scherm\u00adafbeelding-2026-01-29-om-18.39.20.png\" class=\"attachment-full size-full wp-image-25858\" alt=\"\" srcset=\"https:\/\/supernils.be\/wp-content\/uploads\/2026\/01\/Scherm\u00adafbeelding-2026-01-29-om-18.39.20.png 552w, https:\/\/supernils.be\/wp-content\/uploads\/2026\/01\/Scherm\u00adafbeelding-2026-01-29-om-18.39.20-227x300.png 227w, https:\/\/supernils.be\/wp-content\/uploads\/2026\/01\/Scherm\u00adafbeelding-2026-01-29-om-18.39.20-9x12.png 9w, https:\/\/supernils.be\/wp-content\/uploads\/2026\/01\/Scherm\u00adafbeelding-2026-01-29-om-18.39.20-299x395.png 299w\" sizes=\"(max-width: 552px) 100vw, 552px\" \/><\/figure><div class=\"elementor-image-box-content\"><h3 class=\"elementor-image-box-title\">Namitaa Shah<\/h3><p class=\"elementor-image-box-description\">M. Namitaa Shah a obtenu un Master of Laws avec distinction \u00e0 l'Universit\u00e9 d'Anvers en 2019. Elle a d\u00e9lib\u00e9r\u00e9ment choisi de poursuivre son master enti\u00e8rement en anglais.<\/p><\/div><\/div>\t\t\t\t<\/div>\n\t\t\t\t<\/div>\n\t\t\t\t<\/div>\n\t\t\t\t\t<\/div>\n\t\t\t\t<\/div>\n\t\t<div class=\"elementor-element elementor-element-169cc55 e-flex e-con-boxed e-con e-parent\" data-id=\"169cc55\" data-element_type=\"container\" data-e-type=\"container\">\n\t\t\t\t\t<div class=\"e-con-inner\">\n\t\t\t\t<div class=\"elementor-element elementor-element-1be6cc7 elementor-widget elementor-widget-spacer\" data-id=\"1be6cc7\" data-element_type=\"widget\" data-e-type=\"widget\" data-widget_type=\"spacer.default\">\n\t\t\t\t<div class=\"elementor-widget-container\">\n\t\t\t\t\t\t\t<div class=\"elementor-spacer\">\n\t\t\t<div class=\"elementor-spacer-inner\"><\/div>\n\t\t<\/div>\n\t\t\t\t\t\t<\/div>\n\t\t\t\t<\/div>\n\t\t\t\t\t<\/div>\n\t\t\t\t<\/div>\n\t\t\t\t<\/div>","protected":false},"excerpt":{"rendered":"<p>Caluwaert-Uytterhoeven WAAROM ??? &#8230; heeft een organisatie als vzw SuperNils de ondersteuning nodig van een advocatenkantoor? Dat zullen velen zich afvragen. En ik moet eerlijk toegeven &#8230; ook ik had nooit gedacht dat dit nodig zou zijn. Maar toch is het zo! Vzw SuperNils groeit en ontwikkelt meer en meer complexe projecten. Denk maar aan [&hellip;]<\/p>\n","protected":false},"author":2,"featured_media":0,"parent":0,"menu_order":0,"comment_status":"closed","ping_status":"closed","template":"","meta":{"_themeisle_gutenberg_block_has_review":false,"footnotes":""},"class_list":["post-24977","page","type-page","status-publish","hentry"],"_links":{"self":[{"href":"https:\/\/supernils.be\/fr\/wp-json\/wp\/v2\/pages\/24977","targetHints":{"allow":["GET"]}}],"collection":[{"href":"https:\/\/supernils.be\/fr\/wp-json\/wp\/v2\/pages"}],"about":[{"href":"https:\/\/supernils.be\/fr\/wp-json\/wp\/v2\/types\/page"}],"author":[{"embeddable":true,"href":"https:\/\/supernils.be\/fr\/wp-json\/wp\/v2\/users\/2"}],"replies":[{"embeddable":true,"href":"https:\/\/supernils.be\/fr\/wp-json\/wp\/v2\/comments?post=24977"}],"version-history":[{"count":29,"href":"https:\/\/supernils.be\/fr\/wp-json\/wp\/v2\/pages\/24977\/revisions"}],"predecessor-version":[{"id":25865,"href":"https:\/\/supernils.be\/fr\/wp-json\/wp\/v2\/pages\/24977\/revisions\/25865"}],"wp:attachment":[{"href":"https:\/\/supernils.be\/fr\/wp-json\/wp\/v2\/media?parent=24977"}],"curies":[{"name":"wp","href":"https:\/\/api.w.org\/{rel}","templated":true}]}}