{"id":24953,"date":"2025-12-29T17:20:00","date_gmt":"2025-12-29T16:20:00","guid":{"rendered":"https:\/\/supernils.be\/?page_id=24953"},"modified":"2025-12-29T17:47:55","modified_gmt":"2025-12-29T16:47:55","slug":"corbus","status":"publish","type":"page","link":"https:\/\/supernils.be\/fr\/corbus\/","title":{"rendered":"032-Corbus"},"content":{"rendered":"<div data-elementor-type=\"wp-page\" data-elementor-id=\"24953\" class=\"elementor elementor-24953\" data-elementor-post-type=\"page\">\n\t\t\t\t<div class=\"elementor-element elementor-element-4c831b3 e-flex e-con-boxed e-con e-parent\" data-id=\"4c831b3\" data-element_type=\"container\" data-e-type=\"container\">\n\t\t\t\t\t<div class=\"e-con-inner\">\n\t\t\t\t<div class=\"elementor-element elementor-element-34d1e04 elementor-widget elementor-widget-spacer\" data-id=\"34d1e04\" data-element_type=\"widget\" data-e-type=\"widget\" data-widget_type=\"spacer.default\">\n\t\t\t\t<div class=\"elementor-widget-container\">\n\t\t\t\t\t\t\t<div class=\"elementor-spacer\">\n\t\t\t<div class=\"elementor-spacer-inner\"><\/div>\n\t\t<\/div>\n\t\t\t\t\t\t<\/div>\n\t\t\t\t<\/div>\n\t\t\t\t\t<\/div>\n\t\t\t\t<\/div>\n\t\t<div class=\"elementor-element elementor-element-28e6a4c e-grid e-con-full e-con e-parent\" data-id=\"28e6a4c\" data-element_type=\"container\" data-e-type=\"container\" data-settings=\"{&quot;background_background&quot;:&quot;classic&quot;,&quot;shape_divider_top&quot;:&quot;waves&quot;,&quot;shape_divider_bottom&quot;:&quot;waves&quot;}\">\n\t\t\t\t<div class=\"elementor-shape elementor-shape-top\" aria-hidden=\"true\" data-negative=\"false\">\n\t\t\t<svg xmlns=\"http:\/\/www.w3.org\/2000\/svg\" viewbox=\"0 0 1000 100\" preserveaspectratio=\"none\">\n\t<path class=\"elementor-shape-fill\" d=\"M421.9,6.5c22.6-2.5,51.5,0.4,75.5,5.3c23.6,4.9,70.9,23.5,100.5,35.7c75.8,32.2,133.7,44.5,192.6,49.7\tc23.6,2.1,48.7,3.5,103.4-2.5c54.7-6,106.2-25.6,106.2-25.6V0H0v30.3c0,0,72,32.6,158.4,30.5c39.2-0.7,92.8-6.7,134-22.4\tc21.2-8.1,52.2-18.2,79.7-24.2C399.3,7.9,411.6,7.5,421.9,6.5z\"\/>\n<\/svg>\t\t<\/div>\n\t\t\t\t<div class=\"elementor-shape elementor-shape-bottom\" aria-hidden=\"true\" data-negative=\"false\">\n\t\t\t<svg xmlns=\"http:\/\/www.w3.org\/2000\/svg\" viewbox=\"0 0 1000 100\" preserveaspectratio=\"none\">\n\t<path class=\"elementor-shape-fill\" d=\"M421.9,6.5c22.6-2.5,51.5,0.4,75.5,5.3c23.6,4.9,70.9,23.5,100.5,35.7c75.8,32.2,133.7,44.5,192.6,49.7\tc23.6,2.1,48.7,3.5,103.4-2.5c54.7-6,106.2-25.6,106.2-25.6V0H0v30.3c0,0,72,32.6,158.4,30.5c39.2-0.7,92.8-6.7,134-22.4\tc21.2-8.1,52.2-18.2,79.7-24.2C399.3,7.9,411.6,7.5,421.9,6.5z\"\/>\n<\/svg>\t\t<\/div>\n\t\t\t\t<div class=\"elementor-element elementor-element-7e7e961 elementor-widget elementor-widget-heading\" data-id=\"7e7e961\" data-element_type=\"widget\" data-e-type=\"widget\" data-widget_type=\"heading.default\">\n\t\t\t\t<div class=\"elementor-widget-container\">\n\t\t\t\t\t<h2 class=\"elementor-heading-title elementor-size-default\">CORBUS Avocats<\/h2>\t\t\t\t<\/div>\n\t\t\t\t<\/div>\n\t\t\t\t<div class=\"elementor-element elementor-element-2f97d57 elementor-widget elementor-widget-image\" data-id=\"2f97d57\" data-element_type=\"widget\" data-e-type=\"widget\" data-widget_type=\"image.default\">\n\t\t\t\t<div class=\"elementor-widget-container\">\n\t\t\t\t\t\t\t\t\t\t\t\t\t\t\t<img fetchpriority=\"high\" decoding=\"async\" width=\"776\" height=\"544\" src=\"https:\/\/supernils.be\/wp-content\/uploads\/2025\/12\/Scherm\u00adafbeelding-2025-12-29-om-17.24.16.png\" class=\"attachment-large size-large wp-image-24959\" alt=\"\" srcset=\"https:\/\/supernils.be\/wp-content\/uploads\/2025\/12\/Scherm\u00adafbeelding-2025-12-29-om-17.24.16.png 776w, https:\/\/supernils.be\/wp-content\/uploads\/2025\/12\/Scherm\u00adafbeelding-2025-12-29-om-17.24.16-300x210.png 300w, https:\/\/supernils.be\/wp-content\/uploads\/2025\/12\/Scherm\u00adafbeelding-2025-12-29-om-17.24.16-768x538.png 768w, https:\/\/supernils.be\/wp-content\/uploads\/2025\/12\/Scherm\u00adafbeelding-2025-12-29-om-17.24.16-18x12.png 18w, https:\/\/supernils.be\/wp-content\/uploads\/2025\/12\/Scherm\u00adafbeelding-2025-12-29-om-17.24.16-299x210.png 299w, https:\/\/supernils.be\/wp-content\/uploads\/2025\/12\/Scherm\u00adafbeelding-2025-12-29-om-17.24.16-572x401.png 572w\" sizes=\"(max-width: 776px) 100vw, 776px\" \/>\t\t\t\t\t\t\t\t\t\t\t\t\t\t\t<\/div>\n\t\t\t\t<\/div>\n\t\t\t\t<\/div>\n\t\t<div class=\"elementor-element elementor-element-ff73463 e-flex e-con-boxed e-con e-parent\" data-id=\"ff73463\" data-element_type=\"container\" data-e-type=\"container\">\n\t\t\t\t\t<div class=\"e-con-inner\">\n\t\t\t\t<div class=\"elementor-element elementor-element-f47f43c elementor-widget elementor-widget-spacer\" data-id=\"f47f43c\" data-element_type=\"widget\" data-e-type=\"widget\" data-widget_type=\"spacer.default\">\n\t\t\t\t<div class=\"elementor-widget-container\">\n\t\t\t\t\t\t\t<div class=\"elementor-spacer\">\n\t\t\t<div class=\"elementor-spacer-inner\"><\/div>\n\t\t<\/div>\n\t\t\t\t\t\t<\/div>\n\t\t\t\t<\/div>\n\t\t\t\t\t<\/div>\n\t\t\t\t<\/div>\n\t\t<div class=\"elementor-element elementor-element-e66c543 e-con-full e-flex e-con e-parent\" data-id=\"e66c543\" data-element_type=\"container\" data-e-type=\"container\">\n\t\t\t\t<div class=\"elementor-element elementor-element-3c17d35 elementor-widget elementor-widget-heading\" data-id=\"3c17d35\" data-element_type=\"widget\" data-e-type=\"widget\" data-widget_type=\"heading.default\">\n\t\t\t\t<div class=\"elementor-widget-container\">\n\t\t\t\t\t<h2 class=\"elementor-heading-title elementor-size-default\">POURQUOI ???<\/h2>\t\t\t\t<\/div>\n\t\t\t\t<\/div>\n\t\t\t\t<div class=\"elementor-element elementor-element-4ecb7f8 elementor-widget elementor-widget-text-editor\" data-id=\"4ecb7f8\" data-element_type=\"widget\" data-e-type=\"widget\" data-widget_type=\"text-editor.default\">\n\t\t\t\t<div class=\"elementor-widget-container\">\n\t\t\t\t\t\t\t\t\t<p>\u2026 une organisation telle que l'ASBL SuperNils a-t-elle besoin du soutien d'un cabinet d'avocats ?<\/p><p>Beaucoup se poseront cette question. Et je dois avouer honn\u00eatement... que moi non plus, je n'aurais jamais pens\u00e9 que cela serait n\u00e9cessaire.<\/p><p>Mais c'est pourtant vrai ! L'asbl SuperNils grandit et se d\u00e9veloppe de plus en plus. <b>projets complexes<\/b>. Il suffit de penser \u00e0 l'application VR \u201c Le monde d'AYA \u201d et \u00e0 notre derni\u00e8re application web \u201c Nilspire Me \u201d. Afin de maintenir la qualit\u00e9 de ces projets \u00e0 un niveau \u00e9lev\u00e9, nous travaillons en collaboration avec des partenaires professionnels, tels que <b>VENAR<\/b> et <b>PAND\u00c9E VIOLETTE<\/b>. Deux entreprises qui savent ce qu'elles font et qui font preuve d'une grande empathie sociale. Nous sommes donc entre de bonnes mains. Cependant, lors du d\u00e9veloppement de tels projets, la question de la s\u00e9curit\u00e9 des donn\u00e9es se pose rapidement. Qui peut utiliser l'application, que peut-on en faire, les donn\u00e9es sont-elles \u00e9chang\u00e9es, sont-elles conserv\u00e9es, comment cela se passe-t-il, etc. Autant de questions que nous devons nous poser en fonction de la complexit\u00e9, mais aussi de l'importance <b>R\u00e9glementation RGPD<\/b>.\u00a0<\/p><p>C'est pourquoi nous avons besoin de l'aide de sp\u00e9cialistes, de personnes qui connaissent la r\u00e9glementation et savent ce qu'il faut faire pour s\u00e9curiser les donn\u00e9es de chacun. Car ce que SuperNils ne veut PAS, c'est qu'il y ait des fuites de donn\u00e9es ! Les patients doivent pouvoir utiliser nos applications sans crainte ni danger.<\/p><p>En r\u00e9alit\u00e9, les connaissances sont r\u00e9parties au sein du barreau. Tous les avocats ne connaissent pas tout sur la r\u00e9glementation RGPD. C'est pourquoi nous avons d\u00e9cid\u00e9 de collaborer avec deux cabinets qui se compl\u00e8tent mutuellement.\u00a0<\/p><p>Et oui... cela co\u00fbte de l'argent. D\u00e9sormais, ce co\u00fbt sera imm\u00e9diatement pris en compte lors de l'\u00e9laboration d'un projet o\u00f9 le RGPD est un enjeu. Notre position est claire : mieux vaut d\u00e9velopper un outil en moins, mais en toute s\u00e9curit\u00e9 et dans le respect des r\u00e8gles et des accords en vigueur.<\/p>\t\t\t\t\t\t\t\t<\/div>\n\t\t\t\t<\/div>\n\t\t\t\t<\/div>\n\t\t<div class=\"elementor-element elementor-element-2164635 e-flex e-con-boxed e-con e-parent\" data-id=\"2164635\" data-element_type=\"container\" data-e-type=\"container\">\n\t\t\t\t\t<div class=\"e-con-inner\">\n\t\t\t\t<div class=\"elementor-element elementor-element-7105d3d elementor-widget elementor-widget-spacer\" data-id=\"7105d3d\" data-element_type=\"widget\" data-e-type=\"widget\" data-widget_type=\"spacer.default\">\n\t\t\t\t<div class=\"elementor-widget-container\">\n\t\t\t\t\t\t\t<div class=\"elementor-spacer\">\n\t\t\t<div class=\"elementor-spacer-inner\"><\/div>\n\t\t<\/div>\n\t\t\t\t\t\t<\/div>\n\t\t\t\t<\/div>\n\t\t\t\t\t<\/div>\n\t\t\t\t<\/div>\n\t\t<div class=\"elementor-element elementor-element-d203abf e-flex e-con-boxed e-con e-parent\" data-id=\"d203abf\" data-element_type=\"container\" data-e-type=\"container\">\n\t\t\t\t\t<div class=\"e-con-inner\">\n\t\t\t\t<div class=\"elementor-element elementor-element-72d5949 elementor-position-top elementor-widget elementor-widget-image-box\" data-id=\"72d5949\" data-element_type=\"widget\" data-e-type=\"widget\" data-widget_type=\"image-box.default\">\n\t\t\t\t<div class=\"elementor-widget-container\">\n\t\t\t\t\t<div class=\"elementor-image-box-wrapper\"><figure class=\"elementor-image-box-img\"><a href=\"https:\/\/corbus.be\/\" tabindex=\"-1\"><img decoding=\"async\" width=\"512\" height=\"768\" src=\"https:\/\/supernils.be\/wp-content\/uploads\/2025\/12\/CORBUS-Team-Glenn_Fredrix-Thumbnail.jpg\" class=\"attachment-full size-full wp-image-24966\" alt=\"\" srcset=\"https:\/\/supernils.be\/wp-content\/uploads\/2025\/12\/CORBUS-Team-Glenn_Fredrix-Thumbnail.jpg 512w, https:\/\/supernils.be\/wp-content\/uploads\/2025\/12\/CORBUS-Team-Glenn_Fredrix-Thumbnail-200x300.jpg 200w, https:\/\/supernils.be\/wp-content\/uploads\/2025\/12\/CORBUS-Team-Glenn_Fredrix-Thumbnail-8x12.jpg 8w, https:\/\/supernils.be\/wp-content\/uploads\/2025\/12\/CORBUS-Team-Glenn_Fredrix-Thumbnail-299x449.jpg 299w\" sizes=\"(max-width: 512px) 100vw, 512px\" \/><\/a><\/figure><div class=\"elementor-image-box-content\"><h3 class=\"elementor-image-box-title\"><a href=\"https:\/\/corbus.be\/\">D\u00e9couvrez Glenn Fredrix<\/a><\/h3><p class=\"elementor-image-box-description\">Notre partenaire chez Corbus Advocaten<br>\nCliquez sur la photo et visitez leur site web.<\/p><\/div><\/div>\t\t\t\t<\/div>\n\t\t\t\t<\/div>\n\t\t\t\t\t<\/div>\n\t\t\t\t<\/div>\n\t\t<div class=\"elementor-element elementor-element-35ebce9 e-flex e-con-boxed e-con e-parent\" data-id=\"35ebce9\" data-element_type=\"container\" data-e-type=\"container\">\n\t\t\t\t\t<div class=\"e-con-inner\">\n\t\t\t\t<div class=\"elementor-element elementor-element-f442a6a elementor-widget elementor-widget-spacer\" data-id=\"f442a6a\" data-element_type=\"widget\" data-e-type=\"widget\" data-widget_type=\"spacer.default\">\n\t\t\t\t<div class=\"elementor-widget-container\">\n\t\t\t\t\t\t\t<div class=\"elementor-spacer\">\n\t\t\t<div class=\"elementor-spacer-inner\"><\/div>\n\t\t<\/div>\n\t\t\t\t\t\t<\/div>\n\t\t\t\t<\/div>\n\t\t\t\t\t<\/div>\n\t\t\t\t<\/div>\n\t\t\t\t<\/div>","protected":false},"excerpt":{"rendered":"<p>CORBUS Advocaten WAAROM ??? &#8230; heeft een organisatie als vzw SuperNils de ondersteuning nodig van een advocatenkantoor? Dat zullen velen zich afvragen. En ik moet eerlijk toegeven &#8230; ook ik had nooit gedacht dat dit nodig zou zijn. Maar toch is het zo! Vzw SuperNils groeit en ontwikkelt meer en meer complexe projecten. Denk maar [&hellip;]<\/p>\n","protected":false},"author":2,"featured_media":0,"parent":0,"menu_order":0,"comment_status":"closed","ping_status":"closed","template":"","meta":{"_themeisle_gutenberg_block_has_review":false,"footnotes":""},"class_list":["post-24953","page","type-page","status-publish","hentry"],"_links":{"self":[{"href":"https:\/\/supernils.be\/fr\/wp-json\/wp\/v2\/pages\/24953","targetHints":{"allow":["GET"]}}],"collection":[{"href":"https:\/\/supernils.be\/fr\/wp-json\/wp\/v2\/pages"}],"about":[{"href":"https:\/\/supernils.be\/fr\/wp-json\/wp\/v2\/types\/page"}],"author":[{"embeddable":true,"href":"https:\/\/supernils.be\/fr\/wp-json\/wp\/v2\/users\/2"}],"replies":[{"embeddable":true,"href":"https:\/\/supernils.be\/fr\/wp-json\/wp\/v2\/comments?post=24953"}],"version-history":[{"count":20,"href":"https:\/\/supernils.be\/fr\/wp-json\/wp\/v2\/pages\/24953\/revisions"}],"predecessor-version":[{"id":24976,"href":"https:\/\/supernils.be\/fr\/wp-json\/wp\/v2\/pages\/24953\/revisions\/24976"}],"wp:attachment":[{"href":"https:\/\/supernils.be\/fr\/wp-json\/wp\/v2\/media?parent=24953"}],"curies":[{"name":"wp","href":"https:\/\/api.w.org\/{rel}","templated":true}]}}