{"id":24847,"date":"2025-12-29T11:44:29","date_gmt":"2025-12-29T10:44:29","guid":{"rendered":"https:\/\/supernils.be\/?page_id=24847"},"modified":"2025-12-29T12:08:47","modified_gmt":"2025-12-29T11:08:47","slug":"peter-genyn","status":"publish","type":"page","link":"https:\/\/supernils.be\/fr\/peter-genyn\/","title":{"rendered":"030-Peter Genyn"},"content":{"rendered":"<div data-elementor-type=\"wp-page\" data-elementor-id=\"24847\" class=\"elementor elementor-24847\" data-elementor-post-type=\"page\">\n\t\t\t\t<div class=\"elementor-element elementor-element-bb0eca8 e-flex e-con-boxed e-con e-parent\" data-id=\"bb0eca8\" data-element_type=\"container\" data-e-type=\"container\">\n\t\t\t\t\t<div class=\"e-con-inner\">\n\t\t\t\t<div class=\"elementor-element elementor-element-7e45d73 elementor-widget elementor-widget-spacer\" data-id=\"7e45d73\" data-element_type=\"widget\" data-e-type=\"widget\" data-widget_type=\"spacer.default\">\n\t\t\t\t<div class=\"elementor-widget-container\">\n\t\t\t\t\t\t\t<div class=\"elementor-spacer\">\n\t\t\t<div class=\"elementor-spacer-inner\"><\/div>\n\t\t<\/div>\n\t\t\t\t\t\t<\/div>\n\t\t\t\t<\/div>\n\t\t\t\t\t<\/div>\n\t\t\t\t<\/div>\n\t\t<div class=\"elementor-element elementor-element-d56ed81 e-grid e-con-full e-con e-parent\" data-id=\"d56ed81\" data-element_type=\"container\" data-e-type=\"container\">\n\t\t<div class=\"elementor-element elementor-element-4fcec0f e-flex e-con-boxed e-con e-child\" data-id=\"4fcec0f\" data-element_type=\"container\" data-e-type=\"container\">\n\t\t\t\t\t<div class=\"e-con-inner\">\n\t\t\t\t<div class=\"elementor-element elementor-element-381c5c0 elementor-widget elementor-widget-spacer\" data-id=\"381c5c0\" data-element_type=\"widget\" data-e-type=\"widget\" data-widget_type=\"spacer.default\">\n\t\t\t\t<div class=\"elementor-widget-container\">\n\t\t\t\t\t\t\t<div class=\"elementor-spacer\">\n\t\t\t<div class=\"elementor-spacer-inner\"><\/div>\n\t\t<\/div>\n\t\t\t\t\t\t<\/div>\n\t\t\t\t<\/div>\n\t\t\t\t<div class=\"elementor-element elementor-element-de0caa2 elementor-widget elementor-widget-heading\" data-id=\"de0caa2\" data-element_type=\"widget\" data-e-type=\"widget\" data-widget_type=\"heading.default\">\n\t\t\t\t<div class=\"elementor-widget-container\">\n\t\t\t\t\t<h2 class=\"elementor-heading-title elementor-size-default\">Peter Genyn ...<\/h2>\t\t\t\t<\/div>\n\t\t\t\t<\/div>\n\t\t\t\t<div class=\"elementor-element elementor-element-05d8893 elementor-widget elementor-widget-spacer\" data-id=\"05d8893\" data-element_type=\"widget\" data-e-type=\"widget\" data-widget_type=\"spacer.default\">\n\t\t\t\t<div class=\"elementor-widget-container\">\n\t\t\t\t\t\t\t<div class=\"elementor-spacer\">\n\t\t\t<div class=\"elementor-spacer-inner\"><\/div>\n\t\t<\/div>\n\t\t\t\t\t\t<\/div>\n\t\t\t\t<\/div>\n\t\t\t\t<div class=\"elementor-element elementor-element-a6a8502 elementor-widget elementor-widget-heading\" data-id=\"a6a8502\" data-element_type=\"widget\" data-e-type=\"widget\" data-widget_type=\"heading.default\">\n\t\t\t\t<div class=\"elementor-widget-container\">\n\t\t\t\t\t<h2 class=\"elementor-heading-title elementor-size-default\">Un ambassadeur avec un message !<\/h2>\t\t\t\t<\/div>\n\t\t\t\t<\/div>\n\t\t<div class=\"elementor-element elementor-element-d8d4242 e-con-full e-flex e-con e-child\" data-id=\"d8d4242\" data-element_type=\"container\" data-e-type=\"container\" data-settings=\"{&quot;background_background&quot;:&quot;classic&quot;,&quot;shape_divider_top&quot;:&quot;waves&quot;,&quot;shape_divider_bottom&quot;:&quot;waves&quot;}\">\n\t\t\t\t<div class=\"elementor-shape elementor-shape-top\" aria-hidden=\"true\" data-negative=\"false\">\n\t\t\t<svg xmlns=\"http:\/\/www.w3.org\/2000\/svg\" viewbox=\"0 0 1000 100\" preserveaspectratio=\"none\">\n\t<path class=\"elementor-shape-fill\" d=\"M421.9,6.5c22.6-2.5,51.5,0.4,75.5,5.3c23.6,4.9,70.9,23.5,100.5,35.7c75.8,32.2,133.7,44.5,192.6,49.7\tc23.6,2.1,48.7,3.5,103.4-2.5c54.7-6,106.2-25.6,106.2-25.6V0H0v30.3c0,0,72,32.6,158.4,30.5c39.2-0.7,92.8-6.7,134-22.4\tc21.2-8.1,52.2-18.2,79.7-24.2C399.3,7.9,411.6,7.5,421.9,6.5z\"\/>\n<\/svg>\t\t<\/div>\n\t\t\t\t<div class=\"elementor-shape elementor-shape-bottom\" aria-hidden=\"true\" data-negative=\"false\">\n\t\t\t<svg xmlns=\"http:\/\/www.w3.org\/2000\/svg\" viewbox=\"0 0 1000 100\" preserveaspectratio=\"none\">\n\t<path class=\"elementor-shape-fill\" d=\"M421.9,6.5c22.6-2.5,51.5,0.4,75.5,5.3c23.6,4.9,70.9,23.5,100.5,35.7c75.8,32.2,133.7,44.5,192.6,49.7\tc23.6,2.1,48.7,3.5,103.4-2.5c54.7-6,106.2-25.6,106.2-25.6V0H0v30.3c0,0,72,32.6,158.4,30.5c39.2-0.7,92.8-6.7,134-22.4\tc21.2-8.1,52.2-18.2,79.7-24.2C399.3,7.9,411.6,7.5,421.9,6.5z\"\/>\n<\/svg>\t\t<\/div>\n\t\t\t\t<\/div>\n\t\t\t\t\t<\/div>\n\t\t\t\t<\/div>\n\t\t\t\t<div class=\"elementor-element elementor-element-277ec8c elementor-widget elementor-widget-image\" data-id=\"277ec8c\" data-element_type=\"widget\" data-e-type=\"widget\" data-widget_type=\"image.default\">\n\t\t\t\t<div class=\"elementor-widget-container\">\n\t\t\t\t\t\t\t\t\t\t\t\t\t\t\t<img fetchpriority=\"high\" decoding=\"async\" width=\"800\" height=\"534\" src=\"https:\/\/supernils.be\/wp-content\/uploads\/2024\/09\/OK-001-foto-credit-Geert-De-Rycke-scaled-2-1054x703.jpg\" class=\"attachment-large size-large wp-image-16323\" alt=\"\" srcset=\"https:\/\/supernils.be\/wp-content\/uploads\/2024\/09\/OK-001-foto-credit-Geert-De-Rycke-scaled-2-1054x703.jpg 1054w, https:\/\/supernils.be\/wp-content\/uploads\/2024\/09\/OK-001-foto-credit-Geert-De-Rycke-scaled-2-300x200.jpg 300w, https:\/\/supernils.be\/wp-content\/uploads\/2024\/09\/OK-001-foto-credit-Geert-De-Rycke-scaled-2-768x512.jpg 768w, https:\/\/supernils.be\/wp-content\/uploads\/2024\/09\/OK-001-foto-credit-Geert-De-Rycke-scaled-2-1536x1024.jpg 1536w, https:\/\/supernils.be\/wp-content\/uploads\/2024\/09\/OK-001-foto-credit-Geert-De-Rycke-scaled-2-2048x1366.jpg 2048w, https:\/\/supernils.be\/wp-content\/uploads\/2024\/09\/OK-001-foto-credit-Geert-De-Rycke-scaled-2-18x12.jpg 18w, https:\/\/supernils.be\/wp-content\/uploads\/2024\/09\/OK-001-foto-credit-Geert-De-Rycke-scaled-2-299x199.jpg 299w, https:\/\/supernils.be\/wp-content\/uploads\/2024\/09\/OK-001-foto-credit-Geert-De-Rycke-scaled-2-572x381.jpg 572w, https:\/\/supernils.be\/wp-content\/uploads\/2024\/09\/OK-001-foto-credit-Geert-De-Rycke-scaled-2-272x182.jpg 272w\" sizes=\"(max-width: 800px) 100vw, 800px\" \/>\t\t\t\t\t\t\t\t\t\t\t\t\t\t\t<\/div>\n\t\t\t\t<\/div>\n\t\t\t\t<\/div>\n\t\t<div class=\"elementor-element elementor-element-1f931a8 e-con-full e-flex e-con e-parent\" data-id=\"1f931a8\" data-element_type=\"container\" data-e-type=\"container\">\n\t\t\t\t<div class=\"elementor-element elementor-element-e097e69 elementor-widget elementor-widget-text-editor\" data-id=\"e097e69\" data-element_type=\"widget\" data-e-type=\"widget\" data-widget_type=\"text-editor.default\">\n\t\t\t\t<div class=\"elementor-widget-container\">\n\t\t\t\t\t\t\t\t\t<p>Cr\u00e9dit photo : Geert de Rycke<\/p>\t\t\t\t\t\t\t\t<\/div>\n\t\t\t\t<\/div>\n\t\t\t\t<\/div>\n\t\t<div class=\"elementor-element elementor-element-51ad984 e-flex e-con-boxed e-con e-parent\" data-id=\"51ad984\" data-element_type=\"container\" data-e-type=\"container\">\n\t\t\t\t\t<div class=\"e-con-inner\">\n\t\t\t\t<div class=\"elementor-element elementor-element-1d602ae elementor-widget elementor-widget-spacer\" data-id=\"1d602ae\" data-element_type=\"widget\" data-e-type=\"widget\" data-widget_type=\"spacer.default\">\n\t\t\t\t<div class=\"elementor-widget-container\">\n\t\t\t\t\t\t\t<div class=\"elementor-spacer\">\n\t\t\t<div class=\"elementor-spacer-inner\"><\/div>\n\t\t<\/div>\n\t\t\t\t\t\t<\/div>\n\t\t\t\t<\/div>\n\t\t\t\t\t<\/div>\n\t\t\t\t<\/div>\n\t\t<div class=\"elementor-element elementor-element-e101a94 e-grid e-con-full e-con e-parent\" data-id=\"e101a94\" data-element_type=\"container\" data-e-type=\"container\">\n\t\t<div class=\"elementor-element elementor-element-d386afb e-flex e-con-boxed e-con e-child\" data-id=\"d386afb\" data-element_type=\"container\" data-e-type=\"container\">\n\t\t\t\t\t<div class=\"e-con-inner\">\n\t\t\t\t<div class=\"elementor-element elementor-element-bf49061 elementor-widget elementor-widget-heading\" data-id=\"bf49061\" data-element_type=\"widget\" data-e-type=\"widget\" data-widget_type=\"heading.default\">\n\t\t\t\t<div class=\"elementor-widget-container\">\n\t\t\t\t\t<h2 class=\"elementor-heading-title elementor-size-default\">Ne pas abandonner, voil\u00e0 le mot d'ordre !<\/h2>\t\t\t\t<\/div>\n\t\t\t\t<\/div>\n\t\t\t\t<div class=\"elementor-element elementor-element-7cf822c elementor-widget elementor-widget-image\" data-id=\"7cf822c\" data-element_type=\"widget\" data-e-type=\"widget\" data-widget_type=\"image.default\">\n\t\t\t\t<div class=\"elementor-widget-container\">\n\t\t\t\t\t\t\t\t\t\t\t\t\t\t\t<img decoding=\"async\" width=\"800\" height=\"532\" src=\"https:\/\/supernils.be\/wp-content\/uploads\/2023\/11\/OK-001-Peter-DSC_0134-scaled-1-1054x701.jpg\" class=\"attachment-large size-large wp-image-16043\" alt=\"\" srcset=\"https:\/\/supernils.be\/wp-content\/uploads\/2023\/11\/OK-001-Peter-DSC_0134-scaled-1-1054x701.jpg 1054w, https:\/\/supernils.be\/wp-content\/uploads\/2023\/11\/OK-001-Peter-DSC_0134-scaled-1-300x199.jpg 300w, https:\/\/supernils.be\/wp-content\/uploads\/2023\/11\/OK-001-Peter-DSC_0134-scaled-1-768x511.jpg 768w, https:\/\/supernils.be\/wp-content\/uploads\/2023\/11\/OK-001-Peter-DSC_0134-scaled-1-1536x1021.jpg 1536w, https:\/\/supernils.be\/wp-content\/uploads\/2023\/11\/OK-001-Peter-DSC_0134-scaled-1-2048x1362.jpg 2048w, https:\/\/supernils.be\/wp-content\/uploads\/2023\/11\/OK-001-Peter-DSC_0134-scaled-1-18x12.jpg 18w, https:\/\/supernils.be\/wp-content\/uploads\/2023\/11\/OK-001-Peter-DSC_0134-scaled-1-299x199.jpg 299w, https:\/\/supernils.be\/wp-content\/uploads\/2023\/11\/OK-001-Peter-DSC_0134-scaled-1-572x380.jpg 572w, https:\/\/supernils.be\/wp-content\/uploads\/2023\/11\/OK-001-Peter-DSC_0134-scaled-1-272x182.jpg 272w\" sizes=\"(max-width: 800px) 100vw, 800px\" \/>\t\t\t\t\t\t\t\t\t\t\t\t\t\t\t<\/div>\n\t\t\t\t<\/div>\n\t\t\t\t<div class=\"elementor-element elementor-element-0e1b9bc elementor-widget elementor-widget-spacer\" data-id=\"0e1b9bc\" data-element_type=\"widget\" data-e-type=\"widget\" data-widget_type=\"spacer.default\">\n\t\t\t\t<div class=\"elementor-widget-container\">\n\t\t\t\t\t\t\t<div class=\"elementor-spacer\">\n\t\t\t<div class=\"elementor-spacer-inner\"><\/div>\n\t\t<\/div>\n\t\t\t\t\t\t<\/div>\n\t\t\t\t<\/div>\n\t\t\t\t<div class=\"elementor-element elementor-element-7b5f983 elementor-widget elementor-widget-text-editor\" data-id=\"7b5f983\" data-element_type=\"widget\" data-e-type=\"widget\" data-widget_type=\"text-editor.default\">\n\t\t\t\t<div class=\"elementor-widget-container\">\n\t\t\t\t\t\t\t\t\t<p>En fait, j'ai \u00e9t\u00e9 sportive toute ma vie et pour moi, le sport est tout simplement tr\u00e8s important.<\/p><p>C'est un exutoire.<\/p><p>Je pense que cela vaut non seulement pour les personnes handicap\u00e9es, mais aussi pour les personnes valides.<\/p><p>En 1993, \u00e0 l'\u00e2ge de 16 ans, j'ai plong\u00e9 dans une eau peu profonde qui m'a laiss\u00e9e assez fortement paralys\u00e9e. Je ne peux donc plus bouger mes doigts. Les triceps fonctionnent encore pour environ un tiers.<\/p><p>Vous avez alors le choix. Soit vous vous retirez dans votre coin et ne faites plus rien. Soit vous faites quelque chose de votre vie.\u00a0 <strong>Et j'ai finalement trouv\u00e9 que c'\u00e9tait le meilleur choix.<\/strong><\/p>\t\t\t\t\t\t\t\t<\/div>\n\t\t\t\t<\/div>\n\t\t\t\t\t<\/div>\n\t\t\t\t<\/div>\n\t\t\t\t<\/div>\n\t\t<div class=\"elementor-element elementor-element-5bd20cc e-flex e-con-boxed e-con e-parent\" data-id=\"5bd20cc\" data-element_type=\"container\" data-e-type=\"container\">\n\t\t\t\t\t<div class=\"e-con-inner\">\n\t\t\t\t<div class=\"elementor-element elementor-element-2937dd3 elementor-widget elementor-widget-spacer\" data-id=\"2937dd3\" data-element_type=\"widget\" data-e-type=\"widget\" data-widget_type=\"spacer.default\">\n\t\t\t\t<div class=\"elementor-widget-container\">\n\t\t\t\t\t\t\t<div class=\"elementor-spacer\">\n\t\t\t<div class=\"elementor-spacer-inner\"><\/div>\n\t\t<\/div>\n\t\t\t\t\t\t<\/div>\n\t\t\t\t<\/div>\n\t\t\t\t\t<\/div>\n\t\t\t\t<\/div>\n\t\t<div class=\"elementor-element elementor-element-ceb5267 e-flex e-con-boxed e-con e-parent\" data-id=\"ceb5267\" data-element_type=\"container\" data-e-type=\"container\">\n\t\t\t\t\t<div class=\"e-con-inner\">\n\t\t\t\t<div class=\"elementor-element elementor-element-56009e9 elementor-widget elementor-widget-heading\" data-id=\"56009e9\" data-element_type=\"widget\" data-e-type=\"widget\" data-widget_type=\"heading.default\">\n\t\t\t\t<div class=\"elementor-widget-container\">\n\t\t\t\t\t<h2 class=\"elementor-heading-title elementor-size-default\">Peter Genyn<\/h2>\t\t\t\t<\/div>\n\t\t\t\t<\/div>\n\t\t\t\t<div class=\"elementor-element elementor-element-984bdfc elementor-widget elementor-widget-heading\" data-id=\"984bdfc\" data-element_type=\"widget\" data-e-type=\"widget\" data-widget_type=\"heading.default\">\n\t\t\t\t<div class=\"elementor-widget-container\">\n\t\t\t\t\t<h2 class=\"elementor-heading-title elementor-size-default\">Coureur en fauteuil roulant et athl\u00e8te paralympique en or<\/h2>\t\t\t\t<\/div>\n\t\t\t\t<\/div>\n\t\t\t\t\t<\/div>\n\t\t\t\t<\/div>\n\t\t<div class=\"elementor-element elementor-element-82eab76 e-flex e-con-boxed e-con e-parent\" data-id=\"82eab76\" data-element_type=\"container\" data-e-type=\"container\">\n\t\t\t\t\t<div class=\"e-con-inner\">\n\t\t\t\t<div class=\"elementor-element elementor-element-aa3618b elementor-widget elementor-widget-spacer\" data-id=\"aa3618b\" data-element_type=\"widget\" data-e-type=\"widget\" data-widget_type=\"spacer.default\">\n\t\t\t\t<div class=\"elementor-widget-container\">\n\t\t\t\t\t\t\t<div class=\"elementor-spacer\">\n\t\t\t<div class=\"elementor-spacer-inner\"><\/div>\n\t\t<\/div>\n\t\t\t\t\t\t<\/div>\n\t\t\t\t<\/div>\n\t\t\t\t\t<\/div>\n\t\t\t\t<\/div>\n\t\t<div class=\"elementor-element elementor-element-91c8e82 e-con-full e-flex e-con e-parent\" data-id=\"91c8e82\" data-element_type=\"container\" data-e-type=\"container\">\n\t\t\t\t<div class=\"elementor-element elementor-element-be3919f elementor-widget elementor-widget-text-editor\" data-id=\"be3919f\" data-element_type=\"widget\" data-e-type=\"widget\" data-widget_type=\"text-editor.default\">\n\t\t\t\t<div class=\"elementor-widget-container\">\n\t\t\t\t\t\t\t\t\t<p>Pourquoi avons-nous choisi Peter Genyn comme ambassadeur de l'organisation \u00e0 but non lucratif SuperNils ?<\/p><p>Peter a v\u00e9cu beaucoup de choses dans sa vie. C'est vraiment une histoire d'essais et d'erreurs. Comme pour beaucoup de nos patients.\u00a0<\/p><p>Peter Genyn s'est bris\u00e9 le cou \u00e0 l'\u00e2ge de 16 ans lors d'un accident de plong\u00e9e, ce qui l'a rendu paralys\u00e9. Peter n'est pas rest\u00e9 inactif et a trouv\u00e9 son exutoire dans le sport, en commen\u00e7ant \u00e0 jouer au rugby en fauteuil roulant. Dans ce sport, il est parvenu \u00e0 atteindre le sommet et a particip\u00e9 aux Jeux paralympiques de 2004 et 2012. Puis le destin a de nouveau frapp\u00e9 et une fracture complexe de la jambe a mis fin pr\u00e9matur\u00e9ment \u00e0 sa carri\u00e8re de rugbyman. Peter s'est alors reconverti dans le sprint en fauteuil roulant qui lui a notamment d\u00e9j\u00e0 valu deux m\u00e9dailles d'or aux Jeux paralympiques de Rio 2016 et de Tokyo en 2021, il est devenu champion du monde en 2015, 2017, 2019 et 2023, champion d'Europe en 2016, 2018 et 2021, laur\u00e9at du Joyau sportif flamand en 2016 et paralympien de l'ann\u00e9e en 2017, 2018 et 2021. Un record auquel il faut dire \"U\" !<\/p><p>En outre, Peter donne des pr\u00e9sentations et des interviews sur la mani\u00e8re d'aller de l'avant dans la vie. Il s'appuie pour cela sur son exp\u00e9rience d'athl\u00e8te paralympique de haut niveau. Les points forts de Peter jouent ici un r\u00f4le important ! Il est motivant, inspirant et fait preuve d'une grande pers\u00e9v\u00e9rance. Ce sont pr\u00e9cis\u00e9ment ces qualit\u00e9s qui peuvent aider nos patients sur le plan mental.<\/p><p>Le choix de Peter Genyn a donc \u00e9t\u00e9 facile. De plus, il s'agit d'un habitant du village de \"Nils\", ce qui le rend encore plus sp\u00e9cial.\u00a0<\/p>\t\t\t\t\t\t\t\t<\/div>\n\t\t\t\t<\/div>\n\t\t\t\t<\/div>\n\t\t<div class=\"elementor-element elementor-element-2b2061c e-flex e-con-boxed e-con e-parent\" data-id=\"2b2061c\" data-element_type=\"container\" data-e-type=\"container\">\n\t\t\t\t\t<div class=\"e-con-inner\">\n\t\t\t\t<div class=\"elementor-element elementor-element-3ff7633 elementor-widget elementor-widget-spacer\" data-id=\"3ff7633\" data-element_type=\"widget\" data-e-type=\"widget\" data-widget_type=\"spacer.default\">\n\t\t\t\t<div class=\"elementor-widget-container\">\n\t\t\t\t\t\t\t<div class=\"elementor-spacer\">\n\t\t\t<div class=\"elementor-spacer-inner\"><\/div>\n\t\t<\/div>\n\t\t\t\t\t\t<\/div>\n\t\t\t\t<\/div>\n\t\t\t\t\t<\/div>\n\t\t\t\t<\/div>\n\t\t<div class=\"elementor-element elementor-element-9a4d8b1 e-grid e-con-full e-con e-parent\" data-id=\"9a4d8b1\" data-element_type=\"container\" data-e-type=\"container\">\n\t\t<div class=\"elementor-element elementor-element-e66547e e-flex e-con-boxed e-con e-child\" data-id=\"e66547e\" data-element_type=\"container\" data-e-type=\"container\">\n\t\t\t\t\t<div class=\"e-con-inner\">\n\t\t\t\t<div class=\"elementor-element elementor-element-30a5120 elementor-widget elementor-widget-heading\" data-id=\"30a5120\" data-element_type=\"widget\" data-e-type=\"widget\" data-widget_type=\"heading.default\">\n\t\t\t\t<div class=\"elementor-widget-container\">\n\t\t\t\t\t<h2 class=\"elementor-heading-title elementor-size-default\">PEP-TALK de Peter<\/h2>\t\t\t\t<\/div>\n\t\t\t\t<\/div>\n\t\t\t\t<div class=\"elementor-element elementor-element-02547ce elementor-widget elementor-widget-spacer\" data-id=\"02547ce\" data-element_type=\"widget\" data-e-type=\"widget\" data-widget_type=\"spacer.default\">\n\t\t\t\t<div class=\"elementor-widget-container\">\n\t\t\t\t\t\t\t<div class=\"elementor-spacer\">\n\t\t\t<div class=\"elementor-spacer-inner\"><\/div>\n\t\t<\/div>\n\t\t\t\t\t\t<\/div>\n\t\t\t\t<\/div>\n\t\t\t\t<div class=\"elementor-element elementor-element-e66733a elementor-widget elementor-widget-text-editor\" data-id=\"e66733a\" data-element_type=\"widget\" data-e-type=\"widget\" data-widget_type=\"text-editor.default\">\n\t\t\t\t<div class=\"elementor-widget-container\">\n\t\t\t\t\t\t\t\t\t<p>\u00c0 venir bient\u00f4t\u2026 encore un peu de patience !<\/p>\t\t\t\t\t\t\t\t<\/div>\n\t\t\t\t<\/div>\n\t\t\t\t<div class=\"elementor-element elementor-element-71b2e10 elementor-widget elementor-widget-spacer\" data-id=\"71b2e10\" data-element_type=\"widget\" data-e-type=\"widget\" data-widget_type=\"spacer.default\">\n\t\t\t\t<div class=\"elementor-widget-container\">\n\t\t\t\t\t\t\t<div class=\"elementor-spacer\">\n\t\t\t<div class=\"elementor-spacer-inner\"><\/div>\n\t\t<\/div>\n\t\t\t\t\t\t<\/div>\n\t\t\t\t<\/div>\n\t\t\t\t<div class=\"elementor-element elementor-element-8ed110e elementor-widget elementor-widget-video\" data-id=\"8ed110e\" data-element_type=\"widget\" data-e-type=\"widget\" data-settings=\"{&quot;youtube_url&quot;:&quot;https:\\\/\\\/www.youtube.com\\\/watch?v=XHOmBV4js_E&quot;,&quot;video_type&quot;:&quot;youtube&quot;,&quot;controls&quot;:&quot;yes&quot;}\" data-widget_type=\"video.default\">\n\t\t\t\t<div class=\"elementor-widget-container\">\n\t\t\t\t\t\t\t<div class=\"elementor-wrapper elementor-open-inline\">\n\t\t\t<div class=\"elementor-video\"><\/div>\t\t<\/div>\n\t\t\t\t\t\t<\/div>\n\t\t\t\t<\/div>\n\t\t\t\t\t<\/div>\n\t\t\t\t<\/div>\n\t\t<div class=\"elementor-element elementor-element-328f634 e-flex e-con-boxed e-con e-child\" data-id=\"328f634\" data-element_type=\"container\" data-e-type=\"container\">\n\t\t\t\t\t<div class=\"e-con-inner\">\n\t\t\t\t<div class=\"elementor-element elementor-element-455a5e2 elementor-widget elementor-widget-heading\" data-id=\"455a5e2\" data-element_type=\"widget\" data-e-type=\"widget\" data-widget_type=\"heading.default\">\n\t\t\t\t<div class=\"elementor-widget-container\">\n\t\t\t\t\t<h2 class=\"elementor-heading-title elementor-size-default\">Une carte fait toujours plaisir<\/h2>\t\t\t\t<\/div>\n\t\t\t\t<\/div>\n\t\t\t\t<div class=\"elementor-element elementor-element-1e3d1ab elementor-widget elementor-widget-spacer\" data-id=\"1e3d1ab\" data-element_type=\"widget\" data-e-type=\"widget\" data-widget_type=\"spacer.default\">\n\t\t\t\t<div class=\"elementor-widget-container\">\n\t\t\t\t\t\t\t<div class=\"elementor-spacer\">\n\t\t\t<div class=\"elementor-spacer-inner\"><\/div>\n\t\t<\/div>\n\t\t\t\t\t\t<\/div>\n\t\t\t\t<\/div>\n\t\t\t\t<div class=\"elementor-element elementor-element-c22e7ee elementor-widget elementor-widget-text-editor\" data-id=\"c22e7ee\" data-element_type=\"widget\" data-e-type=\"widget\" data-widget_type=\"text-editor.default\">\n\t\t\t\t<div class=\"elementor-widget-container\">\n\t\t\t\t\t\t\t\t\t<p>Les patients hospitalis\u00e9s dans nos h\u00f4pitaux partenaires peuvent recevoir une carte sign\u00e9e par Peter. Juste pour leur remonter le moral.<\/p><p>Cr\u00e9dit photo : Geert de Rycke<\/p>\t\t\t\t\t\t\t\t<\/div>\n\t\t\t\t<\/div>\n\t\t\t\t<div class=\"elementor-element elementor-element-83e02ad elementor-widget elementor-widget-spacer\" data-id=\"83e02ad\" data-element_type=\"widget\" data-e-type=\"widget\" data-widget_type=\"spacer.default\">\n\t\t\t\t<div class=\"elementor-widget-container\">\n\t\t\t\t\t\t\t<div class=\"elementor-spacer\">\n\t\t\t<div class=\"elementor-spacer-inner\"><\/div>\n\t\t<\/div>\n\t\t\t\t\t\t<\/div>\n\t\t\t\t<\/div>\n\t\t\t\t<div class=\"elementor-element elementor-element-e92fb31 elementor-widget elementor-widget-image\" data-id=\"e92fb31\" data-element_type=\"widget\" data-e-type=\"widget\" data-widget_type=\"image.default\">\n\t\t\t\t<div class=\"elementor-widget-container\">\n\t\t\t\t\t\t\t\t\t\t\t\t\t\t\t<img decoding=\"async\" width=\"800\" height=\"568\" src=\"https:\/\/supernils.be\/wp-content\/uploads\/2024\/09\/OK-001-Kaartje-ambassadeur-vzw-SuperNils-1054x748.png\" class=\"attachment-large size-large wp-image-15624\" alt=\"\" srcset=\"https:\/\/supernils.be\/wp-content\/uploads\/2024\/09\/OK-001-Kaartje-ambassadeur-vzw-SuperNils-1054x748.png 1054w, https:\/\/supernils.be\/wp-content\/uploads\/2024\/09\/OK-001-Kaartje-ambassadeur-vzw-SuperNils-300x213.png 300w, https:\/\/supernils.be\/wp-content\/uploads\/2024\/09\/OK-001-Kaartje-ambassadeur-vzw-SuperNils-768x545.png 768w, https:\/\/supernils.be\/wp-content\/uploads\/2024\/09\/OK-001-Kaartje-ambassadeur-vzw-SuperNils-1536x1090.png 1536w, https:\/\/supernils.be\/wp-content\/uploads\/2024\/09\/OK-001-Kaartje-ambassadeur-vzw-SuperNils-18x12.png 18w, https:\/\/supernils.be\/wp-content\/uploads\/2024\/09\/OK-001-Kaartje-ambassadeur-vzw-SuperNils-299x212.png 299w, https:\/\/supernils.be\/wp-content\/uploads\/2024\/09\/OK-001-Kaartje-ambassadeur-vzw-SuperNils-572x406.png 572w, https:\/\/supernils.be\/wp-content\/uploads\/2024\/09\/OK-001-Kaartje-ambassadeur-vzw-SuperNils.png 1748w\" sizes=\"(max-width: 800px) 100vw, 800px\" \/>\t\t\t\t\t\t\t\t\t\t\t\t\t\t\t<\/div>\n\t\t\t\t<\/div>\n\t\t\t\t\t<\/div>\n\t\t\t\t<\/div>\n\t\t\t\t<\/div>\n\t\t<div class=\"elementor-element elementor-element-a111186 e-flex e-con-boxed e-con e-parent\" data-id=\"a111186\" data-element_type=\"container\" data-e-type=\"container\">\n\t\t\t\t\t<div class=\"e-con-inner\">\n\t\t\t\t<div class=\"elementor-element elementor-element-0733fe2 elementor-widget elementor-widget-spacer\" data-id=\"0733fe2\" data-element_type=\"widget\" data-e-type=\"widget\" data-widget_type=\"spacer.default\">\n\t\t\t\t<div class=\"elementor-widget-container\">\n\t\t\t\t\t\t\t<div class=\"elementor-spacer\">\n\t\t\t<div class=\"elementor-spacer-inner\"><\/div>\n\t\t<\/div>\n\t\t\t\t\t\t<\/div>\n\t\t\t\t<\/div>\n\t\t\t\t\t<\/div>\n\t\t\t\t<\/div>\n\t\t\t\t<\/div>","protected":false},"excerpt":{"rendered":"<p>Peter Genyn &#8230; Een ambassadeur met een boodschap ! Fotocredits: Geert de Rycke Niet opgeven is de boodschap! Ik ben eigenlijk heel mijn leven sportief geweest en voor mij is sport gewoon heel belangrijk. Het is een uitlaatklep. Ik denk dat dat niet alleen telt voor mindervalide mensen maar ook voor valide mensen. In 1993, [&hellip;]<\/p>\n","protected":false},"author":2,"featured_media":0,"parent":0,"menu_order":0,"comment_status":"closed","ping_status":"closed","template":"","meta":{"_themeisle_gutenberg_block_has_review":false,"footnotes":""},"class_list":["post-24847","page","type-page","status-publish","hentry"],"_links":{"self":[{"href":"https:\/\/supernils.be\/fr\/wp-json\/wp\/v2\/pages\/24847","targetHints":{"allow":["GET"]}}],"collection":[{"href":"https:\/\/supernils.be\/fr\/wp-json\/wp\/v2\/pages"}],"about":[{"href":"https:\/\/supernils.be\/fr\/wp-json\/wp\/v2\/types\/page"}],"author":[{"embeddable":true,"href":"https:\/\/supernils.be\/fr\/wp-json\/wp\/v2\/users\/2"}],"replies":[{"embeddable":true,"href":"https:\/\/supernils.be\/fr\/wp-json\/wp\/v2\/comments?post=24847"}],"version-history":[{"count":14,"href":"https:\/\/supernils.be\/fr\/wp-json\/wp\/v2\/pages\/24847\/revisions"}],"predecessor-version":[{"id":24862,"href":"https:\/\/supernils.be\/fr\/wp-json\/wp\/v2\/pages\/24847\/revisions\/24862"}],"wp:attachment":[{"href":"https:\/\/supernils.be\/fr\/wp-json\/wp\/v2\/media?parent=24847"}],"curies":[{"name":"wp","href":"https:\/\/api.w.org\/{rel}","templated":true}]}}