{"id":23680,"date":"2025-12-28T17:01:29","date_gmt":"2025-12-28T16:01:29","guid":{"rendered":"https:\/\/supernils.be\/?page_id=23680"},"modified":"2025-12-28T18:01:04","modified_gmt":"2025-12-28T17:01:04","slug":"au-plus-tard-2","status":"publish","type":"page","link":"https:\/\/supernils.be\/fr\/uiterlijk-2\/","title":{"rendered":"019-12-Apparence"},"content":{"rendered":"<div data-elementor-type=\"wp-page\" data-elementor-id=\"23680\" class=\"elementor elementor-23680\" data-elementor-post-type=\"page\">\n\t\t\t\t<div class=\"elementor-element elementor-element-c8633d0 e-flex e-con-boxed e-con e-parent\" data-id=\"c8633d0\" data-element_type=\"container\" data-e-type=\"container\">\n\t\t\t\t\t<div class=\"e-con-inner\">\n\t\t\t\t<div class=\"elementor-element elementor-element-fc2360b elementor-widget elementor-widget-spacer\" data-id=\"fc2360b\" data-element_type=\"widget\" data-e-type=\"widget\" data-widget_type=\"spacer.default\">\n\t\t\t\t<div class=\"elementor-widget-container\">\n\t\t\t\t\t\t\t<div class=\"elementor-spacer\">\n\t\t\t<div class=\"elementor-spacer-inner\"><\/div>\n\t\t<\/div>\n\t\t\t\t\t\t<\/div>\n\t\t\t\t<\/div>\n\t\t\t\t\t<\/div>\n\t\t\t\t<\/div>\n\t\t<div class=\"elementor-element elementor-element-bcbd23d e-con-full e-flex e-con e-parent\" data-id=\"bcbd23d\" data-element_type=\"container\" data-e-type=\"container\" data-settings=\"{&quot;background_background&quot;:&quot;classic&quot;,&quot;shape_divider_bottom&quot;:&quot;waves&quot;}\">\n\t\t\t\t<div class=\"elementor-shape elementor-shape-bottom\" aria-hidden=\"true\" data-negative=\"false\">\n\t\t\t<svg xmlns=\"http:\/\/www.w3.org\/2000\/svg\" viewbox=\"0 0 1000 100\" preserveaspectratio=\"none\">\n\t<path class=\"elementor-shape-fill\" d=\"M421.9,6.5c22.6-2.5,51.5,0.4,75.5,5.3c23.6,4.9,70.9,23.5,100.5,35.7c75.8,32.2,133.7,44.5,192.6,49.7\tc23.6,2.1,48.7,3.5,103.4-2.5c54.7-6,106.2-25.6,106.2-25.6V0H0v30.3c0,0,72,32.6,158.4,30.5c39.2-0.7,92.8-6.7,134-22.4\tc21.2-8.1,52.2-18.2,79.7-24.2C399.3,7.9,411.6,7.5,421.9,6.5z\"\/>\n<\/svg>\t\t<\/div>\n\t\t<div class=\"elementor-element elementor-element-de3b11e e-con-full e-flex e-con e-child\" data-id=\"de3b11e\" data-element_type=\"container\" data-e-type=\"container\">\n\t\t\t\t<div class=\"elementor-element elementor-element-5f61d39 elementor-widget elementor-widget-image\" data-id=\"5f61d39\" data-element_type=\"widget\" data-e-type=\"widget\" data-widget_type=\"image.default\">\n\t\t\t\t<div class=\"elementor-widget-container\">\n\t\t\t\t\t\t\t\t\t\t\t\t\t\t\t<img fetchpriority=\"high\" decoding=\"async\" width=\"800\" height=\"671\" src=\"https:\/\/supernils.be\/wp-content\/uploads\/2024\/10\/Uiterlijk.png\" class=\"attachment-large size-large wp-image-16760\" alt=\"\" srcset=\"https:\/\/supernils.be\/wp-content\/uploads\/2024\/10\/Uiterlijk.png 940w, https:\/\/supernils.be\/wp-content\/uploads\/2024\/10\/Uiterlijk-300x251.png 300w, https:\/\/supernils.be\/wp-content\/uploads\/2024\/10\/Uiterlijk-768x644.png 768w, https:\/\/supernils.be\/wp-content\/uploads\/2024\/10\/Uiterlijk-14x12.png 14w, https:\/\/supernils.be\/wp-content\/uploads\/2024\/10\/Uiterlijk-299x251.png 299w, https:\/\/supernils.be\/wp-content\/uploads\/2024\/10\/Uiterlijk-572x480.png 572w\" sizes=\"(max-width: 800px) 100vw, 800px\" \/>\t\t\t\t\t\t\t\t\t\t\t\t\t\t\t<\/div>\n\t\t\t\t<\/div>\n\t\t\t\t<\/div>\n\t\t<div class=\"elementor-element elementor-element-f25d392 e-con-full e-flex e-con e-child\" data-id=\"f25d392\" data-element_type=\"container\" data-e-type=\"container\">\n\t\t\t\t<div class=\"elementor-element elementor-element-4ec84e0 elementor-widget elementor-widget-spacer\" data-id=\"4ec84e0\" data-element_type=\"widget\" data-e-type=\"widget\" data-widget_type=\"spacer.default\">\n\t\t\t\t<div class=\"elementor-widget-container\">\n\t\t\t\t\t\t\t<div class=\"elementor-spacer\">\n\t\t\t<div class=\"elementor-spacer-inner\"><\/div>\n\t\t<\/div>\n\t\t\t\t\t\t<\/div>\n\t\t\t\t<\/div>\n\t\t\t\t<div class=\"elementor-element elementor-element-fcb2fc9 elementor-widget elementor-widget-heading\" data-id=\"fcb2fc9\" data-element_type=\"widget\" data-e-type=\"widget\" data-widget_type=\"heading.default\">\n\t\t\t\t<div class=\"elementor-widget-container\">\n\t\t\t\t\t<h2 class=\"elementor-heading-title elementor-size-default\">Apparence<\/h2>\t\t\t\t<\/div>\n\t\t\t\t<\/div>\n\t\t\t\t<\/div>\n\t\t\t\t<\/div>\n\t\t<div class=\"elementor-element elementor-element-4474a44 e-flex e-con-boxed e-con e-parent\" data-id=\"4474a44\" data-element_type=\"container\" data-e-type=\"container\">\n\t\t\t\t\t<div class=\"e-con-inner\">\n\t\t\t\t<div class=\"elementor-element elementor-element-69ea13c elementor-widget elementor-widget-spacer\" data-id=\"69ea13c\" data-element_type=\"widget\" data-e-type=\"widget\" data-widget_type=\"spacer.default\">\n\t\t\t\t<div class=\"elementor-widget-container\">\n\t\t\t\t\t\t\t<div class=\"elementor-spacer\">\n\t\t\t<div class=\"elementor-spacer-inner\"><\/div>\n\t\t<\/div>\n\t\t\t\t\t\t<\/div>\n\t\t\t\t<\/div>\n\t\t\t\t\t<\/div>\n\t\t\t\t<\/div>\n\t\t<div class=\"elementor-element elementor-element-1b7cc59 e-grid e-con-full e-con e-parent\" data-id=\"1b7cc59\" data-element_type=\"container\" data-e-type=\"container\">\n\t\t\t\t<div class=\"elementor-element elementor-element-505668c elementor-view-default elementor-widget elementor-widget-icon\" data-id=\"505668c\" data-element_type=\"widget\" data-e-type=\"widget\" data-widget_type=\"icon.default\">\n\t\t\t\t<div class=\"elementor-widget-container\">\n\t\t\t\t\t\t\t<div class=\"elementor-icon-wrapper\">\n\t\t\t<div class=\"elementor-icon\">\n\t\t\t<i aria-hidden=\"true\" class=\"fab fa-google-drive\"><\/i>\t\t\t<\/div>\n\t\t<\/div>\n\t\t\t\t\t\t<\/div>\n\t\t\t\t<\/div>\n\t\t\t\t<div class=\"elementor-element elementor-element-9857095 elementor-widget elementor-widget-image\" data-id=\"9857095\" data-element_type=\"widget\" data-e-type=\"widget\" data-widget_type=\"image.default\">\n\t\t\t\t<div class=\"elementor-widget-container\">\n\t\t\t\t\t\t\t\t\t\t\t\t\t\t\t\t<a href=\"https:\/\/www.uzleuven.be\/nl\/jong-en-kanker-aya\/uiterlijk\">\n\t\t\t\t\t\t\t<img decoding=\"async\" width=\"800\" height=\"671\" src=\"https:\/\/supernils.be\/wp-content\/uploads\/2025\/12\/uiterlijk.png\" class=\"attachment-large size-large wp-image-24622\" alt=\"\" srcset=\"https:\/\/supernils.be\/wp-content\/uploads\/2025\/12\/uiterlijk.png 940w, https:\/\/supernils.be\/wp-content\/uploads\/2025\/12\/uiterlijk-300x251.png 300w, https:\/\/supernils.be\/wp-content\/uploads\/2025\/12\/uiterlijk-768x644.png 768w, https:\/\/supernils.be\/wp-content\/uploads\/2025\/12\/uiterlijk-14x12.png 14w, https:\/\/supernils.be\/wp-content\/uploads\/2025\/12\/uiterlijk-299x251.png 299w, https:\/\/supernils.be\/wp-content\/uploads\/2025\/12\/uiterlijk-572x480.png 572w\" sizes=\"(max-width: 800px) 100vw, 800px\" \/>\t\t\t\t\t\t\t\t<\/a>\n\t\t\t\t\t\t\t\t\t\t\t\t\t\t\t<\/div>\n\t\t\t\t<\/div>\n\t\t\t\t<div class=\"elementor-element elementor-element-8ac8e33 elementor-widget elementor-widget-text-editor\" data-id=\"8ac8e33\" data-element_type=\"widget\" data-e-type=\"widget\" data-widget_type=\"text-editor.default\">\n\t\t\t\t<div class=\"elementor-widget-container\">\n\t\t\t\t\t\t\t\t\t<div class=\"hero__intro text\">Outre ses cons\u00e9quences \u00e9motionnelles, le cancer peut \u00e9galement avoir des r\u00e9percussions physiques. Les traitements peuvent modifier ton apparence physique, ce qui peut te rendre triste ou te faire douter de toi.<\/div><div class=\"toc hero__toc\">\u00a0<\/div>\t\t\t\t\t\t\t\t<\/div>\n\t\t\t\t<\/div>\n\t\t\t\t<div class=\"elementor-element elementor-element-f8d3c1e elementor-widget elementor-widget-text-editor\" data-id=\"f8d3c1e\" data-element_type=\"widget\" data-e-type=\"widget\" data-widget_type=\"text-editor.default\">\n\t\t\t\t<div class=\"elementor-widget-container\">\n\t\t\t\t\t\t\t\t\t<p>L'UZ Leuven dispose d'une belle page web pour vous aider dans cette d\u00e9marche. N'h\u00e9sitez pas \u00e0 y jeter un \u0153il \u2013 cliquez sur l'image \u00e0 gauche.<\/p>\t\t\t\t\t\t\t\t<\/div>\n\t\t\t\t<\/div>\n\t\t\t\t<div class=\"elementor-element elementor-element-9fed7e6 elementor-view-default elementor-widget elementor-widget-icon\" data-id=\"9fed7e6\" data-element_type=\"widget\" data-e-type=\"widget\" data-widget_type=\"icon.default\">\n\t\t\t\t<div class=\"elementor-widget-container\">\n\t\t\t\t\t\t\t<div class=\"elementor-icon-wrapper\">\n\t\t\t<div class=\"elementor-icon\">\n\t\t\t<i aria-hidden=\"true\" class=\"fab fa-google-drive\"><\/i>\t\t\t<\/div>\n\t\t<\/div>\n\t\t\t\t\t\t<\/div>\n\t\t\t\t<\/div>\n\t\t\t\t<div class=\"elementor-element elementor-element-3e0068f elementor-widget elementor-widget-image\" data-id=\"3e0068f\" data-element_type=\"widget\" data-e-type=\"widget\" data-widget_type=\"image.default\">\n\t\t\t\t<div class=\"elementor-widget-container\">\n\t\t\t\t\t\t\t\t\t\t\t\t\t\t\t\t<a href=\"https:\/\/kanker.be\/leven-met-en-na-kanker\/ik-ben-jong-en-heb-kanker\/uiterlijk-en-zelfbeeld\/\">\n\t\t\t\t\t\t\t<img decoding=\"async\" width=\"800\" height=\"671\" src=\"https:\/\/supernils.be\/wp-content\/uploads\/2025\/12\/jij-is-jij.png\" class=\"attachment-large size-large wp-image-24627\" alt=\"\" srcset=\"https:\/\/supernils.be\/wp-content\/uploads\/2025\/12\/jij-is-jij.png 940w, https:\/\/supernils.be\/wp-content\/uploads\/2025\/12\/jij-is-jij-300x251.png 300w, https:\/\/supernils.be\/wp-content\/uploads\/2025\/12\/jij-is-jij-768x644.png 768w, https:\/\/supernils.be\/wp-content\/uploads\/2025\/12\/jij-is-jij-14x12.png 14w, https:\/\/supernils.be\/wp-content\/uploads\/2025\/12\/jij-is-jij-299x251.png 299w, https:\/\/supernils.be\/wp-content\/uploads\/2025\/12\/jij-is-jij-572x480.png 572w\" sizes=\"(max-width: 800px) 100vw, 800px\" \/>\t\t\t\t\t\t\t\t<\/a>\n\t\t\t\t\t\t\t\t\t\t\t\t\t\t\t<\/div>\n\t\t\t\t<\/div>\n\t\t\t\t<div class=\"elementor-element elementor-element-acfdfd8 elementor-widget elementor-widget-text-editor\" data-id=\"acfdfd8\" data-element_type=\"widget\" data-e-type=\"widget\" data-widget_type=\"text-editor.default\">\n\t\t\t\t<div class=\"elementor-widget-container\">\n\t\t\t\t\t\t\t\t\t<p>Tout le monde se sent parfois complex\u00e9 par son apparence physique. Il est donc tout \u00e0 fait normal que vous vous inqui\u00e9tiez pour votre apparence et votre image de soi. Cela ne signifie pas pour autant que vous devez accepter d'embl\u00e9e les s\u00e9quelles du cancer ou de votre traitement. La perte de cheveux, de cils et de sourcils, les cicatrices importantes apr\u00e8s une op\u00e9ration, les changements au niveau de la peau et des cheveux, la variation de poids : tout cela n'est pas n\u00e9gligeable. Et pourtant, vous restez vous-m\u00eame, m\u00eame si vous avez un cancer !<\/p>\t\t\t\t\t\t\t\t<\/div>\n\t\t\t\t<\/div>\n\t\t\t\t<div class=\"elementor-element elementor-element-02c929f elementor-widget elementor-widget-text-editor\" data-id=\"02c929f\" data-element_type=\"widget\" data-e-type=\"widget\" data-widget_type=\"text-editor.default\">\n\t\t\t\t<div class=\"elementor-widget-container\">\n\t\t\t\t\t\t\t\t\t<p>Belle page web avec des conseils de la Fondation contre le cancer.<\/p>\t\t\t\t\t\t\t\t<\/div>\n\t\t\t\t<\/div>\n\t\t\t\t<\/div>\n\t\t<div class=\"elementor-element elementor-element-cb7c802 e-flex e-con-boxed e-con e-parent\" data-id=\"cb7c802\" data-element_type=\"container\" data-e-type=\"container\">\n\t\t\t\t\t<div class=\"e-con-inner\">\n\t\t\t\t<div class=\"elementor-element elementor-element-5083ef0 elementor-widget elementor-widget-spacer\" data-id=\"5083ef0\" data-element_type=\"widget\" data-e-type=\"widget\" data-widget_type=\"spacer.default\">\n\t\t\t\t<div class=\"elementor-widget-container\">\n\t\t\t\t\t\t\t<div class=\"elementor-spacer\">\n\t\t\t<div class=\"elementor-spacer-inner\"><\/div>\n\t\t<\/div>\n\t\t\t\t\t\t<\/div>\n\t\t\t\t<\/div>\n\t\t\t\t\t<\/div>\n\t\t\t\t<\/div>\n\t\t\t\t<\/div>","protected":false},"excerpt":{"rendered":"<p>Uiterlijk Kanker kan naast emotionele gevolgen ook lichamelijke gevolgen met zich meebrengen. Door de behandelingen kan het zijn dat je er anders gaat uitzien, wat je verdrietig of onzeker kan maken.\u00a0 UZ Leuven heeft een mooie webpagina om je daarbij te ondersteunen. Neem zeker een kijkje &#8211; klik op de prent links. Iedereen voelt zich [&hellip;]<\/p>\n","protected":false},"author":2,"featured_media":0,"parent":0,"menu_order":0,"comment_status":"closed","ping_status":"closed","template":"","meta":{"_themeisle_gutenberg_block_has_review":false,"footnotes":""},"class_list":["post-23680","page","type-page","status-publish","hentry"],"_links":{"self":[{"href":"https:\/\/supernils.be\/fr\/wp-json\/wp\/v2\/pages\/23680","targetHints":{"allow":["GET"]}}],"collection":[{"href":"https:\/\/supernils.be\/fr\/wp-json\/wp\/v2\/pages"}],"about":[{"href":"https:\/\/supernils.be\/fr\/wp-json\/wp\/v2\/types\/page"}],"author":[{"embeddable":true,"href":"https:\/\/supernils.be\/fr\/wp-json\/wp\/v2\/users\/2"}],"replies":[{"embeddable":true,"href":"https:\/\/supernils.be\/fr\/wp-json\/wp\/v2\/comments?post=23680"}],"version-history":[{"count":16,"href":"https:\/\/supernils.be\/fr\/wp-json\/wp\/v2\/pages\/23680\/revisions"}],"predecessor-version":[{"id":24685,"href":"https:\/\/supernils.be\/fr\/wp-json\/wp\/v2\/pages\/23680\/revisions\/24685"}],"wp:attachment":[{"href":"https:\/\/supernils.be\/fr\/wp-json\/wp\/v2\/media?parent=23680"}],"curies":[{"name":"wp","href":"https:\/\/api.w.org\/{rel}","templated":true}]}}