{"id":23676,"date":"2025-12-22T18:26:52","date_gmt":"2025-12-22T17:26:52","guid":{"rendered":"https:\/\/supernils.be\/?page_id=23676"},"modified":"2025-12-28T17:58:42","modified_gmt":"2025-12-28T16:58:42","slug":"deuil-et-perte","status":"publish","type":"page","link":"https:\/\/supernils.be\/fr\/rouw-en-verlies\/","title":{"rendered":"019-10-Deuil et perte"},"content":{"rendered":"<div data-elementor-type=\"wp-page\" data-elementor-id=\"23676\" class=\"elementor elementor-23676\" data-elementor-post-type=\"page\">\n\t\t\t\t<div class=\"elementor-element elementor-element-c8633d0 e-flex e-con-boxed e-con e-parent\" data-id=\"c8633d0\" data-element_type=\"container\" data-e-type=\"container\">\n\t\t\t\t\t<div class=\"e-con-inner\">\n\t\t\t\t<div class=\"elementor-element elementor-element-fc2360b elementor-widget elementor-widget-spacer\" data-id=\"fc2360b\" data-element_type=\"widget\" data-e-type=\"widget\" data-widget_type=\"spacer.default\">\n\t\t\t\t<div class=\"elementor-widget-container\">\n\t\t\t\t\t\t\t<div class=\"elementor-spacer\">\n\t\t\t<div class=\"elementor-spacer-inner\"><\/div>\n\t\t<\/div>\n\t\t\t\t\t\t<\/div>\n\t\t\t\t<\/div>\n\t\t\t\t\t<\/div>\n\t\t\t\t<\/div>\n\t\t<div class=\"elementor-element elementor-element-bcbd23d e-con-full e-flex e-con e-parent\" data-id=\"bcbd23d\" data-element_type=\"container\" data-e-type=\"container\" data-settings=\"{&quot;background_background&quot;:&quot;classic&quot;,&quot;shape_divider_bottom&quot;:&quot;waves&quot;}\">\n\t\t\t\t<div class=\"elementor-shape elementor-shape-bottom\" aria-hidden=\"true\" data-negative=\"false\">\n\t\t\t<svg xmlns=\"http:\/\/www.w3.org\/2000\/svg\" viewbox=\"0 0 1000 100\" preserveaspectratio=\"none\">\n\t<path class=\"elementor-shape-fill\" d=\"M421.9,6.5c22.6-2.5,51.5,0.4,75.5,5.3c23.6,4.9,70.9,23.5,100.5,35.7c75.8,32.2,133.7,44.5,192.6,49.7\tc23.6,2.1,48.7,3.5,103.4-2.5c54.7-6,106.2-25.6,106.2-25.6V0H0v30.3c0,0,72,32.6,158.4,30.5c39.2-0.7,92.8-6.7,134-22.4\tc21.2-8.1,52.2-18.2,79.7-24.2C399.3,7.9,411.6,7.5,421.9,6.5z\"\/>\n<\/svg>\t\t<\/div>\n\t\t<div class=\"elementor-element elementor-element-de3b11e e-con-full e-flex e-con e-child\" data-id=\"de3b11e\" data-element_type=\"container\" data-e-type=\"container\">\n\t\t\t\t<div class=\"elementor-element elementor-element-5f61d39 elementor-widget elementor-widget-image\" data-id=\"5f61d39\" data-element_type=\"widget\" data-e-type=\"widget\" data-widget_type=\"image.default\">\n\t\t\t\t<div class=\"elementor-widget-container\">\n\t\t\t\t\t\t\t\t\t\t\t\t\t\t\t<img fetchpriority=\"high\" decoding=\"async\" width=\"800\" height=\"671\" src=\"https:\/\/supernils.be\/wp-content\/uploads\/2024\/10\/rouw-en-verlies.png\" class=\"attachment-large size-large wp-image-16756\" alt=\"\" srcset=\"https:\/\/supernils.be\/wp-content\/uploads\/2024\/10\/rouw-en-verlies.png 940w, https:\/\/supernils.be\/wp-content\/uploads\/2024\/10\/rouw-en-verlies-300x251.png 300w, https:\/\/supernils.be\/wp-content\/uploads\/2024\/10\/rouw-en-verlies-768x644.png 768w, https:\/\/supernils.be\/wp-content\/uploads\/2024\/10\/rouw-en-verlies-14x12.png 14w, https:\/\/supernils.be\/wp-content\/uploads\/2024\/10\/rouw-en-verlies-299x251.png 299w, https:\/\/supernils.be\/wp-content\/uploads\/2024\/10\/rouw-en-verlies-572x480.png 572w\" sizes=\"(max-width: 800px) 100vw, 800px\" \/>\t\t\t\t\t\t\t\t\t\t\t\t\t\t\t<\/div>\n\t\t\t\t<\/div>\n\t\t\t\t<\/div>\n\t\t<div class=\"elementor-element elementor-element-f25d392 e-con-full e-flex e-con e-child\" data-id=\"f25d392\" data-element_type=\"container\" data-e-type=\"container\">\n\t\t\t\t<div class=\"elementor-element elementor-element-4ec84e0 elementor-widget elementor-widget-spacer\" data-id=\"4ec84e0\" data-element_type=\"widget\" data-e-type=\"widget\" data-widget_type=\"spacer.default\">\n\t\t\t\t<div class=\"elementor-widget-container\">\n\t\t\t\t\t\t\t<div class=\"elementor-spacer\">\n\t\t\t<div class=\"elementor-spacer-inner\"><\/div>\n\t\t<\/div>\n\t\t\t\t\t\t<\/div>\n\t\t\t\t<\/div>\n\t\t\t\t<div class=\"elementor-element elementor-element-fcb2fc9 elementor-widget elementor-widget-heading\" data-id=\"fcb2fc9\" data-element_type=\"widget\" data-e-type=\"widget\" data-widget_type=\"heading.default\">\n\t\t\t\t<div class=\"elementor-widget-container\">\n\t\t\t\t\t<h2 class=\"elementor-heading-title elementor-size-default\">Deuil et perte<\/h2>\t\t\t\t<\/div>\n\t\t\t\t<\/div>\n\t\t\t\t<\/div>\n\t\t\t\t<\/div>\n\t\t<div class=\"elementor-element elementor-element-4474a44 e-flex e-con-boxed e-con e-parent\" data-id=\"4474a44\" data-element_type=\"container\" data-e-type=\"container\">\n\t\t\t\t\t<div class=\"e-con-inner\">\n\t\t\t\t<div class=\"elementor-element elementor-element-69ea13c elementor-widget elementor-widget-spacer\" data-id=\"69ea13c\" data-element_type=\"widget\" data-e-type=\"widget\" data-widget_type=\"spacer.default\">\n\t\t\t\t<div class=\"elementor-widget-container\">\n\t\t\t\t\t\t\t<div class=\"elementor-spacer\">\n\t\t\t<div class=\"elementor-spacer-inner\"><\/div>\n\t\t<\/div>\n\t\t\t\t\t\t<\/div>\n\t\t\t\t<\/div>\n\t\t\t\t\t<\/div>\n\t\t\t\t<\/div>\n\t\t<div class=\"elementor-element elementor-element-5221e04 e-grid e-con-full e-con e-parent\" data-id=\"5221e04\" data-element_type=\"container\" data-e-type=\"container\">\n\t\t\t\t<div class=\"elementor-element elementor-element-cd0d87f elementor-view-default elementor-widget elementor-widget-icon\" data-id=\"cd0d87f\" data-element_type=\"widget\" data-e-type=\"widget\" data-widget_type=\"icon.default\">\n\t\t\t\t<div class=\"elementor-widget-container\">\n\t\t\t\t\t\t\t<div class=\"elementor-icon-wrapper\">\n\t\t\t<div class=\"elementor-icon\">\n\t\t\t<i aria-hidden=\"true\" class=\"fas fa-folder-open\"><\/i>\t\t\t<\/div>\n\t\t<\/div>\n\t\t\t\t\t\t<\/div>\n\t\t\t\t<\/div>\n\t\t\t\t<div class=\"elementor-element elementor-element-693e1c5 elementor-widget elementor-widget-image\" data-id=\"693e1c5\" data-element_type=\"widget\" data-e-type=\"widget\" data-widget_type=\"image.default\">\n\t\t\t\t<div class=\"elementor-widget-container\">\n\t\t\t\t\t\t\t\t\t\t\t\t\t\t\t<img decoding=\"async\" width=\"800\" height=\"671\" src=\"https:\/\/supernils.be\/wp-content\/uploads\/2025\/12\/Informatie-boekjes-3.png\" class=\"attachment-large size-large wp-image-23965\" alt=\"\" srcset=\"https:\/\/supernils.be\/wp-content\/uploads\/2025\/12\/Informatie-boekjes-3.png 940w, https:\/\/supernils.be\/wp-content\/uploads\/2025\/12\/Informatie-boekjes-3-300x251.png 300w, https:\/\/supernils.be\/wp-content\/uploads\/2025\/12\/Informatie-boekjes-3-768x644.png 768w, https:\/\/supernils.be\/wp-content\/uploads\/2025\/12\/Informatie-boekjes-3-14x12.png 14w, https:\/\/supernils.be\/wp-content\/uploads\/2025\/12\/Informatie-boekjes-3-299x251.png 299w, https:\/\/supernils.be\/wp-content\/uploads\/2025\/12\/Informatie-boekjes-3-572x480.png 572w\" sizes=\"(max-width: 800px) 100vw, 800px\" \/>\t\t\t\t\t\t\t\t\t\t\t\t\t\t\t<\/div>\n\t\t\t\t<\/div>\n\t\t\t\t<div class=\"elementor-element elementor-element-6343fde elementor-widget elementor-widget-text-editor\" data-id=\"6343fde\" data-element_type=\"widget\" data-e-type=\"widget\" data-widget_type=\"text-editor.default\">\n\t\t\t\t<div class=\"elementor-widget-container\">\n\t\t\t\t\t\t\t\t\t<p>Faire face \u00e0 la perte... c'est tellement difficile ! Surtout pour les enfants. Pourtant, eux aussi ont droit \u00e0 des informations correctes et doivent \u00eatre impliqu\u00e9s dans le processus des soins palliatifs. Le guide ci-dessous est donc tr\u00e8s important pour les parents, les membres de la famille et les aidants.<\/p>\t\t\t\t\t\t\t\t<\/div>\n\t\t\t\t<\/div>\n\t\t\t\t<div class=\"elementor-element elementor-element-133ff5a elementor-widget elementor-widget-text-editor\" data-id=\"133ff5a\" data-element_type=\"widget\" data-e-type=\"widget\" data-widget_type=\"text-editor.default\">\n\t\t\t\t<div class=\"elementor-widget-container\">\n\t\t\t\t\t\t\t\t\t<p><strong>Faire face \u00e0 la perte<\/strong><\/p><p>Palliatief.be<\/p><p>A demander \u00e0 Federatie Palliatieve Zorg Vlaanderen vzw : mail =\u00a0<strong>info@palliatief.be<\/strong><\/p>\t\t\t\t\t\t\t\t<\/div>\n\t\t\t\t<\/div>\n\t\t\t\t<\/div>\n\t\t<div class=\"elementor-element elementor-element-6e939c3 e-flex e-con-boxed e-con e-parent\" data-id=\"6e939c3\" data-element_type=\"container\" data-e-type=\"container\">\n\t\t\t\t\t<div class=\"e-con-inner\">\n\t\t\t\t<div class=\"elementor-element elementor-element-2647bc3 elementor-widget elementor-widget-spacer\" data-id=\"2647bc3\" data-element_type=\"widget\" data-e-type=\"widget\" data-widget_type=\"spacer.default\">\n\t\t\t\t<div class=\"elementor-widget-container\">\n\t\t\t\t\t\t\t<div class=\"elementor-spacer\">\n\t\t\t<div class=\"elementor-spacer-inner\"><\/div>\n\t\t<\/div>\n\t\t\t\t\t\t<\/div>\n\t\t\t\t<\/div>\n\t\t\t\t\t<\/div>\n\t\t\t\t<\/div>\n\t\t<div class=\"elementor-element elementor-element-1b7cc59 e-grid e-con-full e-con e-parent\" data-id=\"1b7cc59\" data-element_type=\"container\" data-e-type=\"container\">\n\t\t\t\t<div class=\"elementor-element elementor-element-505668c elementor-view-default elementor-widget elementor-widget-icon\" data-id=\"505668c\" data-element_type=\"widget\" data-e-type=\"widget\" data-widget_type=\"icon.default\">\n\t\t\t\t<div class=\"elementor-widget-container\">\n\t\t\t\t\t\t\t<div class=\"elementor-icon-wrapper\">\n\t\t\t<div class=\"elementor-icon\">\n\t\t\t<i aria-hidden=\"true\" class=\"fab fa-google-drive\"><\/i>\t\t\t<\/div>\n\t\t<\/div>\n\t\t\t\t\t\t<\/div>\n\t\t\t\t<\/div>\n\t\t\t\t<div class=\"elementor-element elementor-element-9857095 elementor-widget elementor-widget-image\" data-id=\"9857095\" data-element_type=\"widget\" data-e-type=\"widget\" data-widget_type=\"image.default\">\n\t\t\t\t<div class=\"elementor-widget-container\">\n\t\t\t\t\t\t\t\t\t\t\t\t\t\t\t\t<a href=\"https:\/\/www.lostenco.be\/\">\n\t\t\t\t\t\t\t<img decoding=\"async\" width=\"225\" height=\"225\" src=\"https:\/\/supernils.be\/wp-content\/uploads\/2024\/09\/OK-001-Lost-en-Co.jpg\" class=\"attachment-large size-large wp-image-15578\" alt=\"\" srcset=\"https:\/\/supernils.be\/wp-content\/uploads\/2024\/09\/OK-001-Lost-en-Co.jpg 225w, https:\/\/supernils.be\/wp-content\/uploads\/2024\/09\/OK-001-Lost-en-Co-150x150.jpg 150w, https:\/\/supernils.be\/wp-content\/uploads\/2024\/09\/OK-001-Lost-en-Co-12x12.jpg 12w, https:\/\/supernils.be\/wp-content\/uploads\/2024\/09\/OK-001-Lost-en-Co-100x100.jpg 100w\" sizes=\"(max-width: 225px) 100vw, 225px\" \/>\t\t\t\t\t\t\t\t<\/a>\n\t\t\t\t\t\t\t\t\t\t\t\t\t\t\t<\/div>\n\t\t\t\t<\/div>\n\t\t\t\t<div class=\"elementor-element elementor-element-8ac8e33 elementor-widget elementor-widget-text-editor\" data-id=\"8ac8e33\" data-element_type=\"widget\" data-e-type=\"widget\" data-widget_type=\"text-editor.default\">\n\t\t\t\t<div class=\"elementor-widget-container\">\n\t\t\t\t\t\t\t\t\t<p>La mani\u00e8re dont chacun g\u00e8re le deuil et la perte est diff\u00e9rente.<\/p><p>Saviez-vous qu'il existe aussi ce qu'on appelle la perte vivante ? Il s'agit du fait de devoir renoncer \u00e0 certaines choses \u00e0 cause d'une maladie, par exemple.<\/p><p>Lost &amp; Co est une belle organisation bas\u00e9e \u00e0 Lier, qui peut vous renseigner sur ce th\u00e8me. Elle dispose \u00e9galement d'un agr\u00e9able espace de rencontre, o\u00f9 vous pouvez poser toutes vos questions.<\/p>\t\t\t\t\t\t\t\t<\/div>\n\t\t\t\t<\/div>\n\t\t\t\t<div class=\"elementor-element elementor-element-f8d3c1e elementor-widget elementor-widget-text-editor\" data-id=\"f8d3c1e\" data-element_type=\"widget\" data-e-type=\"widget\" data-widget_type=\"text-editor.default\">\n\t\t\t\t<div class=\"elementor-widget-container\">\n\t\t\t\t\t\t\t\t\t<p>Lost &amp; Co asbl<\/p><p>Antwerpsestraat 126 \u2013 2500 Lier<\/p>\t\t\t\t\t\t\t\t<\/div>\n\t\t\t\t<\/div>\n\t\t\t\t<\/div>\n\t\t<div class=\"elementor-element elementor-element-2acfd39 e-flex e-con-boxed e-con e-parent\" data-id=\"2acfd39\" data-element_type=\"container\" data-e-type=\"container\">\n\t\t\t\t\t<div class=\"e-con-inner\">\n\t\t\t\t<div class=\"elementor-element elementor-element-bce7b56 elementor-widget elementor-widget-spacer\" data-id=\"bce7b56\" data-element_type=\"widget\" data-e-type=\"widget\" data-widget_type=\"spacer.default\">\n\t\t\t\t<div class=\"elementor-widget-container\">\n\t\t\t\t\t\t\t<div class=\"elementor-spacer\">\n\t\t\t<div class=\"elementor-spacer-inner\"><\/div>\n\t\t<\/div>\n\t\t\t\t\t\t<\/div>\n\t\t\t\t<\/div>\n\t\t\t\t\t<\/div>\n\t\t\t\t<\/div>\n\t\t\t\t<\/div>","protected":false},"excerpt":{"rendered":"<p>Rouw en verlies Omgaan met verlies &#8230; het is zo moeilijk! Zeker voor kinderen. Toch hebben ze ook recht op juiste informatie en moeten ze betrokken worden bij het traject van palliatieve zorg. Onderstaande wegwijzer is dan ook zeer belangrijk voor ouders, familieleden en hulpverleners. Omgaan met verlies Palliatief.be Aan te vragen bij Federatie Palliatieve [&hellip;]<\/p>\n","protected":false},"author":2,"featured_media":0,"parent":0,"menu_order":0,"comment_status":"closed","ping_status":"closed","template":"","meta":{"_themeisle_gutenberg_block_has_review":false,"footnotes":""},"class_list":["post-23676","page","type-page","status-publish","hentry"],"_links":{"self":[{"href":"https:\/\/supernils.be\/fr\/wp-json\/wp\/v2\/pages\/23676","targetHints":{"allow":["GET"]}}],"collection":[{"href":"https:\/\/supernils.be\/fr\/wp-json\/wp\/v2\/pages"}],"about":[{"href":"https:\/\/supernils.be\/fr\/wp-json\/wp\/v2\/types\/page"}],"author":[{"embeddable":true,"href":"https:\/\/supernils.be\/fr\/wp-json\/wp\/v2\/users\/2"}],"replies":[{"embeddable":true,"href":"https:\/\/supernils.be\/fr\/wp-json\/wp\/v2\/comments?post=23676"}],"version-history":[{"count":16,"href":"https:\/\/supernils.be\/fr\/wp-json\/wp\/v2\/pages\/23676\/revisions"}],"predecessor-version":[{"id":24679,"href":"https:\/\/supernils.be\/fr\/wp-json\/wp\/v2\/pages\/23676\/revisions\/24679"}],"wp:attachment":[{"href":"https:\/\/supernils.be\/fr\/wp-json\/wp\/v2\/media?parent=23676"}],"curies":[{"name":"wp","href":"https:\/\/api.w.org\/{rel}","templated":true}]}}