{"id":23670,"date":"2025-12-22T18:25:34","date_gmt":"2025-12-22T17:25:34","guid":{"rendered":"https:\/\/supernils.be\/?page_id=23670"},"modified":"2025-12-28T18:13:40","modified_gmt":"2025-12-28T17:13:40","slug":"sports-et-loisirs","status":"publish","type":"page","link":"https:\/\/supernils.be\/fr\/sport-en-vrije-tijd\/","title":{"rendered":"019-7-Sport et loisirs"},"content":{"rendered":"<div data-elementor-type=\"wp-page\" data-elementor-id=\"23670\" class=\"elementor elementor-23670\" data-elementor-post-type=\"page\">\n\t\t\t\t<div class=\"elementor-element elementor-element-c8633d0 e-flex e-con-boxed e-con e-parent\" data-id=\"c8633d0\" data-element_type=\"container\" data-e-type=\"container\">\n\t\t\t\t\t<div class=\"e-con-inner\">\n\t\t\t\t<div class=\"elementor-element elementor-element-fc2360b elementor-widget elementor-widget-spacer\" data-id=\"fc2360b\" data-element_type=\"widget\" data-e-type=\"widget\" data-widget_type=\"spacer.default\">\n\t\t\t\t<div class=\"elementor-widget-container\">\n\t\t\t\t\t\t\t<div class=\"elementor-spacer\">\n\t\t\t<div class=\"elementor-spacer-inner\"><\/div>\n\t\t<\/div>\n\t\t\t\t\t\t<\/div>\n\t\t\t\t<\/div>\n\t\t\t\t\t<\/div>\n\t\t\t\t<\/div>\n\t\t<div class=\"elementor-element elementor-element-bcbd23d e-con-full e-flex e-con e-parent\" data-id=\"bcbd23d\" data-element_type=\"container\" data-e-type=\"container\" data-settings=\"{&quot;background_background&quot;:&quot;classic&quot;,&quot;shape_divider_bottom&quot;:&quot;waves&quot;}\">\n\t\t\t\t<div class=\"elementor-shape elementor-shape-bottom\" aria-hidden=\"true\" data-negative=\"false\">\n\t\t\t<svg xmlns=\"http:\/\/www.w3.org\/2000\/svg\" viewbox=\"0 0 1000 100\" preserveaspectratio=\"none\">\n\t<path class=\"elementor-shape-fill\" d=\"M421.9,6.5c22.6-2.5,51.5,0.4,75.5,5.3c23.6,4.9,70.9,23.5,100.5,35.7c75.8,32.2,133.7,44.5,192.6,49.7\tc23.6,2.1,48.7,3.5,103.4-2.5c54.7-6,106.2-25.6,106.2-25.6V0H0v30.3c0,0,72,32.6,158.4,30.5c39.2-0.7,92.8-6.7,134-22.4\tc21.2-8.1,52.2-18.2,79.7-24.2C399.3,7.9,411.6,7.5,421.9,6.5z\"\/>\n<\/svg>\t\t<\/div>\n\t\t<div class=\"elementor-element elementor-element-de3b11e e-con-full e-flex e-con e-child\" data-id=\"de3b11e\" data-element_type=\"container\" data-e-type=\"container\">\n\t\t\t\t<div class=\"elementor-element elementor-element-5f61d39 elementor-widget elementor-widget-image\" data-id=\"5f61d39\" data-element_type=\"widget\" data-e-type=\"widget\" data-widget_type=\"image.default\">\n\t\t\t\t<div class=\"elementor-widget-container\">\n\t\t\t\t\t\t\t\t\t\t\t\t\t\t\t<img fetchpriority=\"high\" decoding=\"async\" width=\"800\" height=\"671\" src=\"https:\/\/supernils.be\/wp-content\/uploads\/2024\/10\/Sport-en-vrije-tijd.png\" class=\"attachment-large size-large wp-image-16758\" alt=\"\" srcset=\"https:\/\/supernils.be\/wp-content\/uploads\/2024\/10\/Sport-en-vrije-tijd.png 940w, https:\/\/supernils.be\/wp-content\/uploads\/2024\/10\/Sport-en-vrije-tijd-300x251.png 300w, https:\/\/supernils.be\/wp-content\/uploads\/2024\/10\/Sport-en-vrije-tijd-768x644.png 768w, https:\/\/supernils.be\/wp-content\/uploads\/2024\/10\/Sport-en-vrije-tijd-14x12.png 14w, https:\/\/supernils.be\/wp-content\/uploads\/2024\/10\/Sport-en-vrije-tijd-299x251.png 299w, https:\/\/supernils.be\/wp-content\/uploads\/2024\/10\/Sport-en-vrije-tijd-572x480.png 572w\" sizes=\"(max-width: 800px) 100vw, 800px\" \/>\t\t\t\t\t\t\t\t\t\t\t\t\t\t\t<\/div>\n\t\t\t\t<\/div>\n\t\t\t\t<\/div>\n\t\t<div class=\"elementor-element elementor-element-f25d392 e-con-full e-flex e-con e-child\" data-id=\"f25d392\" data-element_type=\"container\" data-e-type=\"container\">\n\t\t\t\t<div class=\"elementor-element elementor-element-4ec84e0 elementor-widget elementor-widget-spacer\" data-id=\"4ec84e0\" data-element_type=\"widget\" data-e-type=\"widget\" data-widget_type=\"spacer.default\">\n\t\t\t\t<div class=\"elementor-widget-container\">\n\t\t\t\t\t\t\t<div class=\"elementor-spacer\">\n\t\t\t<div class=\"elementor-spacer-inner\"><\/div>\n\t\t<\/div>\n\t\t\t\t\t\t<\/div>\n\t\t\t\t<\/div>\n\t\t\t\t<div class=\"elementor-element elementor-element-fcb2fc9 elementor-widget elementor-widget-heading\" data-id=\"fcb2fc9\" data-element_type=\"widget\" data-e-type=\"widget\" data-widget_type=\"heading.default\">\n\t\t\t\t<div class=\"elementor-widget-container\">\n\t\t\t\t\t<h2 class=\"elementor-heading-title elementor-size-default\">Sports et loisirs<\/h2>\t\t\t\t<\/div>\n\t\t\t\t<\/div>\n\t\t\t\t<\/div>\n\t\t\t\t<\/div>\n\t\t<div class=\"elementor-element elementor-element-4474a44 e-flex e-con-boxed e-con e-parent\" data-id=\"4474a44\" data-element_type=\"container\" data-e-type=\"container\">\n\t\t\t\t\t<div class=\"e-con-inner\">\n\t\t\t\t<div class=\"elementor-element elementor-element-69ea13c elementor-widget elementor-widget-spacer\" data-id=\"69ea13c\" data-element_type=\"widget\" data-e-type=\"widget\" data-widget_type=\"spacer.default\">\n\t\t\t\t<div class=\"elementor-widget-container\">\n\t\t\t\t\t\t\t<div class=\"elementor-spacer\">\n\t\t\t<div class=\"elementor-spacer-inner\"><\/div>\n\t\t<\/div>\n\t\t\t\t\t\t<\/div>\n\t\t\t\t<\/div>\n\t\t\t\t\t<\/div>\n\t\t\t\t<\/div>\n\t\t<div class=\"elementor-element elementor-element-66252af e-grid e-con-full e-con e-parent\" data-id=\"66252af\" data-element_type=\"container\" data-e-type=\"container\">\n\t\t\t\t<div class=\"elementor-element elementor-element-94165e2 elementor-view-default elementor-widget elementor-widget-icon\" data-id=\"94165e2\" data-element_type=\"widget\" data-e-type=\"widget\" data-widget_type=\"icon.default\">\n\t\t\t\t<div class=\"elementor-widget-container\">\n\t\t\t\t\t\t\t<div class=\"elementor-icon-wrapper\">\n\t\t\t<div class=\"elementor-icon\">\n\t\t\t<i aria-hidden=\"true\" class=\"fas fa-spell-check\"><\/i>\t\t\t<\/div>\n\t\t<\/div>\n\t\t\t\t\t\t<\/div>\n\t\t\t\t<\/div>\n\t\t\t\t<div class=\"elementor-element elementor-element-9fffc78 elementor-widget elementor-widget-image\" data-id=\"9fffc78\" data-element_type=\"widget\" data-e-type=\"widget\" data-widget_type=\"image.default\">\n\t\t\t\t<div class=\"elementor-widget-container\">\n\t\t\t\t\t\t\t\t\t\t\t\t\t\t\t\t<a href=\"https:\/\/supernils.be\/fr\/2025\/12\/21\/beweeg-je-mee\/\">\n\t\t\t\t\t\t\t<img decoding=\"async\" width=\"800\" height=\"600\" src=\"https:\/\/supernils.be\/wp-content\/uploads\/2024\/09\/OK-001-Leuven-beweging2-Unknown-1-1054x791.png\" class=\"attachment-large size-large wp-image-15896\" alt=\"\" srcset=\"https:\/\/supernils.be\/wp-content\/uploads\/2024\/09\/OK-001-Leuven-beweging2-Unknown-1-1054x791.png 1054w, https:\/\/supernils.be\/wp-content\/uploads\/2024\/09\/OK-001-Leuven-beweging2-Unknown-1-300x225.png 300w, https:\/\/supernils.be\/wp-content\/uploads\/2024\/09\/OK-001-Leuven-beweging2-Unknown-1-768x576.png 768w, https:\/\/supernils.be\/wp-content\/uploads\/2024\/09\/OK-001-Leuven-beweging2-Unknown-1-1536x1152.png 1536w, https:\/\/supernils.be\/wp-content\/uploads\/2024\/09\/OK-001-Leuven-beweging2-Unknown-1-2048x1536.png 2048w, https:\/\/supernils.be\/wp-content\/uploads\/2024\/09\/OK-001-Leuven-beweging2-Unknown-1-16x12.png 16w, https:\/\/supernils.be\/wp-content\/uploads\/2024\/09\/OK-001-Leuven-beweging2-Unknown-1-299x224.png 299w, https:\/\/supernils.be\/wp-content\/uploads\/2024\/09\/OK-001-Leuven-beweging2-Unknown-1-572x429.png 572w\" sizes=\"(max-width: 800px) 100vw, 800px\" \/>\t\t\t\t\t\t\t\t<\/a>\n\t\t\t\t\t\t\t\t\t\t\t\t\t\t\t<\/div>\n\t\t\t\t<\/div>\n\t\t\t\t<div class=\"elementor-element elementor-element-6c07362 elementor-widget elementor-widget-text-editor\" data-id=\"6c07362\" data-element_type=\"widget\" data-e-type=\"widget\" data-widget_type=\"text-editor.default\">\n\t\t\t\t<div class=\"elementor-widget-container\">\n\t\t\t\t\t\t\t\t\t<p>L'asbl SuperNils a d\u00e9velopp\u00e9 un coffret d'activit\u00e9s physiques ludique, rempli de mat\u00e9riel de qualit\u00e9 pour faire de l'exercice depuis son lit, son fauteuil ou sa chambre.<\/p><p>Il est pr\u00e9f\u00e9rable de le faire sous la supervision d'un kin\u00e9sith\u00e9rapeute afin d'\u00e9viter toute erreur.<\/p><p>Sur le site web, vous trouverez des fiches d'accompagnement qui expliquent comment utiliser le mat\u00e9riel.<\/p>\t\t\t\t\t\t\t\t<\/div>\n\t\t\t\t<\/div>\n\t\t\t\t<div class=\"elementor-element elementor-element-942b36e elementor-widget elementor-widget-text-editor\" data-id=\"942b36e\" data-element_type=\"widget\" data-e-type=\"widget\" data-widget_type=\"text-editor.default\">\n\t\t\t\t<div class=\"elementor-widget-container\">\n\t\t\t\t\t\t\t\t\t<p>La mallette d'activit\u00e9 physique peut \u00eatre utilis\u00e9e dans nos h\u00f4pitaux partenaires.<\/p><p>Renseignez-vous aupr\u00e8s du personnel infirmier ou des kin\u00e9sith\u00e9rapeutes.<\/p>\t\t\t\t\t\t\t\t<\/div>\n\t\t\t\t<\/div>\n\t\t\t\t<div class=\"elementor-element elementor-element-99ed39d elementor-view-default elementor-widget elementor-widget-icon\" data-id=\"99ed39d\" data-element_type=\"widget\" data-e-type=\"widget\" data-widget_type=\"icon.default\">\n\t\t\t\t<div class=\"elementor-widget-container\">\n\t\t\t\t\t\t\t<div class=\"elementor-icon-wrapper\">\n\t\t\t<div class=\"elementor-icon\">\n\t\t\t<i aria-hidden=\"true\" class=\"fas fa-spell-check\"><\/i>\t\t\t<\/div>\n\t\t<\/div>\n\t\t\t\t\t\t<\/div>\n\t\t\t\t<\/div>\n\t\t\t\t<div class=\"elementor-element elementor-element-3ec70db elementor-widget elementor-widget-image\" data-id=\"3ec70db\" data-element_type=\"widget\" data-e-type=\"widget\" data-widget_type=\"image.default\">\n\t\t\t\t<div class=\"elementor-widget-container\">\n\t\t\t\t\t\t\t\t\t\t\t\t\t\t\t\t<a href=\"https:\/\/supernils.be\/fr\/2025\/05\/23\/supernils-superverse-vr\/\">\n\t\t\t\t\t\t\t<img decoding=\"async\" width=\"800\" height=\"671\" src=\"https:\/\/supernils.be\/wp-content\/uploads\/2024\/11\/spel.png\" class=\"attachment-large size-large wp-image-17657\" alt=\"\" srcset=\"https:\/\/supernils.be\/wp-content\/uploads\/2024\/11\/spel.png 940w, https:\/\/supernils.be\/wp-content\/uploads\/2024\/11\/spel-300x251.png 300w, https:\/\/supernils.be\/wp-content\/uploads\/2024\/11\/spel-768x644.png 768w, https:\/\/supernils.be\/wp-content\/uploads\/2024\/11\/spel-14x12.png 14w, https:\/\/supernils.be\/wp-content\/uploads\/2024\/11\/spel-299x251.png 299w, https:\/\/supernils.be\/wp-content\/uploads\/2024\/11\/spel-572x480.png 572w\" sizes=\"(max-width: 800px) 100vw, 800px\" \/>\t\t\t\t\t\t\t\t<\/a>\n\t\t\t\t\t\t\t\t\t\t\t\t\t\t\t<\/div>\n\t\t\t\t<\/div>\n\t\t\t\t<div class=\"elementor-element elementor-element-ee78e34 elementor-widget elementor-widget-text-editor\" data-id=\"ee78e34\" data-element_type=\"widget\" data-e-type=\"widget\" data-widget_type=\"text-editor.default\">\n\t\t\t\t<div class=\"elementor-widget-container\">\n\t\t\t\t\t\t\t\t\t<p>Le pack VR \u201c Le monde d'AYA \u201d comprend \u00e9galement un outil pour bouger.<\/p><p>Vous pouvez y jouer au padel contre les cellules qui volent dans tous les sens.  Vainquez la maladie en \u00e9liminant les cellules rouges et en laissant passer les vertes.<\/p><p>Essayez \u00e0 chaque fois d'obtenir un meilleur score.<\/p>\t\t\t\t\t\t\t\t<\/div>\n\t\t\t\t<\/div>\n\t\t\t\t<div class=\"elementor-element elementor-element-4802282 elementor-widget elementor-widget-text-editor\" data-id=\"4802282\" data-element_type=\"widget\" data-e-type=\"widget\" data-widget_type=\"text-editor.default\">\n\t\t\t\t<div class=\"elementor-widget-container\">\n\t\t\t\t\t\t\t\t\t<p>\u201c Le monde d'AYA \u201d<\/p><p>Le jeu de mouvement \u2018 padel \u2019<\/p><p>ASBL SuperNils et Venar<\/p>\t\t\t\t\t\t\t\t<\/div>\n\t\t\t\t<\/div>\n\t\t\t\t<\/div>\n\t\t<div class=\"elementor-element elementor-element-bef9634 e-flex e-con-boxed e-con e-parent\" data-id=\"bef9634\" data-element_type=\"container\" data-e-type=\"container\">\n\t\t\t\t\t<div class=\"e-con-inner\">\n\t\t\t\t<div class=\"elementor-element elementor-element-673a51a elementor-widget elementor-widget-spacer\" data-id=\"673a51a\" data-element_type=\"widget\" data-e-type=\"widget\" data-widget_type=\"spacer.default\">\n\t\t\t\t<div class=\"elementor-widget-container\">\n\t\t\t\t\t\t\t<div class=\"elementor-spacer\">\n\t\t\t<div class=\"elementor-spacer-inner\"><\/div>\n\t\t<\/div>\n\t\t\t\t\t\t<\/div>\n\t\t\t\t<\/div>\n\t\t\t\t\t<\/div>\n\t\t\t\t<\/div>\n\t\t\t\t<\/div>","protected":false},"excerpt":{"rendered":"<p>Sport en vrije tijd Vzw SuperNils ontwikkelde een leuke bewegingskoffer, boordevol degelijke materialen om te bewegen vanuit je bed, de zetel of je kamer. Doe dit best onder toezicht van de kinesisten, zodat je zeker geen foute dingen doet. Op de website vind je begeleidende fiches, die uitleggen wat je met de materialen kan doen. [&hellip;]<\/p>\n","protected":false},"author":2,"featured_media":0,"parent":0,"menu_order":0,"comment_status":"closed","ping_status":"closed","template":"","meta":{"_themeisle_gutenberg_block_has_review":false,"footnotes":""},"class_list":["post-23670","page","type-page","status-publish","hentry"],"_links":{"self":[{"href":"https:\/\/supernils.be\/fr\/wp-json\/wp\/v2\/pages\/23670","targetHints":{"allow":["GET"]}}],"collection":[{"href":"https:\/\/supernils.be\/fr\/wp-json\/wp\/v2\/pages"}],"about":[{"href":"https:\/\/supernils.be\/fr\/wp-json\/wp\/v2\/types\/page"}],"author":[{"embeddable":true,"href":"https:\/\/supernils.be\/fr\/wp-json\/wp\/v2\/users\/2"}],"replies":[{"embeddable":true,"href":"https:\/\/supernils.be\/fr\/wp-json\/wp\/v2\/comments?post=23670"}],"version-history":[{"count":13,"href":"https:\/\/supernils.be\/fr\/wp-json\/wp\/v2\/pages\/23670\/revisions"}],"predecessor-version":[{"id":24718,"href":"https:\/\/supernils.be\/fr\/wp-json\/wp\/v2\/pages\/23670\/revisions\/24718"}],"wp:attachment":[{"href":"https:\/\/supernils.be\/fr\/wp-json\/wp\/v2\/media?parent=23670"}],"curies":[{"name":"wp","href":"https:\/\/api.w.org\/{rel}","templated":true}]}}