{"id":23601,"date":"2025-12-22T17:00:14","date_gmt":"2025-12-22T16:00:14","guid":{"rendered":"https:\/\/supernils.be\/?page_id=23601"},"modified":"2025-12-22T17:06:41","modified_gmt":"2025-12-22T16:06:41","slug":"formations-realisees","status":"publish","type":"page","link":"https:\/\/supernils.be\/fr\/gerealiseerde-opleidingen\/","title":{"rendered":"020B - Formations r\u00e9alis\u00e9es"},"content":{"rendered":"<div data-elementor-type=\"wp-page\" data-elementor-id=\"23601\" class=\"elementor elementor-23601\" data-elementor-post-type=\"page\">\n\t\t\t\t<div class=\"elementor-element elementor-element-62b0ec5 e-con-full e-flex e-con e-parent\" data-id=\"62b0ec5\" data-element_type=\"container\" data-e-type=\"container\" data-settings=\"{&quot;background_background&quot;:&quot;classic&quot;,&quot;shape_divider_bottom&quot;:&quot;waves&quot;}\">\n\t\t\t\t<div class=\"elementor-shape elementor-shape-bottom\" aria-hidden=\"true\" data-negative=\"false\">\n\t\t\t<svg xmlns=\"http:\/\/www.w3.org\/2000\/svg\" viewbox=\"0 0 1000 100\" preserveaspectratio=\"none\">\n\t<path class=\"elementor-shape-fill\" d=\"M421.9,6.5c22.6-2.5,51.5,0.4,75.5,5.3c23.6,4.9,70.9,23.5,100.5,35.7c75.8,32.2,133.7,44.5,192.6,49.7\tc23.6,2.1,48.7,3.5,103.4-2.5c54.7-6,106.2-25.6,106.2-25.6V0H0v30.3c0,0,72,32.6,158.4,30.5c39.2-0.7,92.8-6.7,134-22.4\tc21.2-8.1,52.2-18.2,79.7-24.2C399.3,7.9,411.6,7.5,421.9,6.5z\"\/>\n<\/svg>\t\t<\/div>\n\t\t<div class=\"elementor-element elementor-element-c20d917 e-con-full e-flex e-con e-child\" data-id=\"c20d917\" data-element_type=\"container\" data-e-type=\"container\">\n\t\t\t\t<div class=\"elementor-element elementor-element-35b35a8 elementor-widget elementor-widget-image\" data-id=\"35b35a8\" data-element_type=\"widget\" data-e-type=\"widget\" data-widget_type=\"image.default\">\n\t\t\t\t<div class=\"elementor-widget-container\">\n\t\t\t\t\t\t\t\t\t\t\t\t\t\t\t<img fetchpriority=\"high\" decoding=\"async\" width=\"800\" height=\"671\" src=\"https:\/\/supernils.be\/wp-content\/uploads\/2025\/12\/Gerealiseerde-opleidingen.png\" class=\"attachment-large size-large wp-image-23603\" alt=\"\" srcset=\"https:\/\/supernils.be\/wp-content\/uploads\/2025\/12\/Gerealiseerde-opleidingen.png 940w, https:\/\/supernils.be\/wp-content\/uploads\/2025\/12\/Gerealiseerde-opleidingen-300x251.png 300w, https:\/\/supernils.be\/wp-content\/uploads\/2025\/12\/Gerealiseerde-opleidingen-768x644.png 768w, https:\/\/supernils.be\/wp-content\/uploads\/2025\/12\/Gerealiseerde-opleidingen-14x12.png 14w, https:\/\/supernils.be\/wp-content\/uploads\/2025\/12\/Gerealiseerde-opleidingen-299x251.png 299w, https:\/\/supernils.be\/wp-content\/uploads\/2025\/12\/Gerealiseerde-opleidingen-572x480.png 572w\" sizes=\"(max-width: 800px) 100vw, 800px\" \/>\t\t\t\t\t\t\t\t\t\t\t\t\t\t\t<\/div>\n\t\t\t\t<\/div>\n\t\t\t\t<\/div>\n\t\t<div class=\"elementor-element elementor-element-f6b974a e-con-full e-flex e-con e-child\" data-id=\"f6b974a\" data-element_type=\"container\" data-e-type=\"container\">\n\t\t<div class=\"elementor-element elementor-element-3a124bd e-con-full e-flex e-con e-child\" data-id=\"3a124bd\" data-element_type=\"container\" data-e-type=\"container\">\n\t\t\t\t<div class=\"elementor-element elementor-element-4b8cad1 elementor-widget elementor-widget-spacer\" data-id=\"4b8cad1\" data-element_type=\"widget\" data-e-type=\"widget\" data-widget_type=\"spacer.default\">\n\t\t\t\t<div class=\"elementor-widget-container\">\n\t\t\t\t\t\t\t<div class=\"elementor-spacer\">\n\t\t\t<div class=\"elementor-spacer-inner\"><\/div>\n\t\t<\/div>\n\t\t\t\t\t\t<\/div>\n\t\t\t\t<\/div>\n\t\t\t\t<div class=\"elementor-element elementor-element-3714ae3 elementor-widget elementor-widget-heading\" data-id=\"3714ae3\" data-element_type=\"widget\" data-e-type=\"widget\" data-widget_type=\"heading.default\">\n\t\t\t\t<div class=\"elementor-widget-container\">\n\t\t\t\t\t<h2 class=\"elementor-heading-title elementor-size-default\">Formations r\u00e9alis\u00e9es<\/h2>\t\t\t\t<\/div>\n\t\t\t\t<\/div>\n\t\t\t\t<div class=\"elementor-element elementor-element-ad0a16e elementor-widget elementor-widget-spacer\" data-id=\"ad0a16e\" data-element_type=\"widget\" data-e-type=\"widget\" data-widget_type=\"spacer.default\">\n\t\t\t\t<div class=\"elementor-widget-container\">\n\t\t\t\t\t\t\t<div class=\"elementor-spacer\">\n\t\t\t<div class=\"elementor-spacer-inner\"><\/div>\n\t\t<\/div>\n\t\t\t\t\t\t<\/div>\n\t\t\t\t<\/div>\n\t\t\t\t<\/div>\n\t\t\t\t<\/div>\n\t\t\t\t<\/div>\n\t\t<div class=\"elementor-element elementor-element-a79a57a e-flex e-con-boxed e-con e-parent\" data-id=\"a79a57a\" data-element_type=\"container\" data-e-type=\"container\">\n\t\t\t\t\t<div class=\"e-con-inner\">\n\t\t\t\t<div class=\"elementor-element elementor-element-916f5e2 elementor-widget elementor-widget-spacer\" data-id=\"916f5e2\" data-element_type=\"widget\" data-e-type=\"widget\" data-widget_type=\"spacer.default\">\n\t\t\t\t<div class=\"elementor-widget-container\">\n\t\t\t\t\t\t\t<div class=\"elementor-spacer\">\n\t\t\t<div class=\"elementor-spacer-inner\"><\/div>\n\t\t<\/div>\n\t\t\t\t\t\t<\/div>\n\t\t\t\t<\/div>\n\t\t\t\t\t<\/div>\n\t\t\t\t<\/div>\n\t\t<div class=\"elementor-element elementor-element-ed239d6 e-con-full e-flex e-con e-parent\" data-id=\"ed239d6\" data-element_type=\"container\" data-e-type=\"container\" data-settings=\"{&quot;background_background&quot;:&quot;classic&quot;}\">\n\t\t\t\t<div class=\"elementor-element elementor-element-3711028 elementor-widget elementor-widget-spacer\" data-id=\"3711028\" data-element_type=\"widget\" data-e-type=\"widget\" data-widget_type=\"spacer.default\">\n\t\t\t\t<div class=\"elementor-widget-container\">\n\t\t\t\t\t\t\t<div class=\"elementor-spacer\">\n\t\t\t<div class=\"elementor-spacer-inner\"><\/div>\n\t\t<\/div>\n\t\t\t\t\t\t<\/div>\n\t\t\t\t<\/div>\n\t\t\t\t<div class=\"elementor-element elementor-element-592ddea elementor-position-left elementor-vertical-align-top elementor-widget elementor-widget-image-box\" data-id=\"592ddea\" data-element_type=\"widget\" data-e-type=\"widget\" data-widget_type=\"image-box.default\">\n\t\t\t\t<div class=\"elementor-widget-container\">\n\t\t\t\t\t<div class=\"elementor-image-box-wrapper\"><figure class=\"elementor-image-box-img\"><img decoding=\"async\" width=\"225\" height=\"225\" src=\"https:\/\/supernils.be\/wp-content\/uploads\/2024\/09\/OK-001-Lost-en-Co.jpg\" class=\"attachment-full size-full wp-image-15578\" alt=\"\" srcset=\"https:\/\/supernils.be\/wp-content\/uploads\/2024\/09\/OK-001-Lost-en-Co.jpg 225w, https:\/\/supernils.be\/wp-content\/uploads\/2024\/09\/OK-001-Lost-en-Co-150x150.jpg 150w, https:\/\/supernils.be\/wp-content\/uploads\/2024\/09\/OK-001-Lost-en-Co-12x12.jpg 12w, https:\/\/supernils.be\/wp-content\/uploads\/2024\/09\/OK-001-Lost-en-Co-100x100.jpg 100w\" sizes=\"(max-width: 225px) 100vw, 225px\" \/><\/figure><div class=\"elementor-image-box-content\"><h3 class=\"elementor-image-box-title\">Formation en gestion des pertes<\/h3><p class=\"elementor-image-box-description\">En collaboration avec notre partenaire, l'asbl Lost &amp; Co de Lier, nous avons organis\u00e9 une formation sur le deuil et la perte, sp\u00e9cialement destin\u00e9e aux enseignants du primaire.<br><br>\nLa formation s'est av\u00e9r\u00e9e tr\u00e8s pratique, avec un large \u00e9ventail d'activit\u00e9s et de supports. Les enseignants ont pu les utiliser pour \u00e9laborer un plan d'action autour du deuil et de la perte. <br><br>\n\nLa perte a \u00e9t\u00e9 consid\u00e9r\u00e9e dans son sens le plus large. Il s'agit \u00e0 la fois de la perte vivante (apr\u00e8s avoir re\u00e7u un diagnostic, vous perdez certaines choses dans la vie) et de la perte ordinaire (le d\u00e9c\u00e8s d'un membre de la famille, d'un ami ou d'un animal de compagnie).\n<br>\nLa formation comprenait une journ\u00e9e de formation \u00e0 l'AP Hogeschool et une journ\u00e9e de suivi dans les locaux de Lost &amp; Co \u00e0 Lier (Gloed).<\/p><\/div><\/div>\t\t\t\t<\/div>\n\t\t\t\t<\/div>\n\t\t\t\t<\/div>\n\t\t<div class=\"elementor-element elementor-element-5d133d3 e-grid e-con-full e-con e-parent\" data-id=\"5d133d3\" data-element_type=\"container\" data-e-type=\"container\">\n\t\t\t\t<div class=\"elementor-element elementor-element-5a94494 elementor-widget elementor-widget-image\" data-id=\"5a94494\" data-element_type=\"widget\" data-e-type=\"widget\" data-widget_type=\"image.default\">\n\t\t\t\t<div class=\"elementor-widget-container\">\n\t\t\t\t\t\t\t\t\t\t\t\t\t\t\t<img decoding=\"async\" width=\"800\" height=\"565\" src=\"https:\/\/supernils.be\/wp-content\/uploads\/2024\/09\/OK-001-Vorming-verlieskunde-flyer-blad-1-1-1536x1086-2-1054x745.png\" class=\"attachment-large size-large wp-image-15963\" alt=\"\" srcset=\"https:\/\/supernils.be\/wp-content\/uploads\/2024\/09\/OK-001-Vorming-verlieskunde-flyer-blad-1-1-1536x1086-2-1054x745.png 1054w, https:\/\/supernils.be\/wp-content\/uploads\/2024\/09\/OK-001-Vorming-verlieskunde-flyer-blad-1-1-1536x1086-2-300x212.png 300w, https:\/\/supernils.be\/wp-content\/uploads\/2024\/09\/OK-001-Vorming-verlieskunde-flyer-blad-1-1-1536x1086-2-768x543.png 768w, https:\/\/supernils.be\/wp-content\/uploads\/2024\/09\/OK-001-Vorming-verlieskunde-flyer-blad-1-1-1536x1086-2-18x12.png 18w, https:\/\/supernils.be\/wp-content\/uploads\/2024\/09\/OK-001-Vorming-verlieskunde-flyer-blad-1-1-1536x1086-2-299x211.png 299w, https:\/\/supernils.be\/wp-content\/uploads\/2024\/09\/OK-001-Vorming-verlieskunde-flyer-blad-1-1-1536x1086-2-572x404.png 572w, https:\/\/supernils.be\/wp-content\/uploads\/2024\/09\/OK-001-Vorming-verlieskunde-flyer-blad-1-1-1536x1086-2.png 1536w\" sizes=\"(max-width: 800px) 100vw, 800px\" \/>\t\t\t\t\t\t\t\t\t\t\t\t\t\t\t<\/div>\n\t\t\t\t<\/div>\n\t\t\t\t<div class=\"elementor-element elementor-element-b07f732 elementor-widget elementor-widget-image\" data-id=\"b07f732\" data-element_type=\"widget\" data-e-type=\"widget\" data-widget_type=\"image.default\">\n\t\t\t\t<div class=\"elementor-widget-container\">\n\t\t\t\t\t\t\t\t\t\t\t\t\t\t\t<img loading=\"lazy\" decoding=\"async\" width=\"800\" height=\"565\" src=\"https:\/\/supernils.be\/wp-content\/uploads\/2024\/09\/OK-001-Flyer-2-2-1536x1086-2-1054x745.png\" class=\"attachment-large size-large wp-image-15864\" alt=\"\" srcset=\"https:\/\/supernils.be\/wp-content\/uploads\/2024\/09\/OK-001-Flyer-2-2-1536x1086-2-1054x745.png 1054w, https:\/\/supernils.be\/wp-content\/uploads\/2024\/09\/OK-001-Flyer-2-2-1536x1086-2-300x212.png 300w, https:\/\/supernils.be\/wp-content\/uploads\/2024\/09\/OK-001-Flyer-2-2-1536x1086-2-768x543.png 768w, https:\/\/supernils.be\/wp-content\/uploads\/2024\/09\/OK-001-Flyer-2-2-1536x1086-2-18x12.png 18w, https:\/\/supernils.be\/wp-content\/uploads\/2024\/09\/OK-001-Flyer-2-2-1536x1086-2-299x211.png 299w, https:\/\/supernils.be\/wp-content\/uploads\/2024\/09\/OK-001-Flyer-2-2-1536x1086-2-572x404.png 572w, https:\/\/supernils.be\/wp-content\/uploads\/2024\/09\/OK-001-Flyer-2-2-1536x1086-2.png 1536w\" sizes=\"(max-width: 800px) 100vw, 800px\" \/>\t\t\t\t\t\t\t\t\t\t\t\t\t\t\t<\/div>\n\t\t\t\t<\/div>\n\t\t\t\t<\/div>\n\t\t<div class=\"elementor-element elementor-element-b61a57a e-flex e-con-boxed e-con e-parent\" data-id=\"b61a57a\" data-element_type=\"container\" data-e-type=\"container\">\n\t\t\t\t\t<div class=\"e-con-inner\">\n\t\t\t\t<div class=\"elementor-element elementor-element-c32f1b0 elementor-widget elementor-widget-spacer\" data-id=\"c32f1b0\" data-element_type=\"widget\" data-e-type=\"widget\" data-widget_type=\"spacer.default\">\n\t\t\t\t<div class=\"elementor-widget-container\">\n\t\t\t\t\t\t\t<div class=\"elementor-spacer\">\n\t\t\t<div class=\"elementor-spacer-inner\"><\/div>\n\t\t<\/div>\n\t\t\t\t\t\t<\/div>\n\t\t\t\t<\/div>\n\t\t\t\t\t<\/div>\n\t\t\t\t<\/div>\n\t\t\t\t<\/div>","protected":false},"excerpt":{"rendered":"<p>Gerealiseerde opleidingen Vorming verlieskunde Samen met onze partner, Lost &amp; Co vzw uit Lier, organiseerden we een opleiding rond rouw en verlies, specifiek voor leerkrachten uit het basisonderwijs. Het werd een zeer praktische vorming, met een ruim aanbod aan activiteiten en materialen. De leerkrachten konden deze gebruiken voor de uitwerking van een beleidsplan rond rouw [&hellip;]<\/p>\n","protected":false},"author":2,"featured_media":0,"parent":0,"menu_order":0,"comment_status":"closed","ping_status":"closed","template":"","meta":{"_themeisle_gutenberg_block_has_review":false,"footnotes":""},"class_list":["post-23601","page","type-page","status-publish","hentry"],"_links":{"self":[{"href":"https:\/\/supernils.be\/fr\/wp-json\/wp\/v2\/pages\/23601","targetHints":{"allow":["GET"]}}],"collection":[{"href":"https:\/\/supernils.be\/fr\/wp-json\/wp\/v2\/pages"}],"about":[{"href":"https:\/\/supernils.be\/fr\/wp-json\/wp\/v2\/types\/page"}],"author":[{"embeddable":true,"href":"https:\/\/supernils.be\/fr\/wp-json\/wp\/v2\/users\/2"}],"replies":[{"embeddable":true,"href":"https:\/\/supernils.be\/fr\/wp-json\/wp\/v2\/comments?post=23601"}],"version-history":[{"count":10,"href":"https:\/\/supernils.be\/fr\/wp-json\/wp\/v2\/pages\/23601\/revisions"}],"predecessor-version":[{"id":23612,"href":"https:\/\/supernils.be\/fr\/wp-json\/wp\/v2\/pages\/23601\/revisions\/23612"}],"wp:attachment":[{"href":"https:\/\/supernils.be\/fr\/wp-json\/wp\/v2\/media?parent=23601"}],"curies":[{"name":"wp","href":"https:\/\/api.w.org\/{rel}","templated":true}]}}