{"id":22800,"date":"2025-12-19T18:11:03","date_gmt":"2025-12-19T17:11:03","guid":{"rendered":"https:\/\/supernils.be\/?page_id=22800"},"modified":"2026-04-09T14:44:03","modified_gmt":"2026-04-09T12:44:03","slug":"politique-de-confidentialite-et-dutilisation-des-cookies-005","status":"publish","type":"page","link":"https:\/\/supernils.be\/fr\/privacy-en-cookie-policy-005\/","title":{"rendered":"005-Politique de confidentialit\u00e9 et politique en mati\u00e8re de cookies"},"content":{"rendered":"<div data-elementor-type=\"wp-page\" data-elementor-id=\"22800\" class=\"elementor elementor-22800\" data-elementor-post-type=\"page\">\n\t\t\t\t<div class=\"elementor-element elementor-element-3ac7e07 e-flex e-con-boxed e-con e-parent\" data-id=\"3ac7e07\" data-element_type=\"container\" data-e-type=\"container\" data-settings=\"{&quot;background_background&quot;:&quot;classic&quot;}\">\n\t\t\t\t\t<div class=\"e-con-inner\">\n\t\t\t\t<div class=\"elementor-element elementor-element-cb31b8c elementor-widget elementor-widget-spacer\" data-id=\"cb31b8c\" data-element_type=\"widget\" data-e-type=\"widget\" data-widget_type=\"spacer.default\">\n\t\t\t\t<div class=\"elementor-widget-container\">\n\t\t\t\t\t\t\t<div class=\"elementor-spacer\">\n\t\t\t<div class=\"elementor-spacer-inner\"><\/div>\n\t\t<\/div>\n\t\t\t\t\t\t<\/div>\n\t\t\t\t<\/div>\n\t\t\t\t\t<\/div>\n\t\t\t\t<\/div>\n\t\t<div class=\"elementor-element elementor-element-cb577ae e-flex e-con-boxed e-con e-parent\" data-id=\"cb577ae\" data-element_type=\"container\" data-e-type=\"container\" data-settings=\"{&quot;background_background&quot;:&quot;classic&quot;,&quot;shape_divider_top&quot;:&quot;waves&quot;,&quot;shape_divider_bottom&quot;:&quot;curve-asymmetrical&quot;}\">\n\t\t\t\t\t<div class=\"e-con-inner\">\n\t\t\t\t<div class=\"elementor-shape elementor-shape-top\" aria-hidden=\"true\" data-negative=\"false\">\n\t\t\t<svg xmlns=\"http:\/\/www.w3.org\/2000\/svg\" viewbox=\"0 0 1000 100\" preserveaspectratio=\"none\">\n\t<path class=\"elementor-shape-fill\" d=\"M421.9,6.5c22.6-2.5,51.5,0.4,75.5,5.3c23.6,4.9,70.9,23.5,100.5,35.7c75.8,32.2,133.7,44.5,192.6,49.7\tc23.6,2.1,48.7,3.5,103.4-2.5c54.7-6,106.2-25.6,106.2-25.6V0H0v30.3c0,0,72,32.6,158.4,30.5c39.2-0.7,92.8-6.7,134-22.4\tc21.2-8.1,52.2-18.2,79.7-24.2C399.3,7.9,411.6,7.5,421.9,6.5z\"\/>\n<\/svg>\t\t<\/div>\n\t\t\t\t<div class=\"elementor-shape elementor-shape-bottom\" aria-hidden=\"true\" data-negative=\"false\">\n\t\t\t<svg xmlns=\"http:\/\/www.w3.org\/2000\/svg\" viewbox=\"0 0 1000 100\" preserveaspectratio=\"none\">\n\t<path class=\"elementor-shape-fill\" d=\"M0,0c0,0,0,6,0,6.7c0,18,240.2,93.6,615.2,92.6C989.8,98.5,1000,25,1000,6.7c0-0.7,0-6.7,0-6.7H0z\"\/>\n<\/svg>\t\t<\/div>\n\t\t<div class=\"elementor-element elementor-element-4e0e5cb3 e-con-full e-flex e-con e-child\" data-id=\"4e0e5cb3\" data-element_type=\"container\" data-e-type=\"container\">\n\t\t\t\t<div class=\"elementor-element elementor-element-4417ec0 elementor-widget elementor-widget-heading\" data-id=\"4417ec0\" data-element_type=\"widget\" data-e-type=\"widget\" data-widget_type=\"heading.default\">\n\t\t\t\t<div class=\"elementor-widget-container\">\n\t\t\t\t\t<h2 class=\"elementor-heading-title elementor-size-default\">Notre politique en mati\u00e8re de confidentialit\u00e9 et de cookies<\/h2>\t\t\t\t<\/div>\n\t\t\t\t<\/div>\n\t\t\t\t<div class=\"elementor-element elementor-element-282ce998 elementor-view-default elementor-widget elementor-widget-icon\" data-id=\"282ce998\" data-element_type=\"widget\" data-e-type=\"widget\" data-widget_type=\"icon.default\">\n\t\t\t\t<div class=\"elementor-widget-container\">\n\t\t\t\t\t\t\t<div class=\"elementor-icon-wrapper\">\n\t\t\t<div class=\"elementor-icon\">\n\t\t\t\t\t\t<\/div>\n\t\t<\/div>\n\t\t\t\t\t\t<\/div>\n\t\t\t\t<\/div>\n\t\t\t\t<div class=\"elementor-element elementor-element-edf0b2d elementor-widget elementor-widget-text-editor\" data-id=\"edf0b2d\" data-element_type=\"widget\" data-e-type=\"widget\" data-widget_type=\"text-editor.default\">\n\t\t\t\t<div class=\"elementor-widget-container\">\n\t\t\t\t\t\t\t\t\t<p>Conform\u00e9ment \u00e0 la loi actuelle sur la protection de la vie priv\u00e9e (<strong>GDPR<\/strong>) et le stockage et le traitement des donn\u00e9es \u00e0 caract\u00e8re personnel, vous devez accepter la note ci-dessous.<\/p><p>Sachez que les donn\u00e9es ne seront jamais transf\u00e9r\u00e9es \u00e0 des tiers sans votre consentement pr\u00e9alable.<\/p><p>Vous pouvez \u00e0 tout moment demander vos donn\u00e9es enregistr\u00e9es en cliquant sur le bouton ci-dessous, afin de v\u00e9rifier leur exactitude et leur exhaustivit\u00e9 et, le cas \u00e9ch\u00e9ant, de les faire modifier gratuitement. Vous pouvez \u00e9galement utiliser ce formulaire pour demander que vos donn\u00e9es ne soient plus utilis\u00e9es \u00e0 nos fins et soient supprim\u00e9es de nos bases de donn\u00e9es.<\/p><p>En outre, le site web utilise \u00e9galement des cookies pour vous offrir la meilleure exp\u00e9rience utilisateur sur notre site. Vous pouvez accepter ou modifier les cookies sur la page d'accueil, lorsque vous visitez le site. Dans la note ci-dessous, vous trouverez plus d'informations sur notre politique en mati\u00e8re de cookies.<\/p>\t\t\t\t\t\t\t\t<\/div>\n\t\t\t\t<\/div>\n\t\t\t\t<div class=\"elementor-element elementor-element-f6f9f1c elementor-widget elementor-widget-spacer\" data-id=\"f6f9f1c\" data-element_type=\"widget\" data-e-type=\"widget\" data-widget_type=\"spacer.default\">\n\t\t\t\t<div class=\"elementor-widget-container\">\n\t\t\t\t\t\t\t<div class=\"elementor-spacer\">\n\t\t\t<div class=\"elementor-spacer-inner\"><\/div>\n\t\t<\/div>\n\t\t\t\t\t\t<\/div>\n\t\t\t\t<\/div>\n\t\t\t\t<div class=\"elementor-element elementor-element-d526f01 elementor-align-center elementor-widget elementor-widget-button\" data-id=\"d526f01\" data-element_type=\"widget\" data-e-type=\"widget\" data-widget_type=\"button.default\">\n\t\t\t\t<div class=\"elementor-widget-container\">\n\t\t\t\t\t\t\t\t\t<div class=\"elementor-button-wrapper\">\n\t\t\t\t\t<a class=\"elementor-button elementor-button-link elementor-size-sm\" href=\"https:\/\/supernils.be\/fr\/contact004\/\">\n\t\t\t\t\t\t<span class=\"elementor-button-content-wrapper\">\n\t\t\t\t\t\t\t\t\t<span class=\"elementor-button-text\">Donn\u00e9es de contr\u00f4le<\/span>\n\t\t\t\t\t<\/span>\n\t\t\t\t\t<\/a>\n\t\t\t\t<\/div>\n\t\t\t\t\t\t\t\t<\/div>\n\t\t\t\t<\/div>\n\t\t\t\t<\/div>\n\t\t\t\t<div class=\"elementor-element elementor-element-0d10168 elementor-widget elementor-widget-image\" data-id=\"0d10168\" data-element_type=\"widget\" data-e-type=\"widget\" data-widget_type=\"image.default\">\n\t\t\t\t<div class=\"elementor-widget-container\">\n\t\t\t\t\t\t\t\t\t\t\t\t\t\t\t<img fetchpriority=\"high\" decoding=\"async\" width=\"624\" height=\"845\" src=\"https:\/\/supernils.be\/wp-content\/uploads\/2024\/09\/OK-001-Nils-muts-IMG_0778-1.jpg\" class=\"attachment-medium_large size-medium_large wp-image-15921\" alt=\"\" srcset=\"https:\/\/supernils.be\/wp-content\/uploads\/2024\/09\/OK-001-Nils-muts-IMG_0778-1.jpg 624w, https:\/\/supernils.be\/wp-content\/uploads\/2024\/09\/OK-001-Nils-muts-IMG_0778-1-222x300.jpg 222w, https:\/\/supernils.be\/wp-content\/uploads\/2024\/09\/OK-001-Nils-muts-IMG_0778-1-9x12.jpg 9w, https:\/\/supernils.be\/wp-content\/uploads\/2024\/09\/OK-001-Nils-muts-IMG_0778-1-299x405.jpg 299w, https:\/\/supernils.be\/wp-content\/uploads\/2024\/09\/OK-001-Nils-muts-IMG_0778-1-572x775.jpg 572w\" sizes=\"(max-width: 624px) 100vw, 624px\" \/>\t\t\t\t\t\t\t\t\t\t\t\t\t\t\t<\/div>\n\t\t\t\t<\/div>\n\t\t\t\t<div class=\"elementor-element elementor-element-7018703f elementor-widget__width-initial elementor-widget elementor-widget-image\" data-id=\"7018703f\" data-element_type=\"widget\" data-e-type=\"widget\" data-widget_type=\"image.default\">\n\t\t\t\t<div class=\"elementor-widget-container\">\n\t\t\t\t\t\t\t\t\t\t\t\t\t\t\t<img decoding=\"async\" width=\"768\" height=\"1365\" src=\"https:\/\/supernils.be\/wp-content\/uploads\/2024\/09\/OK-001-Nils-hoed-IMG_0975-1-e1726677452207-1-768x1365.jpg\" class=\"attachment-medium_large size-medium_large wp-image-15920\" alt=\"\" srcset=\"https:\/\/supernils.be\/wp-content\/uploads\/2024\/09\/OK-001-Nils-hoed-IMG_0975-1-e1726677452207-1-768x1365.jpg 768w, https:\/\/supernils.be\/wp-content\/uploads\/2024\/09\/OK-001-Nils-hoed-IMG_0975-1-e1726677452207-1-169x300.jpg 169w, https:\/\/supernils.be\/wp-content\/uploads\/2024\/09\/OK-001-Nils-hoed-IMG_0975-1-e1726677452207-1-593x1054.jpg 593w, https:\/\/supernils.be\/wp-content\/uploads\/2024\/09\/OK-001-Nils-hoed-IMG_0975-1-e1726677452207-1-864x1536.jpg 864w, https:\/\/supernils.be\/wp-content\/uploads\/2024\/09\/OK-001-Nils-hoed-IMG_0975-1-e1726677452207-1-7x12.jpg 7w, https:\/\/supernils.be\/wp-content\/uploads\/2024\/09\/OK-001-Nils-hoed-IMG_0975-1-e1726677452207-1-299x532.jpg 299w, https:\/\/supernils.be\/wp-content\/uploads\/2024\/09\/OK-001-Nils-hoed-IMG_0975-1-e1726677452207-1-572x1017.jpg 572w, https:\/\/supernils.be\/wp-content\/uploads\/2024\/09\/OK-001-Nils-hoed-IMG_0975-1-e1726677452207-1.jpg 900w\" sizes=\"(max-width: 768px) 100vw, 768px\" \/>\t\t\t\t\t\t\t\t\t\t\t\t\t\t\t<\/div>\n\t\t\t\t<\/div>\n\t\t\t\t\t<\/div>\n\t\t\t\t<\/div>\n\t\t<div class=\"elementor-element elementor-element-6c260c1 e-flex e-con-boxed e-con e-parent\" data-id=\"6c260c1\" data-element_type=\"container\" data-e-type=\"container\">\n\t\t\t\t\t<div class=\"e-con-inner\">\n\t\t\t\t<div class=\"elementor-element elementor-element-1dcffc0 elementor-widget elementor-widget-spacer\" data-id=\"1dcffc0\" data-element_type=\"widget\" data-e-type=\"widget\" data-widget_type=\"spacer.default\">\n\t\t\t\t<div class=\"elementor-widget-container\">\n\t\t\t\t\t\t\t<div class=\"elementor-spacer\">\n\t\t\t<div class=\"elementor-spacer-inner\"><\/div>\n\t\t<\/div>\n\t\t\t\t\t\t<\/div>\n\t\t\t\t<\/div>\n\t\t\t\t\t<\/div>\n\t\t\t\t<\/div>\n\t\t<div class=\"elementor-element elementor-element-facd617 e-grid e-con-boxed e-con e-parent\" data-id=\"facd617\" data-element_type=\"container\" data-e-type=\"container\">\n\t\t\t\t\t<div class=\"e-con-inner\">\n\t\t\t\t<div class=\"elementor-element elementor-element-6e16545 elementor-widget elementor-widget-image\" data-id=\"6e16545\" data-element_type=\"widget\" data-e-type=\"widget\" data-widget_type=\"image.default\">\n\t\t\t\t<div class=\"elementor-widget-container\">\n\t\t\t\t\t\t\t\t\t\t\t\t\t\t\t\t<a href=\"https:\/\/supernils.be\/fr\/2025-05-25-privacy-policy-2\/\">\n\t\t\t\t\t\t\t<img decoding=\"async\" width=\"500\" height=\"500\" src=\"https:\/\/supernils.be\/wp-content\/uploads\/2025\/12\/Privacy.png\" class=\"attachment-large size-large wp-image-22806\" alt=\"\" srcset=\"https:\/\/supernils.be\/wp-content\/uploads\/2025\/12\/Privacy.png 500w, https:\/\/supernils.be\/wp-content\/uploads\/2025\/12\/Privacy-300x300.png 300w, https:\/\/supernils.be\/wp-content\/uploads\/2025\/12\/Privacy-150x150.png 150w, https:\/\/supernils.be\/wp-content\/uploads\/2025\/12\/Privacy-12x12.png 12w, https:\/\/supernils.be\/wp-content\/uploads\/2025\/12\/Privacy-299x299.png 299w, https:\/\/supernils.be\/wp-content\/uploads\/2025\/12\/Privacy-100x100.png 100w\" sizes=\"(max-width: 500px) 100vw, 500px\" \/>\t\t\t\t\t\t\t\t<\/a>\n\t\t\t\t\t\t\t\t\t\t\t\t\t\t\t<\/div>\n\t\t\t\t<\/div>\n\t\t\t\t<div class=\"elementor-element elementor-element-defcc4d elementor-widget elementor-widget-image\" data-id=\"defcc4d\" data-element_type=\"widget\" data-e-type=\"widget\" data-widget_type=\"image.default\">\n\t\t\t\t<div class=\"elementor-widget-container\">\n\t\t\t\t\t\t\t\t\t\t\t\t\t\t\t\t<a href=\"https:\/\/supernils.be\/fr\/cookiebeleid-vzw-supernils-2\/\">\n\t\t\t\t\t\t\t<img loading=\"lazy\" decoding=\"async\" width=\"500\" height=\"500\" src=\"https:\/\/supernils.be\/wp-content\/uploads\/2025\/12\/Cookie-1.png\" class=\"attachment-large size-large wp-image-22807\" alt=\"\" srcset=\"https:\/\/supernils.be\/wp-content\/uploads\/2025\/12\/Cookie-1.png 500w, https:\/\/supernils.be\/wp-content\/uploads\/2025\/12\/Cookie-1-300x300.png 300w, https:\/\/supernils.be\/wp-content\/uploads\/2025\/12\/Cookie-1-150x150.png 150w, https:\/\/supernils.be\/wp-content\/uploads\/2025\/12\/Cookie-1-12x12.png 12w, https:\/\/supernils.be\/wp-content\/uploads\/2025\/12\/Cookie-1-299x299.png 299w, https:\/\/supernils.be\/wp-content\/uploads\/2025\/12\/Cookie-1-100x100.png 100w\" sizes=\"(max-width: 500px) 100vw, 500px\" \/>\t\t\t\t\t\t\t\t<\/a>\n\t\t\t\t\t\t\t\t\t\t\t\t\t\t\t<\/div>\n\t\t\t\t<\/div>\n\t\t\t\t<div class=\"elementor-element elementor-element-c92d5d7 elementor-widget elementor-widget-image\" data-id=\"c92d5d7\" data-element_type=\"widget\" data-e-type=\"widget\" data-widget_type=\"image.default\">\n\t\t\t\t<div class=\"elementor-widget-container\">\n\t\t\t\t\t\t\t\t\t\t\t\t\t\t\t\t<a href=\"https:\/\/supernils.be\/fr\/politique-en-matiere-de-cookies-de-lue\/\">\n\t\t\t\t\t\t\t<img loading=\"lazy\" decoding=\"async\" width=\"500\" height=\"500\" src=\"https:\/\/supernils.be\/wp-content\/uploads\/2025\/12\/Cookie-2.png\" class=\"attachment-large size-large wp-image-22808\" alt=\"\" srcset=\"https:\/\/supernils.be\/wp-content\/uploads\/2025\/12\/Cookie-2.png 500w, https:\/\/supernils.be\/wp-content\/uploads\/2025\/12\/Cookie-2-300x300.png 300w, https:\/\/supernils.be\/wp-content\/uploads\/2025\/12\/Cookie-2-150x150.png 150w, https:\/\/supernils.be\/wp-content\/uploads\/2025\/12\/Cookie-2-12x12.png 12w, https:\/\/supernils.be\/wp-content\/uploads\/2025\/12\/Cookie-2-299x299.png 299w, https:\/\/supernils.be\/wp-content\/uploads\/2025\/12\/Cookie-2-100x100.png 100w\" sizes=\"(max-width: 500px) 100vw, 500px\" \/>\t\t\t\t\t\t\t\t<\/a>\n\t\t\t\t\t\t\t\t\t\t\t\t\t\t\t<\/div>\n\t\t\t\t<\/div>\n\t\t\t\t<div class=\"elementor-element elementor-element-5f52258 elementor-widget elementor-widget-text-editor\" data-id=\"5f52258\" data-element_type=\"widget\" data-e-type=\"widget\" data-widget_type=\"text-editor.default\">\n\t\t\t\t<div class=\"elementor-widget-container\">\n\t\t\t\t\t\t\t\t\t<p>Cliquez sur le bouton ci-dessus pour afficher le texte de la <strong>politique de confidentialit\u00e9<\/strong> \u00e0 t\u00e9l\u00e9charger au format PDF.<\/p><p>Le texte a \u00e9t\u00e9 r\u00e9dig\u00e9 sous la supervision de l'avocat Glenn Fredrix du cabinet Corbus Advocaten.<\/p>\t\t\t\t\t\t\t\t<\/div>\n\t\t\t\t<\/div>\n\t\t\t\t<div class=\"elementor-element elementor-element-1780249 elementor-widget elementor-widget-text-editor\" data-id=\"1780249\" data-element_type=\"widget\" data-e-type=\"widget\" data-widget_type=\"text-editor.default\">\n\t\t\t\t<div class=\"elementor-widget-container\">\n\t\t\t\t\t\t\t\t\t<p>Si vous cliquez sur le bouton ci-dessus, vous pouvez consulter le texte de notre <strong>politique en mati\u00e8re de cookies<\/strong> T\u00e9l\u00e9charger au format PDF.<\/p><p>Ce texte a \u00e9galement \u00e9t\u00e9 r\u00e9dig\u00e9 avec l'aide de Glenn Fredrix, avocat chez Corbus Advocaten.<\/p><p>\u00c9galement via <strong>ce lien<\/strong> vous pouvez lire le texte : https:\/\/supernils.be\/nl\/cookiebeleid-eu\/<\/p>\t\t\t\t\t\t\t\t<\/div>\n\t\t\t\t<\/div>\n\t\t\t\t<div class=\"elementor-element elementor-element-338fd47 elementor-widget elementor-widget-text-editor\" data-id=\"338fd47\" data-element_type=\"widget\" data-e-type=\"widget\" data-widget_type=\"text-editor.default\">\n\t\t\t\t<div class=\"elementor-widget-container\">\n\t\t\t\t\t\t\t\t\t<p>Vous pouvez \u00e9galement cliquer sur le bouton ci-dessus pour afficher le texte de notre <strong>Politique en mati\u00e8re de cookies<\/strong> \u00e0 examiner.<\/p>\t\t\t\t\t\t\t\t<\/div>\n\t\t\t\t<\/div>\n\t\t\t\t\t<\/div>\n\t\t\t\t<\/div>\n\t\t\t\t<\/div>","protected":false},"excerpt":{"rendered":"<p>Onze Privacy- en Cookie Policy In functie van de huidige wet op de privacy (GDPR) en het bewaren en verwerken van persoonsgegevens, moet je akkoord gaan met de onderstaande nota. Weet dat gegevens nooit aan derden zullen worden overgemaakt, zonder jouw voorafgaandelijke toestemming. Je kan steeds jouw opgeslagen gegevens opvragen, via onderstaande knop, zodat je [&hellip;]<\/p>\n","protected":false},"author":2,"featured_media":0,"parent":0,"menu_order":0,"comment_status":"closed","ping_status":"closed","template":"","meta":{"_themeisle_gutenberg_block_has_review":false,"footnotes":""},"class_list":["post-22800","page","type-page","status-publish","hentry"],"_links":{"self":[{"href":"https:\/\/supernils.be\/fr\/wp-json\/wp\/v2\/pages\/22800","targetHints":{"allow":["GET"]}}],"collection":[{"href":"https:\/\/supernils.be\/fr\/wp-json\/wp\/v2\/pages"}],"about":[{"href":"https:\/\/supernils.be\/fr\/wp-json\/wp\/v2\/types\/page"}],"author":[{"embeddable":true,"href":"https:\/\/supernils.be\/fr\/wp-json\/wp\/v2\/users\/2"}],"replies":[{"embeddable":true,"href":"https:\/\/supernils.be\/fr\/wp-json\/wp\/v2\/comments?post=22800"}],"version-history":[{"count":35,"href":"https:\/\/supernils.be\/fr\/wp-json\/wp\/v2\/pages\/22800\/revisions"}],"predecessor-version":[{"id":26836,"href":"https:\/\/supernils.be\/fr\/wp-json\/wp\/v2\/pages\/22800\/revisions\/26836"}],"wp:attachment":[{"href":"https:\/\/supernils.be\/fr\/wp-json\/wp\/v2\/media?parent=22800"}],"curies":[{"name":"wp","href":"https:\/\/api.w.org\/{rel}","templated":true}]}}