{"id":22747,"date":"2025-12-19T17:03:52","date_gmt":"2025-12-19T16:03:52","guid":{"rendered":"https:\/\/supernils.be\/?page_id=22747"},"modified":"2026-04-11T12:10:48","modified_gmt":"2026-04-11T10:10:48","slug":"documentation003","status":"publish","type":"page","link":"https:\/\/supernils.be\/fr\/documentatie003\/","title":{"rendered":"003-Documentation SuperNils"},"content":{"rendered":"<div data-elementor-type=\"wp-page\" data-elementor-id=\"22747\" class=\"elementor elementor-22747\" data-elementor-post-type=\"page\">\n\t\t\t\t<div class=\"elementor-element elementor-element-677a933 e-flex e-con-boxed e-con e-parent\" data-id=\"677a933\" data-element_type=\"container\" data-e-type=\"container\" data-settings=\"{&quot;background_background&quot;:&quot;classic&quot;}\">\n\t\t\t\t\t<div class=\"e-con-inner\">\n\t\t\t\t<div class=\"elementor-element elementor-element-eb750a0 elementor-widget elementor-widget-spacer\" data-id=\"eb750a0\" data-element_type=\"widget\" data-e-type=\"widget\" data-widget_type=\"spacer.default\">\n\t\t\t\t<div class=\"elementor-widget-container\">\n\t\t\t\t\t\t\t<div class=\"elementor-spacer\">\n\t\t\t<div class=\"elementor-spacer-inner\"><\/div>\n\t\t<\/div>\n\t\t\t\t\t\t<\/div>\n\t\t\t\t<\/div>\n\t\t\t\t\t<\/div>\n\t\t\t\t<\/div>\n\t\t<div class=\"elementor-element elementor-element-9ee236c e-grid e-con-full e-con e-parent\" data-id=\"9ee236c\" data-element_type=\"container\" data-e-type=\"container\" data-settings=\"{&quot;background_background&quot;:&quot;classic&quot;,&quot;shape_divider_top&quot;:&quot;waves&quot;,&quot;shape_divider_bottom&quot;:&quot;waves&quot;}\">\n\t\t\t\t<div class=\"elementor-shape elementor-shape-top\" aria-hidden=\"true\" data-negative=\"false\">\n\t\t\t<svg xmlns=\"http:\/\/www.w3.org\/2000\/svg\" viewbox=\"0 0 1000 100\" preserveaspectratio=\"none\">\n\t<path class=\"elementor-shape-fill\" d=\"M421.9,6.5c22.6-2.5,51.5,0.4,75.5,5.3c23.6,4.9,70.9,23.5,100.5,35.7c75.8,32.2,133.7,44.5,192.6,49.7\tc23.6,2.1,48.7,3.5,103.4-2.5c54.7-6,106.2-25.6,106.2-25.6V0H0v30.3c0,0,72,32.6,158.4,30.5c39.2-0.7,92.8-6.7,134-22.4\tc21.2-8.1,52.2-18.2,79.7-24.2C399.3,7.9,411.6,7.5,421.9,6.5z\"\/>\n<\/svg>\t\t<\/div>\n\t\t\t\t<div class=\"elementor-shape elementor-shape-bottom\" aria-hidden=\"true\" data-negative=\"false\">\n\t\t\t<svg xmlns=\"http:\/\/www.w3.org\/2000\/svg\" viewbox=\"0 0 1000 100\" preserveaspectratio=\"none\">\n\t<path class=\"elementor-shape-fill\" d=\"M421.9,6.5c22.6-2.5,51.5,0.4,75.5,5.3c23.6,4.9,70.9,23.5,100.5,35.7c75.8,32.2,133.7,44.5,192.6,49.7\tc23.6,2.1,48.7,3.5,103.4-2.5c54.7-6,106.2-25.6,106.2-25.6V0H0v30.3c0,0,72,32.6,158.4,30.5c39.2-0.7,92.8-6.7,134-22.4\tc21.2-8.1,52.2-18.2,79.7-24.2C399.3,7.9,411.6,7.5,421.9,6.5z\"\/>\n<\/svg>\t\t<\/div>\n\t\t<div class=\"elementor-element elementor-element-2f0a3ae e-con-full e-flex e-con e-child\" data-id=\"2f0a3ae\" data-element_type=\"container\" data-e-type=\"container\">\n\t\t\t\t<div class=\"elementor-element elementor-element-d8cad03 elementor-widget elementor-widget-spacer\" data-id=\"d8cad03\" data-element_type=\"widget\" data-e-type=\"widget\" data-widget_type=\"spacer.default\">\n\t\t\t\t<div class=\"elementor-widget-container\">\n\t\t\t\t\t\t\t<div class=\"elementor-spacer\">\n\t\t\t<div class=\"elementor-spacer-inner\"><\/div>\n\t\t<\/div>\n\t\t\t\t\t\t<\/div>\n\t\t\t\t<\/div>\n\t\t\t\t<div class=\"elementor-element elementor-element-a0c6e54 elementor-widget elementor-widget-heading\" data-id=\"a0c6e54\" data-element_type=\"widget\" data-e-type=\"widget\" data-widget_type=\"heading.default\">\n\t\t\t\t<div class=\"elementor-widget-container\">\n\t\t\t\t\t<h2 class=\"elementor-heading-title elementor-size-default\">Vous souhaitez mieux conna\u00eetre l'asbl SuperNils ?<\/h2>\t\t\t\t<\/div>\n\t\t\t\t<\/div>\n\t\t\t\t<div class=\"elementor-element elementor-element-8929a04 elementor-widget elementor-widget-spacer\" data-id=\"8929a04\" data-element_type=\"widget\" data-e-type=\"widget\" data-widget_type=\"spacer.default\">\n\t\t\t\t<div class=\"elementor-widget-container\">\n\t\t\t\t\t\t\t<div class=\"elementor-spacer\">\n\t\t\t<div class=\"elementor-spacer-inner\"><\/div>\n\t\t<\/div>\n\t\t\t\t\t\t<\/div>\n\t\t\t\t<\/div>\n\t\t\t\t<div class=\"elementor-element elementor-element-83ff2d4 elementor-widget elementor-widget-text-editor\" data-id=\"83ff2d4\" data-element_type=\"widget\" data-e-type=\"widget\" data-widget_type=\"text-editor.default\">\n\t\t\t\t<div class=\"elementor-widget-container\">\n\t\t\t\t\t\t\t\t\t<p>Alors vous \u00eates au bon endroit.<\/p>\t\t\t\t\t\t\t\t<\/div>\n\t\t\t\t<\/div>\n\t\t\t\t<\/div>\n\t\t\t\t<div class=\"elementor-element elementor-element-560305b elementor-widget elementor-widget-image\" data-id=\"560305b\" data-element_type=\"widget\" data-e-type=\"widget\" data-widget_type=\"image.default\">\n\t\t\t\t<div class=\"elementor-widget-container\">\n\t\t\t\t\t\t\t\t\t\t\t\t\t\t\t<img fetchpriority=\"high\" decoding=\"async\" width=\"768\" height=\"644\" src=\"https:\/\/supernils.be\/wp-content\/uploads\/2025\/12\/3-2-768x644.png\" class=\"attachment-medium_large size-medium_large wp-image-22728\" alt=\"\" srcset=\"https:\/\/supernils.be\/wp-content\/uploads\/2025\/12\/3-2-768x644.png 768w, https:\/\/supernils.be\/wp-content\/uploads\/2025\/12\/3-2-300x251.png 300w, https:\/\/supernils.be\/wp-content\/uploads\/2025\/12\/3-2-14x12.png 14w, https:\/\/supernils.be\/wp-content\/uploads\/2025\/12\/3-2-299x251.png 299w, https:\/\/supernils.be\/wp-content\/uploads\/2025\/12\/3-2-572x480.png 572w, https:\/\/supernils.be\/wp-content\/uploads\/2025\/12\/3-2.png 940w\" sizes=\"(max-width: 768px) 100vw, 768px\" \/>\t\t\t\t\t\t\t\t\t\t\t\t\t\t\t<\/div>\n\t\t\t\t<\/div>\n\t\t\t\t<\/div>\n\t\t<div class=\"elementor-element elementor-element-58579aa e-flex e-con-boxed e-con e-parent\" data-id=\"58579aa\" data-element_type=\"container\" data-e-type=\"container\">\n\t\t\t\t\t<div class=\"e-con-inner\">\n\t\t\t\t<div class=\"elementor-element elementor-element-aeaff77 elementor-widget elementor-widget-spacer\" data-id=\"aeaff77\" data-element_type=\"widget\" data-e-type=\"widget\" data-widget_type=\"spacer.default\">\n\t\t\t\t<div class=\"elementor-widget-container\">\n\t\t\t\t\t\t\t<div class=\"elementor-spacer\">\n\t\t\t<div class=\"elementor-spacer-inner\"><\/div>\n\t\t<\/div>\n\t\t\t\t\t\t<\/div>\n\t\t\t\t<\/div>\n\t\t\t\t\t<\/div>\n\t\t\t\t<\/div>\n\t\t<div class=\"elementor-element elementor-element-2bbb281 e-grid e-con-boxed e-con e-parent\" data-id=\"2bbb281\" data-element_type=\"container\" data-e-type=\"container\">\n\t\t\t\t\t<div class=\"e-con-inner\">\n\t\t\t\t<div class=\"elementor-element elementor-element-84ac2e0 elementor-widget elementor-widget-image\" data-id=\"84ac2e0\" data-element_type=\"widget\" data-e-type=\"widget\" data-widget_type=\"image.default\">\n\t\t\t\t<div class=\"elementor-widget-container\">\n\t\t\t\t\t\t\t\t\t\t\t\t\t\t\t\t<a href=\"https:\/\/supernils.be\/fr\/ok-001-statuten-vzw-supernils-2024\/\">\n\t\t\t\t\t\t\t<img decoding=\"async\" width=\"500\" height=\"500\" src=\"https:\/\/supernils.be\/wp-content\/uploads\/2025\/12\/Statuten.png\" class=\"attachment-large size-large wp-image-22751\" alt=\"\" srcset=\"https:\/\/supernils.be\/wp-content\/uploads\/2025\/12\/Statuten.png 500w, https:\/\/supernils.be\/wp-content\/uploads\/2025\/12\/Statuten-300x300.png 300w, https:\/\/supernils.be\/wp-content\/uploads\/2025\/12\/Statuten-150x150.png 150w, https:\/\/supernils.be\/wp-content\/uploads\/2025\/12\/Statuten-12x12.png 12w, https:\/\/supernils.be\/wp-content\/uploads\/2025\/12\/Statuten-299x299.png 299w, https:\/\/supernils.be\/wp-content\/uploads\/2025\/12\/Statuten-100x100.png 100w\" sizes=\"(max-width: 500px) 100vw, 500px\" \/>\t\t\t\t\t\t\t\t<\/a>\n\t\t\t\t\t\t\t\t\t\t\t\t\t\t\t<\/div>\n\t\t\t\t<\/div>\n\t\t\t\t<div class=\"elementor-element elementor-element-1fdd6df elementor-widget elementor-widget-text-editor\" data-id=\"1fdd6df\" data-element_type=\"widget\" data-e-type=\"widget\" data-widget_type=\"text-editor.default\">\n\t\t\t\t<div class=\"elementor-widget-container\">\n\t\t\t\t\t\t\t\t\t<p>Les statuts sont tr\u00e8s importants pour une organisation telle que l'ASBL SuperNils. Ils d\u00e9finissent en effet son fonctionnement et transposent la r\u00e9glementation en vigueur dans la pratique.<\/p><p>Les statuts sont toujours modifi\u00e9s en cas de changements dans le fonctionnement de l'organisation ou dans la r\u00e9glementation. Les membres du conseil d'administration doivent respecter les accords repris dans le texte.<\/p><p>Les statuts sont repris dans le <strong>Journal officiel belge<\/strong>. Derri\u00e8re le bouton \u00e0 gauche, vous trouverez toujours les derniers statuts publi\u00e9s.<\/p>\t\t\t\t\t\t\t\t<\/div>\n\t\t\t\t<\/div>\n\t\t\t\t<div class=\"elementor-element elementor-element-a7e9d2e elementor-widget elementor-widget-image\" data-id=\"a7e9d2e\" data-element_type=\"widget\" data-e-type=\"widget\" data-widget_type=\"image.default\">\n\t\t\t\t<div class=\"elementor-widget-container\">\n\t\t\t\t\t\t\t\t\t\t\t\t\t\t\t\t<a href=\"https:\/\/supernils.be\/fr\/beleidsplan-2026-finaal-vzw-supernils-pdf-3\/\">\n\t\t\t\t\t\t\t<img decoding=\"async\" width=\"500\" height=\"500\" src=\"https:\/\/supernils.be\/wp-content\/uploads\/2025\/12\/Beleidsplan.png\" class=\"attachment-large size-large wp-image-22752\" alt=\"\" srcset=\"https:\/\/supernils.be\/wp-content\/uploads\/2025\/12\/Beleidsplan.png 500w, https:\/\/supernils.be\/wp-content\/uploads\/2025\/12\/Beleidsplan-300x300.png 300w, https:\/\/supernils.be\/wp-content\/uploads\/2025\/12\/Beleidsplan-150x150.png 150w, https:\/\/supernils.be\/wp-content\/uploads\/2025\/12\/Beleidsplan-12x12.png 12w, https:\/\/supernils.be\/wp-content\/uploads\/2025\/12\/Beleidsplan-299x299.png 299w, https:\/\/supernils.be\/wp-content\/uploads\/2025\/12\/Beleidsplan-100x100.png 100w\" sizes=\"(max-width: 500px) 100vw, 500px\" \/>\t\t\t\t\t\t\t\t<\/a>\n\t\t\t\t\t\t\t\t\t\t\t\t\t\t\t<\/div>\n\t\t\t\t<\/div>\n\t\t\t\t<div class=\"elementor-element elementor-element-e5fea93 elementor-widget elementor-widget-text-editor\" data-id=\"e5fea93\" data-element_type=\"widget\" data-e-type=\"widget\" data-widget_type=\"text-editor.default\">\n\t\t\t\t<div class=\"elementor-widget-container\">\n\t\t\t\t\t\t\t\t\t<p>Derri\u00e8re le bouton orange \u00e0 gauche, vous trouverez toujours le <strong>dernier<\/strong> <strong>plan strat\u00e9gique<\/strong> qui a \u00e9t\u00e9 r\u00e9dig\u00e9, discut\u00e9 et approuv\u00e9 par le conseil d'administration et l'assembl\u00e9e g\u00e9n\u00e9rale des membres.<\/p><p>Dans ce plan, vous trouverez nos objectifs pour l'ann\u00e9e de travail en cours et pour l'avenir.<\/p>\t\t\t\t\t\t\t\t<\/div>\n\t\t\t\t<\/div>\n\t\t\t\t<div class=\"elementor-element elementor-element-ed688c5 elementor-widget elementor-widget-image\" data-id=\"ed688c5\" data-element_type=\"widget\" data-e-type=\"widget\" data-widget_type=\"image.default\">\n\t\t\t\t<div class=\"elementor-widget-container\">\n\t\t\t\t\t\t\t\t\t\t\t\t\t\t\t\t<a href=\"https:\/\/supernils.be\/fr\/verslag-algemene-ledenvergadering-18-maart-2026\/\">\n\t\t\t\t\t\t\t<img loading=\"lazy\" decoding=\"async\" width=\"500\" height=\"500\" src=\"https:\/\/supernils.be\/wp-content\/uploads\/2025\/12\/Algemene-vergadering.png\" class=\"attachment-large size-large wp-image-22753\" alt=\"\" srcset=\"https:\/\/supernils.be\/wp-content\/uploads\/2025\/12\/Algemene-vergadering.png 500w, https:\/\/supernils.be\/wp-content\/uploads\/2025\/12\/Algemene-vergadering-300x300.png 300w, https:\/\/supernils.be\/wp-content\/uploads\/2025\/12\/Algemene-vergadering-150x150.png 150w, https:\/\/supernils.be\/wp-content\/uploads\/2025\/12\/Algemene-vergadering-12x12.png 12w, https:\/\/supernils.be\/wp-content\/uploads\/2025\/12\/Algemene-vergadering-299x299.png 299w, https:\/\/supernils.be\/wp-content\/uploads\/2025\/12\/Algemene-vergadering-100x100.png 100w\" sizes=\"(max-width: 500px) 100vw, 500px\" \/>\t\t\t\t\t\t\t\t<\/a>\n\t\t\t\t\t\t\t\t\t\t\t\t\t\t\t<\/div>\n\t\t\t\t<\/div>\n\t\t\t\t<div class=\"elementor-element elementor-element-9265961 elementor-widget elementor-widget-text-editor\" data-id=\"9265961\" data-element_type=\"widget\" data-e-type=\"widget\" data-widget_type=\"text-editor.default\">\n\t\t\t\t<div class=\"elementor-widget-container\">\n\t\t\t\t\t\t\t\t\t<p>Une fois par an, nous r\u00e9unissons nos membres pour la <strong>assembl\u00e9e g\u00e9n\u00e9rale<\/strong>.<\/p><p>Les lignes directrices pour l'ann\u00e9e civile en cours et l'avenir y sont discut\u00e9es et vot\u00e9es.<\/p><p>Souhaitez-vous consulter le <strong>rapport<\/strong> de cette importante r\u00e9union ? Cliquez alors sur le bouton orange \u00e0 gauche.<\/p>\t\t\t\t\t\t\t\t<\/div>\n\t\t\t\t<\/div>\n\t\t\t\t<div class=\"elementor-element elementor-element-f4a877d elementor-widget elementor-widget-image\" data-id=\"f4a877d\" data-element_type=\"widget\" data-e-type=\"widget\" data-widget_type=\"image.default\">\n\t\t\t\t<div class=\"elementor-widget-container\">\n\t\t\t\t\t\t\t\t\t\t\t\t\t\t\t\t<a href=\"https:\/\/supernils.be\/fr\/jaarrekening-2025-begroting-2026\/\">\n\t\t\t\t\t\t\t<img loading=\"lazy\" decoding=\"async\" width=\"500\" height=\"500\" src=\"https:\/\/supernils.be\/wp-content\/uploads\/2025\/12\/Jaarrekening.png\" class=\"attachment-large size-large wp-image-22754\" alt=\"\" srcset=\"https:\/\/supernils.be\/wp-content\/uploads\/2025\/12\/Jaarrekening.png 500w, https:\/\/supernils.be\/wp-content\/uploads\/2025\/12\/Jaarrekening-300x300.png 300w, https:\/\/supernils.be\/wp-content\/uploads\/2025\/12\/Jaarrekening-150x150.png 150w, https:\/\/supernils.be\/wp-content\/uploads\/2025\/12\/Jaarrekening-12x12.png 12w, https:\/\/supernils.be\/wp-content\/uploads\/2025\/12\/Jaarrekening-299x299.png 299w, https:\/\/supernils.be\/wp-content\/uploads\/2025\/12\/Jaarrekening-100x100.png 100w\" sizes=\"(max-width: 500px) 100vw, 500px\" \/>\t\t\t\t\t\t\t\t<\/a>\n\t\t\t\t\t\t\t\t\t\t\t\t\t\t\t<\/div>\n\t\t\t\t<\/div>\n\t\t\t\t<div class=\"elementor-element elementor-element-ea58ad7 elementor-widget elementor-widget-text-editor\" data-id=\"ea58ad7\" data-element_type=\"widget\" data-e-type=\"widget\" data-widget_type=\"text-editor.default\">\n\t\t\t\t<div class=\"elementor-widget-container\">\n\t\t\t\t\t\t\t\t\t<p>Le rapport annuel fait partie int\u00e9grante du plan strat\u00e9gique et du proc\u00e8s-verbal de l'assembl\u00e9e g\u00e9n\u00e9rale. <strong>comptes annuels<\/strong> de notre organisation.<\/p><p>Le <strong>comptes annuels<\/strong> vous donne un aper\u00e7u de notre situation financi\u00e8re. En cliquant sur le bouton orange \u00e0 gauche, vous acc\u00e9dez aux comptes annuels du <strong>ann\u00e9e civile \u00e9coul\u00e9e<\/strong> \u00e0 juste titre.<\/p>\t\t\t\t\t\t\t\t<\/div>\n\t\t\t\t<\/div>\n\t\t\t\t<div class=\"elementor-element elementor-element-3c06838 elementor-widget elementor-widget-image\" data-id=\"3c06838\" data-element_type=\"widget\" data-e-type=\"widget\" data-widget_type=\"image.default\">\n\t\t\t\t<div class=\"elementor-widget-container\">\n\t\t\t\t\t\t\t\t\t\t\t\t\t\t\t\t<a href=\"https:\/\/supernils.be\/fr\/missie-en-visie\/\">\n\t\t\t\t\t\t\t<img loading=\"lazy\" decoding=\"async\" width=\"500\" height=\"500\" src=\"https:\/\/supernils.be\/wp-content\/uploads\/2026\/03\/Missie-en-visie.png\" class=\"attachment-large size-large wp-image-26475\" alt=\"\" srcset=\"https:\/\/supernils.be\/wp-content\/uploads\/2026\/03\/Missie-en-visie.png 500w, https:\/\/supernils.be\/wp-content\/uploads\/2026\/03\/Missie-en-visie-300x300.png 300w, https:\/\/supernils.be\/wp-content\/uploads\/2026\/03\/Missie-en-visie-150x150.png 150w, https:\/\/supernils.be\/wp-content\/uploads\/2026\/03\/Missie-en-visie-12x12.png 12w, https:\/\/supernils.be\/wp-content\/uploads\/2026\/03\/Missie-en-visie-299x299.png 299w, https:\/\/supernils.be\/wp-content\/uploads\/2026\/03\/Missie-en-visie-100x100.png 100w\" sizes=\"(max-width: 500px) 100vw, 500px\" \/>\t\t\t\t\t\t\t\t<\/a>\n\t\t\t\t\t\t\t\t\t\t\t\t\t\t\t<\/div>\n\t\t\t\t<\/div>\n\t\t\t\t<div class=\"elementor-element elementor-element-bfca962 elementor-widget elementor-widget-text-editor\" data-id=\"bfca962\" data-element_type=\"widget\" data-e-type=\"widget\" data-widget_type=\"text-editor.default\">\n\t\t\t\t<div class=\"elementor-widget-container\">\n\t\t\t\t\t\t\t\t\t<p>Toute organisation doit avoir une mission et une vision claires, tout comme l'organisation \u00e0 but non lucratif SuperNils.<\/p><p>En appuyant sur le bouton orange \u00e0 gauche, vous d\u00e9couvrirez la raison de notre existence, ce que nous faisons tous et ce que nous voulons encore r\u00e9aliser \u00e0 l'avenir.<\/p>\t\t\t\t\t\t\t\t<\/div>\n\t\t\t\t<\/div>\n\t\t\t\t\t<\/div>\n\t\t\t\t<\/div>\n\t\t<div class=\"elementor-element elementor-element-726284a e-flex e-con-boxed e-con e-parent\" data-id=\"726284a\" data-element_type=\"container\" data-e-type=\"container\">\n\t\t\t\t\t<div class=\"e-con-inner\">\n\t\t\t\t<div class=\"elementor-element elementor-element-27fce95 elementor-widget elementor-widget-spacer\" data-id=\"27fce95\" data-element_type=\"widget\" data-e-type=\"widget\" data-widget_type=\"spacer.default\">\n\t\t\t\t<div class=\"elementor-widget-container\">\n\t\t\t\t\t\t\t<div class=\"elementor-spacer\">\n\t\t\t<div class=\"elementor-spacer-inner\"><\/div>\n\t\t<\/div>\n\t\t\t\t\t\t<\/div>\n\t\t\t\t<\/div>\n\t\t\t\t\t<\/div>\n\t\t\t\t<\/div>\n\t\t<div class=\"elementor-element elementor-element-7a54dd7 e-con-full e-flex e-con e-parent\" data-id=\"7a54dd7\" data-element_type=\"container\" data-e-type=\"container\" data-settings=\"{&quot;background_background&quot;:&quot;classic&quot;,&quot;shape_divider_top&quot;:&quot;split&quot;,&quot;shape_divider_bottom&quot;:&quot;waves&quot;}\">\n\t\t\t\t<div class=\"elementor-shape elementor-shape-top\" aria-hidden=\"true\" data-negative=\"false\">\n\t\t\t<svg xmlns=\"http:\/\/www.w3.org\/2000\/svg\" viewbox=\"0 0 1000 20\" preserveaspectratio=\"none\">\n\t<path class=\"elementor-shape-fill\" d=\"M0,0v3c0,0,393.8,0,483.4,0c9.2,0,16.6,7.4,16.6,16.6c0-9.1,7.4-16.6,16.6-16.6C606.2,3,1000,3,1000,3V0H0z\"\/>\n<\/svg>\t\t<\/div>\n\t\t\t\t<div class=\"elementor-shape elementor-shape-bottom\" aria-hidden=\"true\" data-negative=\"false\">\n\t\t\t<svg xmlns=\"http:\/\/www.w3.org\/2000\/svg\" viewbox=\"0 0 1000 100\" preserveaspectratio=\"none\">\n\t<path class=\"elementor-shape-fill\" d=\"M421.9,6.5c22.6-2.5,51.5,0.4,75.5,5.3c23.6,4.9,70.9,23.5,100.5,35.7c75.8,32.2,133.7,44.5,192.6,49.7\tc23.6,2.1,48.7,3.5,103.4-2.5c54.7-6,106.2-25.6,106.2-25.6V0H0v30.3c0,0,72,32.6,158.4,30.5c39.2-0.7,92.8-6.7,134-22.4\tc21.2-8.1,52.2-18.2,79.7-24.2C399.3,7.9,411.6,7.5,421.9,6.5z\"\/>\n<\/svg>\t\t<\/div>\n\t\t\t\t<div class=\"elementor-element elementor-element-23bdc16 elementor-position-left elementor-vertical-align-top elementor-widget elementor-widget-image-box\" data-id=\"23bdc16\" data-element_type=\"widget\" data-e-type=\"widget\" data-widget_type=\"image-box.default\">\n\t\t\t\t<div class=\"elementor-widget-container\">\n\t\t\t\t\t<div class=\"elementor-image-box-wrapper\"><figure class=\"elementor-image-box-img\"><a href=\"https:\/\/supernils.be\/fr\/contact004\/\" tabindex=\"-1\"><img loading=\"lazy\" decoding=\"async\" width=\"500\" height=\"500\" src=\"https:\/\/supernils.be\/wp-content\/uploads\/2025\/12\/Contacteer-ons.png\" class=\"attachment-full size-full wp-image-22776\" alt=\"\" srcset=\"https:\/\/supernils.be\/wp-content\/uploads\/2025\/12\/Contacteer-ons.png 500w, https:\/\/supernils.be\/wp-content\/uploads\/2025\/12\/Contacteer-ons-300x300.png 300w, https:\/\/supernils.be\/wp-content\/uploads\/2025\/12\/Contacteer-ons-150x150.png 150w, https:\/\/supernils.be\/wp-content\/uploads\/2025\/12\/Contacteer-ons-12x12.png 12w, https:\/\/supernils.be\/wp-content\/uploads\/2025\/12\/Contacteer-ons-299x299.png 299w, https:\/\/supernils.be\/wp-content\/uploads\/2025\/12\/Contacteer-ons-100x100.png 100w\" sizes=\"(max-width: 500px) 100vw, 500px\" \/><\/a><\/figure><div class=\"elementor-image-box-content\"><h3 class=\"elementor-image-box-title\"><a href=\"https:\/\/supernils.be\/fr\/contact004\/\"><br>Des questions ? Contactez-nous...<\/a><\/h3><p class=\"elementor-image-box-description\">Vous souhaitez consulter d'autres rapports ? Vous avez des questions suppl\u00e9mentaires ? N'h\u00e9sitez pas \u00e0 nous contacter. Vous pouvez le faire tr\u00e8s facilement via le formulaire de contact accessible en cliquant sur le bouton \u00e0 gauche.<\/p><\/div><\/div>\t\t\t\t<\/div>\n\t\t\t\t<\/div>\n\t\t\t\t<\/div>\n\t\t<div class=\"elementor-element elementor-element-90b7e8d e-flex e-con-boxed e-con e-parent\" data-id=\"90b7e8d\" data-element_type=\"container\" data-e-type=\"container\">\n\t\t\t\t\t<div class=\"e-con-inner\">\n\t\t\t\t<div class=\"elementor-element elementor-element-2ce16fd elementor-widget elementor-widget-spacer\" data-id=\"2ce16fd\" data-element_type=\"widget\" data-e-type=\"widget\" data-widget_type=\"spacer.default\">\n\t\t\t\t<div class=\"elementor-widget-container\">\n\t\t\t\t\t\t\t<div class=\"elementor-spacer\">\n\t\t\t<div class=\"elementor-spacer-inner\"><\/div>\n\t\t<\/div>\n\t\t\t\t\t\t<\/div>\n\t\t\t\t<\/div>\n\t\t\t\t\t<\/div>\n\t\t\t\t<\/div>\n\t\t\t\t<\/div>","protected":false},"excerpt":{"rendered":"<p>Wil je vzw SuperNils beter leren kennen? Dan ben je hier op de juiste plaats. Statuten zijn zeer belangrijk voor een organisatie als vzw SuperNils. Ze leggen immers de werking vast en zetten de vigerende regelgeving om in de praktijk. Statuten worden altijd aangepast bij wijzigingen in de werking van de organisatie of bij wijzigingen [&hellip;]<\/p>\n","protected":false},"author":2,"featured_media":0,"parent":0,"menu_order":0,"comment_status":"closed","ping_status":"closed","template":"","meta":{"_themeisle_gutenberg_block_has_review":false,"footnotes":""},"class_list":["post-22747","page","type-page","status-publish","hentry"],"_links":{"self":[{"href":"https:\/\/supernils.be\/fr\/wp-json\/wp\/v2\/pages\/22747","targetHints":{"allow":["GET"]}}],"collection":[{"href":"https:\/\/supernils.be\/fr\/wp-json\/wp\/v2\/pages"}],"about":[{"href":"https:\/\/supernils.be\/fr\/wp-json\/wp\/v2\/types\/page"}],"author":[{"embeddable":true,"href":"https:\/\/supernils.be\/fr\/wp-json\/wp\/v2\/users\/2"}],"replies":[{"embeddable":true,"href":"https:\/\/supernils.be\/fr\/wp-json\/wp\/v2\/comments?post=22747"}],"version-history":[{"count":53,"href":"https:\/\/supernils.be\/fr\/wp-json\/wp\/v2\/pages\/22747\/revisions"}],"predecessor-version":[{"id":26850,"href":"https:\/\/supernils.be\/fr\/wp-json\/wp\/v2\/pages\/22747\/revisions\/26850"}],"wp:attachment":[{"href":"https:\/\/supernils.be\/fr\/wp-json\/wp\/v2\/media?parent=22747"}],"curies":[{"name":"wp","href":"https:\/\/api.w.org\/{rel}","templated":true}]}}