{"id":21433,"date":"2025-09-11T17:24:49","date_gmt":"2025-09-11T15:24:49","guid":{"rendered":"https:\/\/supernils.be\/?page_id=21433"},"modified":"2025-12-28T16:43:08","modified_gmt":"2025-12-28T15:43:08","slug":"medias-sociaux-le-monde-daya","status":"publish","type":"page","link":"https:\/\/supernils.be\/fr\/social-media-de-wereld-van-aya\/","title":{"rendered":"027-R\u00e9seaux sociaux"},"content":{"rendered":"<div data-elementor-type=\"wp-page\" data-elementor-id=\"21433\" class=\"elementor elementor-21433\" data-elementor-post-type=\"page\">\n\t\t\t\t<div class=\"elementor-element elementor-element-e20b009 e-con-full e-flex e-con e-parent\" data-id=\"e20b009\" data-element_type=\"container\" data-e-type=\"container\" data-settings=\"{&quot;background_background&quot;:&quot;classic&quot;}\">\n\t\t\t\t<div class=\"elementor-element elementor-element-351c5cb elementor-widget elementor-widget-spacer\" data-id=\"351c5cb\" data-element_type=\"widget\" data-e-type=\"widget\" data-widget_type=\"spacer.default\">\n\t\t\t\t<div class=\"elementor-widget-container\">\n\t\t\t\t\t\t\t<div class=\"elementor-spacer\">\n\t\t\t<div class=\"elementor-spacer-inner\"><\/div>\n\t\t<\/div>\n\t\t\t\t\t\t<\/div>\n\t\t\t\t<\/div>\n\t\t\t\t<\/div>\n\t\t<div class=\"elementor-element elementor-element-1e2a3ee5 e-con-full e-flex e-con e-parent\" data-id=\"1e2a3ee5\" data-element_type=\"container\" data-e-type=\"container\" data-settings=\"{&quot;background_background&quot;:&quot;classic&quot;,&quot;shape_divider_top&quot;:&quot;curve&quot;}\">\n\t\t\t\t<div class=\"elementor-shape elementor-shape-top\" aria-hidden=\"true\" data-negative=\"false\">\n\t\t\t<svg xmlns=\"http:\/\/www.w3.org\/2000\/svg\" viewbox=\"0 0 1000 100\" preserveaspectratio=\"none\">\n    <path class=\"elementor-shape-fill\" d=\"M1000,4.3V0H0v4.3C0.9,23.1,126.7,99.2,500,100S1000,22.7,1000,4.3z\"\/>\n<\/svg>\t\t<\/div>\n\t\t\t\t<div class=\"elementor-element elementor-element-6fd8e37a animated-slow elementor-invisible elementor-widget elementor-widget-heading\" data-id=\"6fd8e37a\" data-element_type=\"widget\" data-e-type=\"widget\" data-settings=\"{&quot;_animation&quot;:&quot;slideInUp&quot;}\" data-widget_type=\"heading.default\">\n\t\t\t\t<div class=\"elementor-widget-container\">\n\t\t\t\t\t<h2 class=\"elementor-heading-title elementor-size-default\">Ce que les gens ont dit sur les m\u00e9dias sociaux \u00e0 propos de ...<\/h2>\t\t\t\t<\/div>\n\t\t\t\t<\/div>\n\t\t\t\t<div class=\"elementor-element elementor-element-551215e animated-slow elementor-invisible elementor-widget elementor-widget-heading\" data-id=\"551215e\" data-element_type=\"widget\" data-e-type=\"widget\" data-settings=\"{&quot;_animation&quot;:&quot;slideInUp&quot;}\" data-widget_type=\"heading.default\">\n\t\t\t\t<div class=\"elementor-widget-container\">\n\t\t\t\t\t<h2 class=\"elementor-heading-title elementor-size-default\">LE MONDE D'AYA<\/h2>\t\t\t\t<\/div>\n\t\t\t\t<\/div>\n\t\t<div class=\"elementor-element elementor-element-427d6e64 e-con-full e-flex e-con e-child\" data-id=\"427d6e64\" data-element_type=\"container\" data-e-type=\"container\">\n\t\t<div class=\"elementor-element elementor-element-744b1be7 e-con-full e-flex e-con e-child\" data-id=\"744b1be7\" data-element_type=\"container\" data-e-type=\"container\">\n\t\t\t\t<div class=\"elementor-element elementor-element-13cacbb2 elementor-cta--valign-middle elementor-widget__width-inherit elementor-widget-tablet__width-inherit elementor-widget-mobile__width-inherit elementor-cta--skin-classic elementor-animated-content elementor-bg-transform elementor-bg-transform-zoom-in elementor-widget elementor-widget-call-to-action\" data-id=\"13cacbb2\" data-element_type=\"widget\" data-e-type=\"widget\" data-widget_type=\"call-to-action.default\">\n\t\t\t\t<div class=\"elementor-widget-container\">\n\t\t\t\t\t\t\t<div class=\"elementor-cta\">\n\t\t\t\t\t<div class=\"elementor-cta__bg-wrapper\">\n\t\t\t\t<div class=\"elementor-cta__bg elementor-bg\" style=\"background-image: url(https:\/\/supernils.be\/wp-content\/uploads\/2025\/09\/31223c5a-7fbb-490c-a688-5bd554a6c486-1054x593.webp);\" role=\"img\" aria-label=\"31223c5a-7fbb-490c-a688-5bd554a6c486\"><\/div>\n\t\t\t\t<div class=\"elementor-cta__bg-overlay\"><\/div>\n\t\t\t<\/div>\n\t\t\t\t\t\t\t\t<\/div>\n\t\t\t\t\t\t<\/div>\n\t\t\t\t<\/div>\n\t\t<div class=\"elementor-element elementor-element-7e7e536c e-flex e-con-boxed e-con e-child\" data-id=\"7e7e536c\" data-element_type=\"container\" data-e-type=\"container\">\n\t\t\t\t\t<div class=\"e-con-inner\">\n\t\t\t\t<div class=\"elementor-element elementor-element-1f6fe198 elementor-widget elementor-widget-heading\" data-id=\"1f6fe198\" data-element_type=\"widget\" data-e-type=\"widget\" data-widget_type=\"heading.default\">\n\t\t\t\t<div class=\"elementor-widget-container\">\n\t\t\t\t\t<span class=\"elementor-heading-title elementor-size-default\">Facebook<\/span>\t\t\t\t<\/div>\n\t\t\t\t<\/div>\n\t\t\t\t<div class=\"elementor-element elementor-element-350d7f9f elementor-widget elementor-widget-heading\" data-id=\"350d7f9f\" data-element_type=\"widget\" data-e-type=\"widget\" data-widget_type=\"heading.default\">\n\t\t\t\t<div class=\"elementor-widget-container\">\n\t\t\t\t\t<span class=\"elementor-heading-title elementor-size-default\">Le PDG Koen Van Impe (Fondation contre le cancer) est le premier \u00e0 tester les lunettes de r\u00e9alit\u00e9 virtuelle pendant un certain temps.<\/span>\t\t\t\t<\/div>\n\t\t\t\t<\/div>\n\t\t\t\t\t<\/div>\n\t\t\t\t<\/div>\n\t\t\t\t<\/div>\n\t\t<div class=\"elementor-element elementor-element-5acd16c1 e-con-full e-flex e-con e-child\" data-id=\"5acd16c1\" data-element_type=\"container\" data-e-type=\"container\">\n\t\t\t\t<div class=\"elementor-element elementor-element-3dfdcb65 elementor-cta--valign-middle elementor-widget__width-inherit elementor-widget-tablet__width-inherit elementor-widget-mobile__width-inherit elementor-cta--skin-classic elementor-animated-content elementor-bg-transform elementor-bg-transform-zoom-in elementor-widget elementor-widget-call-to-action\" data-id=\"3dfdcb65\" data-element_type=\"widget\" data-e-type=\"widget\" data-widget_type=\"call-to-action.default\">\n\t\t\t\t<div class=\"elementor-widget-container\">\n\t\t\t\t\t\t\t<div class=\"elementor-cta\">\n\t\t\t\t\t<div class=\"elementor-cta__bg-wrapper\">\n\t\t\t\t<div class=\"elementor-cta__bg elementor-bg\" style=\"background-image: url(https:\/\/supernils.be\/wp-content\/uploads\/2025\/09\/rf_VZW-SuperNils-VR-21-1054x703.jpg);\" role=\"img\" aria-label=\"rf_VZW SuperNils VR-21\"><\/div>\n\t\t\t\t<div class=\"elementor-cta__bg-overlay\"><\/div>\n\t\t\t<\/div>\n\t\t\t\t\t\t\t\t<\/div>\n\t\t\t\t\t\t<\/div>\n\t\t\t\t<\/div>\n\t\t<div class=\"elementor-element elementor-element-7c011a88 e-flex e-con-boxed e-con e-child\" data-id=\"7c011a88\" data-element_type=\"container\" data-e-type=\"container\">\n\t\t\t\t\t<div class=\"e-con-inner\">\n\t\t\t\t<div class=\"elementor-element elementor-element-5ed0e08d elementor-widget elementor-widget-heading\" data-id=\"5ed0e08d\" data-element_type=\"widget\" data-e-type=\"widget\" data-widget_type=\"heading.default\">\n\t\t\t\t<div class=\"elementor-widget-container\">\n\t\t\t\t\t<span class=\"elementor-heading-title elementor-size-default\">LINKEDIN<\/span>\t\t\t\t<\/div>\n\t\t\t\t<\/div>\n\t\t\t\t<div class=\"elementor-element elementor-element-2cb85423 elementor-widget elementor-widget-heading\" data-id=\"2cb85423\" data-element_type=\"widget\" data-e-type=\"widget\" data-widget_type=\"heading.default\">\n\t\t\t\t<div class=\"elementor-widget-container\">\n\t\t\t\t\t<span class=\"elementor-heading-title elementor-size-default\">Koen Van Impe, PDG, s'entretient avec Steven Wensel de Venar<\/span>\t\t\t\t<\/div>\n\t\t\t\t<\/div>\n\t\t\t\t\t<\/div>\n\t\t\t\t<\/div>\n\t\t\t\t<\/div>\n\t\t<div class=\"elementor-element elementor-element-19ddc07b e-con-full e-flex e-con e-child\" data-id=\"19ddc07b\" data-element_type=\"container\" data-e-type=\"container\">\n\t\t\t\t<div class=\"elementor-element elementor-element-2c4d51b9 elementor-cta--valign-middle elementor-widget__width-inherit elementor-widget-tablet__width-inherit elementor-widget-mobile__width-inherit elementor-cta--skin-classic elementor-animated-content elementor-bg-transform elementor-bg-transform-zoom-in elementor-widget elementor-widget-call-to-action\" data-id=\"2c4d51b9\" data-element_type=\"widget\" data-e-type=\"widget\" data-widget_type=\"call-to-action.default\">\n\t\t\t\t<div class=\"elementor-widget-container\">\n\t\t\t\t\t\t\t<div class=\"elementor-cta\">\n\t\t\t\t\t<div class=\"elementor-cta__bg-wrapper\">\n\t\t\t\t<div class=\"elementor-cta__bg elementor-bg\" style=\"background-image: url(https:\/\/supernils.be\/wp-content\/uploads\/2025\/09\/rf_VZW-SuperNils-VR-12-1054x703.jpg);\" role=\"img\" aria-label=\"rf_VZW SuperNils VR-12\"><\/div>\n\t\t\t\t<div class=\"elementor-cta__bg-overlay\"><\/div>\n\t\t\t<\/div>\n\t\t\t\t\t\t\t\t<\/div>\n\t\t\t\t\t\t<\/div>\n\t\t\t\t<\/div>\n\t\t<div class=\"elementor-element elementor-element-431d38a6 e-flex e-con-boxed e-con e-child\" data-id=\"431d38a6\" data-element_type=\"container\" data-e-type=\"container\">\n\t\t\t\t\t<div class=\"e-con-inner\">\n\t\t\t\t<div class=\"elementor-element elementor-element-8ef092 elementor-widget elementor-widget-heading\" data-id=\"8ef092\" data-element_type=\"widget\" data-e-type=\"widget\" data-widget_type=\"heading.default\">\n\t\t\t\t<div class=\"elementor-widget-container\">\n\t\t\t\t\t<span class=\"elementor-heading-title elementor-size-default\">Facebook<\/span>\t\t\t\t<\/div>\n\t\t\t\t<\/div>\n\t\t\t\t<div class=\"elementor-element elementor-element-370a4846 elementor-widget elementor-widget-heading\" data-id=\"370a4846\" data-element_type=\"widget\" data-e-type=\"widget\" data-widget_type=\"heading.default\">\n\t\t\t\t<div class=\"elementor-widget-container\">\n\t\t\t\t\t<span class=\"elementor-heading-title elementor-size-default\">Robert Scheltjens - pr\u00e9sident de l'asbl SuperNils, entour\u00e9 de Youssef et Steven van Venar.<\/span>\t\t\t\t<\/div>\n\t\t\t\t<\/div>\n\t\t\t\t\t<\/div>\n\t\t\t\t<\/div>\n\t\t\t\t<\/div>\n\t\t\t\t<\/div>\n\t\t\t\t<\/div>\n\t\t<div class=\"elementor-element elementor-element-fbe92d1 e-con-full e-flex e-con e-parent\" data-id=\"fbe92d1\" data-element_type=\"container\" data-e-type=\"container\" data-settings=\"{&quot;background_background&quot;:&quot;classic&quot;}\">\n\t\t\t\t<div class=\"elementor-element elementor-element-cf86b11 elementor-widget elementor-widget-spacer\" data-id=\"cf86b11\" data-element_type=\"widget\" data-e-type=\"widget\" data-widget_type=\"spacer.default\">\n\t\t\t\t<div class=\"elementor-widget-container\">\n\t\t\t\t\t\t\t<div class=\"elementor-spacer\">\n\t\t\t<div class=\"elementor-spacer-inner\"><\/div>\n\t\t<\/div>\n\t\t\t\t\t\t<\/div>\n\t\t\t\t<\/div>\n\t\t\t\t<\/div>\n\t\t<div class=\"elementor-element elementor-element-94dc215 e-con-full e-flex e-con e-parent\" data-id=\"94dc215\" data-element_type=\"container\" data-e-type=\"container\" data-settings=\"{&quot;background_background&quot;:&quot;classic&quot;,&quot;shape_divider_bottom&quot;:&quot;waves&quot;}\">\n\t\t\t\t<div class=\"elementor-shape elementor-shape-bottom\" aria-hidden=\"true\" data-negative=\"false\">\n\t\t\t<svg xmlns=\"http:\/\/www.w3.org\/2000\/svg\" viewbox=\"0 0 1000 100\" preserveaspectratio=\"none\">\n\t<path class=\"elementor-shape-fill\" d=\"M421.9,6.5c22.6-2.5,51.5,0.4,75.5,5.3c23.6,4.9,70.9,23.5,100.5,35.7c75.8,32.2,133.7,44.5,192.6,49.7\tc23.6,2.1,48.7,3.5,103.4-2.5c54.7-6,106.2-25.6,106.2-25.6V0H0v30.3c0,0,72,32.6,158.4,30.5c39.2-0.7,92.8-6.7,134-22.4\tc21.2-8.1,52.2-18.2,79.7-24.2C399.3,7.9,411.6,7.5,421.9,6.5z\"\/>\n<\/svg>\t\t<\/div>\n\t\t<div class=\"elementor-element elementor-element-635b3e2 e-grid e-con-boxed e-con e-child\" data-id=\"635b3e2\" data-element_type=\"container\" data-e-type=\"container\">\n\t\t\t\t\t<div class=\"e-con-inner\">\n\t\t\t\t<div class=\"elementor-element elementor-element-59e7e6e elementor-widget elementor-widget-image\" data-id=\"59e7e6e\" data-element_type=\"widget\" data-e-type=\"widget\" data-widget_type=\"image.default\">\n\t\t\t\t<div class=\"elementor-widget-container\">\n\t\t\t\t\t\t\t\t\t\t\t\t\t\t\t<img fetchpriority=\"high\" decoding=\"async\" width=\"800\" height=\"941\" src=\"https:\/\/supernils.be\/wp-content\/uploads\/2025\/09\/Scherm\u00adafbeelding-2025-09-11-om-17.19.02-896x1054.png\" class=\"attachment-large size-large wp-image-21447\" alt=\"\" srcset=\"https:\/\/supernils.be\/wp-content\/uploads\/2025\/09\/Scherm\u00adafbeelding-2025-09-11-om-17.19.02-896x1054.png 896w, https:\/\/supernils.be\/wp-content\/uploads\/2025\/09\/Scherm\u00adafbeelding-2025-09-11-om-17.19.02-255x300.png 255w, https:\/\/supernils.be\/wp-content\/uploads\/2025\/09\/Scherm\u00adafbeelding-2025-09-11-om-17.19.02-768x904.png 768w, https:\/\/supernils.be\/wp-content\/uploads\/2025\/09\/Scherm\u00adafbeelding-2025-09-11-om-17.19.02-1306x1536.png 1306w, https:\/\/supernils.be\/wp-content\/uploads\/2025\/09\/Scherm\u00adafbeelding-2025-09-11-om-17.19.02-10x12.png 10w, https:\/\/supernils.be\/wp-content\/uploads\/2025\/09\/Scherm\u00adafbeelding-2025-09-11-om-17.19.02-299x352.png 299w, https:\/\/supernils.be\/wp-content\/uploads\/2025\/09\/Scherm\u00adafbeelding-2025-09-11-om-17.19.02-572x673.png 572w, https:\/\/supernils.be\/wp-content\/uploads\/2025\/09\/Scherm\u00adafbeelding-2025-09-11-om-17.19.02.png 1360w\" sizes=\"(max-width: 800px) 100vw, 800px\" \/>\t\t\t\t\t\t\t\t\t\t\t\t\t\t\t<\/div>\n\t\t\t\t<\/div>\n\t\t\t\t<div class=\"elementor-element elementor-element-8f5b079 elementor-widget elementor-widget-image\" data-id=\"8f5b079\" data-element_type=\"widget\" data-e-type=\"widget\" data-widget_type=\"image.default\">\n\t\t\t\t<div class=\"elementor-widget-container\">\n\t\t\t\t\t\t\t\t\t\t\t\t\t\t\t<img decoding=\"async\" width=\"800\" height=\"833\" src=\"https:\/\/supernils.be\/wp-content\/uploads\/2025\/09\/Scherm\u00adafbeelding-2025-09-11-om-17.23.07-1012x1054.png\" class=\"attachment-large size-large wp-image-21449\" alt=\"\" srcset=\"https:\/\/supernils.be\/wp-content\/uploads\/2025\/09\/Scherm\u00adafbeelding-2025-09-11-om-17.23.07-1012x1054.png 1012w, https:\/\/supernils.be\/wp-content\/uploads\/2025\/09\/Scherm\u00adafbeelding-2025-09-11-om-17.23.07-288x300.png 288w, https:\/\/supernils.be\/wp-content\/uploads\/2025\/09\/Scherm\u00adafbeelding-2025-09-11-om-17.23.07-768x800.png 768w, https:\/\/supernils.be\/wp-content\/uploads\/2025\/09\/Scherm\u00adafbeelding-2025-09-11-om-17.23.07-12x12.png 12w, https:\/\/supernils.be\/wp-content\/uploads\/2025\/09\/Scherm\u00adafbeelding-2025-09-11-om-17.23.07-299x311.png 299w, https:\/\/supernils.be\/wp-content\/uploads\/2025\/09\/Scherm\u00adafbeelding-2025-09-11-om-17.23.07-572x596.png 572w, https:\/\/supernils.be\/wp-content\/uploads\/2025\/09\/Scherm\u00adafbeelding-2025-09-11-om-17.23.07.png 1116w\" sizes=\"(max-width: 800px) 100vw, 800px\" \/>\t\t\t\t\t\t\t\t\t\t\t\t\t\t\t<\/div>\n\t\t\t\t<\/div>\n\t\t\t\t<div class=\"elementor-element elementor-element-0ae134f elementor-widget elementor-widget-image\" data-id=\"0ae134f\" data-element_type=\"widget\" data-e-type=\"widget\" data-widget_type=\"image.default\">\n\t\t\t\t<div class=\"elementor-widget-container\">\n\t\t\t\t\t\t\t\t\t\t\t\t\t\t\t<img decoding=\"async\" width=\"800\" height=\"775\" src=\"https:\/\/supernils.be\/wp-content\/uploads\/2025\/09\/Scherm\u00adafbeelding-2025-09-11-om-17.19.52-1054x1021.png\" class=\"attachment-large size-large wp-image-21448\" alt=\"\" srcset=\"https:\/\/supernils.be\/wp-content\/uploads\/2025\/09\/Scherm\u00adafbeelding-2025-09-11-om-17.19.52-1054x1021.png 1054w, https:\/\/supernils.be\/wp-content\/uploads\/2025\/09\/Scherm\u00adafbeelding-2025-09-11-om-17.19.52-300x291.png 300w, https:\/\/supernils.be\/wp-content\/uploads\/2025\/09\/Scherm\u00adafbeelding-2025-09-11-om-17.19.52-768x744.png 768w, https:\/\/supernils.be\/wp-content\/uploads\/2025\/09\/Scherm\u00adafbeelding-2025-09-11-om-17.19.52-12x12.png 12w, https:\/\/supernils.be\/wp-content\/uploads\/2025\/09\/Scherm\u00adafbeelding-2025-09-11-om-17.19.52-299x290.png 299w, https:\/\/supernils.be\/wp-content\/uploads\/2025\/09\/Scherm\u00adafbeelding-2025-09-11-om-17.19.52-572x554.png 572w, https:\/\/supernils.be\/wp-content\/uploads\/2025\/09\/Scherm\u00adafbeelding-2025-09-11-om-17.19.52.png 1346w\" sizes=\"(max-width: 800px) 100vw, 800px\" \/>\t\t\t\t\t\t\t\t\t\t\t\t\t\t\t<\/div>\n\t\t\t\t<\/div>\n\t\t\t\t<div class=\"elementor-element elementor-element-0ea2c01 elementor-widget elementor-widget-image\" data-id=\"0ea2c01\" data-element_type=\"widget\" data-e-type=\"widget\" data-widget_type=\"image.default\">\n\t\t\t\t<div class=\"elementor-widget-container\">\n\t\t\t\t\t\t\t\t\t\t\t\t\t\t\t<img loading=\"lazy\" decoding=\"async\" width=\"699\" height=\"1054\" src=\"https:\/\/supernils.be\/wp-content\/uploads\/2025\/09\/Scherm\u00adafbeelding-2025-09-11-om-18.00.34-699x1054.png\" class=\"attachment-large size-large wp-image-21478\" alt=\"\" srcset=\"https:\/\/supernils.be\/wp-content\/uploads\/2025\/09\/Scherm\u00adafbeelding-2025-09-11-om-18.00.34-699x1054.png 699w, https:\/\/supernils.be\/wp-content\/uploads\/2025\/09\/Scherm\u00adafbeelding-2025-09-11-om-18.00.34-199x300.png 199w, https:\/\/supernils.be\/wp-content\/uploads\/2025\/09\/Scherm\u00adafbeelding-2025-09-11-om-18.00.34-768x1158.png 768w, https:\/\/supernils.be\/wp-content\/uploads\/2025\/09\/Scherm\u00adafbeelding-2025-09-11-om-18.00.34-8x12.png 8w, https:\/\/supernils.be\/wp-content\/uploads\/2025\/09\/Scherm\u00adafbeelding-2025-09-11-om-18.00.34-299x451.png 299w, https:\/\/supernils.be\/wp-content\/uploads\/2025\/09\/Scherm\u00adafbeelding-2025-09-11-om-18.00.34-572x862.png 572w, https:\/\/supernils.be\/wp-content\/uploads\/2025\/09\/Scherm\u00adafbeelding-2025-09-11-om-18.00.34.png 784w\" sizes=\"(max-width: 699px) 100vw, 699px\" \/>\t\t\t\t\t\t\t\t\t\t\t\t\t\t\t<\/div>\n\t\t\t\t<\/div>\n\t\t\t\t<div class=\"elementor-element elementor-element-617c98d elementor-widget elementor-widget-image\" data-id=\"617c98d\" data-element_type=\"widget\" data-e-type=\"widget\" data-widget_type=\"image.default\">\n\t\t\t\t<div class=\"elementor-widget-container\">\n\t\t\t\t\t\t\t\t\t\t\t\t\t\t\t<img loading=\"lazy\" decoding=\"async\" width=\"526\" height=\"1054\" src=\"https:\/\/supernils.be\/wp-content\/uploads\/2025\/09\/Scherm\u00adafbeelding-2025-09-15-om-11.09.14-526x1054.png\" class=\"attachment-large size-large wp-image-21556\" alt=\"\" srcset=\"https:\/\/supernils.be\/wp-content\/uploads\/2025\/09\/Scherm\u00adafbeelding-2025-09-15-om-11.09.14-526x1054.png 526w, https:\/\/supernils.be\/wp-content\/uploads\/2025\/09\/Scherm\u00adafbeelding-2025-09-15-om-11.09.14-150x300.png 150w, https:\/\/supernils.be\/wp-content\/uploads\/2025\/09\/Scherm\u00adafbeelding-2025-09-15-om-11.09.14-6x12.png 6w, https:\/\/supernils.be\/wp-content\/uploads\/2025\/09\/Scherm\u00adafbeelding-2025-09-15-om-11.09.14-299x600.png 299w, https:\/\/supernils.be\/wp-content\/uploads\/2025\/09\/Scherm\u00adafbeelding-2025-09-15-om-11.09.14-572x1147.png 572w, https:\/\/supernils.be\/wp-content\/uploads\/2025\/09\/Scherm\u00adafbeelding-2025-09-15-om-11.09.14.png 748w\" sizes=\"(max-width: 526px) 100vw, 526px\" \/>\t\t\t\t\t\t\t\t\t\t\t\t\t\t\t<\/div>\n\t\t\t\t<\/div>\n\t\t\t\t<div class=\"elementor-element elementor-element-cafe940 elementor-widget elementor-widget-image\" data-id=\"cafe940\" data-element_type=\"widget\" data-e-type=\"widget\" data-widget_type=\"image.default\">\n\t\t\t\t<div class=\"elementor-widget-container\">\n\t\t\t\t\t\t\t\t\t\t\t\t\t\t\t<img loading=\"lazy\" decoding=\"async\" width=\"798\" height=\"1054\" src=\"https:\/\/supernils.be\/wp-content\/uploads\/2025\/09\/Scherm\u00adafbeelding-2025-09-18-om-11.22.40-798x1054.png\" class=\"attachment-large size-large wp-image-21611\" alt=\"\" srcset=\"https:\/\/supernils.be\/wp-content\/uploads\/2025\/09\/Scherm\u00adafbeelding-2025-09-18-om-11.22.40-798x1054.png 798w, https:\/\/supernils.be\/wp-content\/uploads\/2025\/09\/Scherm\u00adafbeelding-2025-09-18-om-11.22.40-227x300.png 227w, https:\/\/supernils.be\/wp-content\/uploads\/2025\/09\/Scherm\u00adafbeelding-2025-09-18-om-11.22.40-768x1015.png 768w, https:\/\/supernils.be\/wp-content\/uploads\/2025\/09\/Scherm\u00adafbeelding-2025-09-18-om-11.22.40-9x12.png 9w, https:\/\/supernils.be\/wp-content\/uploads\/2025\/09\/Scherm\u00adafbeelding-2025-09-18-om-11.22.40-299x395.png 299w, https:\/\/supernils.be\/wp-content\/uploads\/2025\/09\/Scherm\u00adafbeelding-2025-09-18-om-11.22.40-572x756.png 572w, https:\/\/supernils.be\/wp-content\/uploads\/2025\/09\/Scherm\u00adafbeelding-2025-09-18-om-11.22.40.png 1078w\" sizes=\"(max-width: 798px) 100vw, 798px\" \/>\t\t\t\t\t\t\t\t\t\t\t\t\t\t\t<\/div>\n\t\t\t\t<\/div>\n\t\t\t\t\t<\/div>\n\t\t\t\t<\/div>\n\t\t\t\t<\/div>\n\t\t<div class=\"elementor-element elementor-element-9babe79 e-flex e-con-boxed e-con e-parent\" data-id=\"9babe79\" data-element_type=\"container\" data-e-type=\"container\">\n\t\t\t\t\t<div class=\"e-con-inner\">\n\t\t\t\t<div class=\"elementor-element elementor-element-24ae01b elementor-widget elementor-widget-spacer\" data-id=\"24ae01b\" data-element_type=\"widget\" data-e-type=\"widget\" data-widget_type=\"spacer.default\">\n\t\t\t\t<div class=\"elementor-widget-container\">\n\t\t\t\t\t\t\t<div class=\"elementor-spacer\">\n\t\t\t<div class=\"elementor-spacer-inner\"><\/div>\n\t\t<\/div>\n\t\t\t\t\t\t<\/div>\n\t\t\t\t<\/div>\n\t\t\t\t\t<\/div>\n\t\t\t\t<\/div>\n\t\t\t\t<\/div>","protected":false},"excerpt":{"rendered":"<p>Qu'est-ce que les gens ont dit sur les m\u00e9dias sociaux \u00e0 propos de ... LE MONDE D'AYA Le PDG de Facebook Koen Van Impe (Fondation contre le cancer) est le premier \u00e0 tester les lunettes VR pendant un certain temps Le PDG de LINKEDIN Koen Van Impe en conversation avec Steven Wensel de Venar Facebook Robert Scheltjens - pr\u00e9sident de l'organisation \u00e0 but non lucratif SuperNils, entour\u00e9 de Youssef et de Steven de Venar.<\/p>","protected":false},"author":2,"featured_media":0,"parent":0,"menu_order":0,"comment_status":"closed","ping_status":"closed","template":"","meta":{"_themeisle_gutenberg_block_has_review":false,"footnotes":""},"class_list":["post-21433","page","type-page","status-publish","hentry"],"_links":{"self":[{"href":"https:\/\/supernils.be\/fr\/wp-json\/wp\/v2\/pages\/21433","targetHints":{"allow":["GET"]}}],"collection":[{"href":"https:\/\/supernils.be\/fr\/wp-json\/wp\/v2\/pages"}],"about":[{"href":"https:\/\/supernils.be\/fr\/wp-json\/wp\/v2\/types\/page"}],"author":[{"embeddable":true,"href":"https:\/\/supernils.be\/fr\/wp-json\/wp\/v2\/users\/2"}],"replies":[{"embeddable":true,"href":"https:\/\/supernils.be\/fr\/wp-json\/wp\/v2\/comments?post=21433"}],"version-history":[{"count":33,"href":"https:\/\/supernils.be\/fr\/wp-json\/wp\/v2\/pages\/21433\/revisions"}],"predecessor-version":[{"id":24598,"href":"https:\/\/supernils.be\/fr\/wp-json\/wp\/v2\/pages\/21433\/revisions\/24598"}],"wp:attachment":[{"href":"https:\/\/supernils.be\/fr\/wp-json\/wp\/v2\/media?parent=21433"}],"curies":[{"name":"wp","href":"https:\/\/api.w.org\/{rel}","templated":true}]}}