{"id":21379,"date":"2025-09-11T16:11:52","date_gmt":"2025-09-11T14:11:52","guid":{"rendered":"https:\/\/supernils.be\/?page_id=21379"},"modified":"2025-12-20T20:59:52","modified_gmt":"2025-12-20T19:59:52","slug":"lancement-du-monde-daya","status":"publish","type":"page","link":"https:\/\/supernils.be\/fr\/lancering-de-wereld-van-aya\/","title":{"rendered":"\u00c9v\u00e9nement de lancement"},"content":{"rendered":"<div data-elementor-type=\"wp-page\" data-elementor-id=\"21379\" class=\"elementor elementor-21379\" data-elementor-post-type=\"page\">\n\t\t\t\t<div class=\"elementor-element elementor-element-c67f8df e-con-full e-flex e-con e-parent\" data-id=\"c67f8df\" data-element_type=\"container\" data-e-type=\"container\" data-settings=\"{&quot;background_background&quot;:&quot;classic&quot;}\">\n\t\t\t\t<div class=\"elementor-element elementor-element-b4423e1 elementor-widget elementor-widget-spacer\" data-id=\"b4423e1\" data-element_type=\"widget\" data-e-type=\"widget\" data-widget_type=\"spacer.default\">\n\t\t\t\t<div class=\"elementor-widget-container\">\n\t\t\t\t\t\t\t<div class=\"elementor-spacer\">\n\t\t\t<div class=\"elementor-spacer-inner\"><\/div>\n\t\t<\/div>\n\t\t\t\t\t\t<\/div>\n\t\t\t\t<\/div>\n\t\t\t\t<\/div>\n\t\t<div class=\"elementor-element elementor-element-56c293cf e-con-full e-flex e-con e-parent\" data-id=\"56c293cf\" data-element_type=\"container\" data-e-type=\"container\" data-settings=\"{&quot;background_background&quot;:&quot;classic&quot;,&quot;shape_divider_top&quot;:&quot;curve&quot;}\">\n\t\t\t\t<div class=\"elementor-shape elementor-shape-top\" aria-hidden=\"true\" data-negative=\"false\">\n\t\t\t<svg xmlns=\"http:\/\/www.w3.org\/2000\/svg\" viewbox=\"0 0 1000 100\" preserveaspectratio=\"none\">\n    <path class=\"elementor-shape-fill\" d=\"M1000,4.3V0H0v4.3C0.9,23.1,126.7,99.2,500,100S1000,22.7,1000,4.3z\"\/>\n<\/svg>\t\t<\/div>\n\t\t<div class=\"elementor-element elementor-element-10fcb7c3 e-con-full e-flex e-con e-child\" data-id=\"10fcb7c3\" data-element_type=\"container\" data-e-type=\"container\">\n\t\t\t\t<div class=\"elementor-element elementor-element-583de7d7 animated-slow elementor-invisible elementor-widget elementor-widget-heading\" data-id=\"583de7d7\" data-element_type=\"widget\" data-e-type=\"widget\" data-settings=\"{&quot;_animation&quot;:&quot;slideInUp&quot;}\" data-widget_type=\"heading.default\">\n\t\t\t\t<div class=\"elementor-widget-container\">\n\t\t\t\t\t<h2 class=\"elementor-heading-title elementor-size-default\">\u00c9v\u00e9nement de lancement<\/h2>\t\t\t\t<\/div>\n\t\t\t\t<\/div>\n\t\t\t\t<div class=\"elementor-element elementor-element-3b188c51 animated-slow elementor-invisible elementor-widget elementor-widget-heading\" data-id=\"3b188c51\" data-element_type=\"widget\" data-e-type=\"widget\" data-settings=\"{&quot;_animation&quot;:&quot;slideInUp&quot;}\" data-widget_type=\"heading.default\">\n\t\t\t\t<div class=\"elementor-widget-container\">\n\t\t\t\t\t<h2 class=\"elementor-heading-title elementor-size-default\">LE MONDE D'AYA<\/h2>\t\t\t\t<\/div>\n\t\t\t\t<\/div>\n\t\t\t\t<div class=\"elementor-element elementor-element-71a2d431 elementor-align-left elementor-widget elementor-widget-button\" data-id=\"71a2d431\" data-element_type=\"widget\" data-e-type=\"widget\" data-widget_type=\"button.default\">\n\t\t\t\t<div class=\"elementor-widget-container\">\n\t\t\t\t\t\t\t\t\t<div class=\"elementor-button-wrapper\">\n\t\t\t\t\t<a class=\"elementor-button elementor-size-lg\" role=\"button\">\n\t\t\t\t\t\t<span class=\"elementor-button-content-wrapper\">\n\t\t\t\t\t\t\t\t\t<span class=\"elementor-button-text\">Mardi 9 septembre 2025<\/span>\n\t\t\t\t\t<\/span>\n\t\t\t\t\t<\/a>\n\t\t\t\t<\/div>\n\t\t\t\t\t\t\t\t<\/div>\n\t\t\t\t<\/div>\n\t\t\t\t<\/div>\n\t\t<div class=\"elementor-element elementor-element-76f44cd2 e-con-full e-flex e-con e-child\" data-id=\"76f44cd2\" data-element_type=\"container\" data-e-type=\"container\">\n\t\t\t\t<div class=\"elementor-element elementor-element-2ecadacd elementor-widget__width-initial elementor-widget elementor-widget-image\" data-id=\"2ecadacd\" data-element_type=\"widget\" data-e-type=\"widget\" data-widget_type=\"image.default\">\n\t\t\t\t<div class=\"elementor-widget-container\">\n\t\t\t\t\t\t\t\t\t\t\t\t\t\t\t<img fetchpriority=\"high\" decoding=\"async\" width=\"800\" height=\"534\" src=\"https:\/\/supernils.be\/wp-content\/uploads\/2025\/09\/rf_VZW-SuperNils-VR-12-1054x703.jpg\" class=\"attachment-large size-large wp-image-21388\" alt=\"\" srcset=\"https:\/\/supernils.be\/wp-content\/uploads\/2025\/09\/rf_VZW-SuperNils-VR-12-1054x703.jpg 1054w, https:\/\/supernils.be\/wp-content\/uploads\/2025\/09\/rf_VZW-SuperNils-VR-12-300x200.jpg 300w, https:\/\/supernils.be\/wp-content\/uploads\/2025\/09\/rf_VZW-SuperNils-VR-12-768x512.jpg 768w, https:\/\/supernils.be\/wp-content\/uploads\/2025\/09\/rf_VZW-SuperNils-VR-12-1536x1024.jpg 1536w, https:\/\/supernils.be\/wp-content\/uploads\/2025\/09\/rf_VZW-SuperNils-VR-12-18x12.jpg 18w, https:\/\/supernils.be\/wp-content\/uploads\/2025\/09\/rf_VZW-SuperNils-VR-12-299x199.jpg 299w, https:\/\/supernils.be\/wp-content\/uploads\/2025\/09\/rf_VZW-SuperNils-VR-12-572x381.jpg 572w, https:\/\/supernils.be\/wp-content\/uploads\/2025\/09\/rf_VZW-SuperNils-VR-12-272x182.jpg 272w, https:\/\/supernils.be\/wp-content\/uploads\/2025\/09\/rf_VZW-SuperNils-VR-12.jpg 1620w\" sizes=\"(max-width: 800px) 100vw, 800px\" \/>\t\t\t\t\t\t\t\t\t\t\t\t\t\t\t<\/div>\n\t\t\t\t<\/div>\n\t\t\t\t<div class=\"elementor-element elementor-element-10193898 elementor-widget__width-initial elementor-widget elementor-widget-image\" data-id=\"10193898\" data-element_type=\"widget\" data-e-type=\"widget\" data-widget_type=\"image.default\">\n\t\t\t\t<div class=\"elementor-widget-container\">\n\t\t\t\t\t\t\t\t\t\t\t\t\t\t\t<img decoding=\"async\" width=\"800\" height=\"534\" src=\"https:\/\/supernils.be\/wp-content\/uploads\/2025\/09\/rf_VZW-SuperNils-VR-3-1054x703.jpg\" class=\"attachment-large size-large wp-image-21387\" alt=\"\" srcset=\"https:\/\/supernils.be\/wp-content\/uploads\/2025\/09\/rf_VZW-SuperNils-VR-3-1054x703.jpg 1054w, https:\/\/supernils.be\/wp-content\/uploads\/2025\/09\/rf_VZW-SuperNils-VR-3-300x200.jpg 300w, https:\/\/supernils.be\/wp-content\/uploads\/2025\/09\/rf_VZW-SuperNils-VR-3-768x512.jpg 768w, https:\/\/supernils.be\/wp-content\/uploads\/2025\/09\/rf_VZW-SuperNils-VR-3-18x12.jpg 18w, https:\/\/supernils.be\/wp-content\/uploads\/2025\/09\/rf_VZW-SuperNils-VR-3-299x199.jpg 299w, https:\/\/supernils.be\/wp-content\/uploads\/2025\/09\/rf_VZW-SuperNils-VR-3-572x381.jpg 572w, https:\/\/supernils.be\/wp-content\/uploads\/2025\/09\/rf_VZW-SuperNils-VR-3-272x182.jpg 272w, https:\/\/supernils.be\/wp-content\/uploads\/2025\/09\/rf_VZW-SuperNils-VR-3.jpg 1440w\" sizes=\"(max-width: 800px) 100vw, 800px\" \/>\t\t\t\t\t\t\t\t\t\t\t\t\t\t\t<\/div>\n\t\t\t\t<\/div>\n\t\t\t\t<\/div>\n\t\t\t\t<\/div>\n\t\t<div class=\"elementor-element elementor-element-3bf65ea e-con-full e-flex e-con e-parent\" data-id=\"3bf65ea\" data-element_type=\"container\" data-e-type=\"container\" data-settings=\"{&quot;background_background&quot;:&quot;classic&quot;}\">\n\t\t\t\t<div class=\"elementor-element elementor-element-ef79e26 elementor-widget elementor-widget-spacer\" data-id=\"ef79e26\" data-element_type=\"widget\" data-e-type=\"widget\" data-widget_type=\"spacer.default\">\n\t\t\t\t<div class=\"elementor-widget-container\">\n\t\t\t\t\t\t\t<div class=\"elementor-spacer\">\n\t\t\t<div class=\"elementor-spacer-inner\"><\/div>\n\t\t<\/div>\n\t\t\t\t\t\t<\/div>\n\t\t\t\t<\/div>\n\t\t\t\t<\/div>\n\t\t<div class=\"elementor-element elementor-element-bcf6848 e-con-full e-flex e-con e-parent\" data-id=\"bcf6848\" data-element_type=\"container\" data-e-type=\"container\" data-settings=\"{&quot;background_background&quot;:&quot;classic&quot;}\">\n\t\t<div class=\"elementor-element elementor-element-984ec5e e-grid e-con-full e-con e-child\" data-id=\"984ec5e\" data-element_type=\"container\" data-e-type=\"container\">\n\t\t\t\t<div class=\"elementor-element elementor-element-c250c79 elementor-widget elementor-widget-video\" data-id=\"c250c79\" data-element_type=\"widget\" data-e-type=\"widget\" data-settings=\"{&quot;youtube_url&quot;:&quot;https:\\\/\\\/youtu.be\\\/jNVXySJYtFg&quot;,&quot;video_type&quot;:&quot;youtube&quot;,&quot;controls&quot;:&quot;yes&quot;}\" data-widget_type=\"video.default\">\n\t\t\t\t<div class=\"elementor-widget-container\">\n\t\t\t\t\t\t\t<div class=\"elementor-wrapper elementor-open-inline\">\n\t\t\t<div class=\"elementor-video\"><\/div>\t\t<\/div>\n\t\t\t\t\t\t<\/div>\n\t\t\t\t<\/div>\n\t\t<div class=\"elementor-element elementor-element-fa7f634 e-con-full e-flex e-con e-child\" data-id=\"fa7f634\" data-element_type=\"container\" data-e-type=\"container\">\n\t\t\t\t<div class=\"elementor-element elementor-element-07aa764 elementor-widget elementor-widget-heading\" data-id=\"07aa764\" data-element_type=\"widget\" data-e-type=\"widget\" data-widget_type=\"heading.default\">\n\t\t\t\t<div class=\"elementor-widget-container\">\n\t\t\t\t\t<h2 class=\"elementor-heading-title elementor-size-default\">Suivez notre \u00e9v\u00e9nement de lancement ici encore ...<\/h2>\t\t\t\t<\/div>\n\t\t\t\t<\/div>\n\t\t\t\t<div class=\"elementor-element elementor-element-87fcd99 elementor-widget elementor-widget-spacer\" data-id=\"87fcd99\" data-element_type=\"widget\" data-e-type=\"widget\" data-widget_type=\"spacer.default\">\n\t\t\t\t<div class=\"elementor-widget-container\">\n\t\t\t\t\t\t\t<div class=\"elementor-spacer\">\n\t\t\t<div class=\"elementor-spacer-inner\"><\/div>\n\t\t<\/div>\n\t\t\t\t\t\t<\/div>\n\t\t\t\t<\/div>\n\t\t\t\t<div class=\"elementor-element elementor-element-4c38ef6 elementor-widget elementor-widget-text-editor\" data-id=\"4c38ef6\" data-element_type=\"widget\" data-e-type=\"widget\" data-widget_type=\"text-editor.default\">\n\t\t\t\t<div class=\"elementor-widget-container\">\n\t\t\t\t\t\t\t\t\t<p><span style=\"color: #ffffff;\">\u00c0 droite, vous pouvez revoir l'enregistrement de l'\u00e9v\u00e9nement de lancement. Tr\u00e8s int\u00e9ressant pour ceux qui n'ont pas pu \u00eatre pr\u00e9sents.<\/span><\/p><p><span style=\"color: #ffffff;\">Vous aurez un aper\u00e7u des caract\u00e9ristiques de notre programme de RV, \"le monde d'AYA\".<\/span><\/p><p><span style=\"color: #ffffff;\">Plus de 40 personnes int\u00e9ress\u00e9es ont assist\u00e9 \u00e0 l'\u00e9v\u00e9nement et au moins 7 personnes ont suivi l'\u00e9volution de la situation en ligne. Tous nos h\u00f4pitaux partenaires \u00e9taient repr\u00e9sent\u00e9s, certains avec plus d'une personne. Mais plusieurs repr\u00e9sentants des sponsors \u00e9taient \u00e9galement pr\u00e9sents. Cela montre que l'int\u00e9r\u00eat est grand.<\/span><\/p><p><span style=\"color: #ffffff;\">Notre ambassadeur Peter Genyn et son \u00e9pouse \u00e9taient \u00e9galement pr\u00e9sents, ainsi qu'une d\u00e9l\u00e9gation de Kom op tegen Kanker et, bien s\u00fbr, de Stichting tegen Kanker, le plus grand sponsor de ce projet. Cette derni\u00e8re organisation a m\u00eame fait venir son PDG, Koen Van Impe, ce dont nous sommes extr\u00eamement fiers. M. Van Impe \u00e9tait tr\u00e8s satisfait du r\u00e9sultat et nous a dit que le travail de l'asbl SuperNils \u00e9tait extr\u00eamement important pour les patients atteints de cancer. Et c'est pour cela que nous faisons cela !<\/span><\/p><p><span style=\"color: #ffffff;\">Enfin, pas mal de sympathisants de l'asbl SuperNils \u00e9taient pr\u00e9sents, ainsi que quelques partenaires avec lesquels nous travaillons bien. M\u00eame la presse \u00e9tait repr\u00e9sent\u00e9e (GVA et Radio 2 r\u00e9gional). Ils nous ont offert de beaux articles et une courte mais belle \u00e9mission.<\/span><\/p><p><span style=\"color: #ffffff;\">Ce fut donc un apr\u00e8s-midi tr\u00e8s r\u00e9ussi, avec de nombreux visages heureux et des commentaires incroyablement positifs.<\/span><\/p><p>\u00a0<\/p>\t\t\t\t\t\t\t\t<\/div>\n\t\t\t\t<\/div>\n\t\t\t\t<\/div>\n\t\t\t\t<\/div>\n\t\t\t\t<\/div>\n\t\t<div class=\"elementor-element elementor-element-03d27d3 e-flex e-con-boxed e-con e-parent\" data-id=\"03d27d3\" data-element_type=\"container\" data-e-type=\"container\">\n\t\t\t\t\t<div class=\"e-con-inner\">\n\t\t\t\t<div class=\"elementor-element elementor-element-a668856 elementor-widget elementor-widget-spacer\" data-id=\"a668856\" data-element_type=\"widget\" data-e-type=\"widget\" data-widget_type=\"spacer.default\">\n\t\t\t\t<div class=\"elementor-widget-container\">\n\t\t\t\t\t\t\t<div class=\"elementor-spacer\">\n\t\t\t<div class=\"elementor-spacer-inner\"><\/div>\n\t\t<\/div>\n\t\t\t\t\t\t<\/div>\n\t\t\t\t<\/div>\n\t\t\t\t\t<\/div>\n\t\t\t\t<\/div>\n\t\t\t\t<\/div>","protected":false},"excerpt":{"rendered":"<p>Lanceringsevent DE WERELD VAN AYA Dinsdag 9 september 2025 Volg hier opnieuw ons lanceringsevent &#8230; Hiernaast kan je de opname van het lanceringsevent opnieuw bekijken. Zeker interessant voor zij die er niet konden bij zijn. Je krijgt een overzicht van de mogelijkheden van ons VR-pakket, &#8220;de Wereld van AYA&#8221;. Het event werd bijgewoond door meer [&hellip;]<\/p>\n","protected":false},"author":2,"featured_media":0,"parent":0,"menu_order":0,"comment_status":"closed","ping_status":"closed","template":"","meta":{"_themeisle_gutenberg_block_has_review":false,"footnotes":""},"class_list":["post-21379","page","type-page","status-publish","hentry"],"_links":{"self":[{"href":"https:\/\/supernils.be\/fr\/wp-json\/wp\/v2\/pages\/21379","targetHints":{"allow":["GET"]}}],"collection":[{"href":"https:\/\/supernils.be\/fr\/wp-json\/wp\/v2\/pages"}],"about":[{"href":"https:\/\/supernils.be\/fr\/wp-json\/wp\/v2\/types\/page"}],"author":[{"embeddable":true,"href":"https:\/\/supernils.be\/fr\/wp-json\/wp\/v2\/users\/2"}],"replies":[{"embeddable":true,"href":"https:\/\/supernils.be\/fr\/wp-json\/wp\/v2\/comments?post=21379"}],"version-history":[{"count":20,"href":"https:\/\/supernils.be\/fr\/wp-json\/wp\/v2\/pages\/21379\/revisions"}],"predecessor-version":[{"id":23216,"href":"https:\/\/supernils.be\/fr\/wp-json\/wp\/v2\/pages\/21379\/revisions\/23216"}],"wp:attachment":[{"href":"https:\/\/supernils.be\/fr\/wp-json\/wp\/v2\/media?parent=21379"}],"curies":[{"name":"wp","href":"https:\/\/api.w.org\/{rel}","templated":true}]}}