{"id":20921,"date":"2025-07-13T21:42:15","date_gmt":"2025-07-13T19:42:15","guid":{"rendered":"https:\/\/supernils.be\/?page_id=20921"},"modified":"2025-12-21T21:35:09","modified_gmt":"2025-12-21T20:35:09","slug":"ayamplifie","status":"publish","type":"page","link":"https:\/\/supernils.be\/fr\/ayamplified\/","title":{"rendered":"018-Podcast 2-AYAmplified"},"content":{"rendered":"<div data-elementor-type=\"wp-page\" data-elementor-id=\"20921\" class=\"elementor elementor-20921\" data-elementor-post-type=\"page\">\n\t\t\t\t<div class=\"elementor-element elementor-element-6efba80 e-flex e-con-boxed e-con e-parent\" data-id=\"6efba80\" data-element_type=\"container\" data-e-type=\"container\" data-settings=\"{&quot;background_background&quot;:&quot;classic&quot;}\">\n\t\t\t\t\t<div class=\"e-con-inner\">\n\t\t\t\t<div class=\"elementor-element elementor-element-f2db611 elementor-widget elementor-widget-spacer\" data-id=\"f2db611\" data-element_type=\"widget\" data-e-type=\"widget\" data-widget_type=\"spacer.default\">\n\t\t\t\t<div class=\"elementor-widget-container\">\n\t\t\t\t\t\t\t<div class=\"elementor-spacer\">\n\t\t\t<div class=\"elementor-spacer-inner\"><\/div>\n\t\t<\/div>\n\t\t\t\t\t\t<\/div>\n\t\t\t\t<\/div>\n\t\t\t\t\t<\/div>\n\t\t\t\t<\/div>\n\t\t<div class=\"elementor-element elementor-element-1632de51 e-flex e-con-boxed e-con e-parent\" data-id=\"1632de51\" data-element_type=\"container\" data-e-type=\"container\" data-settings=\"{&quot;background_background&quot;:&quot;classic&quot;,&quot;shape_divider_top&quot;:&quot;waves&quot;,&quot;shape_divider_bottom&quot;:&quot;waves&quot;}\">\n\t\t\t\t\t<div class=\"e-con-inner\">\n\t\t\t\t<div class=\"elementor-shape elementor-shape-top\" aria-hidden=\"true\" data-negative=\"false\">\n\t\t\t<svg xmlns=\"http:\/\/www.w3.org\/2000\/svg\" viewbox=\"0 0 1000 100\" preserveaspectratio=\"none\">\n\t<path class=\"elementor-shape-fill\" d=\"M421.9,6.5c22.6-2.5,51.5,0.4,75.5,5.3c23.6,4.9,70.9,23.5,100.5,35.7c75.8,32.2,133.7,44.5,192.6,49.7\tc23.6,2.1,48.7,3.5,103.4-2.5c54.7-6,106.2-25.6,106.2-25.6V0H0v30.3c0,0,72,32.6,158.4,30.5c39.2-0.7,92.8-6.7,134-22.4\tc21.2-8.1,52.2-18.2,79.7-24.2C399.3,7.9,411.6,7.5,421.9,6.5z\"\/>\n<\/svg>\t\t<\/div>\n\t\t\t\t<div class=\"elementor-shape elementor-shape-bottom\" aria-hidden=\"true\" data-negative=\"false\">\n\t\t\t<svg xmlns=\"http:\/\/www.w3.org\/2000\/svg\" viewbox=\"0 0 1000 100\" preserveaspectratio=\"none\">\n\t<path class=\"elementor-shape-fill\" d=\"M421.9,6.5c22.6-2.5,51.5,0.4,75.5,5.3c23.6,4.9,70.9,23.5,100.5,35.7c75.8,32.2,133.7,44.5,192.6,49.7\tc23.6,2.1,48.7,3.5,103.4-2.5c54.7-6,106.2-25.6,106.2-25.6V0H0v30.3c0,0,72,32.6,158.4,30.5c39.2-0.7,92.8-6.7,134-22.4\tc21.2-8.1,52.2-18.2,79.7-24.2C399.3,7.9,411.6,7.5,421.9,6.5z\"\/>\n<\/svg>\t\t<\/div>\n\t\t\t\t<div class=\"elementor-element elementor-element-71012d12 elementor-widget elementor-widget-image\" data-id=\"71012d12\" data-element_type=\"widget\" data-e-type=\"widget\" data-widget_type=\"image.default\">\n\t\t\t\t<div class=\"elementor-widget-container\">\n\t\t\t\t\t\t\t\t\t\t\t\t\t\t\t<img fetchpriority=\"high\" decoding=\"async\" width=\"800\" height=\"671\" src=\"https:\/\/supernils.be\/wp-content\/uploads\/2025\/07\/AYAmplified-visual-podcast.png\" class=\"attachment-large size-large wp-image-20923\" alt=\"\" srcset=\"https:\/\/supernils.be\/wp-content\/uploads\/2025\/07\/AYAmplified-visual-podcast.png 940w, https:\/\/supernils.be\/wp-content\/uploads\/2025\/07\/AYAmplified-visual-podcast-300x251.png 300w, https:\/\/supernils.be\/wp-content\/uploads\/2025\/07\/AYAmplified-visual-podcast-768x644.png 768w, https:\/\/supernils.be\/wp-content\/uploads\/2025\/07\/AYAmplified-visual-podcast-14x12.png 14w, https:\/\/supernils.be\/wp-content\/uploads\/2025\/07\/AYAmplified-visual-podcast-299x251.png 299w, https:\/\/supernils.be\/wp-content\/uploads\/2025\/07\/AYAmplified-visual-podcast-572x480.png 572w\" sizes=\"(max-width: 800px) 100vw, 800px\" \/>\t\t\t\t\t\t\t\t\t\t\t\t\t\t\t<\/div>\n\t\t\t\t<\/div>\n\t\t<div class=\"elementor-element elementor-element-8ac1f98 e-con-full e-flex e-con e-child\" data-id=\"8ac1f98\" data-element_type=\"container\" data-e-type=\"container\">\n\t\t\t\t<div class=\"elementor-element elementor-element-7fd4f1c4 animated-slow elementor-invisible elementor-widget elementor-widget-heading\" data-id=\"7fd4f1c4\" data-element_type=\"widget\" data-e-type=\"widget\" data-settings=\"{&quot;_animation&quot;:&quot;slideInUp&quot;}\" data-widget_type=\"heading.default\">\n\t\t\t\t<div class=\"elementor-widget-container\">\n\t\t\t\t\t<h2 class=\"elementor-heading-title elementor-size-default\">AYAmplifi\u00e9<\/h2>\t\t\t\t<\/div>\n\t\t\t\t<\/div>\n\t\t\t\t<div class=\"elementor-element elementor-element-1394f7a7 elementor-widget elementor-widget-text-editor\" data-id=\"1394f7a7\" data-element_type=\"widget\" data-e-type=\"widget\" data-widget_type=\"text-editor.default\">\n\t\t\t\t<div class=\"elementor-widget-container\">\n\t\t\t\t\t\t\t\t\t<p>Un nouveau podcast de l'organisation \u00e0 but non lucratif SuperNils, pour et par les jeunes adultes atteints de cancer.<\/p>\t\t\t\t\t\t\t\t<\/div>\n\t\t\t\t<\/div>\n\t\t\t\t<\/div>\n\t\t\t\t\t<\/div>\n\t\t\t\t<\/div>\n\t\t<div class=\"elementor-element elementor-element-4682116 e-flex e-con-boxed e-con e-parent\" data-id=\"4682116\" data-element_type=\"container\" data-e-type=\"container\">\n\t\t\t\t\t<div class=\"e-con-inner\">\n\t\t\t\t<div class=\"elementor-element elementor-element-9a1d794 elementor-widget elementor-widget-spacer\" data-id=\"9a1d794\" data-element_type=\"widget\" data-e-type=\"widget\" data-widget_type=\"spacer.default\">\n\t\t\t\t<div class=\"elementor-widget-container\">\n\t\t\t\t\t\t\t<div class=\"elementor-spacer\">\n\t\t\t<div class=\"elementor-spacer-inner\"><\/div>\n\t\t<\/div>\n\t\t\t\t\t\t<\/div>\n\t\t\t\t<\/div>\n\t\t\t\t\t<\/div>\n\t\t\t\t<\/div>\n\t\t<div class=\"elementor-element elementor-element-a92b930 e-con-full e-flex e-con e-parent\" data-id=\"a92b930\" data-element_type=\"container\" data-e-type=\"container\">\n\t\t\t\t<div class=\"elementor-element elementor-element-5f7442a elementor-widget elementor-widget-text-editor\" data-id=\"5f7442a\" data-element_type=\"widget\" data-e-type=\"widget\" data-widget_type=\"text-editor.default\">\n\t\t\t\t<div class=\"elementor-widget-container\">\n\t\t\t\t\t\t\t\t\t<p>Notre organisation est d\u00e9j\u00e0 fi\u00e8re de pr\u00e9senter un nouveau projet ... <strong>AYAmplifi\u00e9 !<\/strong> Un podcast pour et par les jeunes adultes atteints de cancer.<\/p><p>Dans cette s\u00e9rie, nous recherchons des AJA atteints de cancer qui souhaitent avoir une conversation avec nous sur la vie qu'ils m\u00e8nent, sur leurs perspectives d'avenir, sur le soutien qu'ils peuvent obtenir et sur la mani\u00e8re dont ils g\u00e8rent les \u00e9volutions positives et les obstacles qui se dressent sur leur chemin. La positivit\u00e9 sera toujours le fil conducteur des conversations. Nous essaierons toujours de mettre en \u00e9vidence les bonnes choses en plus.<\/p><p>Ainsi, ce podcast peut \u00e9galement devenir une source d'inspiration pour d'autres malades, une source dans laquelle ils peuvent puiser des \u00e9l\u00e9ments positifs susceptibles d'am\u00e9liorer et de renforcer leur parcours personnel. Le bien-\u00eatre mental augmente alors, ce qui peut avoir un impact sur le processus de gu\u00e9rison et la pr\u00e9paration au combat.<\/p><p>Certains professionnels participeront \u00e9galement \u00e0 certains \u00e9pisodes. Ils fourniront davantage d'informations sur les nouveaux traitements ou les mesures de soutien disponibles.<\/p><p><strong>AYAmplifi\u00e9<\/strong> devient un podcast sur la vie pure, l'amour et la force de ces jeunes patients, les poussant \u00e0 prendre la hache de guerre chaque jour pour finalement gagner la grande \"guerre\" !<\/p><p>Si vous souhaitez participer \u00e0 ce projet, contactez-nous en utilisant le bouton ci-dessous.<\/p>\t\t\t\t\t\t\t\t<\/div>\n\t\t\t\t<\/div>\n\t\t\t\t<div class=\"elementor-element elementor-element-40e3ca9 elementor-align-center elementor-widget elementor-widget-button\" data-id=\"40e3ca9\" data-element_type=\"widget\" data-e-type=\"widget\" data-widget_type=\"button.default\">\n\t\t\t\t<div class=\"elementor-widget-container\">\n\t\t\t\t\t\t\t\t\t<div class=\"elementor-button-wrapper\">\n\t\t\t\t\t<a class=\"elementor-button elementor-button-link elementor-size-sm elementor-animation-grow\" href=\"https:\/\/supernils.be\/fr\/contact004\/\">\n\t\t\t\t\t\t<span class=\"elementor-button-content-wrapper\">\n\t\t\t\t\t\t\t\t\t<span class=\"elementor-button-text\">Je souhaite participer \u00e0 AYAmplified<\/span>\n\t\t\t\t\t<\/span>\n\t\t\t\t\t<\/a>\n\t\t\t\t<\/div>\n\t\t\t\t\t\t\t\t<\/div>\n\t\t\t\t<\/div>\n\t\t\t\t<\/div>\n\t\t<div class=\"elementor-element elementor-element-e1721af e-flex e-con-boxed e-con e-parent\" data-id=\"e1721af\" data-element_type=\"container\" data-e-type=\"container\">\n\t\t\t\t\t<div class=\"e-con-inner\">\n\t\t\t\t<div class=\"elementor-element elementor-element-9a9e08a elementor-widget elementor-widget-spacer\" data-id=\"9a9e08a\" data-element_type=\"widget\" data-e-type=\"widget\" data-widget_type=\"spacer.default\">\n\t\t\t\t<div class=\"elementor-widget-container\">\n\t\t\t\t\t\t\t<div class=\"elementor-spacer\">\n\t\t\t<div class=\"elementor-spacer-inner\"><\/div>\n\t\t<\/div>\n\t\t\t\t\t\t<\/div>\n\t\t\t\t<\/div>\n\t\t\t\t\t<\/div>\n\t\t\t\t<\/div>\n\t\t<div class=\"elementor-element elementor-element-03509c2 e-con-full e-flex e-con e-parent\" data-id=\"03509c2\" data-element_type=\"container\" data-e-type=\"container\" data-settings=\"{&quot;background_background&quot;:&quot;classic&quot;}\">\n\t\t\t\t<div class=\"elementor-element elementor-element-9acdb8e elementor-widget elementor-widget-heading\" data-id=\"9acdb8e\" data-element_type=\"widget\" data-e-type=\"widget\" data-widget_type=\"heading.default\">\n\t\t\t\t<div class=\"elementor-widget-container\">\n\t\t\t\t\t<h2 class=\"elementor-heading-title elementor-size-default\">\u00c9coutez les \u00e9pisodes via la liste de lecture ci-dessous<\/h2>\t\t\t\t<\/div>\n\t\t\t\t<\/div>\n\t\t\t\t<\/div>\n\t\t<div class=\"elementor-element elementor-element-9ed464b e-flex e-con-boxed e-con e-parent\" data-id=\"9ed464b\" data-element_type=\"container\" data-e-type=\"container\">\n\t\t\t\t\t<div class=\"e-con-inner\">\n\t\t\t\t<div class=\"elementor-element elementor-element-0a6966f elementor-widget elementor-widget-spacer\" data-id=\"0a6966f\" data-element_type=\"widget\" data-e-type=\"widget\" data-widget_type=\"spacer.default\">\n\t\t\t\t<div class=\"elementor-widget-container\">\n\t\t\t\t\t\t\t<div class=\"elementor-spacer\">\n\t\t\t<div class=\"elementor-spacer-inner\"><\/div>\n\t\t<\/div>\n\t\t\t\t\t\t<\/div>\n\t\t\t\t<\/div>\n\t\t\t\t\t<\/div>\n\t\t\t\t<\/div>\n\t\t<div class=\"elementor-element elementor-element-be1a8ea e-flex e-con-boxed e-con e-parent\" data-id=\"be1a8ea\" data-element_type=\"container\" data-e-type=\"container\" data-settings=\"{&quot;background_background&quot;:&quot;classic&quot;}\">\n\t\t\t\t\t<div class=\"e-con-inner\">\n\t\t\t\t<div class=\"elementor-element elementor-element-c4f4571 elementor-widget elementor-widget-shortcode\" data-id=\"c4f4571\" data-element_type=\"widget\" data-e-type=\"widget\" data-widget_type=\"shortcode.default\">\n\t\t\t\t<div class=\"elementor-widget-container\">\n\t\t\t\t\t\t\t<div class=\"elementor-shortcode\"><iframe src='https:\/\/app.springcast.fm\/player\/podcast\/22130?theme=springcast' width='100%' height='390' frameborder='0' seamless='true' style='width:100%; height:390px;'><\/iframe><\/div>\n\t\t\t\t\t\t<\/div>\n\t\t\t\t<\/div>\n\t\t\t\t\t<\/div>\n\t\t\t\t<\/div>\n\t\t<div class=\"elementor-element elementor-element-c64db0a e-flex e-con-boxed e-con e-parent\" data-id=\"c64db0a\" data-element_type=\"container\" data-e-type=\"container\">\n\t\t\t\t\t<div class=\"e-con-inner\">\n\t\t\t\t<div class=\"elementor-element elementor-element-69ae35c elementor-widget elementor-widget-spacer\" data-id=\"69ae35c\" data-element_type=\"widget\" data-e-type=\"widget\" data-widget_type=\"spacer.default\">\n\t\t\t\t<div class=\"elementor-widget-container\">\n\t\t\t\t\t\t\t<div class=\"elementor-spacer\">\n\t\t\t<div class=\"elementor-spacer-inner\"><\/div>\n\t\t<\/div>\n\t\t\t\t\t\t<\/div>\n\t\t\t\t<\/div>\n\t\t\t\t\t<\/div>\n\t\t\t\t<\/div>\n\t\t<div class=\"elementor-element elementor-element-47db4ba e-flex e-con-boxed e-con e-parent\" data-id=\"47db4ba\" data-element_type=\"container\" data-e-type=\"container\">\n\t\t\t\t\t<div class=\"e-con-inner\">\n\t\t\t\t<div class=\"elementor-element elementor-element-51ac879 elementor-widget elementor-widget-spacer\" data-id=\"51ac879\" data-element_type=\"widget\" data-e-type=\"widget\" data-widget_type=\"spacer.default\">\n\t\t\t\t<div class=\"elementor-widget-container\">\n\t\t\t\t\t\t\t<div class=\"elementor-spacer\">\n\t\t\t<div class=\"elementor-spacer-inner\"><\/div>\n\t\t<\/div>\n\t\t\t\t\t\t<\/div>\n\t\t\t\t<\/div>\n\t\t\t\t\t<\/div>\n\t\t\t\t<\/div>\n\t\t<div class=\"elementor-element elementor-element-2688a59 e-flex e-con-boxed e-con e-parent\" data-id=\"2688a59\" data-element_type=\"container\" data-e-type=\"container\">\n\t\t\t\t\t<div class=\"e-con-inner\">\n\t\t\t\t<div class=\"elementor-element elementor-element-3ae05b9 elementor-widget elementor-widget-spacer\" data-id=\"3ae05b9\" data-element_type=\"widget\" data-e-type=\"widget\" data-widget_type=\"spacer.default\">\n\t\t\t\t<div class=\"elementor-widget-container\">\n\t\t\t\t\t\t\t<div class=\"elementor-spacer\">\n\t\t\t<div class=\"elementor-spacer-inner\"><\/div>\n\t\t<\/div>\n\t\t\t\t\t\t<\/div>\n\t\t\t\t<\/div>\n\t\t\t\t\t<\/div>\n\t\t\t\t<\/div>\n\t\t<div class=\"elementor-element elementor-element-4467240 e-flex e-con-boxed e-con e-parent\" data-id=\"4467240\" data-element_type=\"container\" data-e-type=\"container\">\n\t\t\t\t\t<div class=\"e-con-inner\">\n\t\t\t\t<div class=\"elementor-element elementor-element-31a0d0e elementor-widget elementor-widget-spacer\" data-id=\"31a0d0e\" data-element_type=\"widget\" data-e-type=\"widget\" data-widget_type=\"spacer.default\">\n\t\t\t\t<div class=\"elementor-widget-container\">\n\t\t\t\t\t\t\t<div class=\"elementor-spacer\">\n\t\t\t<div class=\"elementor-spacer-inner\"><\/div>\n\t\t<\/div>\n\t\t\t\t\t\t<\/div>\n\t\t\t\t<\/div>\n\t\t\t\t\t<\/div>\n\t\t\t\t<\/div>\n\t\t<div class=\"elementor-element elementor-element-f7b662d e-flex e-con-boxed e-con e-parent\" data-id=\"f7b662d\" data-element_type=\"container\" data-e-type=\"container\">\n\t\t\t\t\t<div class=\"e-con-inner\">\n\t\t\t\t<div class=\"elementor-element elementor-element-06c6f7a elementor-widget elementor-widget-spacer\" data-id=\"06c6f7a\" data-element_type=\"widget\" data-e-type=\"widget\" data-widget_type=\"spacer.default\">\n\t\t\t\t<div class=\"elementor-widget-container\">\n\t\t\t\t\t\t\t<div class=\"elementor-spacer\">\n\t\t\t<div class=\"elementor-spacer-inner\"><\/div>\n\t\t<\/div>\n\t\t\t\t\t\t<\/div>\n\t\t\t\t<\/div>\n\t\t\t\t\t<\/div>\n\t\t\t\t<\/div>\n\t\t\t\t<\/div>","protected":false},"excerpt":{"rendered":"<p>AYAmplified Een nieuwe podcast-show van vzw SuperNils, voor en door jong-volwassenen met kanker. Onze organisatie is alweer trots een nieuw project te kunnen presenteren &#8230; AYAmplified! Een podcast-show voor en door jong-volwassenen met kanker. In deze reeks gaan we op zoek naar AYA&#8217;s met kanker, die met ons in gesprek willen gaan over het leven [&hellip;]<\/p>\n","protected":false},"author":2,"featured_media":0,"parent":0,"menu_order":0,"comment_status":"closed","ping_status":"closed","template":"","meta":{"_themeisle_gutenberg_block_has_review":false,"footnotes":""},"class_list":["post-20921","page","type-page","status-publish","hentry"],"_links":{"self":[{"href":"https:\/\/supernils.be\/fr\/wp-json\/wp\/v2\/pages\/20921","targetHints":{"allow":["GET"]}}],"collection":[{"href":"https:\/\/supernils.be\/fr\/wp-json\/wp\/v2\/pages"}],"about":[{"href":"https:\/\/supernils.be\/fr\/wp-json\/wp\/v2\/types\/page"}],"author":[{"embeddable":true,"href":"https:\/\/supernils.be\/fr\/wp-json\/wp\/v2\/users\/2"}],"replies":[{"embeddable":true,"href":"https:\/\/supernils.be\/fr\/wp-json\/wp\/v2\/comments?post=20921"}],"version-history":[{"count":20,"href":"https:\/\/supernils.be\/fr\/wp-json\/wp\/v2\/pages\/20921\/revisions"}],"predecessor-version":[{"id":23515,"href":"https:\/\/supernils.be\/fr\/wp-json\/wp\/v2\/pages\/20921\/revisions\/23515"}],"wp:attachment":[{"href":"https:\/\/supernils.be\/fr\/wp-json\/wp\/v2\/media?parent=20921"}],"curies":[{"name":"wp","href":"https:\/\/api.w.org\/{rel}","templated":true}]}}