{"id":20395,"date":"2025-05-24T08:42:53","date_gmt":"2025-05-24T06:42:53","guid":{"rendered":"https:\/\/supernils.be\/?page_id=20395"},"modified":"2025-11-25T16:51:07","modified_gmt":"2025-11-25T15:51:07","slug":"page-daccueil-du-gdpr","status":"publish","type":"page","link":"https:\/\/supernils.be\/fr\/gdpr-startpagina\/","title":{"rendered":"Page d'accueil GDPR"},"content":{"rendered":"<div data-elementor-type=\"wp-page\" data-elementor-id=\"20395\" class=\"elementor elementor-20395\" data-elementor-post-type=\"page\">\n\t\t\t\t<div class=\"elementor-element elementor-element-5ab2a2b6 e-con-full e-flex e-con e-parent\" data-id=\"5ab2a2b6\" data-element_type=\"container\" data-e-type=\"container\" data-settings=\"{&quot;background_background&quot;:&quot;classic&quot;}\">\n\t\t\t\t<div class=\"elementor-element elementor-element-bb61e0b elementor-widget elementor-widget-heading\" data-id=\"bb61e0b\" data-element_type=\"widget\" data-e-type=\"widget\" data-widget_type=\"heading.default\">\n\t\t\t\t<div class=\"elementor-widget-container\">\n\t\t\t\t\t<h2 class=\"elementor-heading-title elementor-size-default\">GDPR<\/h2>\t\t\t\t<\/div>\n\t\t\t\t<\/div>\n\t\t\t\t<div class=\"elementor-element elementor-element-55739c13 elementor-widget elementor-widget-heading\" data-id=\"55739c13\" data-element_type=\"widget\" data-e-type=\"widget\" data-widget_type=\"heading.default\">\n\t\t\t\t<div class=\"elementor-widget-container\">\n\t\t\t\t\t<h2 class=\"elementor-heading-title elementor-size-default\">Page importante !<\/h2>\t\t\t\t<\/div>\n\t\t\t\t<\/div>\n\t\t\t\t<div class=\"elementor-element elementor-element-2c4d2cc5 elementor-widget elementor-widget-heading\" data-id=\"2c4d2cc5\" data-element_type=\"widget\" data-e-type=\"widget\" data-widget_type=\"heading.default\">\n\t\t\t\t<div class=\"elementor-widget-container\">\n\t\t\t\t\t<h2 class=\"elementor-heading-title elementor-size-default\">Lisez ceci avant de commencer \u00e0 utiliser le SuperNils SuperVerse<\/h2>\t\t\t\t<\/div>\n\t\t\t\t<\/div>\n\t\t\t\t<div class=\"elementor-element elementor-element-a24a867 elementor-widget elementor-widget-heading\" data-id=\"a24a867\" data-element_type=\"widget\" data-e-type=\"widget\" data-widget_type=\"heading.default\">\n\t\t\t\t<div class=\"elementor-widget-container\">\n\t\t\t\t\t<h2 class=\"elementor-heading-title elementor-size-default\">Et n'oubliez pas de renvoyer le formulaire sign\u00e9 que vous trouverez ci-dessous...<\/h2>\t\t\t\t<\/div>\n\t\t\t\t<\/div>\n\t\t\t\t<\/div>\n\t\t<div class=\"elementor-element elementor-element-e65b4c3 e-flex e-con-boxed e-con e-parent\" data-id=\"e65b4c3\" data-element_type=\"container\" data-e-type=\"container\">\n\t\t\t\t\t<div class=\"e-con-inner\">\n\t\t\t\t<div class=\"elementor-element elementor-element-ffccb86 elementor-widget elementor-widget-spacer\" data-id=\"ffccb86\" data-element_type=\"widget\" data-e-type=\"widget\" data-widget_type=\"spacer.default\">\n\t\t\t\t<div class=\"elementor-widget-container\">\n\t\t\t\t\t\t\t<div class=\"elementor-spacer\">\n\t\t\t<div class=\"elementor-spacer-inner\"><\/div>\n\t\t<\/div>\n\t\t\t\t\t\t<\/div>\n\t\t\t\t<\/div>\n\t\t\t\t<div class=\"elementor-element elementor-element-cf59c8d elementor-widget elementor-widget-spacer\" data-id=\"cf59c8d\" data-element_type=\"widget\" data-e-type=\"widget\" data-widget_type=\"spacer.default\">\n\t\t\t\t<div class=\"elementor-widget-container\">\n\t\t\t\t\t\t\t<div class=\"elementor-spacer\">\n\t\t\t<div class=\"elementor-spacer-inner\"><\/div>\n\t\t<\/div>\n\t\t\t\t\t\t<\/div>\n\t\t\t\t<\/div>\n\t\t\t\t<div class=\"elementor-element elementor-element-ad6714c elementor-widget elementor-widget-text-editor\" data-id=\"ad6714c\" data-element_type=\"widget\" data-e-type=\"widget\" data-widget_type=\"text-editor.default\">\n\t\t\t\t<div class=\"elementor-widget-container\">\n\t\t\t\t\t\t\t\t\t<p>Comme l'asbl SuperNils attache une grande importance \u00e0 la s\u00e9curit\u00e9 de vos donn\u00e9es et \u00e0 votre vie priv\u00e9e, nous vous demandons de lire d'abord attentivement cette page et de compl\u00e9ter et renvoyer le formulaire qui se trouve plus bas sur cette page.<\/p><p>Au cours de l'exp\u00e9rience au sein du SuperVerse SuperNils, vous pouvez laisser certaines donn\u00e9es (un nom personnel, un nom de h\u00e9ros, vous avez des conversations avec des pairs dans lesquelles vous partagez certaines choses entre vous, etc.) Comme il peut s'agir d'informations personnelles et sensibles, nous avons pris sous notre aile quelqu'un qui avait des connaissances sp\u00e9cifiques sur les r\u00e9glementations GDPR. Il nous a aid\u00e9s \u00e0 r\u00e9diger correctement le contenu de cette page. De cette mani\u00e8re, vous pouvez \u00eatre s\u00fbr que vos donn\u00e9es seront trait\u00e9es correctement et en toute s\u00e9curit\u00e9.<\/p><p>Bien que nous ne prenions pas connaissance de vos donn\u00e9es personnelles et que nous ne les enregistrions nulle part, il y a tout de m\u00eame un traitement par l'asbl SuperNils au sens du R\u00e8glement g\u00e9n\u00e9ral sur la protection des donn\u00e9es. C'est pourquoi nous devons vous demander les informations ci-dessous et obtenir votre accord avant que vous puissiez d\u00e9marrer le beau projet \u201c SuperNils SuperVerse \u201d \u2013 Le monde d'AYA. Nous vous prions de nous excuser pour cette contrainte administrative, mais importante. Nous veillerons toutefois \u00e0 ce que cette contrainte soit aussi minime que possible.<\/p><p>Les <b>sign\u00e9<\/b>\u00a0<b>formulaire de consentement, <\/b>dans lequel vous vous\u00a0<strong>accord<\/strong>\u00a0donne pour le <strong>politique en mati\u00e8re de respect de la vie priv\u00e9e\/politique en mati\u00e8re de cookies<\/strong> de l'asbl SuperNils et<strong>\u00a0<\/strong>pour le traitement d'informations sensibles et de donn\u00e9es relatives \u00e0 la sant\u00e9 lors de l'utilisation de l'exp\u00e9rience de r\u00e9alit\u00e9 virtuelle \u201c SuperNils SuperVerse \u201d, s'applique \u00e9galement aux actions suivantes dans le cadre de ce projet :<\/p><ul><li>Utiliser des lunettes VR pour vivre l'exp\u00e9rience SuperNils SuperVerse<\/li><li>Fournir un retour d'information sur le projet\u00a0<\/li><li>Donner un retour d'information sur le projet de danse s\u00e9par\u00e9ment<\/li><li>Recherche de contacts entre pairs par le biais du SuperVerse VR SuperNils<\/li><\/ul>\t\t\t\t\t\t\t\t<\/div>\n\t\t\t\t<\/div>\n\t\t\t\t<div class=\"elementor-element elementor-element-bebb5ca elementor-widget elementor-widget-heading\" data-id=\"bebb5ca\" data-element_type=\"widget\" data-e-type=\"widget\" data-widget_type=\"heading.default\">\n\t\t\t\t<div class=\"elementor-widget-container\">\n\t\t\t\t\t<h2 class=\"elementor-heading-title elementor-size-default\">1\u00b0 Politique de confidentialit\u00e9 et politique en mati\u00e8re de cookies vzw SuperNils<\/h2>\t\t\t\t<\/div>\n\t\t\t\t<\/div>\n\t\t\t\t<div class=\"elementor-element elementor-element-99f588f elementor-widget elementor-widget-spacer\" data-id=\"99f588f\" data-element_type=\"widget\" data-e-type=\"widget\" data-widget_type=\"spacer.default\">\n\t\t\t\t<div class=\"elementor-widget-container\">\n\t\t\t\t\t\t\t<div class=\"elementor-spacer\">\n\t\t\t<div class=\"elementor-spacer-inner\"><\/div>\n\t\t<\/div>\n\t\t\t\t\t\t<\/div>\n\t\t\t\t<\/div>\n\t\t\t\t<div class=\"elementor-element elementor-element-2d61cd0 elementor-position-right elementor-vertical-align-top elementor-widget elementor-widget-image-box\" data-id=\"2d61cd0\" data-element_type=\"widget\" data-e-type=\"widget\" data-widget_type=\"image-box.default\">\n\t\t\t\t<div class=\"elementor-widget-container\">\n\t\t\t\t\t<div class=\"elementor-image-box-wrapper\"><figure class=\"elementor-image-box-img\"><a href=\"https:\/\/supernils.be\/fr\/privacy-en-cookie-policy\/\" tabindex=\"-1\"><img fetchpriority=\"high\" decoding=\"async\" width=\"940\" height=\"788\" src=\"https:\/\/supernils.be\/wp-content\/uploads\/2025\/05\/Privacy-Cookie.png\" class=\"attachment-full size-full wp-image-19610\" alt=\"\" srcset=\"https:\/\/supernils.be\/wp-content\/uploads\/2025\/05\/Privacy-Cookie.png 940w, https:\/\/supernils.be\/wp-content\/uploads\/2025\/05\/Privacy-Cookie-300x251.png 300w, https:\/\/supernils.be\/wp-content\/uploads\/2025\/05\/Privacy-Cookie-768x644.png 768w, https:\/\/supernils.be\/wp-content\/uploads\/2025\/05\/Privacy-Cookie-14x12.png 14w, https:\/\/supernils.be\/wp-content\/uploads\/2025\/05\/Privacy-Cookie-299x251.png 299w, https:\/\/supernils.be\/wp-content\/uploads\/2025\/05\/Privacy-Cookie-572x480.png 572w\" sizes=\"(max-width: 940px) 100vw, 940px\" \/><\/a><\/figure><div class=\"elementor-image-box-content\"><p class=\"elementor-image-box-description\">\u00c0 droite, vous trouverez le lien vers le texte de notre politique de confidentialit\u00e9 et de notre politique en mati\u00e8re de cookies que nous appliquons sur notre site web. Vous pouvez \u00e9galement les trouver en cliquant sur le lien situ\u00e9 dans le pied de page du site web.<br><br>Sachez \u00e9galement que le conseil d'administration de l'asbl SuperNils et les partenaires qui ont collabor\u00e9 \u00e0 ce projet se sont engag\u00e9s \u00e0 traiter de mani\u00e8re confidentielle toutes les donn\u00e9es que nous pourrions recevoir (informations sensibles, donn\u00e9es \u00e0 caract\u00e8re personnel et donn\u00e9es relatives \u00e0 la sant\u00e9). Les informations ne seront jamais partag\u00e9es avec des tiers sans l'accord pr\u00e9alable de la personne concern\u00e9e.\n\nLisez attentivement le texte afin de pouvoir donner votre accord \u00e0 cette politique dans le formulaire de consentement.<\/p><\/div><\/div>\t\t\t\t<\/div>\n\t\t\t\t<\/div>\n\t\t\t\t\t<\/div>\n\t\t\t\t<\/div>\n\t\t<div class=\"elementor-element elementor-element-6532e04 e-flex e-con-boxed e-con e-parent\" data-id=\"6532e04\" data-element_type=\"container\" data-e-type=\"container\">\n\t\t\t\t\t<div class=\"e-con-inner\">\n\t\t\t\t<div class=\"elementor-element elementor-element-29720fc elementor-widget elementor-widget-spacer\" data-id=\"29720fc\" data-element_type=\"widget\" data-e-type=\"widget\" data-widget_type=\"spacer.default\">\n\t\t\t\t<div class=\"elementor-widget-container\">\n\t\t\t\t\t\t\t<div class=\"elementor-spacer\">\n\t\t\t<div class=\"elementor-spacer-inner\"><\/div>\n\t\t<\/div>\n\t\t\t\t\t\t<\/div>\n\t\t\t\t<\/div>\n\t\t\t\t<div class=\"elementor-element elementor-element-e354e24 elementor-widget elementor-widget-heading\" data-id=\"e354e24\" data-element_type=\"widget\" data-e-type=\"widget\" data-widget_type=\"heading.default\">\n\t\t\t\t<div class=\"elementor-widget-container\">\n\t\t\t\t\t<h2 class=\"elementor-heading-title elementor-size-default\">2\u00b0 Formulaire de consentement pour le traitement d'informations sensibles et de donn\u00e9es relatives \u00e0 la sant\u00e9<\/h2>\t\t\t\t<\/div>\n\t\t\t\t<\/div>\n\t\t\t\t<div class=\"elementor-element elementor-element-5121d2a elementor-widget elementor-widget-spacer\" data-id=\"5121d2a\" data-element_type=\"widget\" data-e-type=\"widget\" data-widget_type=\"spacer.default\">\n\t\t\t\t<div class=\"elementor-widget-container\">\n\t\t\t\t\t\t\t<div class=\"elementor-spacer\">\n\t\t\t<div class=\"elementor-spacer-inner\"><\/div>\n\t\t<\/div>\n\t\t\t\t\t\t<\/div>\n\t\t\t\t<\/div>\n\t\t\t\t<div class=\"elementor-element elementor-element-f819fa0 elementor-position-right elementor-vertical-align-top elementor-widget elementor-widget-image-box\" data-id=\"f819fa0\" data-element_type=\"widget\" data-e-type=\"widget\" data-widget_type=\"image-box.default\">\n\t\t\t\t<div class=\"elementor-widget-container\">\n\t\t\t\t\t<div class=\"elementor-image-box-wrapper\"><figure class=\"elementor-image-box-img\"><a href=\"https:\/\/supernils.be\/fr\/bijlage-3-toestemmingsformulier-voor-de-verwerking-van-gevoelige-en-gezondheidsgegevens\/\" tabindex=\"-1\"><img decoding=\"async\" width=\"940\" height=\"788\" src=\"https:\/\/supernils.be\/wp-content\/uploads\/2025\/05\/Toestemming.png\" class=\"attachment-full size-full wp-image-19611\" alt=\"\" srcset=\"https:\/\/supernils.be\/wp-content\/uploads\/2025\/05\/Toestemming.png 940w, https:\/\/supernils.be\/wp-content\/uploads\/2025\/05\/Toestemming-300x251.png 300w, https:\/\/supernils.be\/wp-content\/uploads\/2025\/05\/Toestemming-768x644.png 768w, https:\/\/supernils.be\/wp-content\/uploads\/2025\/05\/Toestemming-14x12.png 14w, https:\/\/supernils.be\/wp-content\/uploads\/2025\/05\/Toestemming-299x251.png 299w, https:\/\/supernils.be\/wp-content\/uploads\/2025\/05\/Toestemming-572x480.png 572w\" sizes=\"(max-width: 940px) 100vw, 940px\" \/><\/a><\/figure><div class=\"elementor-image-box-content\"><p class=\"elementor-image-box-description\">Vous trouverez ci-contre le lien vers le <b>formulaire de consentement<\/b> pour le traitement des informations sensibles et des donn\u00e9es relatives \u00e0 la sant\u00e9 lors de l'utilisation de l'exp\u00e9rience de r\u00e9alit\u00e9 virtuelle \" SuperNils SuperVerse \" - Le monde d'AYA. Vous pouvez y t\u00e9l\u00e9charger et imprimer le document, puis le remplir. Dans la mallette VR, vous trouverez normalement plusieurs formulaires vierges que vous pouvez utiliser. S'ils sont presque \u00e9puis\u00e9s, veuillez en informer l'\u00e9quipe AYA. Elle vous fournira de nouvelles copies.<br>\n<br>Apr\u00e8s avoir lu la politique de confidentialit\u00e9 et le formulaire de consentement, vous devez encore compl\u00e9ter les informations manquantes, dater et signer le formulaire. Renvoyez-le ensuite \u00e0 l'\u00e9quipe AYA. Elle conservera le document dans un dossier, dans une armoire ferm\u00e9e \u00e0 cl\u00e9, \u00e0 l'h\u00f4pital. <br>ATTENTION : vous ne devez remettre ce formulaire que la toute premi\u00e8re fois que vous utilisez les lunettes VR. Une fois les donn\u00e9es remplies et sign\u00e9es, elles restent valables pour une utilisation s\u00fbre de l'application.<br><br>Merci de suivre cela de pr\u00e8s.<\/p><\/div><\/div>\t\t\t\t<\/div>\n\t\t\t\t<\/div>\n\t\t<div class=\"elementor-element elementor-element-b5076b5 e-grid e-con-boxed e-con e-child\" data-id=\"b5076b5\" data-element_type=\"container\" data-e-type=\"container\">\n\t\t\t\t\t<div class=\"e-con-inner\">\n\t\t\t\t<div class=\"elementor-element elementor-element-021acbf elementor-widget elementor-widget-image\" data-id=\"021acbf\" data-element_type=\"widget\" data-e-type=\"widget\" data-widget_type=\"image.default\">\n\t\t\t\t<div class=\"elementor-widget-container\">\n\t\t\t\t\t\t\t\t\t\t\t\t\t\t\t\t<a href=\"https:\/\/supernils.be\/fr\/bijlage-5-versie-engels-toestemmingsformulier-voor-de-verwerking-van-gevoelige-en-gezondheidsgegevens\/\">\n\t\t\t\t\t\t\t<img decoding=\"async\" width=\"800\" height=\"671\" src=\"https:\/\/supernils.be\/wp-content\/uploads\/2025\/11\/2-1.png\" class=\"attachment-large size-large wp-image-22171\" alt=\"\" srcset=\"https:\/\/supernils.be\/wp-content\/uploads\/2025\/11\/2-1.png 940w, https:\/\/supernils.be\/wp-content\/uploads\/2025\/11\/2-1-300x251.png 300w, https:\/\/supernils.be\/wp-content\/uploads\/2025\/11\/2-1-768x644.png 768w, https:\/\/supernils.be\/wp-content\/uploads\/2025\/11\/2-1-14x12.png 14w, https:\/\/supernils.be\/wp-content\/uploads\/2025\/11\/2-1-299x251.png 299w, https:\/\/supernils.be\/wp-content\/uploads\/2025\/11\/2-1-572x480.png 572w\" sizes=\"(max-width: 800px) 100vw, 800px\" \/>\t\t\t\t\t\t\t\t<\/a>\n\t\t\t\t\t\t\t\t\t\t\t\t\t\t\t<\/div>\n\t\t\t\t<\/div>\n\t\t\t\t<div class=\"elementor-element elementor-element-773d33a elementor-widget elementor-widget-image\" data-id=\"773d33a\" data-element_type=\"widget\" data-e-type=\"widget\" data-widget_type=\"image.default\">\n\t\t\t\t<div class=\"elementor-widget-container\">\n\t\t\t\t\t\t\t\t\t\t\t\t\t\t\t\t<a href=\"https:\/\/supernils.be\/fr\/bijlage-4-versie-frans-toestemmingsformulier-voor-de-verwerking-van-gevoelige-en-gezondheidsgegevens\/\">\n\t\t\t\t\t\t\t<img loading=\"lazy\" decoding=\"async\" width=\"800\" height=\"671\" src=\"https:\/\/supernils.be\/wp-content\/uploads\/2025\/11\/1-1.png\" class=\"attachment-large size-large wp-image-22170\" alt=\"\" srcset=\"https:\/\/supernils.be\/wp-content\/uploads\/2025\/11\/1-1.png 940w, https:\/\/supernils.be\/wp-content\/uploads\/2025\/11\/1-1-300x251.png 300w, https:\/\/supernils.be\/wp-content\/uploads\/2025\/11\/1-1-768x644.png 768w, https:\/\/supernils.be\/wp-content\/uploads\/2025\/11\/1-1-14x12.png 14w, https:\/\/supernils.be\/wp-content\/uploads\/2025\/11\/1-1-299x251.png 299w, https:\/\/supernils.be\/wp-content\/uploads\/2025\/11\/1-1-572x480.png 572w\" sizes=\"(max-width: 800px) 100vw, 800px\" \/>\t\t\t\t\t\t\t\t<\/a>\n\t\t\t\t\t\t\t\t\t\t\t\t\t\t\t<\/div>\n\t\t\t\t<\/div>\n\t\t\t\t\t<\/div>\n\t\t\t\t<\/div>\n\t\t\t\t<div class=\"elementor-element elementor-element-99d6174 elementor-widget elementor-widget-spacer\" data-id=\"99d6174\" data-element_type=\"widget\" data-e-type=\"widget\" data-widget_type=\"spacer.default\">\n\t\t\t\t<div class=\"elementor-widget-container\">\n\t\t\t\t\t\t\t<div class=\"elementor-spacer\">\n\t\t\t<div class=\"elementor-spacer-inner\"><\/div>\n\t\t<\/div>\n\t\t\t\t\t\t<\/div>\n\t\t\t\t<\/div>\n\t\t\t\t\t<\/div>\n\t\t\t\t<\/div>\n\t\t\t\t<\/div>","protected":false},"excerpt":{"rendered":"<p>GDPR Belangrijke pagina ! Lees dit vooraleer je aan de slag gaat met de SuperNils SuperVerse En bezorg daarna zeker het ondertekende formulier dat je hieronder terugvindt &#8230; Omdat vzw SuperNils de veiligheid van jouw gegevens en je privacy enorm belangrijk vindt, vragen we om deze pagina eerst grondig door te nemen en het formulier [&hellip;]<\/p>\n","protected":false},"author":2,"featured_media":0,"parent":0,"menu_order":0,"comment_status":"closed","ping_status":"closed","template":"","meta":{"_themeisle_gutenberg_block_has_review":false,"footnotes":""},"class_list":["post-20395","page","type-page","status-publish","hentry"],"_links":{"self":[{"href":"https:\/\/supernils.be\/fr\/wp-json\/wp\/v2\/pages\/20395","targetHints":{"allow":["GET"]}}],"collection":[{"href":"https:\/\/supernils.be\/fr\/wp-json\/wp\/v2\/pages"}],"about":[{"href":"https:\/\/supernils.be\/fr\/wp-json\/wp\/v2\/types\/page"}],"author":[{"embeddable":true,"href":"https:\/\/supernils.be\/fr\/wp-json\/wp\/v2\/users\/2"}],"replies":[{"embeddable":true,"href":"https:\/\/supernils.be\/fr\/wp-json\/wp\/v2\/comments?post=20395"}],"version-history":[{"count":92,"href":"https:\/\/supernils.be\/fr\/wp-json\/wp\/v2\/pages\/20395\/revisions"}],"predecessor-version":[{"id":22187,"href":"https:\/\/supernils.be\/fr\/wp-json\/wp\/v2\/pages\/20395\/revisions\/22187"}],"wp:attachment":[{"href":"https:\/\/supernils.be\/fr\/wp-json\/wp\/v2\/media?parent=20395"}],"curies":[{"name":"wp","href":"https:\/\/api.w.org\/{rel}","templated":true}]}}