{"id":20341,"date":"2025-05-24T00:02:22","date_gmt":"2025-05-23T22:02:22","guid":{"rendered":"https:\/\/supernils.be\/?page_id=20341"},"modified":"2025-12-20T20:53:13","modified_gmt":"2025-12-20T19:53:13","slug":"feedback-fri","status":"publish","type":"page","link":"https:\/\/supernils.be\/fr\/feedback-vr\/","title":{"rendered":"Feedback VR"},"content":{"rendered":"<div data-elementor-type=\"wp-page\" data-elementor-id=\"20341\" class=\"elementor elementor-20341\" data-elementor-post-type=\"page\">\n\t\t\t\t<div class=\"elementor-element elementor-element-37b3c64f e-flex e-con-boxed e-con e-parent\" data-id=\"37b3c64f\" data-element_type=\"container\" data-e-type=\"container\" data-settings=\"{&quot;background_background&quot;:&quot;classic&quot;,&quot;shape_divider_top&quot;:&quot;curve&quot;,&quot;shape_divider_bottom&quot;:&quot;curve-asymmetrical&quot;}\">\n\t\t\t\t\t<div class=\"e-con-inner\">\n\t\t\t\t<div class=\"elementor-shape elementor-shape-top\" aria-hidden=\"true\" data-negative=\"false\">\n\t\t\t<svg xmlns=\"http:\/\/www.w3.org\/2000\/svg\" viewbox=\"0 0 1000 100\" preserveaspectratio=\"none\">\n    <path class=\"elementor-shape-fill\" d=\"M1000,4.3V0H0v4.3C0.9,23.1,126.7,99.2,500,100S1000,22.7,1000,4.3z\"\/>\n<\/svg>\t\t<\/div>\n\t\t\t\t<div class=\"elementor-shape elementor-shape-bottom\" aria-hidden=\"true\" data-negative=\"false\">\n\t\t\t<svg xmlns=\"http:\/\/www.w3.org\/2000\/svg\" viewbox=\"0 0 1000 100\" preserveaspectratio=\"none\">\n\t<path class=\"elementor-shape-fill\" d=\"M0,0c0,0,0,6,0,6.7c0,18,240.2,93.6,615.2,92.6C989.8,98.5,1000,25,1000,6.7c0-0.7,0-6.7,0-6.7H0z\"\/>\n<\/svg>\t\t<\/div>\n\t\t\t\t<div class=\"elementor-element elementor-element-51c01250 elementor-widget elementor-widget-image\" data-id=\"51c01250\" data-element_type=\"widget\" data-e-type=\"widget\" data-widget_type=\"image.default\">\n\t\t\t\t<div class=\"elementor-widget-container\">\n\t\t\t\t\t\t\t\t\t\t\t\t\t\t\t<img fetchpriority=\"high\" decoding=\"async\" width=\"800\" height=\"671\" src=\"https:\/\/supernils.be\/wp-content\/uploads\/2025\/05\/Feedback.png\" class=\"attachment-large size-large wp-image-20344\" alt=\"\" srcset=\"https:\/\/supernils.be\/wp-content\/uploads\/2025\/05\/Feedback.png 940w, https:\/\/supernils.be\/wp-content\/uploads\/2025\/05\/Feedback-300x251.png 300w, https:\/\/supernils.be\/wp-content\/uploads\/2025\/05\/Feedback-768x644.png 768w, https:\/\/supernils.be\/wp-content\/uploads\/2025\/05\/Feedback-14x12.png 14w, https:\/\/supernils.be\/wp-content\/uploads\/2025\/05\/Feedback-299x251.png 299w, https:\/\/supernils.be\/wp-content\/uploads\/2025\/05\/Feedback-572x480.png 572w\" sizes=\"(max-width: 800px) 100vw, 800px\" \/>\t\t\t\t\t\t\t\t\t\t\t\t\t\t\t<\/div>\n\t\t\t\t<\/div>\n\t\t<div class=\"elementor-element elementor-element-bd8dbc8 e-con-full e-flex e-con e-child\" data-id=\"bd8dbc8\" data-element_type=\"container\" data-e-type=\"container\">\n\t\t\t\t<div class=\"elementor-element elementor-element-67296bf3 animated-slow elementor-invisible elementor-widget elementor-widget-heading\" data-id=\"67296bf3\" data-element_type=\"widget\" data-e-type=\"widget\" data-settings=\"{&quot;_animation&quot;:&quot;slideInUp&quot;}\" data-widget_type=\"heading.default\">\n\t\t\t\t<div class=\"elementor-widget-container\">\n\t\t\t\t\t<h2 class=\"elementor-heading-title elementor-size-default\">Vous pouvez aider l'organisation \u00e0 but non lucratif SuperNils<\/h2>\t\t\t\t<\/div>\n\t\t\t\t<\/div>\n\t\t\t\t<div class=\"elementor-element elementor-element-5b4176fe animated-slow elementor-invisible elementor-widget elementor-widget-heading\" data-id=\"5b4176fe\" data-element_type=\"widget\" data-e-type=\"widget\" data-settings=\"{&quot;_animation&quot;:&quot;slideInUp&quot;}\" data-widget_type=\"heading.default\">\n\t\t\t\t<div class=\"elementor-widget-container\">\n\t\t\t\t\t<h2 class=\"elementor-heading-title elementor-size-default\">Veuillez nous faire part de vos commentaires<\/h2>\t\t\t\t<\/div>\n\t\t\t\t<\/div>\n\t\t\t\t<div class=\"elementor-element elementor-element-2906da53 elementor-widget elementor-widget-text-editor\" data-id=\"2906da53\" data-element_type=\"widget\" data-e-type=\"widget\" data-widget_type=\"text-editor.default\">\n\t\t\t\t<div class=\"elementor-widget-container\">\n\t\t\t\t\t\t\t\t\t<p>Ce n'est que gr\u00e2ce \u00e0 vos commentaires que nous pouvons am\u00e9liorer le SuperVerse SuperNils et l'adapter encore plus \u00e0 vos questions et \u00e0 vos besoins.<\/p>\t\t\t\t\t\t\t\t<\/div>\n\t\t\t\t<\/div>\n\t\t\t\t<\/div>\n\t\t\t\t\t<\/div>\n\t\t\t\t<\/div>\n\t\t<div class=\"elementor-element elementor-element-da7d00a e-flex e-con-boxed e-con e-parent\" data-id=\"da7d00a\" data-element_type=\"container\" data-e-type=\"container\">\n\t\t\t\t\t<div class=\"e-con-inner\">\n\t\t\t\t<div class=\"elementor-element elementor-element-db8c531 elementor-widget elementor-widget-spacer\" data-id=\"db8c531\" data-element_type=\"widget\" data-e-type=\"widget\" data-widget_type=\"spacer.default\">\n\t\t\t\t<div class=\"elementor-widget-container\">\n\t\t\t\t\t\t\t<div class=\"elementor-spacer\">\n\t\t\t<div class=\"elementor-spacer-inner\"><\/div>\n\t\t<\/div>\n\t\t\t\t\t\t<\/div>\n\t\t\t\t<\/div>\n\t\t\t\t<div class=\"elementor-element elementor-element-9e3e817 elementor-widget elementor-widget-heading\" data-id=\"9e3e817\" data-element_type=\"widget\" data-e-type=\"widget\" data-widget_type=\"heading.default\">\n\t\t\t\t<div class=\"elementor-widget-container\">\n\t\t\t\t\t<h2 class=\"elementor-heading-title elementor-size-default\">Donner son avis<\/h2>\t\t\t\t<\/div>\n\t\t\t\t<\/div>\n\t\t\t\t<div class=\"elementor-element elementor-element-98528de elementor-widget elementor-widget-spacer\" data-id=\"98528de\" data-element_type=\"widget\" data-e-type=\"widget\" data-widget_type=\"spacer.default\">\n\t\t\t\t<div class=\"elementor-widget-container\">\n\t\t\t\t\t\t\t<div class=\"elementor-spacer\">\n\t\t\t<div class=\"elementor-spacer-inner\"><\/div>\n\t\t<\/div>\n\t\t\t\t\t\t<\/div>\n\t\t\t\t<\/div>\n\t\t\t\t<div class=\"elementor-element elementor-element-59570d5 elementor-widget elementor-widget-text-editor\" data-id=\"59570d5\" data-element_type=\"widget\" data-e-type=\"widget\" data-widget_type=\"text-editor.default\">\n\t\t\t\t<div class=\"elementor-widget-container\">\n\t\t\t\t\t\t\t\t\t<p><strong>Votre avis est tr\u00e8s important pour nous ! Utilisez les boutons rouges et orange ci-dessous pour nous faire part de vos commentaires.<\/strong><\/p>\n<p>Vous pouvez donner en permanence votre avis sur vos exp\u00e9riences avec SuperNils SuperVerse \u201c Le monde d'AYA \u201d. Vos commentaires seront transmis au conseil d'administration de l'asbl SuperNils, qui les int\u00e9grera dans un rapport mensuel. Ces rapports seront ensuite utilis\u00e9s pour ajuster et adapter l'application afin qu'elle continue \u00e0 r\u00e9pondre \u00e0 vos attentes et \u00e0 vos souhaits. Les adaptations auront lieu une fois par an, afin de limiter les co\u00fbts.<\/p>\n<p>Gr\u00e2ce \u00e0 vos commentaires, nous avons \u00e9galement un aper\u00e7u de l'utilisation de l'application et des diff\u00e9rents outils int\u00e9gr\u00e9s. Cela nous permet de mieux adapter l'application aux besoins et aux souhaits, et d'utiliser notre mat\u00e9riel de mani\u00e8re plus efficace avec nos partenaires.<\/p>\n<p>Veillez donc \u00e0 remplir r\u00e9guli\u00e8rement le formulaire (oui, vous pouvez le faire plusieurs fois !)., <strong>Apr\u00e8s tout, votre retour d'information est plus que pr\u00e9cieux<\/strong>!<\/p>\t\t\t\t\t\t\t\t<\/div>\n\t\t\t\t<\/div>\n\t\t\t\t<div class=\"elementor-element elementor-element-b327fee elementor-align-center elementor-widget elementor-widget-button\" data-id=\"b327fee\" data-element_type=\"widget\" data-e-type=\"widget\" data-widget_type=\"button.default\">\n\t\t\t\t<div class=\"elementor-widget-container\">\n\t\t\t\t\t\t\t\t\t<div class=\"elementor-button-wrapper\">\n\t\t\t\t\t<a class=\"elementor-button elementor-button-link elementor-size-sm\" href=\"https:\/\/nl.surveymonkey.com\/r\/3BSPRQH\">\n\t\t\t\t\t\t<span class=\"elementor-button-content-wrapper\">\n\t\t\t\t\t\t\t\t\t<span class=\"elementor-button-text\">Veuillez nous faire part de vos commentaires<\/span>\n\t\t\t\t\t<\/span>\n\t\t\t\t\t<\/a>\n\t\t\t\t<\/div>\n\t\t\t\t\t\t\t\t<\/div>\n\t\t\t\t<\/div>\n\t\t\t\t<div class=\"elementor-element elementor-element-f52de83 elementor-align-center elementor-widget elementor-widget-button\" data-id=\"f52de83\" data-element_type=\"widget\" data-e-type=\"widget\" data-widget_type=\"button.default\">\n\t\t\t\t<div class=\"elementor-widget-container\">\n\t\t\t\t\t\t\t\t\t<div class=\"elementor-button-wrapper\">\n\t\t\t\t\t<a class=\"elementor-button elementor-button-link elementor-size-sm\" href=\"https:\/\/nl.surveymonkey.com\/r\/87B29XN\">\n\t\t\t\t\t\t<span class=\"elementor-button-content-wrapper\">\n\t\t\t\t\t\t\t\t\t<span class=\"elementor-button-text\">Retour d'information sur le projet de danse en particulier<\/span>\n\t\t\t\t\t<\/span>\n\t\t\t\t\t<\/a>\n\t\t\t\t<\/div>\n\t\t\t\t\t\t\t\t<\/div>\n\t\t\t\t<\/div>\n\t\t\t\t<div class=\"elementor-element elementor-element-800caa8 elementor-widget elementor-widget-spacer\" data-id=\"800caa8\" data-element_type=\"widget\" data-e-type=\"widget\" data-widget_type=\"spacer.default\">\n\t\t\t\t<div class=\"elementor-widget-container\">\n\t\t\t\t\t\t\t<div class=\"elementor-spacer\">\n\t\t\t<div class=\"elementor-spacer-inner\"><\/div>\n\t\t<\/div>\n\t\t\t\t\t\t<\/div>\n\t\t\t\t<\/div>\n\t\t\t\t\t<\/div>\n\t\t\t\t<\/div>\n\t\t<div class=\"elementor-element elementor-element-42db552 e-flex e-con-boxed e-con e-parent\" data-id=\"42db552\" data-element_type=\"container\" data-e-type=\"container\">\n\t\t\t\t\t<div class=\"e-con-inner\">\n\t\t\t\t<div class=\"elementor-element elementor-element-01b61b8 elementor-widget elementor-widget-spacer\" data-id=\"01b61b8\" data-element_type=\"widget\" data-e-type=\"widget\" data-widget_type=\"spacer.default\">\n\t\t\t\t<div class=\"elementor-widget-container\">\n\t\t\t\t\t\t\t<div class=\"elementor-spacer\">\n\t\t\t<div class=\"elementor-spacer-inner\"><\/div>\n\t\t<\/div>\n\t\t\t\t\t\t<\/div>\n\t\t\t\t<\/div>\n\t\t\t\t\t<\/div>\n\t\t\t\t<\/div>\n\t\t\t\t<\/div>","protected":false},"excerpt":{"rendered":"<p>Je kan vzw SuperNils helpen Geef feedback a.u.b. Alleen dankzij jullie feedback kunnen we de SuperNils SuperVerse verbeteren en nog meer afstemmen op jullie vragen en noden. Feedback geven Jou feedback is enorm belangrijk voor ons! Gebruik daarvoor de rode en oranje knoppen hieronder. Je kan permanent feedback geven over jullie ervaringen met de SuperNils [&hellip;]<\/p>\n","protected":false},"author":2,"featured_media":0,"parent":0,"menu_order":0,"comment_status":"closed","ping_status":"closed","template":"","meta":{"_themeisle_gutenberg_block_has_review":false,"footnotes":""},"class_list":["post-20341","page","type-page","status-publish","hentry"],"_links":{"self":[{"href":"https:\/\/supernils.be\/fr\/wp-json\/wp\/v2\/pages\/20341","targetHints":{"allow":["GET"]}}],"collection":[{"href":"https:\/\/supernils.be\/fr\/wp-json\/wp\/v2\/pages"}],"about":[{"href":"https:\/\/supernils.be\/fr\/wp-json\/wp\/v2\/types\/page"}],"author":[{"embeddable":true,"href":"https:\/\/supernils.be\/fr\/wp-json\/wp\/v2\/users\/2"}],"replies":[{"embeddable":true,"href":"https:\/\/supernils.be\/fr\/wp-json\/wp\/v2\/comments?post=20341"}],"version-history":[{"count":41,"href":"https:\/\/supernils.be\/fr\/wp-json\/wp\/v2\/pages\/20341\/revisions"}],"predecessor-version":[{"id":23210,"href":"https:\/\/supernils.be\/fr\/wp-json\/wp\/v2\/pages\/20341\/revisions\/23210"}],"wp:attachment":[{"href":"https:\/\/supernils.be\/fr\/wp-json\/wp\/v2\/media?parent=20341"}],"curies":[{"name":"wp","href":"https:\/\/api.w.org\/{rel}","templated":true}]}}