{"id":20239,"date":"2025-05-23T21:45:30","date_gmt":"2025-05-23T19:45:30","guid":{"rendered":"https:\/\/supernils.be\/?page_id=20239"},"modified":"2025-12-28T16:43:52","modified_gmt":"2025-12-28T15:43:52","slug":"sponsors-fri","status":"publish","type":"page","link":"https:\/\/supernils.be\/fr\/sponsors-vr\/","title":{"rendered":"028-Page des sponsors VR"},"content":{"rendered":"<div data-elementor-type=\"wp-page\" data-elementor-id=\"20239\" class=\"elementor elementor-20239\" data-elementor-post-type=\"page\">\n\t\t\t\t<div class=\"elementor-element elementor-element-51403814 e-con-full e-flex e-con e-parent\" data-id=\"51403814\" data-element_type=\"container\" data-e-type=\"container\" data-settings=\"{&quot;background_background&quot;:&quot;classic&quot;,&quot;shape_divider_bottom&quot;:&quot;waves&quot;}\">\n\t\t\t\t<div class=\"elementor-shape elementor-shape-bottom\" aria-hidden=\"true\" data-negative=\"false\">\n\t\t\t<svg xmlns=\"http:\/\/www.w3.org\/2000\/svg\" viewbox=\"0 0 1000 100\" preserveaspectratio=\"none\">\n\t<path class=\"elementor-shape-fill\" d=\"M421.9,6.5c22.6-2.5,51.5,0.4,75.5,5.3c23.6,4.9,70.9,23.5,100.5,35.7c75.8,32.2,133.7,44.5,192.6,49.7\tc23.6,2.1,48.7,3.5,103.4-2.5c54.7-6,106.2-25.6,106.2-25.6V0H0v30.3c0,0,72,32.6,158.4,30.5c39.2-0.7,92.8-6.7,134-22.4\tc21.2-8.1,52.2-18.2,79.7-24.2C399.3,7.9,411.6,7.5,421.9,6.5z\"\/>\n<\/svg>\t\t<\/div>\n\t\t<div class=\"elementor-element elementor-element-5c76ff99 e-con-full e-flex e-con e-child\" data-id=\"5c76ff99\" data-element_type=\"container\" data-e-type=\"container\">\n\t\t\t\t<div class=\"elementor-element elementor-element-21f0148a animated-slow elementor-invisible elementor-widget elementor-widget-heading\" data-id=\"21f0148a\" data-element_type=\"widget\" data-e-type=\"widget\" data-settings=\"{&quot;_animation&quot;:&quot;slideInUp&quot;}\" data-widget_type=\"heading.default\">\n\t\t\t\t<div class=\"elementor-widget-container\">\n\t\t\t\t\t<h2 class=\"elementor-heading-title elementor-size-default\">Sans eux, nous ne pourrions pas r\u00e9aliser ce projet !<\/h2>\t\t\t\t<\/div>\n\t\t\t\t<\/div>\n\t\t\t\t<div class=\"elementor-element elementor-element-39afef0e animated-slow elementor-invisible elementor-widget elementor-widget-heading\" data-id=\"39afef0e\" data-element_type=\"widget\" data-e-type=\"widget\" data-settings=\"{&quot;_animation&quot;:&quot;slideInUp&quot;}\" data-widget_type=\"heading.default\">\n\t\t\t\t<div class=\"elementor-widget-container\">\n\t\t\t\t\t<h2 class=\"elementor-heading-title elementor-size-default\">Sponsors SuperNils SuperVerse<br>\"Le monde d'AYA<\/h2>\t\t\t\t<\/div>\n\t\t\t\t<\/div>\n\t\t\t\t<\/div>\n\t\t<div class=\"elementor-element elementor-element-22b3d90a e-con-full e-flex e-con e-child\" data-id=\"22b3d90a\" data-element_type=\"container\" data-e-type=\"container\">\n\t\t\t\t<div class=\"elementor-element elementor-element-561db263 elementor-widget__width-initial elementor-widget elementor-widget-image\" data-id=\"561db263\" data-element_type=\"widget\" data-e-type=\"widget\" data-widget_type=\"image.default\">\n\t\t\t\t<div class=\"elementor-widget-container\">\n\t\t\t\t\t\t\t\t\t\t\t\t\t\t\t<img fetchpriority=\"high\" decoding=\"async\" width=\"800\" height=\"671\" src=\"https:\/\/supernils.be\/wp-content\/uploads\/2025\/05\/De-wereld-van-AYA.png\" class=\"attachment-large size-large wp-image-21021\" alt=\"\" srcset=\"https:\/\/supernils.be\/wp-content\/uploads\/2025\/05\/De-wereld-van-AYA.png 940w, https:\/\/supernils.be\/wp-content\/uploads\/2025\/05\/De-wereld-van-AYA-300x251.png 300w, https:\/\/supernils.be\/wp-content\/uploads\/2025\/05\/De-wereld-van-AYA-768x644.png 768w, https:\/\/supernils.be\/wp-content\/uploads\/2025\/05\/De-wereld-van-AYA-14x12.png 14w, https:\/\/supernils.be\/wp-content\/uploads\/2025\/05\/De-wereld-van-AYA-299x251.png 299w, https:\/\/supernils.be\/wp-content\/uploads\/2025\/05\/De-wereld-van-AYA-572x480.png 572w\" sizes=\"(max-width: 800px) 100vw, 800px\" \/>\t\t\t\t\t\t\t\t\t\t\t\t\t\t\t<\/div>\n\t\t\t\t<\/div>\n\t\t\t\t<div class=\"elementor-element elementor-element-767b9a2e elementor-widget__width-initial elementor-widget elementor-widget-image\" data-id=\"767b9a2e\" data-element_type=\"widget\" data-e-type=\"widget\" data-widget_type=\"image.default\">\n\t\t\t\t<div class=\"elementor-widget-container\">\n\t\t\t\t\t\t\t\t\t\t\t\t\t\t\t<img decoding=\"async\" width=\"800\" height=\"671\" src=\"https:\/\/supernils.be\/wp-content\/uploads\/2023\/09\/VR-patient.png\" class=\"attachment-large size-large wp-image-14916\" alt=\"\" srcset=\"https:\/\/supernils.be\/wp-content\/uploads\/2023\/09\/VR-patient.png 940w, https:\/\/supernils.be\/wp-content\/uploads\/2023\/09\/VR-patient-300x251.png 300w, https:\/\/supernils.be\/wp-content\/uploads\/2023\/09\/VR-patient-768x644.png 768w, https:\/\/supernils.be\/wp-content\/uploads\/2023\/09\/VR-patient-14x12.png 14w, https:\/\/supernils.be\/wp-content\/uploads\/2023\/09\/VR-patient-299x251.png 299w, https:\/\/supernils.be\/wp-content\/uploads\/2023\/09\/VR-patient-572x480.png 572w\" sizes=\"(max-width: 800px) 100vw, 800px\" \/>\t\t\t\t\t\t\t\t\t\t\t\t\t\t\t<\/div>\n\t\t\t\t<\/div>\n\t\t\t\t<\/div>\n\t\t\t\t<\/div>\n\t\t<div class=\"elementor-element elementor-element-f572970 e-flex e-con-boxed e-con e-parent\" data-id=\"f572970\" data-element_type=\"container\" data-e-type=\"container\">\n\t\t\t\t\t<div class=\"e-con-inner\">\n\t\t\t\t<div class=\"elementor-element elementor-element-117307f elementor-widget elementor-widget-spacer\" data-id=\"117307f\" data-element_type=\"widget\" data-e-type=\"widget\" data-widget_type=\"spacer.default\">\n\t\t\t\t<div class=\"elementor-widget-container\">\n\t\t\t\t\t\t\t<div class=\"elementor-spacer\">\n\t\t\t<div class=\"elementor-spacer-inner\"><\/div>\n\t\t<\/div>\n\t\t\t\t\t\t<\/div>\n\t\t\t\t<\/div>\n\t\t\t\t<div class=\"elementor-element elementor-element-cc17ea8 elementor-widget__width-initial elementor-widget elementor-widget-text-editor\" data-id=\"cc17ea8\" data-element_type=\"widget\" data-e-type=\"widget\" data-widget_type=\"text-editor.default\">\n\t\t\t\t<div class=\"elementor-widget-container\">\n\t\t\t\t\t\t\t\t\t<p>Un projet d'envergure comme le <strong>\"SuperNils SuperVerse<\/strong> \u00e0 d\u00e9velopper co\u00fbte beaucoup d'argent. C'est pourquoi l'organisation \u00e0 but non lucratif SuperNils est constamment \u00e0 la recherche d'entreprises et d'organisations d\u00e9sireuses de soutenir ses activit\u00e9s et ses projets. Et heureusement, nous trouvons toujours des personnes, des entreprises et des organisations dispos\u00e9es \u00e0 le faire.\u00a0<\/p><p>Vous trouverez ci-dessous la liste des sponsors qui ont contribu\u00e9 \u00e0 la r\u00e9alisation de ce grand projet. Nous leur sommes extr\u00eamement reconnaissants !<\/p><p>La Fondation contre le cancer, Levensloop Schoten et The Warmest Week (Fondation Roi Baudouin) nous ont accord\u00e9 le budget le plus important, par le biais de fonds de projets. Bien entendu, ce budget a \u00e9t\u00e9 assorti d'un projet \u00e9crit et approuv\u00e9.<\/p><p>Les autres entreprises (souvent pharmaceutiques) ont \u00e9galement choisi sp\u00e9cifiquement ce projet de RV. Avec leurs sous, nous avons pu acheter du mat\u00e9riel suppl\u00e9mentaire ou fournir un contenu de qualit\u00e9 et approfondi.<\/p><p>Vous voulez en savoir plus sur ces sponsors ? Cliquez sur le logo ci-dessous et visitez leur site web.<\/p>\t\t\t\t\t\t\t\t<\/div>\n\t\t\t\t<\/div>\n\t\t\t\t<div class=\"elementor-element elementor-element-26427cf elementor-widget elementor-widget-spacer\" data-id=\"26427cf\" data-element_type=\"widget\" data-e-type=\"widget\" data-widget_type=\"spacer.default\">\n\t\t\t\t<div class=\"elementor-widget-container\">\n\t\t\t\t\t\t\t<div class=\"elementor-spacer\">\n\t\t\t<div class=\"elementor-spacer-inner\"><\/div>\n\t\t<\/div>\n\t\t\t\t\t\t<\/div>\n\t\t\t\t<\/div>\n\t\t<div class=\"elementor-element elementor-element-36d405c e-grid e-con-full e-con e-child\" data-id=\"36d405c\" data-element_type=\"container\" data-e-type=\"container\">\n\t\t\t\t<div class=\"elementor-element elementor-element-06efc25 elementor-widget elementor-widget-image\" data-id=\"06efc25\" data-element_type=\"widget\" data-e-type=\"widget\" data-widget_type=\"image.default\">\n\t\t\t\t<div class=\"elementor-widget-container\">\n\t\t\t\t\t\t\t\t\t\t\t\t\t\t\t\t<a href=\"https:\/\/kanker.be\/\">\n\t\t\t\t\t\t\t<img decoding=\"async\" width=\"367\" height=\"137\" src=\"https:\/\/supernils.be\/wp-content\/uploads\/2024\/07\/OK-001-Stichting-download-7.png\" class=\"attachment-large size-large wp-image-15996\" alt=\"\" srcset=\"https:\/\/supernils.be\/wp-content\/uploads\/2024\/07\/OK-001-Stichting-download-7.png 367w, https:\/\/supernils.be\/wp-content\/uploads\/2024\/07\/OK-001-Stichting-download-7-300x112.png 300w, https:\/\/supernils.be\/wp-content\/uploads\/2024\/07\/OK-001-Stichting-download-7-18x7.png 18w, https:\/\/supernils.be\/wp-content\/uploads\/2024\/07\/OK-001-Stichting-download-7-299x112.png 299w\" sizes=\"(max-width: 367px) 100vw, 367px\" \/>\t\t\t\t\t\t\t\t<\/a>\n\t\t\t\t\t\t\t\t\t\t\t\t\t\t\t<\/div>\n\t\t\t\t<\/div>\n\t\t\t\t<div class=\"elementor-element elementor-element-8704503 elementor-widget elementor-widget-image\" data-id=\"8704503\" data-element_type=\"widget\" data-e-type=\"widget\" data-widget_type=\"image.default\">\n\t\t\t\t<div class=\"elementor-widget-container\">\n\t\t\t\t\t\t\t\t\t\t\t\t\t\t\t\t<a href=\"https:\/\/www.levensloop.be\/schoten\/?order_by=created_at&#038;page=1\">\n\t\t\t\t\t\t\t<img loading=\"lazy\" decoding=\"async\" width=\"800\" height=\"710\" src=\"https:\/\/supernils.be\/wp-content\/uploads\/2024\/09\/OK-001-Levensloop-logo-algemeen-logo-nl-1-1054x936.png\" class=\"attachment-large size-large wp-image-15899\" alt=\"\" srcset=\"https:\/\/supernils.be\/wp-content\/uploads\/2024\/09\/OK-001-Levensloop-logo-algemeen-logo-nl-1-1054x936.png 1054w, https:\/\/supernils.be\/wp-content\/uploads\/2024\/09\/OK-001-Levensloop-logo-algemeen-logo-nl-1-300x266.png 300w, https:\/\/supernils.be\/wp-content\/uploads\/2024\/09\/OK-001-Levensloop-logo-algemeen-logo-nl-1-768x682.png 768w, https:\/\/supernils.be\/wp-content\/uploads\/2024\/09\/OK-001-Levensloop-logo-algemeen-logo-nl-1-1536x1364.png 1536w, https:\/\/supernils.be\/wp-content\/uploads\/2024\/09\/OK-001-Levensloop-logo-algemeen-logo-nl-1-2048x1818.png 2048w, https:\/\/supernils.be\/wp-content\/uploads\/2024\/09\/OK-001-Levensloop-logo-algemeen-logo-nl-1-14x12.png 14w, https:\/\/supernils.be\/wp-content\/uploads\/2024\/09\/OK-001-Levensloop-logo-algemeen-logo-nl-1-299x265.png 299w, https:\/\/supernils.be\/wp-content\/uploads\/2024\/09\/OK-001-Levensloop-logo-algemeen-logo-nl-1-572x508.png 572w\" sizes=\"(max-width: 800px) 100vw, 800px\" \/>\t\t\t\t\t\t\t\t<\/a>\n\t\t\t\t\t\t\t\t\t\t\t\t\t\t\t<\/div>\n\t\t\t\t<\/div>\n\t\t\t\t<div class=\"elementor-element elementor-element-13f8ae2 elementor-widget elementor-widget-image\" data-id=\"13f8ae2\" data-element_type=\"widget\" data-e-type=\"widget\" data-widget_type=\"image.default\">\n\t\t\t\t<div class=\"elementor-widget-container\">\n\t\t\t\t\t\t\t\t\t\t\t\t\t\t\t\t<a href=\"https:\/\/kbs-frb.be\/nl\">\n\t\t\t\t\t\t\t<img loading=\"lazy\" decoding=\"async\" width=\"659\" height=\"504\" src=\"https:\/\/supernils.be\/wp-content\/uploads\/2024\/09\/OK-001-de_warmste_week.png\" class=\"attachment-large size-large wp-image-15731\" alt=\"\" srcset=\"https:\/\/supernils.be\/wp-content\/uploads\/2024\/09\/OK-001-de_warmste_week.png 659w, https:\/\/supernils.be\/wp-content\/uploads\/2024\/09\/OK-001-de_warmste_week-300x229.png 300w, https:\/\/supernils.be\/wp-content\/uploads\/2024\/09\/OK-001-de_warmste_week-16x12.png 16w, https:\/\/supernils.be\/wp-content\/uploads\/2024\/09\/OK-001-de_warmste_week-299x229.png 299w, https:\/\/supernils.be\/wp-content\/uploads\/2024\/09\/OK-001-de_warmste_week-572x437.png 572w\" sizes=\"(max-width: 659px) 100vw, 659px\" \/>\t\t\t\t\t\t\t\t<\/a>\n\t\t\t\t\t\t\t\t\t\t\t\t\t\t\t<\/div>\n\t\t\t\t<\/div>\n\t\t\t\t<div class=\"elementor-element elementor-element-5b98574 elementor-widget elementor-widget-image\" data-id=\"5b98574\" data-element_type=\"widget\" data-e-type=\"widget\" data-widget_type=\"image.default\">\n\t\t\t\t<div class=\"elementor-widget-container\">\n\t\t\t\t\t\t\t\t\t\t\t\t\t\t\t\t<a href=\"https:\/\/www.amgen.be\/nl-BE\">\n\t\t\t\t\t\t\t<img loading=\"lazy\" decoding=\"async\" width=\"100\" height=\"100\" src=\"https:\/\/supernils.be\/wp-content\/uploads\/2024\/09\/OK-001-amgen-blue.svg\" class=\"attachment-large size-large wp-image-15569\" alt=\"\" \/>\t\t\t\t\t\t\t\t<\/a>\n\t\t\t\t\t\t\t\t\t\t\t\t\t\t\t<\/div>\n\t\t\t\t<\/div>\n\t\t\t\t<div class=\"elementor-element elementor-element-c23611e elementor-widget elementor-widget-image\" data-id=\"c23611e\" data-element_type=\"widget\" data-e-type=\"widget\" data-widget_type=\"image.default\">\n\t\t\t\t<div class=\"elementor-widget-container\">\n\t\t\t\t\t\t\t\t\t\t\t\t\t\t\t\t<a href=\"https:\/\/www.roche.be\/nl\/home\">\n\t\t\t\t\t\t\t<img loading=\"lazy\" decoding=\"async\" width=\"204\" height=\"192\" src=\"https:\/\/supernils.be\/wp-content\/uploads\/2024\/09\/OK-001-Roche-download-1.jpg\" class=\"attachment-large size-large wp-image-15732\" alt=\"\" srcset=\"https:\/\/supernils.be\/wp-content\/uploads\/2024\/09\/OK-001-Roche-download-1.jpg 204w, https:\/\/supernils.be\/wp-content\/uploads\/2024\/09\/OK-001-Roche-download-1-13x12.jpg 13w\" sizes=\"(max-width: 204px) 100vw, 204px\" \/>\t\t\t\t\t\t\t\t<\/a>\n\t\t\t\t\t\t\t\t\t\t\t\t\t\t\t<\/div>\n\t\t\t\t<\/div>\n\t\t\t\t<div class=\"elementor-element elementor-element-fed20d0 elementor-widget elementor-widget-image\" data-id=\"fed20d0\" data-element_type=\"widget\" data-e-type=\"widget\" data-widget_type=\"image.default\">\n\t\t\t\t<div class=\"elementor-widget-container\">\n\t\t\t\t\t\t\t\t\t\t\t\t\t\t\t\t<a href=\"https:\/\/www.mosaballetschool.eu\/nl_BE\/home\">\n\t\t\t\t\t\t\t<img loading=\"lazy\" decoding=\"async\" width=\"550\" height=\"256\" src=\"https:\/\/supernils.be\/wp-content\/uploads\/2023\/09\/Unknown-1.png\" class=\"attachment-large size-large wp-image-19555\" alt=\"\" srcset=\"https:\/\/supernils.be\/wp-content\/uploads\/2023\/09\/Unknown-1.png 550w, https:\/\/supernils.be\/wp-content\/uploads\/2023\/09\/Unknown-1-300x140.png 300w, https:\/\/supernils.be\/wp-content\/uploads\/2023\/09\/Unknown-1-18x8.png 18w, https:\/\/supernils.be\/wp-content\/uploads\/2023\/09\/Unknown-1-299x139.png 299w\" sizes=\"(max-width: 550px) 100vw, 550px\" \/>\t\t\t\t\t\t\t\t<\/a>\n\t\t\t\t\t\t\t\t\t\t\t\t\t\t\t<\/div>\n\t\t\t\t<\/div>\n\t\t\t\t<div class=\"elementor-element elementor-element-d12dad7 elementor-widget elementor-widget-image\" data-id=\"d12dad7\" data-element_type=\"widget\" data-e-type=\"widget\" data-widget_type=\"image.default\">\n\t\t\t\t<div class=\"elementor-widget-container\">\n\t\t\t\t\t\t\t\t\t\t\t\t\t\t\t\t<a href=\"https:\/\/www.venar.be\/\">\n\t\t\t\t\t\t\t<img loading=\"lazy\" decoding=\"async\" width=\"262\" height=\"192\" src=\"https:\/\/supernils.be\/wp-content\/uploads\/2023\/09\/Unknown.jpeg\" class=\"attachment-large size-large wp-image-19556\" alt=\"\" srcset=\"https:\/\/supernils.be\/wp-content\/uploads\/2023\/09\/Unknown.jpeg 262w, https:\/\/supernils.be\/wp-content\/uploads\/2023\/09\/Unknown-16x12.jpeg 16w\" sizes=\"(max-width: 262px) 100vw, 262px\" \/>\t\t\t\t\t\t\t\t<\/a>\n\t\t\t\t\t\t\t\t\t\t\t\t\t\t\t<\/div>\n\t\t\t\t<\/div>\n\t\t\t\t<div class=\"elementor-element elementor-element-6557c9e elementor-widget elementor-widget-image\" data-id=\"6557c9e\" data-element_type=\"widget\" data-e-type=\"widget\" data-widget_type=\"image.default\">\n\t\t\t\t<div class=\"elementor-widget-container\">\n\t\t\t\t\t\t\t\t\t\t\t\t\t\t\t\t<a href=\"https:\/\/www.astrazeneca.com\/\">\n\t\t\t\t\t\t\t<img loading=\"lazy\" decoding=\"async\" width=\"272\" height=\"185\" src=\"https:\/\/supernils.be\/wp-content\/uploads\/2023\/09\/Unknown-5.png\" class=\"attachment-large size-large wp-image-19561\" alt=\"\" srcset=\"https:\/\/supernils.be\/wp-content\/uploads\/2023\/09\/Unknown-5.png 272w, https:\/\/supernils.be\/wp-content\/uploads\/2023\/09\/Unknown-5-18x12.png 18w\" sizes=\"(max-width: 272px) 100vw, 272px\" \/>\t\t\t\t\t\t\t\t<\/a>\n\t\t\t\t\t\t\t\t\t\t\t\t\t\t\t<\/div>\n\t\t\t\t<\/div>\n\t\t\t\t<div class=\"elementor-element elementor-element-976f5eb elementor-widget elementor-widget-image\" data-id=\"976f5eb\" data-element_type=\"widget\" data-e-type=\"widget\" data-widget_type=\"image.default\">\n\t\t\t\t<div class=\"elementor-widget-container\">\n\t\t\t\t\t\t\t\t\t\t\t\t\t\t\t\t<a href=\"https:\/\/www.jnj.com\/innovativemedicine\/\">\n\t\t\t\t\t\t\t<img loading=\"lazy\" decoding=\"async\" width=\"500\" height=\"126\" src=\"https:\/\/supernils.be\/wp-content\/uploads\/2025\/07\/Scherm\u00adafbeelding-2025-07-30-om-09.44.23.png\" class=\"attachment-full size-full wp-image-21004\" alt=\"\" srcset=\"https:\/\/supernils.be\/wp-content\/uploads\/2025\/07\/Scherm\u00adafbeelding-2025-07-30-om-09.44.23.png 500w, https:\/\/supernils.be\/wp-content\/uploads\/2025\/07\/Scherm\u00adafbeelding-2025-07-30-om-09.44.23-300x76.png 300w, https:\/\/supernils.be\/wp-content\/uploads\/2025\/07\/Scherm\u00adafbeelding-2025-07-30-om-09.44.23-18x5.png 18w, https:\/\/supernils.be\/wp-content\/uploads\/2025\/07\/Scherm\u00adafbeelding-2025-07-30-om-09.44.23-299x75.png 299w\" sizes=\"(max-width: 500px) 100vw, 500px\" \/>\t\t\t\t\t\t\t\t<\/a>\n\t\t\t\t\t\t\t\t\t\t\t\t\t\t\t<\/div>\n\t\t\t\t<\/div>\n\t\t\t\t<div class=\"elementor-element elementor-element-82fd597 elementor-widget elementor-widget-image\" data-id=\"82fd597\" data-element_type=\"widget\" data-e-type=\"widget\" data-widget_type=\"image.default\">\n\t\t\t\t<div class=\"elementor-widget-container\">\n\t\t\t\t\t\t\t\t\t\t\t\t\t\t\t\t<a href=\"https:\/\/www.sobi.com\/belgium\/nl\">\n\t\t\t\t\t\t\t<img loading=\"lazy\" decoding=\"async\" width=\"275\" height=\"183\" src=\"https:\/\/supernils.be\/wp-content\/uploads\/2023\/09\/Unknown-4.png\" class=\"attachment-large size-large wp-image-19558\" alt=\"\" srcset=\"https:\/\/supernils.be\/wp-content\/uploads\/2023\/09\/Unknown-4.png 275w, https:\/\/supernils.be\/wp-content\/uploads\/2023\/09\/Unknown-4-18x12.png 18w, https:\/\/supernils.be\/wp-content\/uploads\/2023\/09\/Unknown-4-272x182.png 272w\" sizes=\"(max-width: 275px) 100vw, 275px\" \/>\t\t\t\t\t\t\t\t<\/a>\n\t\t\t\t\t\t\t\t\t\t\t\t\t\t\t<\/div>\n\t\t\t\t<\/div>\n\t\t\t\t<div class=\"elementor-element elementor-element-9132966 elementor-widget elementor-widget-image\" data-id=\"9132966\" data-element_type=\"widget\" data-e-type=\"widget\" data-widget_type=\"image.default\">\n\t\t\t\t<div class=\"elementor-widget-container\">\n\t\t\t\t\t\t\t\t\t\t\t\t\t\t\t\t<a href=\"https:\/\/www.takeda.com\/en-be\/\">\n\t\t\t\t\t\t\t<img loading=\"lazy\" decoding=\"async\" width=\"387\" height=\"130\" src=\"https:\/\/supernils.be\/wp-content\/uploads\/2023\/09\/Unknown-2.png\" class=\"attachment-large size-large wp-image-19559\" alt=\"\" srcset=\"https:\/\/supernils.be\/wp-content\/uploads\/2023\/09\/Unknown-2.png 387w, https:\/\/supernils.be\/wp-content\/uploads\/2023\/09\/Unknown-2-300x101.png 300w, https:\/\/supernils.be\/wp-content\/uploads\/2023\/09\/Unknown-2-18x6.png 18w, https:\/\/supernils.be\/wp-content\/uploads\/2023\/09\/Unknown-2-299x100.png 299w\" sizes=\"(max-width: 387px) 100vw, 387px\" \/>\t\t\t\t\t\t\t\t<\/a>\n\t\t\t\t\t\t\t\t\t\t\t\t\t\t\t<\/div>\n\t\t\t\t<\/div>\n\t\t\t\t<div class=\"elementor-element elementor-element-0474901 elementor-widget elementor-widget-image\" data-id=\"0474901\" data-element_type=\"widget\" data-e-type=\"widget\" data-widget_type=\"image.default\">\n\t\t\t\t<div class=\"elementor-widget-container\">\n\t\t\t\t\t\t\t\t\t\t\t\t\t\t\t\t<a href=\"https:\/\/sintjorisgildenieuwmoer.be\/\">\n\t\t\t\t\t\t\t<img loading=\"lazy\" decoding=\"async\" width=\"286\" height=\"300\" src=\"https:\/\/supernils.be\/wp-content\/uploads\/2023\/09\/Unknown-1-1-286x300.png\" class=\"attachment-medium size-medium wp-image-19557\" alt=\"\" srcset=\"https:\/\/supernils.be\/wp-content\/uploads\/2023\/09\/Unknown-1-1-286x300.png 286w, https:\/\/supernils.be\/wp-content\/uploads\/2023\/09\/Unknown-1-1-768x806.png 768w, https:\/\/supernils.be\/wp-content\/uploads\/2023\/09\/Unknown-1-1-11x12.png 11w, https:\/\/supernils.be\/wp-content\/uploads\/2023\/09\/Unknown-1-1-299x314.png 299w, https:\/\/supernils.be\/wp-content\/uploads\/2023\/09\/Unknown-1-1-572x601.png 572w, https:\/\/supernils.be\/wp-content\/uploads\/2023\/09\/Unknown-1-1.png 880w\" sizes=\"(max-width: 286px) 100vw, 286px\" \/>\t\t\t\t\t\t\t\t<\/a>\n\t\t\t\t\t\t\t\t\t\t\t\t\t\t\t<\/div>\n\t\t\t\t<\/div>\n\t\t\t\t<\/div>\n\t\t\t\t\t<\/div>\n\t\t\t\t<\/div>\n\t\t<div class=\"elementor-element elementor-element-111889e e-flex e-con-boxed e-con e-parent\" data-id=\"111889e\" data-element_type=\"container\" data-e-type=\"container\">\n\t\t\t\t\t<div class=\"e-con-inner\">\n\t\t\t\t<div class=\"elementor-element elementor-element-db1f8c0 elementor-widget elementor-widget-spacer\" data-id=\"db1f8c0\" data-element_type=\"widget\" data-e-type=\"widget\" data-widget_type=\"spacer.default\">\n\t\t\t\t<div class=\"elementor-widget-container\">\n\t\t\t\t\t\t\t<div class=\"elementor-spacer\">\n\t\t\t<div class=\"elementor-spacer-inner\"><\/div>\n\t\t<\/div>\n\t\t\t\t\t\t<\/div>\n\t\t\t\t<\/div>\n\t\t\t\t\t<\/div>\n\t\t\t\t<\/div>\n\t\t\t\t<\/div>","protected":false},"excerpt":{"rendered":"<p>Zonder hen konden we dit niet realiseren! Sponsors SuperNils SuperVerse&#8220;De wereld van AYA&#8221; Een groot project als de &#8220;SuperNils SuperVerse&#8221; laten ontwikkelen, kost veel geld. Daarom is vzw SuperNils permanent op zoek naar bedrijven en organisaties die onze werking en projecten willen steunen. En gelukkig vinden we altijd mensen, bedrijven en organisaties die dit willen [&hellip;]<\/p>\n","protected":false},"author":2,"featured_media":0,"parent":0,"menu_order":0,"comment_status":"closed","ping_status":"closed","template":"","meta":{"_themeisle_gutenberg_block_has_review":false,"footnotes":""},"class_list":["post-20239","page","type-page","status-publish","hentry"],"_links":{"self":[{"href":"https:\/\/supernils.be\/fr\/wp-json\/wp\/v2\/pages\/20239","targetHints":{"allow":["GET"]}}],"collection":[{"href":"https:\/\/supernils.be\/fr\/wp-json\/wp\/v2\/pages"}],"about":[{"href":"https:\/\/supernils.be\/fr\/wp-json\/wp\/v2\/types\/page"}],"author":[{"embeddable":true,"href":"https:\/\/supernils.be\/fr\/wp-json\/wp\/v2\/users\/2"}],"replies":[{"embeddable":true,"href":"https:\/\/supernils.be\/fr\/wp-json\/wp\/v2\/comments?post=20239"}],"version-history":[{"count":57,"href":"https:\/\/supernils.be\/fr\/wp-json\/wp\/v2\/pages\/20239\/revisions"}],"predecessor-version":[{"id":24599,"href":"https:\/\/supernils.be\/fr\/wp-json\/wp\/v2\/pages\/20239\/revisions\/24599"}],"wp:attachment":[{"href":"https:\/\/supernils.be\/fr\/wp-json\/wp\/v2\/media?parent=20239"}],"curies":[{"name":"wp","href":"https:\/\/api.w.org\/{rel}","templated":true}]}}