{"id":18355,"date":"2025-01-19T11:47:20","date_gmt":"2025-01-19T10:47:20","guid":{"rendered":"https:\/\/supernils.be\/?page_id=18355"},"modified":"2025-02-22T13:41:12","modified_gmt":"2025-02-22T12:41:12","slug":"mosaique-de-danse-et-de-musique","status":"publish","type":"page","link":"https:\/\/supernils.be\/fr\/dans-en-muziek-mosa\/","title":{"rendered":"Danse et musique - \u00c9cole de ballet MOSA Li\u00e8ge"},"content":{"rendered":"<div data-elementor-type=\"wp-page\" data-elementor-id=\"18355\" class=\"elementor elementor-18355\" data-elementor-post-type=\"page\">\n\t\t\t\t<div class=\"elementor-element elementor-element-44e0ad4 e-flex e-con-boxed e-con e-parent\" data-id=\"44e0ad4\" data-element_type=\"container\" data-e-type=\"container\">\n\t\t\t\t\t<div class=\"e-con-inner\">\n\t\t\t\t<div class=\"elementor-element elementor-element-d9de940 elementor-widget elementor-widget-spacer\" data-id=\"d9de940\" data-element_type=\"widget\" data-e-type=\"widget\" data-widget_type=\"spacer.default\">\n\t\t\t\t<div class=\"elementor-widget-container\">\n\t\t\t\t\t\t\t<div class=\"elementor-spacer\">\n\t\t\t<div class=\"elementor-spacer-inner\"><\/div>\n\t\t<\/div>\n\t\t\t\t\t\t<\/div>\n\t\t\t\t<\/div>\n\t\t\t\t\t<\/div>\n\t\t\t\t<\/div>\n\t\t<div class=\"elementor-element elementor-element-7027377f e-con-full e-flex e-con e-parent\" data-id=\"7027377f\" data-element_type=\"container\" data-e-type=\"container\" data-settings=\"{&quot;background_background&quot;:&quot;classic&quot;}\">\n\t\t<div class=\"elementor-element elementor-element-7beaad7 e-con-full e-flex e-con e-child\" data-id=\"7beaad7\" data-element_type=\"container\" data-e-type=\"container\" data-settings=\"{&quot;background_background&quot;:&quot;classic&quot;}\">\n\t\t\t\t<div class=\"elementor-element elementor-element-79902a65 elementor-widget elementor-widget-heading\" data-id=\"79902a65\" data-element_type=\"widget\" data-e-type=\"widget\" data-widget_type=\"heading.default\">\n\t\t\t\t<div class=\"elementor-widget-container\">\n\t\t\t\t\t<h3 class=\"elementor-heading-title elementor-size-default\">La danse et la musique sont des outils de gu\u00e9rison ...<br>\nDanser avec les professeurs de danse de l'\u00e9cole de ballet MOSA de Li\u00e8ge<\/h3>\t\t\t\t<\/div>\n\t\t\t\t<\/div>\n\t\t\t\t<\/div>\n\t\t\t\t<div class=\"elementor-element elementor-element-78734bb elementor-widget elementor-widget-spacer\" data-id=\"78734bb\" data-element_type=\"widget\" data-e-type=\"widget\" data-widget_type=\"spacer.default\">\n\t\t\t\t<div class=\"elementor-widget-container\">\n\t\t\t\t\t\t\t<div class=\"elementor-spacer\">\n\t\t\t<div class=\"elementor-spacer-inner\"><\/div>\n\t\t<\/div>\n\t\t\t\t\t\t<\/div>\n\t\t\t\t<\/div>\n\t\t<div class=\"elementor-element elementor-element-64576da0 e-con-full e-flex e-con e-child\" data-id=\"64576da0\" data-element_type=\"container\" data-e-type=\"container\" data-settings=\"{&quot;background_background&quot;:&quot;classic&quot;}\">\n\t\t\t\t<\/div>\n\t\t\t\t<\/div>\n\t\t<div class=\"elementor-element elementor-element-a46758c e-flex e-con-boxed e-con e-parent\" data-id=\"a46758c\" data-element_type=\"container\" data-e-type=\"container\">\n\t\t\t\t\t<div class=\"e-con-inner\">\n\t\t\t\t<div class=\"elementor-element elementor-element-2f4a133 elementor-widget elementor-widget-heading\" data-id=\"2f4a133\" data-element_type=\"widget\" data-e-type=\"widget\" data-widget_type=\"heading.default\">\n\t\t\t\t<div class=\"elementor-widget-container\">\n\t\t\t\t\t<h2 class=\"elementor-heading-title elementor-size-default\">Cette sous-candidature est soutenue financi\u00e8rement par les fonds de projet de ...<\/h2>\t\t\t\t<\/div>\n\t\t\t\t<\/div>\n\t\t\t\t<div class=\"elementor-element elementor-element-8a0ba23 elementor-widget elementor-widget-spacer\" data-id=\"8a0ba23\" data-element_type=\"widget\" data-e-type=\"widget\" data-widget_type=\"spacer.default\">\n\t\t\t\t<div class=\"elementor-widget-container\">\n\t\t\t\t\t\t\t<div class=\"elementor-spacer\">\n\t\t\t<div class=\"elementor-spacer-inner\"><\/div>\n\t\t<\/div>\n\t\t\t\t\t\t<\/div>\n\t\t\t\t<\/div>\n\t\t\t\t\t<\/div>\n\t\t\t\t<\/div>\n\t\t<div class=\"elementor-element elementor-element-e70bf8e e-grid e-con-boxed e-con e-parent\" data-id=\"e70bf8e\" data-element_type=\"container\" data-e-type=\"container\">\n\t\t\t\t\t<div class=\"e-con-inner\">\n\t\t\t\t<div class=\"elementor-element elementor-element-f4a14bf elementor-widget elementor-widget-image\" data-id=\"f4a14bf\" data-element_type=\"widget\" data-e-type=\"widget\" data-widget_type=\"image.default\">\n\t\t\t\t<div class=\"elementor-widget-container\">\n\t\t\t\t\t\t\t\t\t\t\t\t\t\t\t<img fetchpriority=\"high\" decoding=\"async\" width=\"410\" height=\"123\" src=\"https:\/\/supernils.be\/wp-content\/uploads\/2023\/09\/STK-logo-100.png\" class=\"attachment-large size-large wp-image-17560\" alt=\"\" srcset=\"https:\/\/supernils.be\/wp-content\/uploads\/2023\/09\/STK-logo-100.png 410w, https:\/\/supernils.be\/wp-content\/uploads\/2023\/09\/STK-logo-100-300x90.png 300w, https:\/\/supernils.be\/wp-content\/uploads\/2023\/09\/STK-logo-100-18x5.png 18w, https:\/\/supernils.be\/wp-content\/uploads\/2023\/09\/STK-logo-100-299x90.png 299w\" sizes=\"(max-width: 410px) 100vw, 410px\" \/>\t\t\t\t\t\t\t\t\t\t\t\t\t\t\t<\/div>\n\t\t\t\t<\/div>\n\t\t\t\t<div class=\"elementor-element elementor-element-5736582 elementor-widget elementor-widget-image\" data-id=\"5736582\" data-element_type=\"widget\" data-e-type=\"widget\" data-widget_type=\"image.default\">\n\t\t\t\t<div class=\"elementor-widget-container\">\n\t\t\t\t\t\t\t\t\t\t\t\t\t\t\t<img decoding=\"async\" width=\"300\" height=\"208\" src=\"https:\/\/supernils.be\/wp-content\/uploads\/2025\/01\/QOD_logo_black_CMYK-300x208.png\" class=\"attachment-medium size-medium wp-image-18357\" alt=\"\" srcset=\"https:\/\/supernils.be\/wp-content\/uploads\/2025\/01\/QOD_logo_black_CMYK-300x208.png 300w, https:\/\/supernils.be\/wp-content\/uploads\/2025\/01\/QOD_logo_black_CMYK-1054x730.png 1054w, https:\/\/supernils.be\/wp-content\/uploads\/2025\/01\/QOD_logo_black_CMYK-768x532.png 768w, https:\/\/supernils.be\/wp-content\/uploads\/2025\/01\/QOD_logo_black_CMYK-18x12.png 18w, https:\/\/supernils.be\/wp-content\/uploads\/2025\/01\/QOD_logo_black_CMYK-299x207.png 299w, https:\/\/supernils.be\/wp-content\/uploads\/2025\/01\/QOD_logo_black_CMYK-572x396.png 572w, https:\/\/supernils.be\/wp-content\/uploads\/2025\/01\/QOD_logo_black_CMYK.png 1182w\" sizes=\"(max-width: 300px) 100vw, 300px\" \/>\t\t\t\t\t\t\t\t\t\t\t\t\t\t\t<\/div>\n\t\t\t\t<\/div>\n\t\t\t\t\t<\/div>\n\t\t\t\t<\/div>\n\t\t<div class=\"elementor-element elementor-element-278ccf1 e-flex e-con-boxed e-con e-parent\" data-id=\"278ccf1\" data-element_type=\"container\" data-e-type=\"container\">\n\t\t\t\t\t<div class=\"e-con-inner\">\n\t\t\t\t<div class=\"elementor-element elementor-element-bedd798 elementor-widget elementor-widget-spacer\" data-id=\"bedd798\" data-element_type=\"widget\" data-e-type=\"widget\" data-widget_type=\"spacer.default\">\n\t\t\t\t<div class=\"elementor-widget-container\">\n\t\t\t\t\t\t\t<div class=\"elementor-spacer\">\n\t\t\t<div class=\"elementor-spacer-inner\"><\/div>\n\t\t<\/div>\n\t\t\t\t\t\t<\/div>\n\t\t\t\t<\/div>\n\t\t\t\t<div class=\"elementor-element elementor-element-1d39993 elementor-widget elementor-widget-spacer\" data-id=\"1d39993\" data-element_type=\"widget\" data-e-type=\"widget\" data-widget_type=\"spacer.default\">\n\t\t\t\t<div class=\"elementor-widget-container\">\n\t\t\t\t\t\t\t<div class=\"elementor-spacer\">\n\t\t\t<div class=\"elementor-spacer-inner\"><\/div>\n\t\t<\/div>\n\t\t\t\t\t\t<\/div>\n\t\t\t\t<\/div>\n\t\t\t\t<div class=\"elementor-element elementor-element-0ba8495 elementor-widget elementor-widget-text-editor\" data-id=\"0ba8495\" data-element_type=\"widget\" data-e-type=\"widget\" data-widget_type=\"text-editor.default\">\n\t\t\t\t<div class=\"elementor-widget-container\">\n\t\t\t\t\t\t\t\t\t<p>Vzw SuperNils dispose d'un Metaverse SuperNils d\u00e9velopp\u00e9 par VENAR, une soci\u00e9t\u00e9 sp\u00e9cialis\u00e9e bas\u00e9e \u00e0 Gravenwezel.<\/p><p>L'environnement de SuperNils est une immense for\u00eat, avec des collines, un lac, une rivi\u00e8re, une cascade et divers endroits cach\u00e9s \u00e0 d\u00e9couvrir. Vous pouvez vous y promener pendant longtemps, et vous trouverez \u00e0 chaque fois quelque chose de diff\u00e9rent \u00e0 appr\u00e9cier. Pendant ce temps, les oiseaux sifflent et les feuilles tombent en tourbillonnant. Au loin, on entend le grondement de la cascade. Et plus vous vous rapprochez, plus le son s'intensifie. Comme dans la r\u00e9alit\u00e9 !<\/p><p>Il y a plusieurs panneaux dans la for\u00eat. Ils vous indiquent ce que vous pouvez trouver et comment y acc\u00e9der. Si tu cliques sur le panneau, tu te retrouves imm\u00e9diatement \u00e0 l'endroit choisi. Tu peux tout d\u00e9couvrir par toi-m\u00eame, en regardant autour de toi et en essayant. Au d\u00e9but, c'est un peu difficile, mais apr\u00e8s un certain temps, tu seras tellement familiaris\u00e9 avec le syst\u00e8me que tu pourras facilement te promener dans la for\u00eat, d'un endroit \u00e0 l'autre. Nous aimons donner un <b>conseil important<\/b> le long ! Si vous avez facilement <b>malade <\/b>devient, n'utilisez PAS le joystick de la manette gauche pour vous d\u00e9placer, mais utilisez le bouton A de la manette droite. De cette fa\u00e7on, vous sautez d'un endroit \u00e0 l'autre, pour ainsi dire, ce qui est beaucoup plus facile \u00e0 suivre pour votre t\u00eate.<\/p><p>Nous aimerions maintenant vous informer un peu plus sur cette partie du grand paquet VR : \"<b>Danser et bouger avec les professeurs de l'\u00e9cole de ballet MOSA de Li\u00e8ge<\/b>\u201c.<\/p><p>Ce projet se compose de trois parties diff\u00e9rentes.<\/p><p>Dans la partie 1, vous pouvez regarder des films ordinaires de cours de danse enregistr\u00e9s \u00e0 l'\u00e9cole de ballet MOSA de Li\u00e8ge. Vous pouvez le faire sur votre ordinateur, votre portable, votre ipad ou votre smartphone. Depuis votre lit ou votre si\u00e8ge, vous pouvez rejoindre les danseurs. Vous b\u00e9n\u00e9ficiez des explications professionnelles des professeurs de danse de MOSA.<\/p><p>Au <strong>partie 2<\/strong> nous allons plus loin. Nous sommes maintenant dans notre <strong>Application VR SuperNils SuperVerse<\/strong>. Vous devez vous rendre \u00e0 un endroit sp\u00e9cial dans la for\u00eat. Cliquez sur le panneau et ... en quelques instants, vous \u00eates sur l'\u00eele de la danse, o\u00f9 l'exp\u00e9rience peut commencer. Vous recevrez \u00e0 nouveau les instructions des professeurs et vous pourrez vous joindre \u00e0 eux, depuis le lit, le canap\u00e9 ou simplement dans la pi\u00e8ce.<\/p><p>Enfin, dans la troisi\u00e8me partie, les professeurs de l'\u00e9cole de ballet MOSA de Li\u00e8ge viennent \u00e0 l'h\u00f4pital et bougent en musique avec vous et d'autres personnes. Cela se fera dans une salle sp\u00e9ciale et, bien s\u00fbr, uniquement lorsque vous n'\u00eates pas en isolement.<\/p><p>Amusez-vous et profitez de l'exp\u00e9rience !<\/p><p><b>TIP :<\/b> assurez-vous d'avoir suffisamment d'espace autour de vous, mais ne faites pas de grands mouvements. Normalement, cela devrait m\u00eame fonctionner avec une goutte dans le bras. <b>Mais soyez toujours prudents !<\/b><\/p>\t\t\t\t\t\t\t\t<\/div>\n\t\t\t\t<\/div>\n\t\t\t\t\t<\/div>\n\t\t\t\t<\/div>\n\t\t<div class=\"elementor-element elementor-element-e1bdebf e-grid e-con-boxed e-con e-parent\" data-id=\"e1bdebf\" data-element_type=\"container\" data-e-type=\"container\">\n\t\t\t\t\t<div class=\"e-con-inner\">\n\t\t\t\t<div class=\"elementor-element elementor-element-c5012e8 elementor-widget elementor-widget-image\" data-id=\"c5012e8\" data-element_type=\"widget\" data-e-type=\"widget\" data-widget_type=\"image.default\">\n\t\t\t\t<div class=\"elementor-widget-container\">\n\t\t\t\t\t\t\t\t\t\t\t\t\t\t\t<img decoding=\"async\" width=\"800\" height=\"671\" src=\"https:\/\/supernils.be\/wp-content\/uploads\/2024\/11\/Balletles.png\" class=\"attachment-large size-large wp-image-17692\" alt=\"\" srcset=\"https:\/\/supernils.be\/wp-content\/uploads\/2024\/11\/Balletles.png 940w, https:\/\/supernils.be\/wp-content\/uploads\/2024\/11\/Balletles-300x251.png 300w, https:\/\/supernils.be\/wp-content\/uploads\/2024\/11\/Balletles-768x644.png 768w, https:\/\/supernils.be\/wp-content\/uploads\/2024\/11\/Balletles-14x12.png 14w, https:\/\/supernils.be\/wp-content\/uploads\/2024\/11\/Balletles-299x251.png 299w, https:\/\/supernils.be\/wp-content\/uploads\/2024\/11\/Balletles-572x480.png 572w\" sizes=\"(max-width: 800px) 100vw, 800px\" \/>\t\t\t\t\t\t\t\t\t\t\t\t\t\t\t<\/div>\n\t\t\t\t<\/div>\n\t\t\t\t\t<\/div>\n\t\t\t\t<\/div>\n\t\t<div class=\"elementor-element elementor-element-431016f e-flex e-con-boxed e-con e-parent\" data-id=\"431016f\" data-element_type=\"container\" data-e-type=\"container\">\n\t\t\t\t\t<div class=\"e-con-inner\">\n\t\t\t\t<div class=\"elementor-element elementor-element-7fd6777 elementor-widget elementor-widget-spacer\" data-id=\"7fd6777\" data-element_type=\"widget\" data-e-type=\"widget\" data-widget_type=\"spacer.default\">\n\t\t\t\t<div class=\"elementor-widget-container\">\n\t\t\t\t\t\t\t<div class=\"elementor-spacer\">\n\t\t\t<div class=\"elementor-spacer-inner\"><\/div>\n\t\t<\/div>\n\t\t\t\t\t\t<\/div>\n\t\t\t\t<\/div>\n\t\t\t\t\t<\/div>\n\t\t\t\t<\/div>\n\t\t\t\t<\/div>","protected":false},"excerpt":{"rendered":"<p>Dans en muziek werken genezend &#8230; Dans mee met de dansdocenten van MOSA Balletschool Luik Deze deelapplicatie wordt financieel ondersteund via projectmiddelen van &#8230; Vzw SuperNils liet een SuperNils Metaverse ontwikkelen door VENAR, een gespecialiseerd bedrijf uit &#8217;s Gravenwezel. De SuperNils-omgeving is een enorm bos, met heuvels, een meertje, rivier, waterval en diverse verborgen plekken [&hellip;]<\/p>\n","protected":false},"author":2,"featured_media":0,"parent":0,"menu_order":0,"comment_status":"closed","ping_status":"closed","template":"","meta":{"_themeisle_gutenberg_block_has_review":false,"footnotes":""},"class_list":["post-18355","page","type-page","status-publish","hentry"],"_links":{"self":[{"href":"https:\/\/supernils.be\/fr\/wp-json\/wp\/v2\/pages\/18355","targetHints":{"allow":["GET"]}}],"collection":[{"href":"https:\/\/supernils.be\/fr\/wp-json\/wp\/v2\/pages"}],"about":[{"href":"https:\/\/supernils.be\/fr\/wp-json\/wp\/v2\/types\/page"}],"author":[{"embeddable":true,"href":"https:\/\/supernils.be\/fr\/wp-json\/wp\/v2\/users\/2"}],"replies":[{"embeddable":true,"href":"https:\/\/supernils.be\/fr\/wp-json\/wp\/v2\/comments?post=18355"}],"version-history":[{"count":10,"href":"https:\/\/supernils.be\/fr\/wp-json\/wp\/v2\/pages\/18355\/revisions"}],"predecessor-version":[{"id":18665,"href":"https:\/\/supernils.be\/fr\/wp-json\/wp\/v2\/pages\/18355\/revisions\/18665"}],"wp:attachment":[{"href":"https:\/\/supernils.be\/fr\/wp-json\/wp\/v2\/media?parent=18355"}],"curies":[{"name":"wp","href":"https:\/\/api.w.org\/{rel}","templated":true}]}}