{"id":12446,"date":"2023-11-30T22:34:53","date_gmt":"2023-11-30T21:34:53","guid":{"rendered":"https:\/\/supernils.be\/?page_id=12446"},"modified":"2025-12-20T10:45:19","modified_gmt":"2025-12-20T09:45:19","slug":"ambassadeur-peter-genyn","status":"publish","type":"page","link":"https:\/\/supernils.be\/fr\/ambassadeur-peter-genyn\/","title":{"rendered":"Ambassadeur Peter Genyn"},"content":{"rendered":"<div data-elementor-type=\"wp-page\" data-elementor-id=\"12446\" class=\"elementor elementor-12446\" data-elementor-post-type=\"page\">\n\t\t\t\t<div class=\"elementor-element elementor-element-fa7b0bb e-flex e-con-boxed e-con e-parent\" data-id=\"fa7b0bb\" data-element_type=\"container\" data-e-type=\"container\">\n\t\t\t\t\t<div class=\"e-con-inner\">\n\t\t\t\t<div class=\"elementor-element elementor-element-f467fec elementor-widget elementor-widget-spacer\" data-id=\"f467fec\" data-element_type=\"widget\" data-e-type=\"widget\" data-widget_type=\"spacer.default\">\n\t\t\t\t<div class=\"elementor-widget-container\">\n\t\t\t\t\t\t\t<div class=\"elementor-spacer\">\n\t\t\t<div class=\"elementor-spacer-inner\"><\/div>\n\t\t<\/div>\n\t\t\t\t\t\t<\/div>\n\t\t\t\t<\/div>\n\t\t\t\t\t<\/div>\n\t\t\t\t<\/div>\n\t\t<div class=\"elementor-element elementor-element-616135c2 e-con-full e-flex e-con e-parent\" data-id=\"616135c2\" data-element_type=\"container\" data-e-type=\"container\" data-settings=\"{&quot;background_background&quot;:&quot;classic&quot;,&quot;shape_divider_top&quot;:&quot;curve&quot;,&quot;shape_divider_bottom&quot;:&quot;curve&quot;}\">\n\t\t\t\t<div class=\"elementor-shape elementor-shape-top\" aria-hidden=\"true\" data-negative=\"false\">\n\t\t\t<svg xmlns=\"http:\/\/www.w3.org\/2000\/svg\" viewbox=\"0 0 1000 100\" preserveaspectratio=\"none\">\n    <path class=\"elementor-shape-fill\" d=\"M1000,4.3V0H0v4.3C0.9,23.1,126.7,99.2,500,100S1000,22.7,1000,4.3z\"\/>\n<\/svg>\t\t<\/div>\n\t\t\t\t<div class=\"elementor-shape elementor-shape-bottom\" aria-hidden=\"true\" data-negative=\"false\">\n\t\t\t<svg xmlns=\"http:\/\/www.w3.org\/2000\/svg\" viewbox=\"0 0 1000 100\" preserveaspectratio=\"none\">\n    <path class=\"elementor-shape-fill\" d=\"M1000,4.3V0H0v4.3C0.9,23.1,126.7,99.2,500,100S1000,22.7,1000,4.3z\"\/>\n<\/svg>\t\t<\/div>\n\t\t<div class=\"elementor-element elementor-element-19e79fb3 e-con-full e-flex e-con e-child\" data-id=\"19e79fb3\" data-element_type=\"container\" data-e-type=\"container\">\n\t\t\t\t<div class=\"elementor-element elementor-element-2980f132 elementor-widget elementor-widget-heading\" data-id=\"2980f132\" data-element_type=\"widget\" data-e-type=\"widget\" data-widget_type=\"heading.default\">\n\t\t\t\t<div class=\"elementor-widget-container\">\n\t\t\t\t\t<h2 class=\"elementor-heading-title elementor-size-default\">Peter Genyn<\/h2>\t\t\t\t<\/div>\n\t\t\t\t<\/div>\n\t\t\t\t<div class=\"elementor-element elementor-element-34d6e77 elementor-widget elementor-widget-heading\" data-id=\"34d6e77\" data-element_type=\"widget\" data-e-type=\"widget\" data-widget_type=\"heading.default\">\n\t\t\t\t<div class=\"elementor-widget-container\">\n\t\t\t\t\t<h3 class=\"elementor-heading-title elementor-size-default\">Ambassadeur de l'organisation \u00e0 but non lucratif SuperNils<\/h3>\t\t\t\t<\/div>\n\t\t\t\t<\/div>\n\t\t\t\t<div class=\"elementor-element elementor-element-7f379522 elementor-widget elementor-widget-image\" data-id=\"7f379522\" data-element_type=\"widget\" data-e-type=\"widget\" data-widget_type=\"image.default\">\n\t\t\t\t<div class=\"elementor-widget-container\">\n\t\t\t\t\t\t\t\t\t\t\t\t\t\t\t<img fetchpriority=\"high\" decoding=\"async\" width=\"800\" height=\"532\" src=\"https:\/\/supernils.be\/wp-content\/uploads\/2023\/11\/OK-001-Peter-DSC_0134-scaled-1-1054x701.jpg\" class=\"attachment-large size-large wp-image-16043\" alt=\"\" srcset=\"https:\/\/supernils.be\/wp-content\/uploads\/2023\/11\/OK-001-Peter-DSC_0134-scaled-1-1054x701.jpg 1054w, https:\/\/supernils.be\/wp-content\/uploads\/2023\/11\/OK-001-Peter-DSC_0134-scaled-1-300x199.jpg 300w, https:\/\/supernils.be\/wp-content\/uploads\/2023\/11\/OK-001-Peter-DSC_0134-scaled-1-768x511.jpg 768w, https:\/\/supernils.be\/wp-content\/uploads\/2023\/11\/OK-001-Peter-DSC_0134-scaled-1-1536x1021.jpg 1536w, https:\/\/supernils.be\/wp-content\/uploads\/2023\/11\/OK-001-Peter-DSC_0134-scaled-1-2048x1362.jpg 2048w, https:\/\/supernils.be\/wp-content\/uploads\/2023\/11\/OK-001-Peter-DSC_0134-scaled-1-18x12.jpg 18w, https:\/\/supernils.be\/wp-content\/uploads\/2023\/11\/OK-001-Peter-DSC_0134-scaled-1-299x199.jpg 299w, https:\/\/supernils.be\/wp-content\/uploads\/2023\/11\/OK-001-Peter-DSC_0134-scaled-1-572x380.jpg 572w, https:\/\/supernils.be\/wp-content\/uploads\/2023\/11\/OK-001-Peter-DSC_0134-scaled-1-272x182.jpg 272w\" sizes=\"(max-width: 800px) 100vw, 800px\" \/>\t\t\t\t\t\t\t\t\t\t\t\t\t\t\t<\/div>\n\t\t\t\t<\/div>\n\t\t\t\t<div class=\"elementor-element elementor-element-64c28f0f elementor-widget elementor-widget-text-editor\" data-id=\"64c28f0f\" data-element_type=\"widget\" data-e-type=\"widget\" data-widget_type=\"text-editor.default\">\n\t\t\t\t<div class=\"elementor-widget-container\">\n\t\t\t\t\t\t\t\t\t<p>En fait, j'ai \u00e9t\u00e9 sportive toute ma vie et pour moi, le sport est tout simplement tr\u00e8s important.<\/p>\n<p>C'est un exutoire.<\/p>\n<p>Je pense que cela vaut non seulement pour les personnes handicap\u00e9es, mais aussi pour les personnes valides.<\/p>\n<p>En 1993, \u00e0 l'\u00e2ge de 16 ans, j'ai plong\u00e9 dans une eau peu profonde qui m'a laiss\u00e9e assez fortement paralys\u00e9e. Je ne peux donc plus bouger mes doigts. Les triceps fonctionnent encore pour environ un tiers.<\/p>\n<p>Vous avez alors le choix. Soit vous restez derri\u00e8re les g\u00e9raniums et ne faites plus rien. Soit on fait quelque chose de la vie.  Et je pensais que ce dernier choix \u00e9tait de toute fa\u00e7on le meilleur.<\/p>\t\t\t\t\t\t\t\t<\/div>\n\t\t\t\t<\/div>\n\t\t\t\t<\/div>\n\t\t<div class=\"elementor-element elementor-element-7563e48a e-con-full e-flex e-con e-child\" data-id=\"7563e48a\" data-element_type=\"container\" data-e-type=\"container\" data-settings=\"{&quot;background_background&quot;:&quot;classic&quot;}\">\n\t\t\t\t<div class=\"elementor-element elementor-element-83cad52 elementor-widget elementor-widget-text-editor\" data-id=\"83cad52\" data-element_type=\"widget\" data-e-type=\"widget\" data-widget_type=\"text-editor.default\">\n\t\t\t\t<div class=\"elementor-widget-container\">\n\t\t\t\t\t\t\t\t\t<p style=\"text-align: right;\">Cr\u00e9dit photo : Geert de Rycke<\/p>\t\t\t\t\t\t\t\t<\/div>\n\t\t\t\t<\/div>\n\t\t\t\t<\/div>\n\t\t\t\t<\/div>\n\t\t<div class=\"elementor-element elementor-element-b690be2 e-flex e-con-boxed e-con e-parent\" data-id=\"b690be2\" data-element_type=\"container\" data-e-type=\"container\">\n\t\t\t\t\t<div class=\"e-con-inner\">\n\t\t\t\t<div class=\"elementor-element elementor-element-27eea36 elementor-widget elementor-widget-spacer\" data-id=\"27eea36\" data-element_type=\"widget\" data-e-type=\"widget\" data-widget_type=\"spacer.default\">\n\t\t\t\t<div class=\"elementor-widget-container\">\n\t\t\t\t\t\t\t<div class=\"elementor-spacer\">\n\t\t\t<div class=\"elementor-spacer-inner\"><\/div>\n\t\t<\/div>\n\t\t\t\t\t\t<\/div>\n\t\t\t\t<\/div>\n\t\t\t\t\t<\/div>\n\t\t\t\t<\/div>\n\t\t<div class=\"elementor-element elementor-element-be0d653 e-flex e-con-boxed e-con e-parent\" data-id=\"be0d653\" data-element_type=\"container\" data-e-type=\"container\">\n\t\t\t\t\t<div class=\"e-con-inner\">\n\t\t\t\t<div class=\"elementor-element elementor-element-844edd8 elementor-widget elementor-widget-heading\" data-id=\"844edd8\" data-element_type=\"widget\" data-e-type=\"widget\" data-widget_type=\"heading.default\">\n\t\t\t\t<div class=\"elementor-widget-container\">\n\t\t\t\t\t<h2 class=\"elementor-heading-title elementor-size-default\">Peter Genyn ...<\/h2>\t\t\t\t<\/div>\n\t\t\t\t<\/div>\n\t\t\t\t\t<\/div>\n\t\t\t\t<\/div>\n\t\t<div class=\"elementor-element elementor-element-b58e55a e-flex e-con-boxed e-con e-parent\" data-id=\"b58e55a\" data-element_type=\"container\" data-e-type=\"container\">\n\t\t\t\t\t<div class=\"e-con-inner\">\n\t\t\t\t<div class=\"elementor-element elementor-element-4915871 elementor-widget elementor-widget-heading\" data-id=\"4915871\" data-element_type=\"widget\" data-e-type=\"widget\" data-widget_type=\"heading.default\">\n\t\t\t\t<div class=\"elementor-widget-container\">\n\t\t\t\t\t<h2 class=\"elementor-heading-title elementor-size-default\">Coureur en fauteuil roulant et athl\u00e8te paralympique en or<\/h2>\t\t\t\t<\/div>\n\t\t\t\t<\/div>\n\t\t\t\t\t<\/div>\n\t\t\t\t<\/div>\n\t\t<div class=\"elementor-element elementor-element-4d3d891 e-flex e-con-boxed e-con e-parent\" data-id=\"4d3d891\" data-element_type=\"container\" data-e-type=\"container\">\n\t\t\t\t\t<div class=\"e-con-inner\">\n\t\t\t\t<div class=\"elementor-element elementor-element-d85a6ab elementor-widget elementor-widget-spacer\" data-id=\"d85a6ab\" data-element_type=\"widget\" data-e-type=\"widget\" data-widget_type=\"spacer.default\">\n\t\t\t\t<div class=\"elementor-widget-container\">\n\t\t\t\t\t\t\t<div class=\"elementor-spacer\">\n\t\t\t<div class=\"elementor-spacer-inner\"><\/div>\n\t\t<\/div>\n\t\t\t\t\t\t<\/div>\n\t\t\t\t<\/div>\n\t\t\t\t\t<\/div>\n\t\t\t\t<\/div>\n\t\t<div class=\"elementor-element elementor-element-f1c9e83 e-con-full e-flex e-con e-parent\" data-id=\"f1c9e83\" data-element_type=\"container\" data-e-type=\"container\" data-settings=\"{&quot;background_background&quot;:&quot;classic&quot;,&quot;shape_divider_bottom&quot;:&quot;curve&quot;}\">\n\t\t\t\t<div class=\"elementor-shape elementor-shape-bottom\" aria-hidden=\"true\" data-negative=\"false\">\n\t\t\t<svg xmlns=\"http:\/\/www.w3.org\/2000\/svg\" viewbox=\"0 0 1000 100\" preserveaspectratio=\"none\">\n    <path class=\"elementor-shape-fill\" d=\"M1000,4.3V0H0v4.3C0.9,23.1,126.7,99.2,500,100S1000,22.7,1000,4.3z\"\/>\n<\/svg>\t\t<\/div>\n\t\t\t\t<div class=\"elementor-element elementor-element-84d94b4 elementor-widget elementor-widget-text-editor\" data-id=\"84d94b4\" data-element_type=\"widget\" data-e-type=\"widget\" data-widget_type=\"text-editor.default\">\n\t\t\t\t<div class=\"elementor-widget-container\">\n\t\t\t\t\t\t\t\t\t<p><span style=\"color: #ffffff;\">Pourquoi avons-nous choisi Peter Genyn comme ambassadeur de l'organisation \u00e0 but non lucratif SuperNils ?<\/span><\/p><p><span style=\"color: #ffffff;\">Peter a v\u00e9cu beaucoup de choses dans sa vie. C'est vraiment une histoire d'essais et d'erreurs. Comme pour beaucoup de nos patients.\u00a0<\/span><\/p><p><span style=\"color: #ffffff;\">Peter Genyn s'est bris\u00e9 le cou \u00e0 l'\u00e2ge de 16 ans lors d'un accident de plong\u00e9e, ce qui l'a rendu paralys\u00e9. Peter n'est pas rest\u00e9 inactif et a trouv\u00e9 son exutoire dans le sport, en commen\u00e7ant \u00e0 jouer au rugby en fauteuil roulant. Dans ce sport, il est parvenu \u00e0 atteindre le sommet et a particip\u00e9 aux Jeux paralympiques de 2004 et 2012. Puis le destin a de nouveau frapp\u00e9 et une fracture complexe de la jambe a mis fin pr\u00e9matur\u00e9ment \u00e0 sa carri\u00e8re de rugbyman. Peter s'est alors reconverti dans le sprint en fauteuil roulant qui lui a notamment d\u00e9j\u00e0 valu deux m\u00e9dailles d'or aux Jeux paralympiques de Rio 2016 et de Tokyo en 2021, il est devenu champion du monde en 2015, 2017, 2019 et 2023, champion d'Europe en 2016, 2018 et 2021, laur\u00e9at du Joyau sportif flamand en 2016 et paralympien de l'ann\u00e9e en 2017, 2018 et 2021. Un record auquel il faut dire \"U\" !<\/span><\/p><p><span style=\"color: #ffffff;\">En outre, Peter donne des pr\u00e9sentations et des interviews sur la mani\u00e8re d'aller de l'avant dans la vie. Il s'appuie pour cela sur son exp\u00e9rience d'athl\u00e8te paralympique de haut niveau. Les points forts de Peter jouent ici un r\u00f4le important ! Il est motivant, inspirant et fait preuve d'une grande pers\u00e9v\u00e9rance. Ce sont pr\u00e9cis\u00e9ment ces qualit\u00e9s qui peuvent aider nos patients sur le plan mental.<\/span><\/p><p><span style=\"color: #ffffff;\">Le choix de Peter Genyn a donc \u00e9t\u00e9 facile. De plus, il s'agit d'un habitant du village de \"Nils\", ce qui le rend encore plus sp\u00e9cial.\u00a0<\/span><\/p>\t\t\t\t\t\t\t\t<\/div>\n\t\t\t\t<\/div>\n\t\t\t\t<\/div>\n\t\t<div class=\"elementor-element elementor-element-aed192c e-flex e-con-boxed e-con e-parent\" data-id=\"aed192c\" data-element_type=\"container\" data-e-type=\"container\">\n\t\t\t\t\t<div class=\"e-con-inner\">\n\t\t\t\t<div class=\"elementor-element elementor-element-908a0bc elementor-widget elementor-widget-spacer\" data-id=\"908a0bc\" data-element_type=\"widget\" data-e-type=\"widget\" data-widget_type=\"spacer.default\">\n\t\t\t\t<div class=\"elementor-widget-container\">\n\t\t\t\t\t\t\t<div class=\"elementor-spacer\">\n\t\t\t<div class=\"elementor-spacer-inner\"><\/div>\n\t\t<\/div>\n\t\t\t\t\t\t<\/div>\n\t\t\t\t<\/div>\n\t\t\t\t\t<\/div>\n\t\t\t\t<\/div>\n\t\t<div class=\"elementor-element elementor-element-f1ac6f9 e-con-full e-flex e-con e-parent\" data-id=\"f1ac6f9\" data-element_type=\"container\" data-e-type=\"container\" data-settings=\"{&quot;background_background&quot;:&quot;classic&quot;}\">\n\t\t<div class=\"elementor-element elementor-element-56a43a6 e-con-full e-flex e-con e-child\" data-id=\"56a43a6\" data-element_type=\"container\" data-e-type=\"container\">\n\t\t<div class=\"elementor-element elementor-element-9c5b0b6 e-flex e-con-boxed e-con e-child\" data-id=\"9c5b0b6\" data-element_type=\"container\" data-e-type=\"container\">\n\t\t\t\t\t<div class=\"e-con-inner\">\n\t\t\t\t<div class=\"elementor-element elementor-element-fca4a51 elementor-widget elementor-widget-heading\" data-id=\"fca4a51\" data-element_type=\"widget\" data-e-type=\"widget\" data-widget_type=\"heading.default\">\n\t\t\t\t<div class=\"elementor-widget-container\">\n\t\t\t\t\t<h2 class=\"elementor-heading-title elementor-size-default\">PEP-TALK de Peter ...<\/h2>\t\t\t\t<\/div>\n\t\t\t\t<\/div>\n\t\t\t\t<div class=\"elementor-element elementor-element-4c5e00a elementor-widget elementor-widget-spacer\" data-id=\"4c5e00a\" data-element_type=\"widget\" data-e-type=\"widget\" data-widget_type=\"spacer.default\">\n\t\t\t\t<div class=\"elementor-widget-container\">\n\t\t\t\t\t\t\t<div class=\"elementor-spacer\">\n\t\t\t<div class=\"elementor-spacer-inner\"><\/div>\n\t\t<\/div>\n\t\t\t\t\t\t<\/div>\n\t\t\t\t<\/div>\n\t\t\t\t<div class=\"elementor-element elementor-element-325f3c0 elementor-widget elementor-widget-text-editor\" data-id=\"325f3c0\" data-element_type=\"widget\" data-e-type=\"widget\" data-widget_type=\"text-editor.default\">\n\t\t\t\t<div class=\"elementor-widget-container\">\n\t\t\t\t\t\t\t\t\t<p><strong>Bient\u00f4t ... Encore un peu de patience !<\/strong><\/p><p><strong><br><\/strong><\/p><p><br><\/p>\t\t\t\t\t\t\t\t<\/div>\n\t\t\t\t<\/div>\n\t\t\t\t<div class=\"elementor-element elementor-element-f95ab34 elementor-widget elementor-widget-video\" data-id=\"f95ab34\" data-element_type=\"widget\" data-e-type=\"widget\" data-settings=\"{&quot;youtube_url&quot;:&quot;https:\\\/\\\/www.youtube.com\\\/watch?v=XHOmBV4js_E&quot;,&quot;video_type&quot;:&quot;youtube&quot;,&quot;controls&quot;:&quot;yes&quot;}\" data-widget_type=\"video.default\">\n\t\t\t\t<div class=\"elementor-widget-container\">\n\t\t\t\t\t\t\t<div class=\"elementor-wrapper elementor-open-inline\">\n\t\t\t<div class=\"elementor-video\"><\/div>\t\t<\/div>\n\t\t\t\t\t\t<\/div>\n\t\t\t\t<\/div>\n\t\t\t\t\t<\/div>\n\t\t\t\t<\/div>\n\t\t\t\t<\/div>\n\t\t<div class=\"elementor-element elementor-element-98ea5e7 e-con-full e-flex e-con e-child\" data-id=\"98ea5e7\" data-element_type=\"container\" data-e-type=\"container\">\n\t\t<div class=\"elementor-element elementor-element-520f85b e-flex e-con-boxed e-con e-child\" data-id=\"520f85b\" data-element_type=\"container\" data-e-type=\"container\">\n\t\t\t\t\t<div class=\"e-con-inner\">\n\t\t\t\t<div class=\"elementor-element elementor-element-23e0e5c elementor-widget elementor-widget-heading\" data-id=\"23e0e5c\" data-element_type=\"widget\" data-e-type=\"widget\" data-widget_type=\"heading.default\">\n\t\t\t\t<div class=\"elementor-widget-container\">\n\t\t\t\t\t<h2 class=\"elementor-heading-title elementor-size-default\">Une carte est toujours gratifiante !<\/h2>\t\t\t\t<\/div>\n\t\t\t\t<\/div>\n\t\t\t\t<div class=\"elementor-element elementor-element-577fe02 elementor-widget elementor-widget-spacer\" data-id=\"577fe02\" data-element_type=\"widget\" data-e-type=\"widget\" data-widget_type=\"spacer.default\">\n\t\t\t\t<div class=\"elementor-widget-container\">\n\t\t\t\t\t\t\t<div class=\"elementor-spacer\">\n\t\t\t<div class=\"elementor-spacer-inner\"><\/div>\n\t\t<\/div>\n\t\t\t\t\t\t<\/div>\n\t\t\t\t<\/div>\n\t\t\t\t\t<\/div>\n\t\t\t\t<\/div>\n\t\t\t\t<div class=\"elementor-element elementor-element-7f688a4 elementor-widget elementor-widget-text-editor\" data-id=\"7f688a4\" data-element_type=\"widget\" data-e-type=\"widget\" data-widget_type=\"text-editor.default\">\n\t\t\t\t<div class=\"elementor-widget-container\">\n\t\t\t\t\t\t\t\t\t<p>Les patients hospitalis\u00e9s dans nos h\u00f4pitaux partenaires peuvent recevoir une carte sign\u00e9e par Peter Genyn.<\/p><p>Juste pour donner du c\u0153ur \u00e0 l'ouvrage.<\/p>\t\t\t\t\t\t\t\t<\/div>\n\t\t\t\t<\/div>\n\t\t\t\t<div class=\"elementor-element elementor-element-9218865 elementor-widget elementor-widget-spacer\" data-id=\"9218865\" data-element_type=\"widget\" data-e-type=\"widget\" data-widget_type=\"spacer.default\">\n\t\t\t\t<div class=\"elementor-widget-container\">\n\t\t\t\t\t\t\t<div class=\"elementor-spacer\">\n\t\t\t<div class=\"elementor-spacer-inner\"><\/div>\n\t\t<\/div>\n\t\t\t\t\t\t<\/div>\n\t\t\t\t<\/div>\n\t\t\t\t<div class=\"elementor-element elementor-element-62424ae elementor-widget elementor-widget-image\" data-id=\"62424ae\" data-element_type=\"widget\" data-e-type=\"widget\" data-widget_type=\"image.default\">\n\t\t\t\t<div class=\"elementor-widget-container\">\n\t\t\t\t\t\t\t\t\t\t\t\t<figure class=\"wp-caption\">\n\t\t\t\t\t\t\t\t\t\t<img decoding=\"async\" width=\"768\" height=\"545\" src=\"https:\/\/supernils.be\/wp-content\/uploads\/2024\/09\/OK-001-Kaartje-ambassadeur-vzw-SuperNils-768x545.png\" class=\"attachment-medium_large size-medium_large wp-image-15624\" alt=\"\" srcset=\"https:\/\/supernils.be\/wp-content\/uploads\/2024\/09\/OK-001-Kaartje-ambassadeur-vzw-SuperNils-768x545.png 768w, https:\/\/supernils.be\/wp-content\/uploads\/2024\/09\/OK-001-Kaartje-ambassadeur-vzw-SuperNils-300x213.png 300w, https:\/\/supernils.be\/wp-content\/uploads\/2024\/09\/OK-001-Kaartje-ambassadeur-vzw-SuperNils-1054x748.png 1054w, https:\/\/supernils.be\/wp-content\/uploads\/2024\/09\/OK-001-Kaartje-ambassadeur-vzw-SuperNils-1536x1090.png 1536w, https:\/\/supernils.be\/wp-content\/uploads\/2024\/09\/OK-001-Kaartje-ambassadeur-vzw-SuperNils-18x12.png 18w, https:\/\/supernils.be\/wp-content\/uploads\/2024\/09\/OK-001-Kaartje-ambassadeur-vzw-SuperNils-299x212.png 299w, https:\/\/supernils.be\/wp-content\/uploads\/2024\/09\/OK-001-Kaartje-ambassadeur-vzw-SuperNils-572x406.png 572w, https:\/\/supernils.be\/wp-content\/uploads\/2024\/09\/OK-001-Kaartje-ambassadeur-vzw-SuperNils.png 1748w\" sizes=\"(max-width: 768px) 100vw, 768px\" \/>\t\t\t\t\t\t\t\t\t\t\t<figcaption class=\"widget-image-caption wp-caption-text\">Cr\u00e9dit photo : Geert De Rycke<\/figcaption>\n\t\t\t\t\t\t\t\t\t\t<\/figure>\n\t\t\t\t\t\t\t\t\t<\/div>\n\t\t\t\t<\/div>\n\t\t\t\t<\/div>\n\t\t\t\t<\/div>\n\t\t<div class=\"elementor-element elementor-element-ad62c72 e-flex e-con-boxed e-con e-parent\" data-id=\"ad62c72\" data-element_type=\"container\" data-e-type=\"container\">\n\t\t\t\t\t<div class=\"e-con-inner\">\n\t\t\t\t<div class=\"elementor-element elementor-element-7c2b149 elementor-widget elementor-widget-spacer\" data-id=\"7c2b149\" data-element_type=\"widget\" data-e-type=\"widget\" data-widget_type=\"spacer.default\">\n\t\t\t\t<div class=\"elementor-widget-container\">\n\t\t\t\t\t\t\t<div class=\"elementor-spacer\">\n\t\t\t<div class=\"elementor-spacer-inner\"><\/div>\n\t\t<\/div>\n\t\t\t\t\t\t<\/div>\n\t\t\t\t<\/div>\n\t\t\t\t\t<\/div>\n\t\t\t\t<\/div>\n\t\t\t\t<\/div>","protected":false},"excerpt":{"rendered":"<p>Peter Genyn Ambassadeur van vzw SuperNils Ik ben eigenlijk heel mijn leven sportief geweest en voor mij is sport gewoon heel belangrijk. Het is een uitlaatklep. Ik denk dat dat niet alleen telt voor mindervalide mensen maar ook voor valide mensen. In 1993, op zestienjarige leeftijd, ben ik in ondiep water gedoken waardoor ik redelijk [&hellip;]<\/p>\n","protected":false},"author":2,"featured_media":0,"parent":0,"menu_order":0,"comment_status":"closed","ping_status":"closed","template":"","meta":{"_themeisle_gutenberg_block_has_review":false,"footnotes":""},"class_list":["post-12446","page","type-page","status-publish","hentry"],"_links":{"self":[{"href":"https:\/\/supernils.be\/fr\/wp-json\/wp\/v2\/pages\/12446","targetHints":{"allow":["GET"]}}],"collection":[{"href":"https:\/\/supernils.be\/fr\/wp-json\/wp\/v2\/pages"}],"about":[{"href":"https:\/\/supernils.be\/fr\/wp-json\/wp\/v2\/types\/page"}],"author":[{"embeddable":true,"href":"https:\/\/supernils.be\/fr\/wp-json\/wp\/v2\/users\/2"}],"replies":[{"embeddable":true,"href":"https:\/\/supernils.be\/fr\/wp-json\/wp\/v2\/comments?post=12446"}],"version-history":[{"count":54,"href":"https:\/\/supernils.be\/fr\/wp-json\/wp\/v2\/pages\/12446\/revisions"}],"predecessor-version":[{"id":24855,"href":"https:\/\/supernils.be\/fr\/wp-json\/wp\/v2\/pages\/12446\/revisions\/24855"}],"wp:attachment":[{"href":"https:\/\/supernils.be\/fr\/wp-json\/wp\/v2\/media?parent=12446"}],"curies":[{"name":"wp","href":"https:\/\/api.w.org\/{rel}","templated":true}]}}